{"id":8242,"date":"2025-12-16T13:56:04","date_gmt":"2025-12-16T10:56:04","guid":{"rendered":"https:\/\/birimler.atauni.edu.tr\/kalite-koordinatorlugu\/?page_id=8242"},"modified":"2025-12-16T13:56:14","modified_gmt":"2025-12-16T10:56:14","slug":"iletisim-2","status":"publish","type":"page","link":"https:\/\/atauni.edu.tr\/kalite-koordinatorlugu\/iletisim-2\/","title":{"rendered":"\u0130leti\u015fim"},"content":{"rendered":"\t\t<div data-elementor-type=\"wp-page\" data-elementor-id=\"8242\" class=\"elementor elementor-8242\" data-elementor-post-type=\"page\">\n\t\t\t\t\t\t<section class=\"elementor-section elementor-top-section elementor-element elementor-element-9bf6182 elementor-section-boxed elementor-section-height-default elementor-section-height-default\" data-id=\"9bf6182\" data-element_type=\"section\">\n\t\t\t\t\t\t<div class=\"elementor-container elementor-column-gap-default\">\n\t\t\t\t\t<div class=\"elementor-column elementor-col-100 elementor-top-column elementor-element elementor-element-86f4eb5\" data-id=\"86f4eb5\" data-element_type=\"column\">\n\t\t\t<div class=\"elementor-widget-wrap elementor-element-populated\">\n\t\t\t\t\t\t<div class=\"elementor-element elementor-element-fce21f6 elementor-widget elementor-widget-text-editor\" data-id=\"fce21f6\" data-element_type=\"widget\" data-widget_type=\"text-editor.default\">\n\t\t\t\t<div class=\"elementor-widget-container\">\n\t\t\t\t\t\t\t\t\t<div style=\"border: 2px solid #333; background-color: #f0f8ff; padding: 20px; border-radius: 10px; width: fit-content; font-family: Arial, sans-serif;\">\n<h4><strong>\u0130leti\u015fim Numaralar\u0131<\/strong><\/h4>\n<h6><strong>Prof. Dr. Bilal YILMAZ \u2013 Koordinat\u00f6r:\u00a0<\/strong>0 442 231 55 17<\/h6>\n<h6><strong>Ofis:\u00a0<\/strong>0 442 231 55 18<\/h6>\n<h4><strong>Koordinat\u00f6rl\u00fck E-Mail<\/strong><\/h4>\n<h6>kalitekoordinatorlugu@atauni.edu.tr<\/h6>\n<h4><strong>Adres<\/strong><\/h4>\n<h6>Atat\u00fcrk \u00dcniversitesi Merkez Kamp\u00fcs\u00fc, Rekt\u00f6rl\u00fck Binas\u0131, Giri\u015f Kat Yakutiye\/ERZURUM<\/h6>\n<\/div>\t\t\t\t\t\t\t\t<\/div>\n\t\t\t\t<\/div>\n\t\t\t\t\t<\/div>\n\t\t<\/div>\n\t\t\t\t\t<\/div>\n\t\t<\/section>\n\t\t\t\t<\/div>\n\t\t","protected":false},"excerpt":{"rendered":"<p>\u0130leti\u015fim Numaralar\u0131 Prof. Dr. Bilal YILMAZ \u2013 Koordinat\u00f6r:\u00a00 442 231 55 17 Ofis:\u00a00 442 231 55 18 Koordinat\u00f6rl\u00fck E-Mail kalitekoordinatorlugu@atauni.edu.tr Adres Atat\u00fcrk \u00dcniversitesi Merkez Kamp\u00fcs\u00fc, Rekt\u00f6rl\u00fck Binas\u0131, Giri\u015f Kat Yakutiye\/ERZURUM<\/p>\n","protected":false},"author":594,"featured_media":0,"parent":0,"menu_order":0,"comment_status":"closed","ping_status":"closed","template":"","meta":{"footnotes":""},"class_list":["post-8242","page","type-page","status-publish","hentry"],"_links":{"self":[{"href":"https:\/\/atauni.edu.tr\/kalite-koordinatorlugu\/wp-json\/wp\/v2\/pages\/8242","targetHints":{"allow":["GET"]}}],"collection":[{"href":"https:\/\/atauni.edu.tr\/kalite-koordinatorlugu\/wp-json\/wp\/v2\/pages"}],"about":[{"href":"https:\/\/atauni.edu.tr\/kalite-koordinatorlugu\/wp-json\/wp\/v2\/types\/page"}],"author":[{"embeddable":true,"href":"https:\/\/atauni.edu.tr\/kalite-koordinatorlugu\/wp-json\/wp\/v2\/users\/594"}],"replies":[{"embeddable":true,"href":"https:\/\/atauni.edu.tr\/kalite-koordinatorlugu\/wp-json\/wp\/v2\/comments?post=8242"}],"version-history":[{"count":7,"href":"https:\/\/atauni.edu.tr\/kalite-koordinatorlugu\/wp-json\/wp\/v2\/pages\/8242\/revisions"}],"predecessor-version":[{"id":8249,"href":"https:\/\/atauni.edu.tr\/kalite-koordinatorlugu\/wp-json\/wp\/v2\/pages\/8242\/revisions\/8249"}],"wp:attachment":[{"href":"https:\/\/atauni.edu.tr\/kalite-koordinatorlugu\/wp-json\/wp\/v2\/media?parent=8242"}],"curies":[{"name":"wp","href":"https:\/\/api.w.org\/{rel}","templated":true}]}}