{"id":8254,"date":"2025-12-16T14:17:34","date_gmt":"2025-12-16T11:17:34","guid":{"rendered":"https:\/\/birimler.atauni.edu.tr\/kalite-koordinatorlugu\/?page_id=8254"},"modified":"2025-12-16T14:17:46","modified_gmt":"2025-12-16T11:17:46","slug":"koordinatorlugumuz","status":"publish","type":"page","link":"https:\/\/atauni.edu.tr\/kalite-koordinatorlugu\/koordinatorlugumuz\/","title":{"rendered":"Koordinat\u00f6rl\u00fc\u011f\u00fcm\u00fcz"},"content":{"rendered":"\t\t<div data-elementor-type=\"wp-page\" data-elementor-id=\"8254\" class=\"elementor elementor-8254\" data-elementor-post-type=\"page\">\n\t\t\t\t\t\t<section class=\"elementor-section elementor-top-section elementor-element elementor-element-ab522da elementor-section-boxed elementor-section-height-default elementor-section-height-default\" data-id=\"ab522da\" data-element_type=\"section\">\n\t\t\t\t\t\t<div class=\"elementor-container elementor-column-gap-default\">\n\t\t\t\t\t<div class=\"elementor-column elementor-col-66 elementor-top-column elementor-element elementor-element-5a428a7\" data-id=\"5a428a7\" data-element_type=\"column\">\n\t\t\t<div class=\"elementor-widget-wrap elementor-element-populated\">\n\t\t\t\t\t\t<div class=\"elementor-element elementor-element-29ea0a3 elementor-widget elementor-widget-image\" data-id=\"29ea0a3\" data-element_type=\"widget\" data-widget_type=\"image.default\">\n\t\t\t\t<div class=\"elementor-widget-container\">\n\t\t\t\t\t\t\t\t\t\t\t\t\t\t\t<img fetchpriority=\"high\" decoding=\"async\" width=\"821\" height=\"482\" src=\"https:\/\/atauni.edu.tr\/kalite-koordinatorlugu\/wp-content\/uploads\/sites\/821\/2025\/12\/ea.png\" class=\"attachment-large size-large wp-image-8256\" alt=\"\" srcset=\"https:\/\/atauni.edu.tr\/kalite-koordinatorlugu\/wp-content\/uploads\/sites\/821\/2025\/12\/ea.png 821w, https:\/\/atauni.edu.tr\/kalite-koordinatorlugu\/wp-content\/uploads\/sites\/821\/2025\/12\/ea-300x176.png 300w, https:\/\/atauni.edu.tr\/kalite-koordinatorlugu\/wp-content\/uploads\/sites\/821\/2025\/12\/ea-768x451.png 768w, https:\/\/atauni.edu.tr\/kalite-koordinatorlugu\/wp-content\/uploads\/sites\/821\/2025\/12\/ea-600x352.png 600w, https:\/\/atauni.edu.tr\/kalite-koordinatorlugu\/wp-content\/uploads\/sites\/821\/2025\/12\/ea-560x329.png 560w\" sizes=\"(max-width: 821px) 100vw, 821px\" \/>\t\t\t\t\t\t\t\t\t\t\t\t\t\t\t<\/div>\n\t\t\t\t<\/div>\n\t\t\t\t\t<\/div>\n\t\t<\/div>\n\t\t\t\t<div class=\"elementor-column elementor-col-33 elementor-top-column elementor-element elementor-element-4263438\" data-id=\"4263438\" data-element_type=\"column\">\n\t\t\t<div class=\"elementor-widget-wrap\">\n\t\t\t\t\t\t\t<\/div>\n\t\t<\/div>\n\t\t\t\t\t<\/div>\n\t\t<\/section>\n\t\t\t\t<\/div>\n\t\t","protected":false},"excerpt":{"rendered":"","protected":false},"author":594,"featured_media":0,"parent":0,"menu_order":0,"comment_status":"closed","ping_status":"closed","template":"","meta":{"footnotes":""},"class_list":["post-8254","page","type-page","status-publish","hentry"],"_links":{"self":[{"href":"https:\/\/atauni.edu.tr\/kalite-koordinatorlugu\/wp-json\/wp\/v2\/pages\/8254","targetHints":{"allow":["GET"]}}],"collection":[{"href":"https:\/\/atauni.edu.tr\/kalite-koordinatorlugu\/wp-json\/wp\/v2\/pages"}],"about":[{"href":"https:\/\/atauni.edu.tr\/kalite-koordinatorlugu\/wp-json\/wp\/v2\/types\/page"}],"author":[{"embeddable":true,"href":"https:\/\/atauni.edu.tr\/kalite-koordinatorlugu\/wp-json\/wp\/v2\/users\/594"}],"replies":[{"embeddable":true,"href":"https:\/\/atauni.edu.tr\/kalite-koordinatorlugu\/wp-json\/wp\/v2\/comments?post=8254"}],"version-history":[{"count":7,"href":"https:\/\/atauni.edu.tr\/kalite-koordinatorlugu\/wp-json\/wp\/v2\/pages\/8254\/revisions"}],"predecessor-version":[{"id":8262,"href":"https:\/\/atauni.edu.tr\/kalite-koordinatorlugu\/wp-json\/wp\/v2\/pages\/8254\/revisions\/8262"}],"wp:attachment":[{"href":"https:\/\/atauni.edu.tr\/kalite-koordinatorlugu\/wp-json\/wp\/v2\/media?parent=8254"}],"curies":[{"name":"wp","href":"https:\/\/api.w.org\/{rel}","templated":true}]}}