{"id":6230,"date":"2022-11-19T00:38:18","date_gmt":"2022-11-18T21:38:18","guid":{"rendered":"https:\/\/birimler.atauni.edu.tr\/kamu-yonetimi-bolumu\/?page_id=6230"},"modified":"2022-11-19T00:49:22","modified_gmt":"2022-11-18T21:49:22","slug":"kentlesme-ve-cevre-sorunlari","status":"publish","type":"page","link":"https:\/\/atauni.edu.tr\/kamu-yonetimi-bolumu\/kentlesme-ve-cevre-sorunlari\/","title":{"rendered":"Kentle\u015fme ve \u00c7evre Sorunlar\u0131"},"content":{"rendered":"\t\t<div data-elementor-type=\"wp-page\" data-elementor-id=\"6230\" class=\"elementor elementor-6230\" data-elementor-post-type=\"page\">\n\t\t\t\t\t\t<section class=\"elementor-section elementor-top-section elementor-element elementor-element-63e5bb7 elementor-section-boxed elementor-section-height-default elementor-section-height-default\" data-id=\"63e5bb7\" data-element_type=\"section\">\n\t\t\t\t\t\t<div class=\"elementor-container elementor-column-gap-default\">\n\t\t\t\t\t<div class=\"elementor-column elementor-col-100 elementor-top-column elementor-element elementor-element-96c6791\" data-id=\"96c6791\" data-element_type=\"column\">\n\t\t\t<div class=\"elementor-widget-wrap elementor-element-populated\">\n\t\t\t\t\t\t<div class=\"elementor-element elementor-element-96acb6c elementor-widget elementor-widget-heading\" data-id=\"96acb6c\" data-element_type=\"widget\" data-widget_type=\"heading.default\">\n\t\t\t\t<div class=\"elementor-widget-container\">\n\t\t\t\t\t<h2 class=\"elementor-heading-title elementor-size-default\">Ana Bilim Dal\u0131 Ba\u015fkan\u0131<\/h2>\t\t\t\t<\/div>\n\t\t\t\t<\/div>\n\t\t\t\t\t<\/div>\n\t\t<\/div>\n\t\t\t\t\t<\/div>\n\t\t<\/section>\n\t\t\t\t<section class=\"elementor-section elementor-top-section elementor-element elementor-element-740b26e elementor-section-boxed elementor-section-height-default elementor-section-height-default\" data-id=\"740b26e\" data-element_type=\"section\">\n\t\t\t\t\t\t<div class=\"elementor-container elementor-column-gap-default\">\n\t\t\t\t\t<div class=\"elementor-column elementor-col-100 elementor-top-column elementor-element elementor-element-8318bac\" data-id=\"8318bac\" data-element_type=\"column\">\n\t\t\t<div class=\"elementor-widget-wrap elementor-element-populated\">\n\t\t\t\t\t\t<div class=\"elementor-element elementor-element-17a1523 elementor-widget elementor-widget-text-editor\" data-id=\"17a1523\" data-element_type=\"widget\" data-widget_type=\"text-editor.default\">\n\t\t\t\t<div class=\"elementor-widget-container\">\n\t\t\t\t\t\t\t\t\t<p><a href=\"https:\/\/avesis.atauni.edu.tr\/tuna.batuhan\">Do\u00e7.Dr. Tuna BATUHAN<\/a><\/p>\t\t\t\t\t\t\t\t<\/div>\n\t\t\t\t<\/div>\n\t\t\t\t\t<\/div>\n\t\t<\/div>\n\t\t\t\t\t<\/div>\n\t\t<\/section>\n\t\t\t\t<section class=\"elementor-section elementor-top-section elementor-element elementor-element-d203fa9 elementor-section-boxed elementor-section-height-default elementor-section-height-default\" data-id=\"d203fa9\" data-element_type=\"section\">\n\t\t\t\t\t\t<div class=\"elementor-container elementor-column-gap-default\">\n\t\t\t\t\t<div class=\"elementor-column elementor-col-100 elementor-top-column elementor-element elementor-element-a30beec\" data-id=\"a30beec\" data-element_type=\"column\">\n\t\t\t<div class=\"elementor-widget-wrap elementor-element-populated\">\n\t\t\t\t\t\t<div class=\"elementor-element elementor-element-31a73a1 elementor-widget elementor-widget-heading\" data-id=\"31a73a1\" data-element_type=\"widget\" data-widget_type=\"heading.default\">\n\t\t\t\t<div class=\"elementor-widget-container\">\n\t\t\t\t\t<h2 class=\"elementor-heading-title elementor-size-default\">Akademik Personel<\/h2>\t\t\t\t<\/div>\n\t\t\t\t<\/div>\n\t\t\t\t\t<\/div>\n\t\t<\/div>\n\t\t\t\t\t<\/div>\n\t\t<\/section>\n\t\t\t\t<section class=\"elementor-section elementor-top-section elementor-element elementor-element-6ba43cb elementor-section-boxed elementor-section-height-default elementor-section-height-default\" data-id=\"6ba43cb\" data-element_type=\"section\">\n\t\t\t\t\t\t<div class=\"elementor-container elementor-column-gap-default\">\n\t\t\t\t\t<div class=\"elementor-column elementor-col-100 elementor-top-column elementor-element elementor-element-b1f2f5d\" data-id=\"b1f2f5d\" data-element_type=\"column\">\n\t\t\t<div class=\"elementor-widget-wrap elementor-element-populated\">\n\t\t\t\t\t\t<div class=\"elementor-element elementor-element-b2eaf70 elementor-widget elementor-widget-text-editor\" data-id=\"b2eaf70\" data-element_type=\"widget\" data-widget_type=\"text-editor.default\">\n\t\t\t\t<div class=\"elementor-widget-container\">\n\t\t\t\t\t\t\t\t\t<p><a href=\"https:\/\/avesis.atauni.edu.tr\/gokce.gok\">Ar\u015f. G\u00f6r. G\u00f6k\u00e7e G\u00d6K<\/a><\/p><p><a href=\"https:\/\/avesis.atauni.edu.tr\/suhedaaltunok\">Ar\u015f. G\u00f6r. \u015euheda ALTUNOK<\/a><\/p>\t\t\t\t\t\t\t\t<\/div>\n\t\t\t\t<\/div>\n\t\t\t\t\t<\/div>\n\t\t<\/div>\n\t\t\t\t\t<\/div>\n\t\t<\/section>\n\t\t\t\t<\/div>\n\t\t","protected":false},"excerpt":{"rendered":"<p>Ana Bilim Dal\u0131 Ba\u015fkan\u0131 Do\u00e7.Dr. Tuna BATUHAN Akademik Personel Ar\u015f. G\u00f6r. G\u00f6k\u00e7e G\u00d6K Ar\u015f. G\u00f6r. \u015euheda ALTUNOK<\/p>\n","protected":false},"author":510,"featured_media":0,"parent":0,"menu_order":0,"comment_status":"closed","ping_status":"closed","template":"","meta":{"footnotes":""},"class_list":["post-6230","page","type-page","status-publish","hentry"],"_links":{"self":[{"href":"https:\/\/atauni.edu.tr\/kamu-yonetimi-bolumu\/wp-json\/wp\/v2\/pages\/6230","targetHints":{"allow":["GET"]}}],"collection":[{"href":"https:\/\/atauni.edu.tr\/kamu-yonetimi-bolumu\/wp-json\/wp\/v2\/pages"}],"about":[{"href":"https:\/\/atauni.edu.tr\/kamu-yonetimi-bolumu\/wp-json\/wp\/v2\/types\/page"}],"author":[{"embeddable":true,"href":"https:\/\/atauni.edu.tr\/kamu-yonetimi-bolumu\/wp-json\/wp\/v2\/users\/510"}],"replies":[{"embeddable":true,"href":"https:\/\/atauni.edu.tr\/kamu-yonetimi-bolumu\/wp-json\/wp\/v2\/comments?post=6230"}],"version-history":[{"count":10,"href":"https:\/\/atauni.edu.tr\/kamu-yonetimi-bolumu\/wp-json\/wp\/v2\/pages\/6230\/revisions"}],"predecessor-version":[{"id":6248,"href":"https:\/\/atauni.edu.tr\/kamu-yonetimi-bolumu\/wp-json\/wp\/v2\/pages\/6230\/revisions\/6248"}],"wp:attachment":[{"href":"https:\/\/atauni.edu.tr\/kamu-yonetimi-bolumu\/wp-json\/wp\/v2\/media?parent=6230"}],"curies":[{"name":"wp","href":"https:\/\/api.w.org\/{rel}","templated":true}]}}