{"id":6386,"date":"2022-12-07T11:49:08","date_gmt":"2022-12-07T08:49:08","guid":{"rendered":"https:\/\/birimler.atauni.edu.tr\/kamu-yonetimi-bolumu\/?page_id=6386"},"modified":"2022-12-09T12:29:30","modified_gmt":"2022-12-09T09:29:30","slug":"elementor-6386","status":"publish","type":"page","link":"https:\/\/atauni.edu.tr\/kamu-yonetimi-bolumu\/elementor-6386\/","title":{"rendered":"Hukuk Bilimleri"},"content":{"rendered":"\t\t<div data-elementor-type=\"wp-page\" data-elementor-id=\"6386\" class=\"elementor elementor-6386\" data-elementor-post-type=\"page\">\n\t\t\t\t\t\t<section class=\"elementor-section elementor-top-section elementor-element elementor-element-8d351de elementor-section-boxed elementor-section-height-default elementor-section-height-default\" data-id=\"8d351de\" data-element_type=\"section\">\n\t\t\t\t\t\t<div class=\"elementor-container elementor-column-gap-default\">\n\t\t\t\t\t<div class=\"elementor-column elementor-col-100 elementor-top-column elementor-element elementor-element-3644a94\" data-id=\"3644a94\" data-element_type=\"column\">\n\t\t\t<div class=\"elementor-widget-wrap elementor-element-populated\">\n\t\t\t\t\t\t<div class=\"elementor-element elementor-element-697615a elementor-widget elementor-widget-text-editor\" data-id=\"697615a\" data-element_type=\"widget\" data-widget_type=\"text-editor.default\">\n\t\t\t\t<div class=\"elementor-widget-container\">\n\t\t\t\t\t\t\t\t\t<p>Ana Bilim Dal\u0131 Ba\u015fkan\u0131<\/p>\n<p><a href=\"https:\/\/avesis.atauni.edu.tr\/hasanaktas\">Do\u00e7. Dr. Hasan Emir AKTA\u015e<\/a>&nbsp;<\/p>\t\t\t\t\t\t\t\t<\/div>\n\t\t\t\t<\/div>\n\t\t\t\t\t<\/div>\n\t\t<\/div>\n\t\t\t\t\t<\/div>\n\t\t<\/section>\n\t\t\t\t<\/div>\n\t\t","protected":false},"excerpt":{"rendered":"<p>Ana Bilim Dal\u0131 Ba\u015fkan\u0131 Do\u00e7. Dr. Hasan Emir AKTA\u015e&nbsp;<\/p>\n","protected":false},"author":510,"featured_media":0,"parent":0,"menu_order":0,"comment_status":"closed","ping_status":"closed","template":"","meta":{"footnotes":""},"class_list":["post-6386","page","type-page","status-publish","hentry"],"_links":{"self":[{"href":"https:\/\/atauni.edu.tr\/kamu-yonetimi-bolumu\/wp-json\/wp\/v2\/pages\/6386","targetHints":{"allow":["GET"]}}],"collection":[{"href":"https:\/\/atauni.edu.tr\/kamu-yonetimi-bolumu\/wp-json\/wp\/v2\/pages"}],"about":[{"href":"https:\/\/atauni.edu.tr\/kamu-yonetimi-bolumu\/wp-json\/wp\/v2\/types\/page"}],"author":[{"embeddable":true,"href":"https:\/\/atauni.edu.tr\/kamu-yonetimi-bolumu\/wp-json\/wp\/v2\/users\/510"}],"replies":[{"embeddable":true,"href":"https:\/\/atauni.edu.tr\/kamu-yonetimi-bolumu\/wp-json\/wp\/v2\/comments?post=6386"}],"version-history":[{"count":11,"href":"https:\/\/atauni.edu.tr\/kamu-yonetimi-bolumu\/wp-json\/wp\/v2\/pages\/6386\/revisions"}],"predecessor-version":[{"id":6405,"href":"https:\/\/atauni.edu.tr\/kamu-yonetimi-bolumu\/wp-json\/wp\/v2\/pages\/6386\/revisions\/6405"}],"wp:attachment":[{"href":"https:\/\/atauni.edu.tr\/kamu-yonetimi-bolumu\/wp-json\/wp\/v2\/media?parent=6386"}],"curies":[{"name":"wp","href":"https:\/\/api.w.org\/{rel}","templated":true}]}}