{"id":6717,"date":"2023-07-26T15:08:15","date_gmt":"2023-07-26T12:08:15","guid":{"rendered":"https:\/\/birimler.atauni.edu.tr\/kamu-yonetimi-bolumu\/?page_id=6717"},"modified":"2025-05-25T21:57:22","modified_gmt":"2025-05-25T18:57:22","slug":"misyon-vizyon-ve-temel-degerler-2","status":"publish","type":"page","link":"https:\/\/atauni.edu.tr\/kamu-yonetimi-bolumu\/misyon-vizyon-ve-temel-degerler-2\/","title":{"rendered":"Misyon, Vizyon ve Temel De\u011ferler"},"content":{"rendered":"\t\t<div data-elementor-type=\"wp-page\" data-elementor-id=\"6717\" class=\"elementor elementor-6717\" data-elementor-post-type=\"page\">\n\t\t\t\t\t\t<section class=\"elementor-section elementor-top-section elementor-element elementor-element-a322244 elementor-section-boxed elementor-section-height-default elementor-section-height-default\" data-id=\"a322244\" data-element_type=\"section\">\n\t\t\t\t\t\t<div class=\"elementor-container elementor-column-gap-default\">\n\t\t\t\t\t<div class=\"elementor-column elementor-col-100 elementor-top-column elementor-element elementor-element-16dc2dd\" data-id=\"16dc2dd\" data-element_type=\"column\">\n\t\t\t<div class=\"elementor-widget-wrap elementor-element-populated\">\n\t\t\t\t\t\t<div class=\"elementor-element elementor-element-e0e7e5d elementor-widget elementor-widget-text-editor\" data-id=\"e0e7e5d\" data-element_type=\"widget\" data-widget_type=\"text-editor.default\">\n\t\t\t\t<div class=\"elementor-widget-container\">\n\t\t\t\t\t\t\t\t\t<p class=\"MsoNormal\" style=\"text-align: justify\">Misyon: Kamu Y\u00f6netimi disiplin i\u00e7inde yer alan konularda, insanl\u0131\u011f\u0131n ortak ak\u0131lla olu\u015fturdu\u011fu de\u011ferler ve evrensel bilim ilkelerinden hareketle katma de\u011feri y\u00fcksek faaliyetleri olu\u015fturmak, yaymak ve ya\u015fatmakt\u0131r.<\/p>\n<p class=\"MsoNormal\" style=\"text-align: justify\">Vizyon: Kamu y\u00f6netimi b\u00f6l\u00fcm\u00fcn\u00fcn\/Program\u0131n\u0131n vizyonu ,Kamu Y\u00f6netimi disiplininin temel konular\u0131 ve bunlara biti\u015fik alanlarda, mezunlar\u0131na entelekt\u00fcel derinlik kazand\u0131rman\u0131n \u00f6tesinde; soru sormay\u0131 ve ele\u015ftirel d\u00fc\u015f\u00fcnmeyi, alternatif bak\u0131\u015f a\u00e7\u0131lar\u0131na a\u00e7\u0131k olmay\u0131, disiplinler aras\u0131 \u00e7al\u0131\u015fabilmeyi ve ekip \u00e7al\u0131\u015fmas\u0131na yatk\u0131n olmay\u0131 sa\u011flayarak, Kamu Y\u00f6netimi alan\u0131nda Kamu Kurum ve Kurulu\u015flar\u0131, Sivil Toplum \u00d6rg\u00fctleri ve Mezunlar gibi payda\u015f ili\u015fkilerini geli\u015ftirme konusunda 2030 y\u0131l\u0131na kadar b\u00f6lgenin en se\u00e7kin 3, 2035 y\u0131l\u0131na kadar ise T\u00fcrkiye\u2019nin en se\u00e7kin 10 b\u00f6l\u00fcm\u00fc aras\u0131nda yer almakt\u0131r.<\/p>\n<p class=\"MsoNormal\" style=\"text-align: justify\">Politikalar: Kurumun genel olarak payda\u015flar\u0131n g\u00f6r\u00fc\u015fleri al\u0131narak (arama konferanslar\u0131) stratejik ama\u00e7lar\u0131, kalite g\u00fcvencesi politikas\u0131, e\u011fitim, \u00f6\u011fretim, ara\u015ft\u0131rma ve geli\u015ftirme, toplumsal katk\u0131 politikalar\u0131 olu\u015fturulmu\u015fsa da bunlar kalite g\u00fcvence sisteminin &#8220;Planlama -uygulama-izleme- iyile\u015ftirme&#8221; \u015feklindeki yans\u0131malardan mahrumdur. Kamu Y\u00f6netimi program\u0131 \u00f6zelinde ise Kalite G\u00fcvence Sisteminin tan\u0131mlad\u0131\u011f\u0131 anlamda e\u011fitim-\u00f6\u011fretim, ara\u015ft\u0131rma, toplumsal katk\u0131 ve y\u00f6netim sistemi politikalar\u0131 hen\u00fcz birbiriyle ili\u015fkilendirilecek \u015fekilde yap\u0131lmaktad\u0131r.<\/p>\t\t\t\t\t\t\t\t<\/div>\n\t\t\t\t<\/div>\n\t\t\t\t\t<\/div>\n\t\t<\/div>\n\t\t\t\t\t<\/div>\n\t\t<\/section>\n\t\t\t\t<\/div>\n\t\t","protected":false},"excerpt":{"rendered":"<p>Misyon: Kamu Y\u00f6netimi disiplin i\u00e7inde yer alan konularda, insanl\u0131\u011f\u0131n ortak ak\u0131lla olu\u015fturdu\u011fu de\u011ferler ve evrensel bilim ilkelerinden hareketle katma de\u011feri y\u00fcksek faaliyetleri olu\u015fturmak, yaymak ve ya\u015fatmakt\u0131r. Vizyon: Kamu y\u00f6netimi b\u00f6l\u00fcm\u00fcn\u00fcn\/Program\u0131n\u0131n vizyonu ,Kamu Y\u00f6netimi disiplininin temel konular\u0131 ve bunlara biti\u015fik alanlarda, mezunlar\u0131na entelekt\u00fcel derinlik kazand\u0131rman\u0131n \u00f6tesinde; soru sormay\u0131 ve ele\u015ftirel d\u00fc\u015f\u00fcnmeyi, alternatif bak\u0131\u015f a\u00e7\u0131lar\u0131na a\u00e7\u0131k olmay\u0131, [&hellip;]<\/p>\n","protected":false},"author":510,"featured_media":0,"parent":0,"menu_order":0,"comment_status":"closed","ping_status":"closed","template":"","meta":{"footnotes":""},"class_list":["post-6717","page","type-page","status-publish","hentry"],"_links":{"self":[{"href":"https:\/\/atauni.edu.tr\/kamu-yonetimi-bolumu\/wp-json\/wp\/v2\/pages\/6717","targetHints":{"allow":["GET"]}}],"collection":[{"href":"https:\/\/atauni.edu.tr\/kamu-yonetimi-bolumu\/wp-json\/wp\/v2\/pages"}],"about":[{"href":"https:\/\/atauni.edu.tr\/kamu-yonetimi-bolumu\/wp-json\/wp\/v2\/types\/page"}],"author":[{"embeddable":true,"href":"https:\/\/atauni.edu.tr\/kamu-yonetimi-bolumu\/wp-json\/wp\/v2\/users\/510"}],"replies":[{"embeddable":true,"href":"https:\/\/atauni.edu.tr\/kamu-yonetimi-bolumu\/wp-json\/wp\/v2\/comments?post=6717"}],"version-history":[{"count":25,"href":"https:\/\/atauni.edu.tr\/kamu-yonetimi-bolumu\/wp-json\/wp\/v2\/pages\/6717\/revisions"}],"predecessor-version":[{"id":7244,"href":"https:\/\/atauni.edu.tr\/kamu-yonetimi-bolumu\/wp-json\/wp\/v2\/pages\/6717\/revisions\/7244"}],"wp:attachment":[{"href":"https:\/\/atauni.edu.tr\/kamu-yonetimi-bolumu\/wp-json\/wp\/v2\/media?parent=6717"}],"curies":[{"name":"wp","href":"https:\/\/api.w.org\/{rel}","templated":true}]}}