{"id":6723,"date":"2023-07-26T15:10:27","date_gmt":"2023-07-26T12:10:27","guid":{"rendered":"https:\/\/birimler.atauni.edu.tr\/kamu-yonetimi-bolumu\/?page_id=6723"},"modified":"2026-03-03T12:21:12","modified_gmt":"2026-03-03T09:21:12","slug":"yonetim-2","status":"publish","type":"page","link":"https:\/\/atauni.edu.tr\/kamu-yonetimi-bolumu\/yonetim-2\/","title":{"rendered":"Y\u00f6netim"},"content":{"rendered":"\t\t<div data-elementor-type=\"wp-page\" data-elementor-id=\"6723\" class=\"elementor elementor-6723\" data-elementor-post-type=\"page\">\n\t\t\t\t\t\t<section class=\"elementor-section elementor-top-section elementor-element elementor-element-91a8a4c elementor-section-boxed elementor-section-height-default elementor-section-height-default\" data-id=\"91a8a4c\" data-element_type=\"section\">\n\t\t\t\t\t\t<div class=\"elementor-container elementor-column-gap-default\">\n\t\t\t\t\t<div class=\"elementor-column elementor-col-100 elementor-top-column elementor-element elementor-element-a1f7f7c\" data-id=\"a1f7f7c\" data-element_type=\"column\">\n\t\t\t<div class=\"elementor-widget-wrap elementor-element-populated\">\n\t\t\t\t\t\t<div class=\"elementor-element elementor-element-c8072c9 elementor-widget elementor-widget-text-editor\" data-id=\"c8072c9\" data-element_type=\"widget\" data-widget_type=\"text-editor.default\">\n\t\t\t\t<div class=\"elementor-widget-container\">\n\t\t\t\t\t\t\t\t\t<p><strong>B\u00f6l\u00fcm Ba\u015fkan\u0131:<\/strong> <a href=\"https:\/\/avesis.atauni.edu.tr\/savci\">Prof. Dr. Salih B\u00f6rte\u00e7ine AVCI<\/a><\/p><p><strong>B\u00f6l\u00fcm Ba\u015fkan Yard\u0131mc\u0131s\u0131:<\/strong> <a href=\"https:\/\/avesis.atauni.edu.tr\/adnan.karatas\">Do\u00e7. Dr. Adnan KARAT\u015e<\/a><\/p><p><strong>B\u00f6l\u00fcm Ba\u015fkan Yard\u0131mc\u0131s\u0131:<\/strong> <a href=\"https:\/\/avesis.atauni.edu.tr\/lokman.sahin\">Dr. \u00d6\u011fretim \u00dcyesi Lokman \u015eahin<\/a><\/p>\t\t\t\t\t\t\t\t<\/div>\n\t\t\t\t<\/div>\n\t\t\t\t\t<\/div>\n\t\t<\/div>\n\t\t\t\t\t<\/div>\n\t\t<\/section>\n\t\t\t\t<\/div>\n\t\t","protected":false},"excerpt":{"rendered":"<p>B\u00f6l\u00fcm Ba\u015fkan\u0131: Prof. Dr. Salih B\u00f6rte\u00e7ine AVCI B\u00f6l\u00fcm Ba\u015fkan Yard\u0131mc\u0131s\u0131: Do\u00e7. Dr. Adnan KARAT\u015e B\u00f6l\u00fcm Ba\u015fkan Yard\u0131mc\u0131s\u0131: Dr. \u00d6\u011fretim \u00dcyesi Lokman \u015eahin<\/p>\n","protected":false},"author":510,"featured_media":0,"parent":0,"menu_order":0,"comment_status":"closed","ping_status":"closed","template":"","meta":{"footnotes":""},"class_list":["post-6723","page","type-page","status-publish","hentry"],"_links":{"self":[{"href":"https:\/\/atauni.edu.tr\/kamu-yonetimi-bolumu\/wp-json\/wp\/v2\/pages\/6723","targetHints":{"allow":["GET"]}}],"collection":[{"href":"https:\/\/atauni.edu.tr\/kamu-yonetimi-bolumu\/wp-json\/wp\/v2\/pages"}],"about":[{"href":"https:\/\/atauni.edu.tr\/kamu-yonetimi-bolumu\/wp-json\/wp\/v2\/types\/page"}],"author":[{"embeddable":true,"href":"https:\/\/atauni.edu.tr\/kamu-yonetimi-bolumu\/wp-json\/wp\/v2\/users\/510"}],"replies":[{"embeddable":true,"href":"https:\/\/atauni.edu.tr\/kamu-yonetimi-bolumu\/wp-json\/wp\/v2\/comments?post=6723"}],"version-history":[{"count":13,"href":"https:\/\/atauni.edu.tr\/kamu-yonetimi-bolumu\/wp-json\/wp\/v2\/pages\/6723\/revisions"}],"predecessor-version":[{"id":7352,"href":"https:\/\/atauni.edu.tr\/kamu-yonetimi-bolumu\/wp-json\/wp\/v2\/pages\/6723\/revisions\/7352"}],"wp:attachment":[{"href":"https:\/\/atauni.edu.tr\/kamu-yonetimi-bolumu\/wp-json\/wp\/v2\/media?parent=6723"}],"curies":[{"name":"wp","href":"https:\/\/api.w.org\/{rel}","templated":true}]}}