{"id":6739,"date":"2023-07-26T15:22:21","date_gmt":"2023-07-26T12:22:21","guid":{"rendered":"https:\/\/birimler.atauni.edu.tr\/kamu-yonetimi-bolumu\/?page_id=6739"},"modified":"2024-01-26T21:11:45","modified_gmt":"2024-01-26T18:11:45","slug":"program-ogrenme-ciktilari","status":"publish","type":"page","link":"https:\/\/atauni.edu.tr\/kamu-yonetimi-bolumu\/program-ogrenme-ciktilari\/","title":{"rendered":"Program \u00d6\u011frenme \u00c7\u0131kt\u0131lar\u0131"},"content":{"rendered":"\t\t<div data-elementor-type=\"wp-page\" data-elementor-id=\"6739\" class=\"elementor elementor-6739\" data-elementor-post-type=\"page\">\n\t\t\t\t\t\t<section class=\"elementor-section elementor-top-section elementor-element elementor-element-339edf7 elementor-section-boxed elementor-section-height-default elementor-section-height-default\" data-id=\"339edf7\" data-element_type=\"section\">\n\t\t\t\t\t\t<div class=\"elementor-container elementor-column-gap-default\">\n\t\t\t\t\t<div class=\"elementor-column elementor-col-100 elementor-top-column elementor-element elementor-element-9d43f1c\" data-id=\"9d43f1c\" data-element_type=\"column\">\n\t\t\t<div class=\"elementor-widget-wrap elementor-element-populated\">\n\t\t\t\t\t\t<div class=\"elementor-element elementor-element-5fadafb elementor-widget elementor-widget-text-editor\" data-id=\"5fadafb\" data-element_type=\"widget\" data-widget_type=\"text-editor.default\">\n\t\t\t\t<div class=\"elementor-widget-container\">\n\t\t\t\t\t\t\t\t\t<p><b style=\"color: var( --e-global-color-text );font-family: var( --e-global-typography-text-font-family ), Sans-serif;letter-spacing: 0px\">Bilgi<\/b><br><\/p><p><b>Kuramsal, Olgusal<\/b><\/p><p><b>\u00d6A1: <\/b>\u00d6\u011frenci kamu sekt\u00f6r\u00fc, \u00f6zel sekt\u00f6r ve sivil\ntoplum kurulu\u015flar\u0131n\u0131n hukuki ve idari yap\u0131lar\u0131n\u0131n gerektirdi\u011fi nitelikte destek\nsa\u011flayacak kuramsal ve olgusal bilgiye sahiptir.<\/p><p><b>\u00d6A2: <\/b>\u00d6\u011frenci toplumun kar\u015f\u0131la\u015ft\u0131\u011f\u0131 kentsel, \u00e7evresel\nve siyasal sorunlara \u00e7\u00f6z\u00fcm \u00f6nerileri geli\u015ftirebilecek kuramsal ve olgusal bilgiye\nsahiptir.<\/p><p><b>Beceri<\/b><\/p><p><b>Bili\u015fsel, Uygulamalar\u0131<\/b><\/p><p><b>\u00d6A3: <\/b>\u00d6\u011frenci \u00f6\u011frenim s\u00fcrecinde edindi\u011fi bilgileri, bilimsel\ny\u00f6ntemlerle analiz edebilme, ele\u015ftirel g\u00f6zle de\u011ferlendirebilme, sahaya\nuyarlayabilme ve \u00e7\u00f6z\u00fcm \u00fcretebilme becerisine sahiptir.<\/p><p><b>Yetkinlikler<\/b><\/p><p><b>Ba\u011f\u0131ms\u0131z \u00c7al\u0131\u015fabilme ve Sorumluluk Alabilme Yetkinli\u011fi<\/b><\/p><p><b>\u00d6A4: <\/b>\u00d6\u011frenci kamu y\u00f6netimi ile ilgili \u00e7al\u0131\u015fmalarda\nsorumluluk alarak ba\u011f\u0131ms\u0131z bir \u015fekilde planlayabilme, bilgi ve uygulamalar\u0131\nbireysel ve ekip d\u00fczeyenindeki etkinliklere d\u00f6n\u00fc\u015ft\u00fcrebilme ve payla\u015fabilme\nyetkinli\u011fine sahiptir.<\/p><p><b>\u00d6\u011frenme Yetkinli\u011fi<\/b><\/p><p><b>\u00d6A5: <\/b>\u00d6\u011frenci kamu y\u00f6netimi alan\u0131nda edindi\u011fi\nbilgileri ele\u015ftirel olarak de\u011ferlendirebilir, sahip oldu\u011fu bilginin\nyeterlili\u011fini ve \u00f6\u011frenme gereksinimlerini tespit edebilir, eksikliklerini\ngidermek i\u00e7in \u00f6\u011frenmesini y\u00f6nlendirebilir.<\/p><p><b>\u0130leti\u015fim ve Sosyal Yetkinlik<\/b><\/p><p><b>\u00d6A6: <\/b>\u00d6\u011frenci alan\u0131ndaki geli\u015fmeleri takip edebilecek\nve meslekta\u015flar\u0131 ile etkin ileti\u015fim kurabilecek d\u00fczeyde en az bir yabanc\u0131 dili\nkullanabilme yetkinli\u011fine sahiptir<\/p><p><b>\u00d6A7: <\/b>\u00d6\u011frenci, alan\u0131n\u0131n gerektirdi\u011fi d\u00fczeyde\nbilgisayar yaz\u0131l\u0131m\u0131 ve donan\u0131m bilgisi ile birlikte bili\u015fim ve ileti\u015fim\nteknolojilerindeki geli\u015fmeleri izleyip kullanabilece\u011fi y\u00f6ntem bilgisine\nsahiptir<\/p><p><b>\u00d6A8: <\/b>\u00d6\u011frenci sosyal haklar\u0131n evrenselli\u011fi, sosyal\nadalet, kalite, sanatsal ve k\u00fclt\u00fcrel de\u011ferler ile \u00e7evre koruma, i\u015f sa\u011fl\u0131\u011f\u0131 ve\ng\u00fcvenli\u011fi konular\u0131nda fark\u0131ndal\u0131\u011fa sahiptir<\/p><p><b>Alana \u00d6zg\u00fc Yetkinlik<\/b><\/p><p>\n\n\n\n\n\n\n\n\n\n\n\n\n\n\n\n\n\n\n\n\n\n\n\n\n\n\n\n\n\n\n\n\n\n\n\n<\/p><p><b>\u00d6A9: <\/b>Siyasal, Kentsel, Hukuksal ve \u0130dare ile ilgili\nverilerin toplanmas\u0131, yorumlanmas\u0131, uygulanmas\u0131 ve sonu\u00e7lar\u0131n\u0131n duyurulmas\u0131\na\u015famalar\u0131nda toplumsal, bilimsel, k\u00fclt\u00fcrel ve etik de\u011ferlere uygun hareket\nedebilir.<\/p>\t\t\t\t\t\t\t\t<\/div>\n\t\t\t\t<\/div>\n\t\t\t\t\t<\/div>\n\t\t<\/div>\n\t\t\t\t\t<\/div>\n\t\t<\/section>\n\t\t\t\t<\/div>\n\t\t","protected":false},"excerpt":{"rendered":"<p>Bilgi Kuramsal, Olgusal \u00d6A1: \u00d6\u011frenci kamu sekt\u00f6r\u00fc, \u00f6zel sekt\u00f6r ve sivil toplum kurulu\u015flar\u0131n\u0131n hukuki ve idari yap\u0131lar\u0131n\u0131n gerektirdi\u011fi nitelikte destek sa\u011flayacak kuramsal ve olgusal bilgiye sahiptir. \u00d6A2: \u00d6\u011frenci toplumun kar\u015f\u0131la\u015ft\u0131\u011f\u0131 kentsel, \u00e7evresel ve siyasal sorunlara \u00e7\u00f6z\u00fcm \u00f6nerileri geli\u015ftirebilecek kuramsal ve olgusal bilgiye sahiptir. Beceri Bili\u015fsel, Uygulamalar\u0131 \u00d6A3: \u00d6\u011frenci \u00f6\u011frenim s\u00fcrecinde edindi\u011fi bilgileri, bilimsel y\u00f6ntemlerle analiz [&hellip;]<\/p>\n","protected":false},"author":510,"featured_media":0,"parent":0,"menu_order":0,"comment_status":"closed","ping_status":"closed","template":"","meta":{"footnotes":""},"class_list":["post-6739","page","type-page","status-publish","hentry"],"_links":{"self":[{"href":"https:\/\/atauni.edu.tr\/kamu-yonetimi-bolumu\/wp-json\/wp\/v2\/pages\/6739","targetHints":{"allow":["GET"]}}],"collection":[{"href":"https:\/\/atauni.edu.tr\/kamu-yonetimi-bolumu\/wp-json\/wp\/v2\/pages"}],"about":[{"href":"https:\/\/atauni.edu.tr\/kamu-yonetimi-bolumu\/wp-json\/wp\/v2\/types\/page"}],"author":[{"embeddable":true,"href":"https:\/\/atauni.edu.tr\/kamu-yonetimi-bolumu\/wp-json\/wp\/v2\/users\/510"}],"replies":[{"embeddable":true,"href":"https:\/\/atauni.edu.tr\/kamu-yonetimi-bolumu\/wp-json\/wp\/v2\/comments?post=6739"}],"version-history":[{"count":10,"href":"https:\/\/atauni.edu.tr\/kamu-yonetimi-bolumu\/wp-json\/wp\/v2\/pages\/6739\/revisions"}],"predecessor-version":[{"id":7073,"href":"https:\/\/atauni.edu.tr\/kamu-yonetimi-bolumu\/wp-json\/wp\/v2\/pages\/6739\/revisions\/7073"}],"wp:attachment":[{"href":"https:\/\/atauni.edu.tr\/kamu-yonetimi-bolumu\/wp-json\/wp\/v2\/media?parent=6739"}],"curies":[{"name":"wp","href":"https:\/\/api.w.org\/{rel}","templated":true}]}}