{"id":6751,"date":"2023-07-26T15:25:36","date_gmt":"2023-07-26T12:25:36","guid":{"rendered":"https:\/\/birimler.atauni.edu.tr\/kamu-yonetimi-bolumu\/?page_id=6751"},"modified":"2025-05-24T21:53:42","modified_gmt":"2025-05-24T18:53:42","slug":"akademik-personel-2","status":"publish","type":"page","link":"https:\/\/atauni.edu.tr\/kamu-yonetimi-bolumu\/akademik-personel-2\/","title":{"rendered":"Akademik Personel"},"content":{"rendered":"<p><a href=\"https:\/\/avesis.atauni.edu.tr\/sukrunisanci\">Prof. Dr. \u015e\u00fckr\u00fc N\u0130\u015eANCI<\/a><\/p>\n<p><a href=\"https:\/\/avesis.atauni.edu.tr\/savci\/\">Prof. Dr. Salih B\u00f6rte\u00e7ine AVCI<\/a><\/p>\n<p><a href=\"https:\/\/avesis.atauni.edu.tr\/hasanaktas\">Do\u00e7. Dr. Hasan Emir AKTA\u015e<\/a><\/p>\n<p><a href=\"https:\/\/avesis.atauni.edu.tr\/tuna.batuhan\">Do\u00e7. Dr. Tuna BATUHAN<\/a><\/p>\n<p><a href=\"https:\/\/avesis.atauni.edu.tr\/burcu.kartal\">Do\u00e7. Dr. Cemile Burcu KARTAL<\/a><\/p>\n<p><a style=\"background-color: #ffffff\" href=\"https:\/\/avesis.atauni.edu.tr\/ezgi.oren\">Do\u00e7. Dr. Ezgi \u00d6REN<\/a><\/p>\n<p><a style=\"font-family: var( --e-global-typography-text-font-family ), Sans-serif;font-weight: var( --e-global-typography-text-font-weight );letter-spacing: 0px\" href=\"https:\/\/avesis.atauni.edu.tr\/hasan.uslu\">Do\u00e7.Dr.Hasan Faruk USLU<\/a><\/p>\n<p><a href=\"https:\/\/avesis.atauni.edu.tr\/adnan.karatas\">Dr. \u00d6\u011fretim \u00dcyesi Adnan KARATA\u015e<\/a><\/p>\n<p><a href=\"https:\/\/avesis.atauni.edu.tr\/fatih.ucan\">Ar\u015f. G\u00f6r. Dr. Fatih U\u00c7AN<\/a><\/p>\n<p><a href=\"https:\/\/avesis.atauni.edu.tr\/lokman.sahin\">Ar\u015f. G\u00f6r. Dr.\u00a0 Lokman \u015eAH\u0130N<\/a><\/p>\n<p><a href=\"https:\/\/avesis.atauni.edu.tr\/gokce.gok\">Ar\u015f. G\u00f6r.\u00a0 G\u00f6k\u00e7e G\u00d6K<\/a><\/p>\n<p><a href=\"https:\/\/avesis.atauni.edu.tr\/betul.gokhan\">Ar\u015f. G\u00f6r. Fatma Bet\u00fcl G\u00d6KHAN<\/a><\/p>\n<p><a href=\"https:\/\/avesis.atauni.edu.tr\/tugba.salman\">Ar\u015f. G\u00f6r. Tu\u011fba SALMAN<\/a><\/p>\n<p><a href=\"https:\/\/avesis.atauni.edu.tr\/suhedaaltunok\">Ar\u015f. G\u00f6r. \u015euheda ALTUNOK<\/a><\/p>\n","protected":false},"excerpt":{"rendered":"<p>Prof. Dr. \u015e\u00fckr\u00fc N\u0130\u015eANCI Prof. Dr. Salih B\u00f6rte\u00e7ine AVCI Do\u00e7. Dr. Hasan Emir AKTA\u015e Do\u00e7. Dr. Tuna BATUHAN Do\u00e7. Dr. Cemile Burcu KARTAL Do\u00e7. Dr. Ezgi \u00d6REN Do\u00e7.Dr.Hasan Faruk USLU Dr. \u00d6\u011fretim \u00dcyesi Adnan KARATA\u015e Ar\u015f. G\u00f6r. Dr. Fatih U\u00c7AN Ar\u015f. G\u00f6r. Dr.\u00a0 Lokman \u015eAH\u0130N Ar\u015f. G\u00f6r.\u00a0 G\u00f6k\u00e7e G\u00d6K Ar\u015f. G\u00f6r. Fatma Bet\u00fcl G\u00d6KHAN Ar\u015f. [&hellip;]<\/p>\n","protected":false},"author":510,"featured_media":0,"parent":0,"menu_order":0,"comment_status":"closed","ping_status":"closed","template":"","meta":{"footnotes":""},"class_list":["post-6751","page","type-page","status-publish","hentry"],"_links":{"self":[{"href":"https:\/\/atauni.edu.tr\/kamu-yonetimi-bolumu\/wp-json\/wp\/v2\/pages\/6751","targetHints":{"allow":["GET"]}}],"collection":[{"href":"https:\/\/atauni.edu.tr\/kamu-yonetimi-bolumu\/wp-json\/wp\/v2\/pages"}],"about":[{"href":"https:\/\/atauni.edu.tr\/kamu-yonetimi-bolumu\/wp-json\/wp\/v2\/types\/page"}],"author":[{"embeddable":true,"href":"https:\/\/atauni.edu.tr\/kamu-yonetimi-bolumu\/wp-json\/wp\/v2\/users\/510"}],"replies":[{"embeddable":true,"href":"https:\/\/atauni.edu.tr\/kamu-yonetimi-bolumu\/wp-json\/wp\/v2\/comments?post=6751"}],"version-history":[{"count":20,"href":"https:\/\/atauni.edu.tr\/kamu-yonetimi-bolumu\/wp-json\/wp\/v2\/pages\/6751\/revisions"}],"predecessor-version":[{"id":7200,"href":"https:\/\/atauni.edu.tr\/kamu-yonetimi-bolumu\/wp-json\/wp\/v2\/pages\/6751\/revisions\/7200"}],"wp:attachment":[{"href":"https:\/\/atauni.edu.tr\/kamu-yonetimi-bolumu\/wp-json\/wp\/v2\/media?parent=6751"}],"curies":[{"name":"wp","href":"https:\/\/api.w.org\/{rel}","templated":true}]}}