{"id":6818,"date":"2023-07-26T16:00:18","date_gmt":"2023-07-26T13:00:18","guid":{"rendered":"https:\/\/birimler.atauni.edu.tr\/kamu-yonetimi-bolumu\/?page_id=6818"},"modified":"2023-07-26T20:44:54","modified_gmt":"2023-07-26T17:44:54","slug":"akademik-danismanlik","status":"publish","type":"page","link":"https:\/\/atauni.edu.tr\/kamu-yonetimi-bolumu\/akademik-danismanlik\/","title":{"rendered":"Akademik Dan\u0131\u015fmanl\u0131k"},"content":{"rendered":"\t\t<div data-elementor-type=\"wp-page\" data-elementor-id=\"6818\" class=\"elementor elementor-6818\" data-elementor-post-type=\"page\">\n\t\t\t\t\t\t<section class=\"elementor-section elementor-top-section elementor-element elementor-element-9fec1d1 elementor-section-boxed elementor-section-height-default elementor-section-height-default\" data-id=\"9fec1d1\" data-element_type=\"section\">\n\t\t\t\t\t\t<div class=\"elementor-container elementor-column-gap-default\">\n\t\t\t\t\t<div class=\"elementor-column elementor-col-100 elementor-top-column elementor-element elementor-element-4215370\" data-id=\"4215370\" data-element_type=\"column\">\n\t\t\t<div class=\"elementor-widget-wrap elementor-element-populated\">\n\t\t\t\t\t\t<div class=\"elementor-element elementor-element-c86ae3e elementor-widget elementor-widget-text-editor\" data-id=\"c86ae3e\" data-element_type=\"widget\" data-widget_type=\"text-editor.default\">\n\t\t\t\t<div class=\"elementor-widget-container\">\n\t\t\t\t\t\t\t\t\t<p>B\u00f6l\u00fcm\u00fcm\u00fczdeki t\u00fcm \u00f6\u011frencilerimize b\u00f6l\u00fcmdeki Doktora unvan\u0131na sahip \u00f6\u011fretim elemanlar\u0131m\u0131z taraf\u0131ndan akademik ment\u00f6rl\u00fck deste\u011fi verilerek, \u00f6\u011frencilerimizin fak\u00fclte, b\u00f6l\u00fcm, \u00fcniversite ya\u015fam\u0131 ve kariyer geli\u015fimi gibi konularda geli\u015fimlerine destek verilmesi ama\u00e7lanm\u0131\u015ft\u0131r. Bu kapsamda Akademik Dan\u0131\u015fmanl\u0131k sistemi i\u00e7erisinde \u00f6\u011fretim eleman\u0131 ve \u00f6\u011frenci e\u015fle\u015ftirmeleri sunulmu\u015ftur.<\/p>\t\t\t\t\t\t\t\t<\/div>\n\t\t\t\t<\/div>\n\t\t\t\t\t<\/div>\n\t\t<\/div>\n\t\t\t\t\t<\/div>\n\t\t<\/section>\n\t\t\t\t<section class=\"elementor-section elementor-top-section elementor-element elementor-element-32b96a0 elementor-section-boxed elementor-section-height-default elementor-section-height-default\" data-id=\"32b96a0\" data-element_type=\"section\">\n\t\t\t\t\t\t<div class=\"elementor-container elementor-column-gap-default\">\n\t\t\t\t\t<div class=\"elementor-column elementor-col-100 elementor-top-column elementor-element elementor-element-d719efb\" data-id=\"d719efb\" data-element_type=\"column\">\n\t\t\t<div class=\"elementor-widget-wrap elementor-element-populated\">\n\t\t\t\t\t\t<div class=\"elementor-element elementor-element-645f3e0 elementor-widget elementor-widget-pdf_viewer\" data-id=\"645f3e0\" data-element_type=\"widget\" data-widget_type=\"pdf_viewer.default\">\n\t\t\t\t<div class=\"elementor-widget-container\">\n\t\t\t\t\t<iframe src=\"https:\/\/docs.google.com\/viewer?url=http:\/\/birimler.atauni.edu.tr\/kamu-yonetimi-bolumu\/wp-content\/uploads\/sites\/129\/2023\/07\/Akademik-Danismanlik.pdf&amp;embedded=true\" style=\"display: block; margin-left: auto; margin-right: auto; width: 640px; height: 1020px;\" frameborder=\"1\" marginheight=\"0px\" marginwidth=\"0px\" allowfullscreen><\/iframe>\t\t\t\t<\/div>\n\t\t\t\t<\/div>\n\t\t\t\t\t<\/div>\n\t\t<\/div>\n\t\t\t\t\t<\/div>\n\t\t<\/section>\n\t\t\t\t<\/div>\n\t\t","protected":false},"excerpt":{"rendered":"<p>B\u00f6l\u00fcm\u00fcm\u00fczdeki t\u00fcm \u00f6\u011frencilerimize b\u00f6l\u00fcmdeki Doktora unvan\u0131na sahip \u00f6\u011fretim elemanlar\u0131m\u0131z taraf\u0131ndan akademik ment\u00f6rl\u00fck deste\u011fi verilerek, \u00f6\u011frencilerimizin fak\u00fclte, b\u00f6l\u00fcm, \u00fcniversite ya\u015fam\u0131 ve kariyer geli\u015fimi gibi konularda geli\u015fimlerine destek verilmesi ama\u00e7lanm\u0131\u015ft\u0131r. Bu kapsamda Akademik Dan\u0131\u015fmanl\u0131k sistemi i\u00e7erisinde \u00f6\u011fretim eleman\u0131 ve \u00f6\u011frenci e\u015fle\u015ftirmeleri sunulmu\u015ftur.<\/p>\n","protected":false},"author":510,"featured_media":0,"parent":0,"menu_order":0,"comment_status":"closed","ping_status":"closed","template":"","meta":{"footnotes":""},"class_list":["post-6818","page","type-page","status-publish","hentry"],"_links":{"self":[{"href":"https:\/\/atauni.edu.tr\/kamu-yonetimi-bolumu\/wp-json\/wp\/v2\/pages\/6818","targetHints":{"allow":["GET"]}}],"collection":[{"href":"https:\/\/atauni.edu.tr\/kamu-yonetimi-bolumu\/wp-json\/wp\/v2\/pages"}],"about":[{"href":"https:\/\/atauni.edu.tr\/kamu-yonetimi-bolumu\/wp-json\/wp\/v2\/types\/page"}],"author":[{"embeddable":true,"href":"https:\/\/atauni.edu.tr\/kamu-yonetimi-bolumu\/wp-json\/wp\/v2\/users\/510"}],"replies":[{"embeddable":true,"href":"https:\/\/atauni.edu.tr\/kamu-yonetimi-bolumu\/wp-json\/wp\/v2\/comments?post=6818"}],"version-history":[{"count":22,"href":"https:\/\/atauni.edu.tr\/kamu-yonetimi-bolumu\/wp-json\/wp\/v2\/pages\/6818\/revisions"}],"predecessor-version":[{"id":6908,"href":"https:\/\/atauni.edu.tr\/kamu-yonetimi-bolumu\/wp-json\/wp\/v2\/pages\/6818\/revisions\/6908"}],"wp:attachment":[{"href":"https:\/\/atauni.edu.tr\/kamu-yonetimi-bolumu\/wp-json\/wp\/v2\/media?parent=6818"}],"curies":[{"name":"wp","href":"https:\/\/api.w.org\/{rel}","templated":true}]}}