{"id":6821,"date":"2023-07-26T16:01:00","date_gmt":"2023-07-26T13:01:00","guid":{"rendered":"https:\/\/birimler.atauni.edu.tr\/kamu-yonetimi-bolumu\/?page_id=6821"},"modified":"2023-07-26T20:54:53","modified_gmt":"2023-07-26T17:54:53","slug":"akran-danismanligi","status":"publish","type":"page","link":"https:\/\/atauni.edu.tr\/kamu-yonetimi-bolumu\/akran-danismanligi\/","title":{"rendered":"Akran Dan\u0131\u015fmanl\u0131\u011f\u0131"},"content":{"rendered":"\t\t<div data-elementor-type=\"wp-page\" data-elementor-id=\"6821\" class=\"elementor elementor-6821\" data-elementor-post-type=\"page\">\n\t\t\t\t\t\t<section class=\"elementor-section elementor-top-section elementor-element elementor-element-59b07bf elementor-section-boxed elementor-section-height-default elementor-section-height-default\" data-id=\"59b07bf\" data-element_type=\"section\">\n\t\t\t\t\t\t<div class=\"elementor-container elementor-column-gap-default\">\n\t\t\t\t\t<div class=\"elementor-column elementor-col-100 elementor-top-column elementor-element elementor-element-f6c6940\" data-id=\"f6c6940\" data-element_type=\"column\">\n\t\t\t<div class=\"elementor-widget-wrap elementor-element-populated\">\n\t\t\t\t\t\t<div class=\"elementor-element elementor-element-dcd36e4 elementor-widget elementor-widget-text-editor\" data-id=\"dcd36e4\" data-element_type=\"widget\" data-widget_type=\"text-editor.default\">\n\t\t\t\t<div class=\"elementor-widget-container\">\n\t\t\t\t\t\t\t\t\t<p>B\u00f6l\u00fcm\u00fcm\u00fcz \u00f6\u011frencilerinden s\u0131ras\u0131yla 4., 3. ve 2. s\u0131n\u0131flar\u0131nda bulunan Y\u00fcksek Onur ve Onur \u00f6\u011frencilerinin akademik hayata yeni giri\u015f yapan 1. s\u0131n\u0131f \u00f6\u011frencilerimize \u00fcniversite, fak\u00fclte, b\u00f6l\u00fcm, \u015fehir hayat\u0131 vb. konularda Akran Dan\u0131\u015fmanl\u0131\u011f\u0131 yapmas\u0131 hedeflenmi\u015ftir. Bu kapsamda Akran Dan\u0131\u015fmanl\u0131\u011f\u0131 sistemi i\u00e7erisinde \u00fcst s\u0131n\u0131flarda \u00f6\u011frenimlerine devam eden Y\u00fcksek Onur, Onur ve 1. S\u0131n\u0131f \u00d6\u011frenci e\u015fle\u015ftirmeleri sunulmu\u015ftur.<\/p>\t\t\t\t\t\t\t\t<\/div>\n\t\t\t\t<\/div>\n\t\t\t\t\t<\/div>\n\t\t<\/div>\n\t\t\t\t\t<\/div>\n\t\t<\/section>\n\t\t\t\t<section class=\"elementor-section elementor-top-section elementor-element elementor-element-c784663 elementor-section-boxed elementor-section-height-default elementor-section-height-default\" data-id=\"c784663\" data-element_type=\"section\">\n\t\t\t\t\t\t<div class=\"elementor-container elementor-column-gap-default\">\n\t\t\t\t\t<div class=\"elementor-column elementor-col-100 elementor-top-column elementor-element elementor-element-40a40ad\" data-id=\"40a40ad\" data-element_type=\"column\">\n\t\t\t<div class=\"elementor-widget-wrap elementor-element-populated\">\n\t\t\t\t\t\t<div class=\"elementor-element elementor-element-e0c58d9 elementor-widget elementor-widget-pdf_viewer\" data-id=\"e0c58d9\" data-element_type=\"widget\" data-widget_type=\"pdf_viewer.default\">\n\t\t\t\t<div class=\"elementor-widget-container\">\n\t\t\t\t\t<iframe src=\"https:\/\/docs.google.com\/viewer?url=http:\/\/birimler.atauni.edu.tr\/kamu-yonetimi-bolumu\/wp-content\/uploads\/sites\/129\/2023\/07\/Akran-Danismanligi-Listesi.pdf&amp;embedded=true\" style=\"display: block; margin-left: auto; margin-right: auto; width: 640px; height: 1020px;\" frameborder=\"1\" marginheight=\"0px\" marginwidth=\"0px\" allowfullscreen><\/iframe>\t\t\t\t<\/div>\n\t\t\t\t<\/div>\n\t\t\t\t\t<\/div>\n\t\t<\/div>\n\t\t\t\t\t<\/div>\n\t\t<\/section>\n\t\t\t\t<\/div>\n\t\t","protected":false},"excerpt":{"rendered":"<p>B\u00f6l\u00fcm\u00fcm\u00fcz \u00f6\u011frencilerinden s\u0131ras\u0131yla 4., 3. ve 2. s\u0131n\u0131flar\u0131nda bulunan Y\u00fcksek Onur ve Onur \u00f6\u011frencilerinin akademik hayata yeni giri\u015f yapan 1. s\u0131n\u0131f \u00f6\u011frencilerimize \u00fcniversite, fak\u00fclte, b\u00f6l\u00fcm, \u015fehir hayat\u0131 vb. konularda Akran Dan\u0131\u015fmanl\u0131\u011f\u0131 yapmas\u0131 hedeflenmi\u015ftir. Bu kapsamda Akran Dan\u0131\u015fmanl\u0131\u011f\u0131 sistemi i\u00e7erisinde \u00fcst s\u0131n\u0131flarda \u00f6\u011frenimlerine devam eden Y\u00fcksek Onur, Onur ve 1. S\u0131n\u0131f \u00d6\u011frenci e\u015fle\u015ftirmeleri sunulmu\u015ftur.<\/p>\n","protected":false},"author":510,"featured_media":0,"parent":0,"menu_order":0,"comment_status":"closed","ping_status":"closed","template":"","meta":{"footnotes":""},"class_list":["post-6821","page","type-page","status-publish","hentry"],"_links":{"self":[{"href":"https:\/\/atauni.edu.tr\/kamu-yonetimi-bolumu\/wp-json\/wp\/v2\/pages\/6821","targetHints":{"allow":["GET"]}}],"collection":[{"href":"https:\/\/atauni.edu.tr\/kamu-yonetimi-bolumu\/wp-json\/wp\/v2\/pages"}],"about":[{"href":"https:\/\/atauni.edu.tr\/kamu-yonetimi-bolumu\/wp-json\/wp\/v2\/types\/page"}],"author":[{"embeddable":true,"href":"https:\/\/atauni.edu.tr\/kamu-yonetimi-bolumu\/wp-json\/wp\/v2\/users\/510"}],"replies":[{"embeddable":true,"href":"https:\/\/atauni.edu.tr\/kamu-yonetimi-bolumu\/wp-json\/wp\/v2\/comments?post=6821"}],"version-history":[{"count":10,"href":"https:\/\/atauni.edu.tr\/kamu-yonetimi-bolumu\/wp-json\/wp\/v2\/pages\/6821\/revisions"}],"predecessor-version":[{"id":6919,"href":"https:\/\/atauni.edu.tr\/kamu-yonetimi-bolumu\/wp-json\/wp\/v2\/pages\/6821\/revisions\/6919"}],"wp:attachment":[{"href":"https:\/\/atauni.edu.tr\/kamu-yonetimi-bolumu\/wp-json\/wp\/v2\/media?parent=6821"}],"curies":[{"name":"wp","href":"https:\/\/api.w.org\/{rel}","templated":true}]}}