{"id":6961,"date":"2023-08-24T14:31:01","date_gmt":"2023-08-24T11:31:01","guid":{"rendered":"https:\/\/birimler.atauni.edu.tr\/kamu-yonetimi-bolumu\/?page_id=6961"},"modified":"2024-01-26T21:10:35","modified_gmt":"2024-01-26T18:10:35","slug":"egitim-amaclari","status":"publish","type":"page","link":"https:\/\/atauni.edu.tr\/kamu-yonetimi-bolumu\/egitim-amaclari\/","title":{"rendered":"E\u011fitim Ama\u00e7lar\u0131"},"content":{"rendered":"\t\t<div data-elementor-type=\"wp-page\" data-elementor-id=\"6961\" class=\"elementor elementor-6961\" data-elementor-post-type=\"page\">\n\t\t\t\t\t\t<section class=\"elementor-section elementor-top-section elementor-element elementor-element-c71b60d elementor-section-boxed elementor-section-height-default elementor-section-height-default\" data-id=\"c71b60d\" data-element_type=\"section\">\n\t\t\t\t\t\t<div class=\"elementor-container elementor-column-gap-default\">\n\t\t\t\t\t<div class=\"elementor-column elementor-col-100 elementor-top-column elementor-element elementor-element-e7bd2e6\" data-id=\"e7bd2e6\" data-element_type=\"column\">\n\t\t\t<div class=\"elementor-widget-wrap elementor-element-populated\">\n\t\t\t\t\t\t<div class=\"elementor-element elementor-element-4581ecb elementor-widget elementor-widget-text-editor\" data-id=\"4581ecb\" data-element_type=\"widget\" data-widget_type=\"text-editor.default\">\n\t\t\t\t<div class=\"elementor-widget-container\">\n\t\t\t\t\t\t\t\t\t<p>Kamu Y\u00f6netimi Program E\u011fitim Ama\u00e7lar\u0131 \u015funlard\u0131r:<\/p>\n<p class=\"MsoNormal\"><b>PEA1:<\/b> Kamu sekt\u00f6r\u00fc, \u00f6zel sekt\u00f6r, sivil toplum\nkurulu\u015flar\u0131n\u0131n y\u00f6netsel veya idari pozisyonlar\u0131nda \u00e7al\u0131\u015fabilirler.<\/p><p class=\"MsoNormal\"><b>PEA2:<\/b> Program mezunlar\u0131 yurt i\u00e7inde ve yurt d\u0131\u015f\u0131nda\nlisans\u00fcst\u00fc e\u011fitim olarak akademik kariyer yapma imkan\u0131na sahiptirler.<\/p><p class=\"MsoNormal\"><b>PEA3:<\/b> Kamu y\u00f6netimi disiplini \u00e7er\u00e7evesinde alan\u0131ndaki\nkavramlar\u0131, fikirleri ve verileri, evrensel etik de\u011ferler \u0131\u015f\u0131nda ve bilimsel\ny\u00f6ntemlerle de\u011ferlendirerek toplumsal problemlere \u00e7\u00f6z\u00fcm \u00fcretme yetene\u011fi kazan\u0131rlar.<\/p><p>\n\n\n\n\n\n<\/p><p class=\"MsoNormal\"><b>PEA4:<\/b> Ya\u015fam boyu \u00f6\u011frenme bilinciyle; sanatsal,\nk\u00fclt\u00fcrel ve entelekt\u00fcel geli\u015fmeleri yak\u0131ndan izleyerek, akademik ve ki\u015fisel\ngeli\u015fim yetene\u011fi kazan\u0131rlar.&nbsp;<\/p>\n<p><\/p>\t\t\t\t\t\t\t\t<\/div>\n\t\t\t\t<\/div>\n\t\t\t\t\t<\/div>\n\t\t<\/div>\n\t\t\t\t\t<\/div>\n\t\t<\/section>\n\t\t\t\t<section class=\"elementor-section elementor-top-section elementor-element elementor-element-d141a20 elementor-section-boxed elementor-section-height-default elementor-section-height-default\" data-id=\"d141a20\" data-element_type=\"section\">\n\t\t\t\t\t\t<div class=\"elementor-container elementor-column-gap-default\">\n\t\t\t\t\t<div class=\"elementor-column elementor-col-100 elementor-top-column elementor-element elementor-element-4d106eb\" data-id=\"4d106eb\" data-element_type=\"column\">\n\t\t\t<div class=\"elementor-widget-wrap elementor-element-populated\">\n\t\t\t\t\t\t<div class=\"elementor-element elementor-element-d6613d1 elementor-widget elementor-widget-text-editor\" data-id=\"d6613d1\" data-element_type=\"widget\" data-widget_type=\"text-editor.default\">\n\t\t\t\t<div class=\"elementor-widget-container\">\n\t\t\t\t\t\t\t\t\t<p>PROGRAM E\u011e\u0130T\u0130M AMA\u00c7LARI HAKKINDA G\u00d6R\u00dc\u015e B\u0130LD\u0130RME FORMU<\/p><p>1- Kamu Y\u00f6netimi program ama\u00e7lar\u0131n\u0131n sekt\u00f6rel\/merkezi y\u00f6netim\/yerel y\u00f6netim ger\u00e7eklerle uyumlu<br \/>oldu\u011funu d\u00fc\u015f\u00fcn\u00fcyor musunuz?<br \/>2- Kamu Y\u00f6netimi e\u011fitim ama\u00e7lar\u0131n\u0131n sekt\u00f6rel\/merkezi y\u00f6netim\/yerel y\u00f6netim ger\u00e7eklerle uyumlu<br \/>oldu\u011funu d\u00fc\u015f\u00fcn\u00fcyor musunuz?<br \/>3- Kamu Y\u00f6netimi m\u00fcfredat\u0131ndaki derslerin sekt\u00f6rel\/merkezi y\u00f6netim\/yerel y\u00f6netim ger\u00e7eklerle<br \/>uyumlu oldu\u011funu d\u00fc\u015f\u00fcn\u00fcyor musunuz?<br \/>4- Kamu Y\u00f6netimi b\u00f6l\u00fcm\u00fc ile sekt\u00f6r\/merkezi y\u00f6netim\/yerel y\u00f6netim aras\u0131ndaki i\u015fbirli\u011fi alanlar\u0131<br \/>nelerdir? \u0130\u015fbirli\u011fine d\u00f6n\u00fck neler yap\u0131labilir?<\/p><p>Bu konuyla ilgili g\u00f6r\u00fc\u015f ve d\u00fc\u015f\u00fcncelerinizi b\u00f6l\u00fcm ba\u015fkan\u0131na mail olarak iletebilirsiniz:<br \/>B\u00f6l\u00fcm Ba\u015fkan\u0131: Prof. Dr. Salih B\u00f6rte\u00e7ine AVC\u0130<br \/>Mail: savci@atauni.edu.tr<\/p><p>\u00a0<\/p>\t\t\t\t\t\t\t\t<\/div>\n\t\t\t\t<\/div>\n\t\t\t\t\t<\/div>\n\t\t<\/div>\n\t\t\t\t\t<\/div>\n\t\t<\/section>\n\t\t\t\t<\/div>\n\t\t","protected":false},"excerpt":{"rendered":"<p>Kamu Y\u00f6netimi Program E\u011fitim Ama\u00e7lar\u0131 \u015funlard\u0131r: PEA1: Kamu sekt\u00f6r\u00fc, \u00f6zel sekt\u00f6r, sivil toplum kurulu\u015flar\u0131n\u0131n y\u00f6netsel veya idari pozisyonlar\u0131nda \u00e7al\u0131\u015fabilirler. PEA2: Program mezunlar\u0131 yurt i\u00e7inde ve yurt d\u0131\u015f\u0131nda lisans\u00fcst\u00fc e\u011fitim olarak akademik kariyer yapma imkan\u0131na sahiptirler. PEA3: Kamu y\u00f6netimi disiplini \u00e7er\u00e7evesinde alan\u0131ndaki kavramlar\u0131, fikirleri ve verileri, evrensel etik de\u011ferler \u0131\u015f\u0131nda ve bilimsel y\u00f6ntemlerle de\u011ferlendirerek toplumsal problemlere [&hellip;]<\/p>\n","protected":false},"author":510,"featured_media":0,"parent":0,"menu_order":0,"comment_status":"closed","ping_status":"closed","template":"","meta":{"footnotes":""},"class_list":["post-6961","page","type-page","status-publish","hentry"],"_links":{"self":[{"href":"https:\/\/atauni.edu.tr\/kamu-yonetimi-bolumu\/wp-json\/wp\/v2\/pages\/6961","targetHints":{"allow":["GET"]}}],"collection":[{"href":"https:\/\/atauni.edu.tr\/kamu-yonetimi-bolumu\/wp-json\/wp\/v2\/pages"}],"about":[{"href":"https:\/\/atauni.edu.tr\/kamu-yonetimi-bolumu\/wp-json\/wp\/v2\/types\/page"}],"author":[{"embeddable":true,"href":"https:\/\/atauni.edu.tr\/kamu-yonetimi-bolumu\/wp-json\/wp\/v2\/users\/510"}],"replies":[{"embeddable":true,"href":"https:\/\/atauni.edu.tr\/kamu-yonetimi-bolumu\/wp-json\/wp\/v2\/comments?post=6961"}],"version-history":[{"count":19,"href":"https:\/\/atauni.edu.tr\/kamu-yonetimi-bolumu\/wp-json\/wp\/v2\/pages\/6961\/revisions"}],"predecessor-version":[{"id":7070,"href":"https:\/\/atauni.edu.tr\/kamu-yonetimi-bolumu\/wp-json\/wp\/v2\/pages\/6961\/revisions\/7070"}],"wp:attachment":[{"href":"https:\/\/atauni.edu.tr\/kamu-yonetimi-bolumu\/wp-json\/wp\/v2\/media?parent=6961"}],"curies":[{"name":"wp","href":"https:\/\/api.w.org\/{rel}","templated":true}]}}