{"id":7025,"date":"2023-12-02T17:41:52","date_gmt":"2023-12-02T14:41:52","guid":{"rendered":"https:\/\/birimler.atauni.edu.tr\/kamu-yonetimi-bolumu\/?page_id=7025"},"modified":"2024-03-26T02:13:06","modified_gmt":"2024-03-25T23:13:06","slug":"programa-ozgu-olcutler","status":"publish","type":"page","link":"https:\/\/atauni.edu.tr\/kamu-yonetimi-bolumu\/programa-ozgu-olcutler\/","title":{"rendered":"Programa \u00d6zg\u00fc \u00d6l\u00e7\u00fctler"},"content":{"rendered":"\t\t<div data-elementor-type=\"wp-page\" data-elementor-id=\"7025\" class=\"elementor elementor-7025\" data-elementor-post-type=\"page\">\n\t\t\t\t\t\t<section class=\"elementor-section elementor-top-section elementor-element elementor-element-476bb1b elementor-section-boxed elementor-section-height-default elementor-section-height-default\" data-id=\"476bb1b\" data-element_type=\"section\">\n\t\t\t\t\t\t<div class=\"elementor-container elementor-column-gap-default\">\n\t\t\t\t\t<div class=\"elementor-column elementor-col-100 elementor-top-column elementor-element elementor-element-4230bd6\" data-id=\"4230bd6\" data-element_type=\"column\">\n\t\t\t<div class=\"elementor-widget-wrap elementor-element-populated\">\n\t\t\t\t\t\t<div class=\"elementor-element elementor-element-033ceda elementor-widget elementor-widget-text-editor\" data-id=\"033ceda\" data-element_type=\"widget\" data-widget_type=\"text-editor.default\">\n\t\t\t\t<div class=\"elementor-widget-container\">\n\t\t\t\t\t\t\t\t\t<ol>\n<li><span style=\"color: #222222;font-family: Arial, Helvetica, sans-serif;font-size: small\">&nbsp;Kamu y\u00f6netimi alan\u0131n\u0131n teorilerini benimser ve bu alanda yaz\u0131lm\u0131\u015f bilimsel terminolojiyi etkin bir \u015fekilde kullan\u0131r .<\/span><\/li>\n<li><span style=\"color: #222222;font-family: Arial, Helvetica, sans-serif;font-size: small\">&nbsp;Siyaset bilimi, y\u00f6netim bilimi ile kentle\u015fme ve \u00e7evre alt alanlar\u0131nda yaz\u0131lan yay\u0131nlar\u0131 takip eder ve katk\u0131da bulunur&nbsp;<\/span><\/li><li><span style=\"color: #222222;font-family: Arial, Helvetica, sans-serif;font-size: small\">&nbsp;Merkezi ve yerinden y\u00f6netim unsurlar\u0131 a\u00e7\u0131s\u0131ndan T\u00fcrk kamu \u00f6rg\u00fct\u00fcn\u00fc iyi bir \u015fekilde tan\u0131ma becerisine sahip olur .<\/span><\/li>\n<li><span style=\"color: #222222;font-family: Arial, Helvetica, sans-serif;font-size: small\">Kamu y\u00f6netimi ve vatanda\u015f aras\u0131ndaki ili\u015fkiyi siyasi d\u00fczeyde sentezleyebilir ve bu konuda ortaya \u00e7\u0131kabilecek sosyal sorunlara \u00e7\u00f6z\u00fcm \u00f6nerileri geli\u015ftirebilir.&nbsp;<\/span><\/li>\n<li><span style=\"color: #222222;font-family: Arial, Helvetica, sans-serif;font-size: small\">Birle\u015fmi\u015f milletler s\u00fcrd\u00fcr\u00fclebilir kalk\u0131nma hedefleri temelinde toplumsal, bireysel ve siyasi sorunlar\u0131 \u00e7oklu bak\u0131\u015f a\u00e7\u0131s\u0131yla de\u011ferlendirebilir .<\/span><\/li>\n<li><span style=\"color: #222222;font-family: Arial, Helvetica, sans-serif;font-size: small\">K\u0131rsal ve kentsel kalk\u0131nma a\u00e7\u0131s\u0131ndan proje \u00fcretme ve mevcut ara\u015ft\u0131rmalara g\u00f6r\u00fc\u015f belirtme yetene\u011fine sahip olur .<\/span><\/li>\n<li><span style=\"color: #222222;font-family: Arial, Helvetica, sans-serif;font-size: small\">Proaktif bak\u0131\u015f a\u00e7\u0131s\u0131yla stratejik kararlarda y\u00f6netim teorilerini ve ilkelerini kullanabilir .<\/span><\/li>\n<li><span style=\"color: #222222;font-family: Arial, Helvetica, sans-serif;font-size: small\">\u00d6rg\u00fct i\u00e7i davran\u0131\u015flar\u0131 anlayabilme, yorumlayabilme ve y\u00f6netebilme yetisine sahip olur.<\/span><\/li>\n<\/ol>\t\t\t\t\t\t\t\t<\/div>\n\t\t\t\t<\/div>\n\t\t\t\t\t<\/div>\n\t\t<\/div>\n\t\t\t\t\t<\/div>\n\t\t<\/section>\n\t\t\t\t<\/div>\n\t\t","protected":false},"excerpt":{"rendered":"<p>&nbsp;Kamu y\u00f6netimi alan\u0131n\u0131n teorilerini benimser ve bu alanda yaz\u0131lm\u0131\u015f bilimsel terminolojiyi etkin bir \u015fekilde kullan\u0131r . &nbsp;Siyaset bilimi, y\u00f6netim bilimi ile kentle\u015fme ve \u00e7evre alt alanlar\u0131nda yaz\u0131lan yay\u0131nlar\u0131 takip eder ve katk\u0131da bulunur&nbsp; &nbsp;Merkezi ve yerinden y\u00f6netim unsurlar\u0131 a\u00e7\u0131s\u0131ndan T\u00fcrk kamu \u00f6rg\u00fct\u00fcn\u00fc iyi bir \u015fekilde tan\u0131ma becerisine sahip olur . Kamu y\u00f6netimi ve vatanda\u015f aras\u0131ndaki [&hellip;]<\/p>\n","protected":false},"author":510,"featured_media":0,"parent":0,"menu_order":0,"comment_status":"closed","ping_status":"closed","template":"","meta":{"footnotes":""},"class_list":["post-7025","page","type-page","status-publish","hentry"],"_links":{"self":[{"href":"https:\/\/atauni.edu.tr\/kamu-yonetimi-bolumu\/wp-json\/wp\/v2\/pages\/7025","targetHints":{"allow":["GET"]}}],"collection":[{"href":"https:\/\/atauni.edu.tr\/kamu-yonetimi-bolumu\/wp-json\/wp\/v2\/pages"}],"about":[{"href":"https:\/\/atauni.edu.tr\/kamu-yonetimi-bolumu\/wp-json\/wp\/v2\/types\/page"}],"author":[{"embeddable":true,"href":"https:\/\/atauni.edu.tr\/kamu-yonetimi-bolumu\/wp-json\/wp\/v2\/users\/510"}],"replies":[{"embeddable":true,"href":"https:\/\/atauni.edu.tr\/kamu-yonetimi-bolumu\/wp-json\/wp\/v2\/comments?post=7025"}],"version-history":[{"count":7,"href":"https:\/\/atauni.edu.tr\/kamu-yonetimi-bolumu\/wp-json\/wp\/v2\/pages\/7025\/revisions"}],"predecessor-version":[{"id":7109,"href":"https:\/\/atauni.edu.tr\/kamu-yonetimi-bolumu\/wp-json\/wp\/v2\/pages\/7025\/revisions\/7109"}],"wp:attachment":[{"href":"https:\/\/atauni.edu.tr\/kamu-yonetimi-bolumu\/wp-json\/wp\/v2\/media?parent=7025"}],"curies":[{"name":"wp","href":"https:\/\/api.w.org\/{rel}","templated":true}]}}