{"id":7087,"date":"2024-03-26T01:50:08","date_gmt":"2024-03-25T22:50:08","guid":{"rendered":"https:\/\/birimler.atauni.edu.tr\/kamu-yonetimi-bolumu\/?page_id=7087"},"modified":"2024-03-26T01:55:22","modified_gmt":"2024-03-25T22:55:22","slug":"ders-disi-etkinlikler","status":"publish","type":"page","link":"https:\/\/atauni.edu.tr\/kamu-yonetimi-bolumu\/ders-disi-etkinlikler\/","title":{"rendered":"Ders D\u0131\u015f\u0131 Etkinlikler"},"content":{"rendered":"\t\t<div data-elementor-type=\"wp-page\" data-elementor-id=\"7087\" class=\"elementor elementor-7087\" data-elementor-post-type=\"page\">\n\t\t\t\t\t\t<section class=\"elementor-section elementor-top-section elementor-element elementor-element-7e8afa4 elementor-section-boxed elementor-section-height-default elementor-section-height-default\" data-id=\"7e8afa4\" data-element_type=\"section\">\n\t\t\t\t\t\t<div class=\"elementor-container elementor-column-gap-default\">\n\t\t\t\t\t<div class=\"elementor-column elementor-col-100 elementor-top-column elementor-element elementor-element-27e4797\" data-id=\"27e4797\" data-element_type=\"column\">\n\t\t\t<div class=\"elementor-widget-wrap elementor-element-populated\">\n\t\t\t\t\t\t<div class=\"elementor-element elementor-element-df958d3 elementor-widget elementor-widget-text-editor\" data-id=\"df958d3\" data-element_type=\"widget\" data-widget_type=\"text-editor.default\">\n\t\t\t\t<div class=\"elementor-widget-container\">\n\t\t\t\t\t\t\t\t\t<p class=\"MsoNormal\" style=\"text-align: justify;line-height: normal;margin: 6.0pt 0cm 6.0pt 0cm\">Atat\u00fcrk \u00dcniversitesi&#8217;nin Olanaklar\u0131<\/p><p class=\"MsoNormal\" style=\"text-align: justify;line-height: normal;margin: 6.0pt 0cm 6.0pt 0cm\"><a href=\"https:\/\/atauni.edu.tr\/yeme-icme\/kampuste-yasam\"><span style=\"font-size: 12.0pt;font-family: 'Calibri Light',sans-serif\">https:\/\/atauni.edu.tr\/yeme-icme\/kampuste-yasam<\/span><\/a><\/p><p class=\"MsoNormal\" style=\"text-align: justify;line-height: normal;margin: 6.0pt 0cm 6.0pt 0cm\"><a href=\"https:\/\/atauni.edu.tr\/barinma\/kampuste-yasam\"><span style=\"font-size: 12.0pt;font-family: 'Calibri Light',sans-serif\">https:\/\/atauni.edu.tr\/barinma\/kampuste-yasam<\/span><\/a><\/p><p class=\"MsoNormal\" style=\"text-align: justify;line-height: normal;margin: 6.0pt 0cm 6.0pt 0cm\"><a href=\"https:\/\/atauni.edu.tr\/kultur-ve-gosteri-salonlari\/kampuste-yasam\"><span style=\"font-size: 12.0pt;font-family: 'Calibri Light',sans-serif\">https:\/\/atauni.edu.tr\/kultur-ve-gosteri-salonlari\/kampuste-yasam<\/span><\/a><span style=\"font-size: 12.0pt;font-family: 'Calibri Light',sans-serif;color: black\"> \u00a0<\/span><\/p>\t\t\t\t\t\t\t\t<\/div>\n\t\t\t\t<\/div>\n\t\t\t\t\t<\/div>\n\t\t<\/div>\n\t\t\t\t\t<\/div>\n\t\t<\/section>\n\t\t\t\t<\/div>\n\t\t","protected":false},"excerpt":{"rendered":"<p>Atat\u00fcrk \u00dcniversitesi&#8217;nin Olanaklar\u0131 https:\/\/atauni.edu.tr\/yeme-icme\/kampuste-yasam https:\/\/atauni.edu.tr\/barinma\/kampuste-yasam https:\/\/atauni.edu.tr\/kultur-ve-gosteri-salonlari\/kampuste-yasam \u00a0<\/p>\n","protected":false},"author":510,"featured_media":0,"parent":0,"menu_order":0,"comment_status":"closed","ping_status":"closed","template":"","meta":{"footnotes":""},"class_list":["post-7087","page","type-page","status-publish","hentry"],"_links":{"self":[{"href":"https:\/\/atauni.edu.tr\/kamu-yonetimi-bolumu\/wp-json\/wp\/v2\/pages\/7087","targetHints":{"allow":["GET"]}}],"collection":[{"href":"https:\/\/atauni.edu.tr\/kamu-yonetimi-bolumu\/wp-json\/wp\/v2\/pages"}],"about":[{"href":"https:\/\/atauni.edu.tr\/kamu-yonetimi-bolumu\/wp-json\/wp\/v2\/types\/page"}],"author":[{"embeddable":true,"href":"https:\/\/atauni.edu.tr\/kamu-yonetimi-bolumu\/wp-json\/wp\/v2\/users\/510"}],"replies":[{"embeddable":true,"href":"https:\/\/atauni.edu.tr\/kamu-yonetimi-bolumu\/wp-json\/wp\/v2\/comments?post=7087"}],"version-history":[{"count":7,"href":"https:\/\/atauni.edu.tr\/kamu-yonetimi-bolumu\/wp-json\/wp\/v2\/pages\/7087\/revisions"}],"predecessor-version":[{"id":7095,"href":"https:\/\/atauni.edu.tr\/kamu-yonetimi-bolumu\/wp-json\/wp\/v2\/pages\/7087\/revisions\/7095"}],"wp:attachment":[{"href":"https:\/\/atauni.edu.tr\/kamu-yonetimi-bolumu\/wp-json\/wp\/v2\/media?parent=7087"}],"curies":[{"name":"wp","href":"https:\/\/api.w.org\/{rel}","templated":true}]}}