{"id":7327,"date":"2026-02-05T10:25:45","date_gmt":"2026-02-05T07:25:45","guid":{"rendered":"https:\/\/birimler.atauni.edu.tr\/kamu-yonetimi-bolumu\/?page_id=7327"},"modified":"2026-02-05T10:25:45","modified_gmt":"2026-02-05T07:25:45","slug":"2025-2026-bahar-yariyili-ders-programi","status":"publish","type":"page","link":"https:\/\/atauni.edu.tr\/kamu-yonetimi-bolumu\/2025-2026-bahar-yariyili-ders-programi\/","title":{"rendered":"2025-2026 Bahar Yar\u0131y\u0131l\u0131 Ders Program\u0131"},"content":{"rendered":"\n<p>2025-2026 Bahar Yar\u0131y\u0131l\u0131 Ders Program\u0131 yay\u0131mlanm\u0131\u015ft\u0131r.<br>Program PDF dosyas\u0131n\u0131 a\u015fa\u011f\u0131daki ba\u011flant\u0131dan indirebilirsiniz.<\/p>\n\n\n\n<div data-wp-interactive=\"core\/file\" class=\"wp-block-file\"><object data-wp-bind--hidden=\"!state.hasPdfPreview\" hidden class=\"wp-block-file__embed\" data=\"https:\/\/birimler.atauni.edu.tr\/kamu-yonetimi-bolumu\/wp-content\/uploads\/sites\/129\/2026\/02\/SINIF-PROGRAMLARI-1.pdf\" type=\"application\/pdf\" style=\"width:100%;height:600px\" aria-label=\"SINIF PROGRAMLARI g\u00f6m\u00fcs\u00fc.\"><\/object><a id=\"wp-block-file--media-6c75669b-0496-4606-8df0-d702dc0a4284\" href=\"https:\/\/birimler.atauni.edu.tr\/kamu-yonetimi-bolumu\/wp-content\/uploads\/sites\/129\/2026\/02\/SINIF-PROGRAMLARI-1.pdf\">SINIF PROGRAMLARI<\/a><a href=\"https:\/\/birimler.atauni.edu.tr\/kamu-yonetimi-bolumu\/wp-content\/uploads\/sites\/129\/2026\/02\/SINIF-PROGRAMLARI-1.pdf\" class=\"wp-block-file__button wp-element-button\" download aria-describedby=\"wp-block-file--media-6c75669b-0496-4606-8df0-d702dc0a4284\">\u0130ndir<\/a><\/div>\n","protected":false},"excerpt":{"rendered":"<p>2025-2026 Bahar Yar\u0131y\u0131l\u0131 Ders Program\u0131 yay\u0131mlanm\u0131\u015ft\u0131r.Program PDF dosyas\u0131n\u0131 a\u015fa\u011f\u0131daki ba\u011flant\u0131dan indirebilirsiniz.<\/p>\n","protected":false},"author":621,"featured_media":0,"parent":0,"menu_order":0,"comment_status":"closed","ping_status":"closed","template":"","meta":{"footnotes":""},"class_list":["post-7327","page","type-page","status-publish","hentry"],"_links":{"self":[{"href":"https:\/\/atauni.edu.tr\/kamu-yonetimi-bolumu\/wp-json\/wp\/v2\/pages\/7327","targetHints":{"allow":["GET"]}}],"collection":[{"href":"https:\/\/atauni.edu.tr\/kamu-yonetimi-bolumu\/wp-json\/wp\/v2\/pages"}],"about":[{"href":"https:\/\/atauni.edu.tr\/kamu-yonetimi-bolumu\/wp-json\/wp\/v2\/types\/page"}],"author":[{"embeddable":true,"href":"https:\/\/atauni.edu.tr\/kamu-yonetimi-bolumu\/wp-json\/wp\/v2\/users\/621"}],"replies":[{"embeddable":true,"href":"https:\/\/atauni.edu.tr\/kamu-yonetimi-bolumu\/wp-json\/wp\/v2\/comments?post=7327"}],"version-history":[{"count":1,"href":"https:\/\/atauni.edu.tr\/kamu-yonetimi-bolumu\/wp-json\/wp\/v2\/pages\/7327\/revisions"}],"predecessor-version":[{"id":7329,"href":"https:\/\/atauni.edu.tr\/kamu-yonetimi-bolumu\/wp-json\/wp\/v2\/pages\/7327\/revisions\/7329"}],"wp:attachment":[{"href":"https:\/\/atauni.edu.tr\/kamu-yonetimi-bolumu\/wp-json\/wp\/v2\/media?parent=7327"}],"curies":[{"name":"wp","href":"https:\/\/api.w.org\/{rel}","templated":true}]}}