{"id":5682,"date":"2021-07-13T10:10:01","date_gmt":"2021-07-13T07:10:01","guid":{"rendered":"https:\/\/portaltest.atauni.edu.tr\/bilgisayar-muhendisligi\/?page_id=5682"},"modified":"2021-11-16T11:46:01","modified_gmt":"2021-11-16T08:46:01","slug":"misyon-vizyon-ve-temel-degerler","status":"publish","type":"page","link":"https:\/\/atauni.edu.tr\/kariyer\/misyon-vizyon-ve-temel-degerler\/","title":{"rendered":"Misyon, Vizyon ve Temel De\u011ferler"},"content":{"rendered":"\t\t<div data-elementor-type=\"wp-page\" data-elementor-id=\"5682\" class=\"elementor elementor-5682\" data-elementor-post-type=\"page\">\n\t\t\t\t\t\t<section class=\"elementor-section elementor-top-section elementor-element elementor-element-681db8b elementor-section-boxed elementor-section-height-default elementor-section-height-default\" data-id=\"681db8b\" data-element_type=\"section\">\n\t\t\t\t\t\t<div class=\"elementor-container elementor-column-gap-default\">\n\t\t\t\t\t<div class=\"elementor-column elementor-col-100 elementor-top-column elementor-element elementor-element-ad4dac5\" data-id=\"ad4dac5\" data-element_type=\"column\">\n\t\t\t<div class=\"elementor-widget-wrap elementor-element-populated\">\n\t\t\t\t\t\t<div class=\"elementor-element elementor-element-2f96b3d elementor-widget elementor-widget-text-editor\" data-id=\"2f96b3d\" data-element_type=\"widget\" data-widget_type=\"text-editor.default\">\n\t\t\t\t<div class=\"elementor-widget-container\">\n\t\t\t\t\t\t\t\t\t<div>\n<h1>Misyonumuz<\/h1>\n<div>\n<p class=\"MsoNormal\">Atat\u00fcrk \u00dcniversitesi Kariyer Planlama ve Mezun \u0130zleme\nUygulama ve Ara\u015ft\u0131rma Merkezi (ATAKARMER) \u00f6\u011frencilerimizin mezun olduktan\nsonraki ya\u015famlar\u0131na, \u00fcniversitemizin Yeni Nesil \u00dcniversite vizyonu ve \u2018<i>Hayat\u0131n\nHizmetinde, hep ileriye&#8230;\u2019<\/i> slogan\u0131 do\u011frultusunda g\u00fcvenle ge\u00e7i\u015f yapmalar\u0131\ni\u00e7in yard\u0131mc\u0131 olmay\u0131 ama\u00e7lar. Bunun i\u00e7in ATAKARMER \u00fcniversitemiz \u00f6\u011frencilerinin\nkendilerini ve potansiyellerini ke\u015ffetme ve harekete ge\u00e7irme s\u00fcre\u00e7lerini\ndestekleyerek kariyer planlama s\u00fcre\u00e7lerini y\u00f6netmelerine yard\u0131mc\u0131 olma amac\u0131yla\ndinamik bir ortam yarat\u0131r.<\/p><p>\n\n<\/p><p class=\"MsoNormal\">Bu \u00e7er\u00e7evede ATAKARMER\u2019in misyonu \u00f6\u011frencilerimize kariyer\ngeli\u015ftirme yolunda destek olarak, kariyer haz\u0131rl\u0131\u011f\u0131 ve ya\u015fam boyu kariyer\ny\u00f6netimi becerilerini geli\u015ftirmelerine yard\u0131mc\u0131 olmakt\u0131r. Bunun i\u00e7in ATAKARMER\n\u00fcniversitemiz <span style=\"background-image: initial;background-position: initial;background-size: initial;background-attachment: initial\">\u00f6\u011frencilerinin\ni\u015f d\u00fcnyas\u0131n\u0131 ve farkl\u0131 sekt\u00f6rleri tan\u0131malar\u0131 ve bu sekt\u00f6rlerin \u00e7al\u0131\u015fanlar\u0131ndan\nbeklentilerini anlamalar\u0131n\u0131 sa\u011flayarak; \u00f6\u011frencilerimizin \u00e7al\u0131\u015fma hayat\u0131na\nhaz\u0131rl\u0131k s\u00fcrecinde kariyer plan\u0131 yapabilmeleri ve tercihlerine ba\u011fl\u0131 olarak ihtiya\u00e7\nduyduklar\u0131 nitelikleri kazanmalar\u0131nda yol g\u00f6sterici olur.<\/span><\/p>\n<\/div>\n<\/div>\n<div>\n<h2>Vizyonumuz<\/h2>\n<p><span style=\"letter-spacing: 0px\">\u00dcniversitemiz \u00f6\u011frenci ve mezunlar\u0131n\u0131n kendilerini ke\u015ffetmeleri ve potansiyelleri do\u011frultusunda geli\u015ftirmelerini destekleyerek tam kariyer geli\u015fimlerine yard\u0131mc\u0131 olmak ve kariyer planlama s\u00fcre\u00e7lerini kolayla\u015ft\u0131rmak amac\u0131yla kaliteli ve etkili hizmet veren g\u00fcvenilir, yenilik\u00e7i ve \u00f6nc\u00fc bir merkez olmak.<\/span><b style=\"text-align: center;letter-spacing: 0px\">&nbsp;<\/b><\/p>\n<p><b>Bu vizyon do\u011frultusunda;<\/b><\/p>\n<p><i>Beklentimiz<\/i> <i>\u00fcniversitemiz \u00f6\u011frencilerinin hedeflerini belirlemelerine ve hedeflerine ula\u015fmalar\u0131na yard\u0131mc\u0131 olabilmek<\/i><\/p>\n<p>ATAKARMER\u2019in \u00e7al\u0131\u015fmalar\u0131 hem fiziksel olarak merkezimizde hem de \u00e7evrimi\u00e7i platformlarda s\u00fcrd\u00fcr\u00fclmektedir. &nbsp;Amac\u0131m\u0131z y\u00fcz y\u00fcze ve \u00e7evrimi\u00e7i ara\u00e7lar\u0131n kullan\u0131lmas\u0131yla \u00f6\u011frencilerimizin e\u011fitim deneyimini geli\u015ftirmek ve bu yolla kariyer geli\u015fimlerini desteklemektir. \u00d6\u011frencilerimize sundu\u011fumuz g\u00fcler y\u00fczl\u00fc hizmet ile \u00f6\u011frencilerimizin beklentilerini kar\u015f\u0131layabilmeyi umuyoruz.<\/p>\n<p><i>Yakla\u015f\u0131m\u0131m\u0131z e\u011fitici, sayg\u0131l\u0131, esnek, yenilik\u00e7i ve yarat\u0131c\u0131 olmak<\/i><\/p>\n<p>ATAKARMER nitelikli bir ofis ortam\u0131na sahiptir. G\u00fcn\u00fcm\u00fcz\u00fcn h\u0131zla d\u00f6n\u00fc\u015fen d\u00fcnyas\u0131nda \u00f6\u011frencilerimize yenilik\u00e7i hizmetler sunmak i\u00e7in ekip \u00fcyelerimizin g\u00fc\u00e7l\u00fc yanlar\u0131n\u0131 ve uzmanl\u0131klar\u0131n\u0131 tak\u0131m odakl\u0131 bir yakla\u015f\u0131mla en iyi \u015fekilde kullanmaya \u00e7al\u0131\u015fmaktay\u0131z.<\/p>\n<p><i>Uygulamam\u0131z s\u00fcrekli iyile\u015ftirme ve geli\u015ftirme odakl\u0131<\/i><\/p>\n<p>Teorik bir y\u00f6nelim, uluslararas\u0131 ve ulusal k\u0131yaslama, ba\u015fta \u00f6\u011frencilerimiz olmak \u00fczere t\u00fcm payda\u015flar\u0131m\u0131zdan gelen girdileri kullanarak, kaynaklar\u0131m\u0131z\u0131n s\u00fcrekli geli\u015ftirilmesi ve hizmetlerimizin s\u00fcrekli iyile\u015ftirilmesini hedefliyoruz.<span style=\"letter-spacing: 0px\">Atat\u00fcrk \u00dcniversitesi Kariyer Planlama ve Mezun \u0130zleme Uygulama ve Ara\u015ft\u0131rma Merkezi (ATAKARMER) \u00f6\u011frencilerimizin mezun olduktan sonraki ya\u015famlar\u0131na, \u00fcniversitemizin Yeni Nesil \u00dcniversite vizyonu ve \u2018<\/span><i style=\"letter-spacing: 0px\">Hayat\u0131n Hizmetinde, hep ileriye&#8230;\u2019<\/i><span style=\"letter-spacing: 0px\"> slogan\u0131 do\u011frultusunda g\u00fcvenle ge\u00e7i\u015f yapmalar\u0131 i\u00e7in yard\u0131mc\u0131 olmay\u0131 ama\u00e7lar. Bunun i\u00e7in ATAKARMER \u00fcniversitemiz \u00f6\u011frencilerinin kendilerini ve potansiyellerini ke\u015ffetme ve harekete ge\u00e7irme s\u00fcre\u00e7lerini destekleyerek kariyer planlama s\u00fcre\u00e7lerini y\u00f6netmelerine yard\u0131mc\u0131 olma amac\u0131yla dinamik bir ortam yarat\u0131r.<\/span><\/p>\n<p class=\"MsoNormal\">\n<\/p><p class=\"MsoNormal\">Bu \u00e7er\u00e7evede ATAKARMER\u2019in misyonu \u00f6\u011frencilerimize kariyer geli\u015ftirme yolunda destek olarak, kariyer haz\u0131rl\u0131\u011f\u0131 ve ya\u015fam boyu kariyer y\u00f6netimi becerilerini geli\u015ftirmelerine yard\u0131mc\u0131 olmakt\u0131r. Bunun i\u00e7in ATAKARMER \u00fcniversitemiz <span style=\"color: #42435d;background-image: initial;background-position: initial;background-size: initial;background-attachment: initial\">\u00f6\u011frencilerinin i\u015f d\u00fcnyas\u0131n\u0131 ve farkl\u0131 sekt\u00f6rleri tan\u0131malar\u0131 ve bu sekt\u00f6rlerin \u00e7al\u0131\u015fanlar\u0131ndan beklentilerini anlamalar\u0131n\u0131 sa\u011flayarak; \u00f6\u011frencilerimizin \u00e7al\u0131\u015fma hayat\u0131na haz\u0131rl\u0131k s\u00fcrecinde kariyer plan\u0131 yapabilmeleri ve tercihlerine ba\u011fl\u0131 olarak ihtiya\u00e7 duyduklar\u0131 nitelikleri kazanmalar\u0131nda yol g\u00f6sterici olur<\/span><\/p>\n<p><\/p>\n<\/div>\t\t\t\t\t\t\t\t<\/div>\n\t\t\t\t<\/div>\n\t\t\t\t\t<\/div>\n\t\t<\/div>\n\t\t\t\t\t<\/div>\n\t\t<\/section>\n\t\t\t\t<\/div>\n\t\t","protected":false},"excerpt":{"rendered":"<p>Misyonumuz Atat\u00fcrk \u00dcniversitesi Kariyer Planlama ve Mezun \u0130zleme Uygulama ve Ara\u015ft\u0131rma Merkezi (ATAKARMER) \u00f6\u011frencilerimizin mezun olduktan sonraki ya\u015famlar\u0131na, \u00fcniversitemizin Yeni Nesil \u00dcniversite vizyonu ve \u2018Hayat\u0131n Hizmetinde, hep ileriye&#8230;\u2019 slogan\u0131 do\u011frultusunda g\u00fcvenle ge\u00e7i\u015f yapmalar\u0131 i\u00e7in yard\u0131mc\u0131 olmay\u0131 ama\u00e7lar. Bunun i\u00e7in ATAKARMER \u00fcniversitemiz \u00f6\u011frencilerinin kendilerini ve potansiyellerini ke\u015ffetme ve harekete ge\u00e7irme s\u00fcre\u00e7lerini destekleyerek kariyer planlama s\u00fcre\u00e7lerini y\u00f6netmelerine [&hellip;]<\/p>\n","protected":false},"author":1,"featured_media":0,"parent":0,"menu_order":0,"comment_status":"closed","ping_status":"closed","template":"elementor_header_footer","meta":{"footnotes":""},"class_list":["post-5682","page","type-page","status-publish","hentry"],"_links":{"self":[{"href":"https:\/\/atauni.edu.tr\/kariyer\/wp-json\/wp\/v2\/pages\/5682","targetHints":{"allow":["GET"]}}],"collection":[{"href":"https:\/\/atauni.edu.tr\/kariyer\/wp-json\/wp\/v2\/pages"}],"about":[{"href":"https:\/\/atauni.edu.tr\/kariyer\/wp-json\/wp\/v2\/types\/page"}],"author":[{"embeddable":true,"href":"https:\/\/atauni.edu.tr\/kariyer\/wp-json\/wp\/v2\/users\/1"}],"replies":[{"embeddable":true,"href":"https:\/\/atauni.edu.tr\/kariyer\/wp-json\/wp\/v2\/comments?post=5682"}],"version-history":[{"count":11,"href":"https:\/\/atauni.edu.tr\/kariyer\/wp-json\/wp\/v2\/pages\/5682\/revisions"}],"predecessor-version":[{"id":6189,"href":"https:\/\/atauni.edu.tr\/kariyer\/wp-json\/wp\/v2\/pages\/5682\/revisions\/6189"}],"wp:attachment":[{"href":"https:\/\/atauni.edu.tr\/kariyer\/wp-json\/wp\/v2\/media?parent=5682"}],"curies":[{"name":"wp","href":"https:\/\/api.w.org\/{rel}","templated":true}]}}