{"id":6151,"date":"2021-11-16T11:29:36","date_gmt":"2021-11-16T08:29:36","guid":{"rendered":"https:\/\/birimler.atauni.edu.tr\/kariyer\/?page_id=6151"},"modified":"2021-11-16T11:29:36","modified_gmt":"2021-11-16T08:29:36","slug":"ogrencilere-yonelik","status":"publish","type":"page","link":"https:\/\/atauni.edu.tr\/kariyer\/ogrencilere-yonelik\/","title":{"rendered":"\u00d6\u011frencilere Y\u00f6nelik"},"content":{"rendered":"","protected":false},"excerpt":{"rendered":"","protected":false},"author":432,"featured_media":0,"parent":0,"menu_order":0,"comment_status":"closed","ping_status":"closed","template":"","meta":{"footnotes":""},"class_list":["post-6151","page","type-page","status-publish","hentry"],"_links":{"self":[{"href":"https:\/\/atauni.edu.tr\/kariyer\/wp-json\/wp\/v2\/pages\/6151","targetHints":{"allow":["GET"]}}],"collection":[{"href":"https:\/\/atauni.edu.tr\/kariyer\/wp-json\/wp\/v2\/pages"}],"about":[{"href":"https:\/\/atauni.edu.tr\/kariyer\/wp-json\/wp\/v2\/types\/page"}],"author":[{"embeddable":true,"href":"https:\/\/atauni.edu.tr\/kariyer\/wp-json\/wp\/v2\/users\/432"}],"replies":[{"embeddable":true,"href":"https:\/\/atauni.edu.tr\/kariyer\/wp-json\/wp\/v2\/comments?post=6151"}],"version-history":[{"count":1,"href":"https:\/\/atauni.edu.tr\/kariyer\/wp-json\/wp\/v2\/pages\/6151\/revisions"}],"predecessor-version":[{"id":6165,"href":"https:\/\/atauni.edu.tr\/kariyer\/wp-json\/wp\/v2\/pages\/6151\/revisions\/6165"}],"wp:attachment":[{"href":"https:\/\/atauni.edu.tr\/kariyer\/wp-json\/wp\/v2\/media?parent=6151"}],"curies":[{"name":"wp","href":"https:\/\/api.w.org\/{rel}","templated":true}]}}