{"id":6158,"date":"2021-11-16T11:29:36","date_gmt":"2021-11-16T08:29:36","guid":{"rendered":"https:\/\/birimler.atauni.edu.tr\/kariyer\/?page_id=6158"},"modified":"2023-07-11T11:29:15","modified_gmt":"2023-07-11T08:29:15","slug":"biz-kimiz","status":"publish","type":"page","link":"https:\/\/atauni.edu.tr\/kariyer\/biz-kimiz\/","title":{"rendered":"Biz Kimiz?"},"content":{"rendered":"\t\t<div data-elementor-type=\"wp-page\" data-elementor-id=\"6158\" class=\"elementor elementor-6158\" data-elementor-post-type=\"page\">\n\t\t\t\t\t\t<section class=\"elementor-section elementor-top-section elementor-element elementor-element-b95294d elementor-section-boxed elementor-section-height-default elementor-section-height-default\" data-id=\"b95294d\" data-element_type=\"section\">\n\t\t\t\t\t\t<div class=\"elementor-container elementor-column-gap-default\">\n\t\t\t\t\t<div class=\"elementor-column elementor-col-100 elementor-top-column elementor-element elementor-element-8f58588\" data-id=\"8f58588\" data-element_type=\"column\">\n\t\t\t<div class=\"elementor-widget-wrap elementor-element-populated\">\n\t\t\t\t\t\t<div class=\"elementor-element elementor-element-951b04d elementor-widget elementor-widget-text-editor\" data-id=\"951b04d\" data-element_type=\"widget\" data-widget_type=\"text-editor.default\">\n\t\t\t\t<div class=\"elementor-widget-container\">\n\t\t\t\t\t\t\t\t\t<p>Merkezimiz \u00fcniversitemizin \u00f6\u011frencilerine ve mezunlar\u0131na bilgi, beceri, yetenek ve istekleri do\u011frultusunda kariyer planlama, geli\u015ftirme ve uygulama alan\u0131nda dan\u0131\u015fmanl\u0131k yapmay\u0131 ama\u00e7lamaktad\u0131r.<\/p><p>Merkezimiz \u00f6\u011frencilerin kariyer hedefleri, de\u011ferleri, ki\u015fisel becerileri ve ki\u015filikleri konusunda fark\u0131ndal\u0131klar\u0131n\u0131 art\u0131rarak; kendi kariyer planlar\u0131n\u0131 olu\u015fturmalar\u0131 ve kariyer planlar\u0131n\u0131 y\u00f6netebilmeleri konusunda bilgi ve tecr\u00fcbe sahibi olmalar\u0131n\u0131 sa\u011flamakt\u0131r.\u00a0<\/p><p>Merkezimizin sundu\u011fu hizmetler sayesinde \u00f6\u011frencilerin sahip olduklar\u0131 beceriler ile kariyer se\u00e7eneklerini do\u011fru e\u015fle\u015ftirmeleri; bu e\u015fle\u015ftirme sonucunda \u00f6\u011frencilerin\u00a0do\u011fru kariyer planlar\u0131 yapmalar\u0131 ve mezuniyet sonras\u0131 kariyer se\u00e7eneklerinden haberdar olmalar\u0131 ama\u00e7lanmaktad\u0131r.\u00a0<\/p>\t\t\t\t\t\t\t\t<\/div>\n\t\t\t\t<\/div>\n\t\t\t\t\t<\/div>\n\t\t<\/div>\n\t\t\t\t\t<\/div>\n\t\t<\/section>\n\t\t\t\t<\/div>\n\t\t","protected":false},"excerpt":{"rendered":"<p>Merkezimiz \u00fcniversitemizin \u00f6\u011frencilerine ve mezunlar\u0131na bilgi, beceri, yetenek ve istekleri do\u011frultusunda kariyer planlama, geli\u015ftirme ve uygulama alan\u0131nda dan\u0131\u015fmanl\u0131k yapmay\u0131 ama\u00e7lamaktad\u0131r. Merkezimiz \u00f6\u011frencilerin kariyer hedefleri, de\u011ferleri, ki\u015fisel becerileri ve ki\u015filikleri konusunda fark\u0131ndal\u0131klar\u0131n\u0131 art\u0131rarak; kendi kariyer planlar\u0131n\u0131 olu\u015fturmalar\u0131 ve kariyer planlar\u0131n\u0131 y\u00f6netebilmeleri konusunda bilgi ve tecr\u00fcbe sahibi olmalar\u0131n\u0131 sa\u011flamakt\u0131r.\u00a0 Merkezimizin sundu\u011fu hizmetler sayesinde \u00f6\u011frencilerin sahip olduklar\u0131 beceriler [&hellip;]<\/p>\n","protected":false},"author":432,"featured_media":0,"parent":0,"menu_order":0,"comment_status":"closed","ping_status":"closed","template":"","meta":{"footnotes":""},"class_list":["post-6158","page","type-page","status-publish","hentry"],"_links":{"self":[{"href":"https:\/\/atauni.edu.tr\/kariyer\/wp-json\/wp\/v2\/pages\/6158","targetHints":{"allow":["GET"]}}],"collection":[{"href":"https:\/\/atauni.edu.tr\/kariyer\/wp-json\/wp\/v2\/pages"}],"about":[{"href":"https:\/\/atauni.edu.tr\/kariyer\/wp-json\/wp\/v2\/types\/page"}],"author":[{"embeddable":true,"href":"https:\/\/atauni.edu.tr\/kariyer\/wp-json\/wp\/v2\/users\/432"}],"replies":[{"embeddable":true,"href":"https:\/\/atauni.edu.tr\/kariyer\/wp-json\/wp\/v2\/comments?post=6158"}],"version-history":[{"count":7,"href":"https:\/\/atauni.edu.tr\/kariyer\/wp-json\/wp\/v2\/pages\/6158\/revisions"}],"predecessor-version":[{"id":6616,"href":"https:\/\/atauni.edu.tr\/kariyer\/wp-json\/wp\/v2\/pages\/6158\/revisions\/6616"}],"wp:attachment":[{"href":"https:\/\/atauni.edu.tr\/kariyer\/wp-json\/wp\/v2\/media?parent=6158"}],"curies":[{"name":"wp","href":"https:\/\/api.w.org\/{rel}","templated":true}]}}