{"id":6161,"date":"2021-11-16T11:29:36","date_gmt":"2021-11-16T08:29:36","guid":{"rendered":"https:\/\/birimler.atauni.edu.tr\/kariyer\/?page_id=6161"},"modified":"2023-09-27T09:59:55","modified_gmt":"2023-09-27T06:59:55","slug":"yonetmelik","status":"publish","type":"page","link":"https:\/\/atauni.edu.tr\/kariyer\/yonetmelik\/","title":{"rendered":"Y\u00f6netmelik"},"content":{"rendered":"\t\t<div data-elementor-type=\"wp-page\" data-elementor-id=\"6161\" class=\"elementor elementor-6161\" data-elementor-post-type=\"page\">\n\t\t\t\t\t\t<section class=\"elementor-section elementor-top-section elementor-element elementor-element-485a2da elementor-section-boxed elementor-section-height-default elementor-section-height-default\" data-id=\"485a2da\" data-element_type=\"section\">\n\t\t\t\t\t\t<div class=\"elementor-container elementor-column-gap-default\">\n\t\t\t\t\t<div class=\"elementor-column elementor-col-100 elementor-top-column elementor-element elementor-element-81fe117\" data-id=\"81fe117\" data-element_type=\"column\">\n\t\t\t<div class=\"elementor-widget-wrap elementor-element-populated\">\n\t\t\t\t\t\t<div class=\"elementor-element elementor-element-55cd4f3 elementor-widget elementor-widget-heading\" data-id=\"55cd4f3\" data-element_type=\"widget\" data-widget_type=\"heading.default\">\n\t\t\t\t<div class=\"elementor-widget-container\">\n\t\t\t\t\t<h2 class=\"elementor-heading-title elementor-size-medium\"><a href=\"https:\/\/www.mevzuat.gov.tr\/mevzuat?MevzuatNo=24765&#038;MevzuatTur=8&#038;MevzuatTertip=5\" target=\"_blank\">Atat\u00fcrk \u00dcniversitesi Kariyer Planlama ve Mezun \u0130zleme Uygulama ve Ara\u015ft\u0131rma Merkezi           Y\u00f6netmeli\u011fi<\/a><\/h2>\t\t\t\t<\/div>\n\t\t\t\t<\/div>\n\t\t\t\t\t<\/div>\n\t\t<\/div>\n\t\t\t\t\t<\/div>\n\t\t<\/section>\n\t\t\t\t<section class=\"elementor-section elementor-top-section elementor-element elementor-element-d22a7a0 elementor-section-boxed elementor-section-height-default elementor-section-height-default\" data-id=\"d22a7a0\" data-element_type=\"section\">\n\t\t\t\t\t\t<div class=\"elementor-container elementor-column-gap-default\">\n\t\t\t\t\t<div class=\"elementor-column elementor-col-100 elementor-top-column elementor-element elementor-element-590c8ec\" data-id=\"590c8ec\" data-element_type=\"column\">\n\t\t\t<div class=\"elementor-widget-wrap elementor-element-populated\">\n\t\t\t\t\t\t<div class=\"elementor-element elementor-element-125de6c elementor-widget elementor-widget-text-editor\" data-id=\"125de6c\" data-element_type=\"widget\" data-widget_type=\"text-editor.default\">\n\t\t\t\t<div class=\"elementor-widget-container\">\n\t\t\t\t\t\t\t\t\t<p>Bu Y\u00f6netmelik; Atat\u00fcrk \u00dcniversitesi Kariyer Planlama ve Mezun \u0130zleme Uygulama ve Ara\u015ft\u0131rma Merkezi&#8217;nin ama\u00e7lar\u0131na, faaliyet alanlar\u0131na, y\u00f6netim organlar\u0131na ve bu organlar\u0131n g\u00f6revlerine ili\u015fkin usul ve esaslar\u0131 d\u00fczenlemek amac\u0131yla; Atat\u00fcrk \u00dcniversitesi Kariyer Planlama ve Mezun \u0130zleme Uygulama ve Ara\u015ft\u0131rma Merkezi&#8217;nin ama\u00e7lar\u0131na, faaliyet alanlar\u0131na, y\u00f6netim organlar\u0131na, y\u00f6netim organlar\u0131n\u0131n g\u00f6revlerine ili\u015fkin h\u00fck\u00fcmleri kapsamaktad\u0131r.<\/p>\t\t\t\t\t\t\t\t<\/div>\n\t\t\t\t<\/div>\n\t\t\t\t\t<\/div>\n\t\t<\/div>\n\t\t\t\t\t<\/div>\n\t\t<\/section>\n\t\t\t\t<section class=\"elementor-section elementor-top-section elementor-element elementor-element-af91fb9 elementor-section-boxed elementor-section-height-default elementor-section-height-default\" data-id=\"af91fb9\" data-element_type=\"section\">\n\t\t\t\t\t\t<div class=\"elementor-container elementor-column-gap-default\">\n\t\t\t\t\t<div class=\"elementor-column elementor-col-100 elementor-top-column elementor-element elementor-element-e455f5a\" data-id=\"e455f5a\" data-element_type=\"column\">\n\t\t\t<div class=\"elementor-widget-wrap elementor-element-populated\">\n\t\t\t\t\t\t<div class=\"elementor-element elementor-element-a7245c4 elementor-widget elementor-widget-pdfjs_viewer\" data-id=\"a7245c4\" data-element_type=\"widget\" data-widget_type=\"pdfjs_viewer.default\">\n\t\t\t\t<div class=\"elementor-widget-container\">\n\t\t\t\t\t<iframe src=\"https:\/\/atauni.edu.tr\/kariyer\/wp-content\/plugins\/pdf-viewer-for-elementor\/assets\/pdfjs\/web\/viewer.html?file=https:\/\/birimler.atauni.edu.tr\/kariyer\/wp-content\/uploads\/sites\/775\/2023\/09\/mevzuat.pdf&amp;embedded=true\" style=\"display: block; margin-left: auto; margin-right: auto; width: 1385px; height: 1020px;\" frameborder=\"1\" marginheight=\"0px\" marginwidth=\"0px\" allowfullscreen><\/iframe>\t\t\t\t<\/div>\n\t\t\t\t<\/div>\n\t\t\t\t\t<\/div>\n\t\t<\/div>\n\t\t\t\t\t<\/div>\n\t\t<\/section>\n\t\t\t\t<\/div>\n\t\t","protected":false},"excerpt":{"rendered":"<p>Atat\u00fcrk \u00dcniversitesi Kariyer Planlama ve Mezun \u0130zleme Uygulama ve Ara\u015ft\u0131rma Merkezi Y\u00f6netmeli\u011fi Bu Y\u00f6netmelik; Atat\u00fcrk \u00dcniversitesi Kariyer Planlama ve Mezun \u0130zleme Uygulama ve Ara\u015ft\u0131rma Merkezi&#8217;nin ama\u00e7lar\u0131na, faaliyet alanlar\u0131na, y\u00f6netim organlar\u0131na ve bu organlar\u0131n g\u00f6revlerine ili\u015fkin usul ve esaslar\u0131 d\u00fczenlemek amac\u0131yla; Atat\u00fcrk \u00dcniversitesi Kariyer Planlama ve Mezun \u0130zleme Uygulama ve Ara\u015ft\u0131rma Merkezi&#8217;nin ama\u00e7lar\u0131na, faaliyet alanlar\u0131na, y\u00f6netim [&hellip;]<\/p>\n","protected":false},"author":432,"featured_media":0,"parent":0,"menu_order":0,"comment_status":"closed","ping_status":"closed","template":"","meta":{"footnotes":""},"class_list":["post-6161","page","type-page","status-publish","hentry"],"_links":{"self":[{"href":"https:\/\/atauni.edu.tr\/kariyer\/wp-json\/wp\/v2\/pages\/6161","targetHints":{"allow":["GET"]}}],"collection":[{"href":"https:\/\/atauni.edu.tr\/kariyer\/wp-json\/wp\/v2\/pages"}],"about":[{"href":"https:\/\/atauni.edu.tr\/kariyer\/wp-json\/wp\/v2\/types\/page"}],"author":[{"embeddable":true,"href":"https:\/\/atauni.edu.tr\/kariyer\/wp-json\/wp\/v2\/users\/432"}],"replies":[{"embeddable":true,"href":"https:\/\/atauni.edu.tr\/kariyer\/wp-json\/wp\/v2\/comments?post=6161"}],"version-history":[{"count":20,"href":"https:\/\/atauni.edu.tr\/kariyer\/wp-json\/wp\/v2\/pages\/6161\/revisions"}],"predecessor-version":[{"id":7379,"href":"https:\/\/atauni.edu.tr\/kariyer\/wp-json\/wp\/v2\/pages\/6161\/revisions\/7379"}],"wp:attachment":[{"href":"https:\/\/atauni.edu.tr\/kariyer\/wp-json\/wp\/v2\/media?parent=6161"}],"curies":[{"name":"wp","href":"https:\/\/api.w.org\/{rel}","templated":true}]}}