{"id":6272,"date":"2021-12-17T14:18:00","date_gmt":"2021-12-17T11:18:00","guid":{"rendered":"https:\/\/birimler.atauni.edu.tr\/kariyer\/?page_id=6272"},"modified":"2023-09-27T10:07:58","modified_gmt":"2023-09-27T07:07:58","slug":"kariyer-danismanligi","status":"publish","type":"page","link":"https:\/\/atauni.edu.tr\/kariyer\/kariyer-danismanligi\/","title":{"rendered":"Kariyer Dan\u0131\u015fmanl\u0131\u011f\u0131"},"content":{"rendered":"\t\t<div data-elementor-type=\"wp-post\" data-elementor-id=\"6272\" class=\"elementor elementor-6272\" data-elementor-post-type=\"page\">\n\t\t\t\t\t\t<section class=\"elementor-section elementor-top-section elementor-element elementor-element-88c4cb2 elementor-section-boxed elementor-section-height-default elementor-section-height-default\" data-id=\"88c4cb2\" data-element_type=\"section\">\n\t\t\t\t\t\t<div class=\"elementor-container elementor-column-gap-default\">\n\t\t\t\t\t<div class=\"elementor-column elementor-col-100 elementor-top-column elementor-element elementor-element-7c98b98\" data-id=\"7c98b98\" data-element_type=\"column\">\n\t\t\t<div class=\"elementor-widget-wrap elementor-element-populated\">\n\t\t\t\t\t\t<div class=\"elementor-element elementor-element-01d6a44 elementor-widget elementor-widget-text-editor\" data-id=\"01d6a44\" data-element_type=\"widget\" data-widget_type=\"text-editor.default\">\n\t\t\t\t<div class=\"elementor-widget-container\">\n\t\t\t\t\t\t\t\t\t<p style=\"text-align: center;line-height: 150%\" align=\"center\"><b><i><span style=\"font-size: 12.0pt;line-height: 150%;font-family: 'Times New Roman',serif\">\u201cKariyer, i\u015f\u00e7ilik gerektiren bir s\u00fcre\u00e7 sonucudur. \u201d<\/span><\/i><\/b><\/p>\n<h3><strong>Kariyer Dan\u0131\u015fmanl\u0131\u011f\u0131 Nedir? <\/strong><\/h3>\n<p><strong>Kariyer;<\/strong> bireyin geli\u015fim s\u00fcrecinde ald\u0131\u011f\u0131 e\u011fitimler ve yeterlilikleri do\u011frultusunda kendini fark ederek hedefler belirleme ve bu hedefleri i\u015fe koymada izledi\u011fi yoldur. Kariyer, ya\u015fam boyu devam eden bir s\u00fcre\u00e7 oldu\u011fu i\u00e7in bireyin kariyerini belirlemede bireysel \u00f6zellikleri ve yeterlilikleri, aile, sosyal \u00e7evre, toplumsal ve k\u00fclt\u00fcrel belirleyiciler, alm\u0131\u015f oldu\u011fu ya da almay\u0131 hedefledi\u011fi e\u011fitimler ve i\u00e7inde bulundu\u011fu \u00e7a\u011f\u0131n gereklilikleri \u00f6nemli rol oynamaktad\u0131r.<\/p>\n<h3><strong>Kariyer Dan\u0131\u015fmanl\u0131\u011f\u0131<\/strong><\/h3>\n<p>Kariyer dan\u0131\u015fmanl\u0131\u011f\u0131, bireylerin kariyer hayatlar\u0131nda planlad\u0131klar\u0131 s\u00fcre\u00e7lerin geli\u015fimine rehberlik etmek \u00fczere ama\u00e7lanm\u0131\u015f ki\u015fileraras\u0131 s\u00fcreci ifade etmektedir. Bu s\u00fcre\u00e7te kariyer dan\u0131\u015fmanl\u0131\u011f\u0131; bireyin kendini tan\u0131mas\u0131, hedeflerini belirlemesi, \u00f6n\u00fcne \u00e7\u0131kacak kariyer f\u0131rsatlar\u0131n\u0131 de\u011ferlendirmesi, s\u00fcrd\u00fcr\u00fclebilir bir kariyer geli\u015fimine d\u00e2hil olabilmesi ve gerekli e\u011fitimlere y\u00f6nelebilmesinde ve t\u00fcm bu hususlarda do\u011fru ad\u0131mlarla ilerleyebilmesinde \u00f6nemli katk\u0131lar sunmaktad\u0131r. Kariyer dan\u0131\u015fmanl\u0131\u011f\u0131 s\u00fcrecinde bireylerin yetenekleri, de\u011ferleri, ilgi alanlar\u0131, gereksinimleri ve mesleki ihtiya\u00e7lar\u0131 do\u011frultusunda kariyer planlama fark\u0131ndal\u0131\u011f\u0131 olu\u015fur ve kariyer geli\u015fim in\u015fas\u0131 ba\u015flar.<\/p>\n<p>Atat\u00fcrk \u00dcniversitesi Kariyer Merkezi olarak \u00fcniversite \u00f6\u011frencilerimize ve mezunlar\u0131m\u0131za y\u00f6nelik bireysel kariyer dan\u0131\u015fmanl\u0131\u011f\u0131 hizmeti sunarak hedeflerine giden yolda onlara rehberlik etmeyi \u00f6nemsiyor ve hem kariyer planlama hem de kariyer geli\u015ftirme hizmetlerimizle destek olmaya \u00e7al\u0131\u015f\u0131yoruz.<b style=\"text-align: center;letter-spacing: 0px\"><i><span style=\"font-size: 12.0pt;line-height: 150%;font-family: 'Times New Roman',serif\">&nbsp;<\/span><\/i><\/b><\/p>\t\t\t\t\t\t\t\t<\/div>\n\t\t\t\t<\/div>\n\t\t\t\t\t<\/div>\n\t\t<\/div>\n\t\t\t\t\t<\/div>\n\t\t<\/section>\n\t\t\t\t<section class=\"elementor-section elementor-top-section elementor-element elementor-element-1aa8132 elementor-section-boxed elementor-section-height-default elementor-section-height-default\" data-id=\"1aa8132\" data-element_type=\"section\">\n\t\t\t\t\t\t<div class=\"elementor-container elementor-column-gap-default\">\n\t\t\t\t\t<div class=\"elementor-column elementor-col-100 elementor-top-column elementor-element elementor-element-168269b\" data-id=\"168269b\" data-element_type=\"column\">\n\t\t\t<div class=\"elementor-widget-wrap elementor-element-populated\">\n\t\t\t\t\t\t<div class=\"elementor-element elementor-element-bcc2544 elementor-widget elementor-widget-image\" data-id=\"bcc2544\" data-element_type=\"widget\" data-widget_type=\"image.default\">\n\t\t\t\t<div class=\"elementor-widget-container\">\n\t\t\t\t\t\t\t\t\t\t\t\t\t\t\t<img fetchpriority=\"high\" decoding=\"async\" width=\"724\" height=\"1024\" src=\"https:\/\/atauni.edu.tr\/kariyer\/wp-content\/uploads\/sites\/775\/2023\/09\/WhatsApp-Image-2023-09-26-at-10.12.52-724x1024.jpeg\" class=\"attachment-large size-large wp-image-7357\" alt=\"\" srcset=\"https:\/\/atauni.edu.tr\/kariyer\/wp-content\/uploads\/sites\/775\/2023\/09\/WhatsApp-Image-2023-09-26-at-10.12.52-724x1024.jpeg 724w, https:\/\/atauni.edu.tr\/kariyer\/wp-content\/uploads\/sites\/775\/2023\/09\/WhatsApp-Image-2023-09-26-at-10.12.52-212x300.jpeg 212w, https:\/\/atauni.edu.tr\/kariyer\/wp-content\/uploads\/sites\/775\/2023\/09\/WhatsApp-Image-2023-09-26-at-10.12.52-768x1086.jpeg 768w, https:\/\/atauni.edu.tr\/kariyer\/wp-content\/uploads\/sites\/775\/2023\/09\/WhatsApp-Image-2023-09-26-at-10.12.52-1086x1536.jpeg 1086w, https:\/\/atauni.edu.tr\/kariyer\/wp-content\/uploads\/sites\/775\/2023\/09\/WhatsApp-Image-2023-09-26-at-10.12.52-424x600.jpeg 424w, https:\/\/atauni.edu.tr\/kariyer\/wp-content\/uploads\/sites\/775\/2023\/09\/WhatsApp-Image-2023-09-26-at-10.12.52-396x560.jpeg 396w, https:\/\/atauni.edu.tr\/kariyer\/wp-content\/uploads\/sites\/775\/2023\/09\/WhatsApp-Image-2023-09-26-at-10.12.52.jpeg 1131w\" sizes=\"(max-width: 724px) 100vw, 724px\" \/>\t\t\t\t\t\t\t\t\t\t\t\t\t\t\t<\/div>\n\t\t\t\t<\/div>\n\t\t\t\t\t<\/div>\n\t\t<\/div>\n\t\t\t\t\t<\/div>\n\t\t<\/section>\n\t\t\t\t<section class=\"elementor-section elementor-top-section elementor-element elementor-element-99e6959 elementor-section-boxed elementor-section-height-default elementor-section-height-default\" data-id=\"99e6959\" data-element_type=\"section\">\n\t\t\t\t\t\t<div class=\"elementor-container elementor-column-gap-default\">\n\t\t\t\t\t<div class=\"elementor-column elementor-col-50 elementor-top-column elementor-element elementor-element-ded6439\" data-id=\"ded6439\" data-element_type=\"column\">\n\t\t\t<div class=\"elementor-widget-wrap elementor-element-populated\">\n\t\t\t\t\t\t<div class=\"elementor-element elementor-element-3f7450a elementor-widget elementor-widget-image\" data-id=\"3f7450a\" data-element_type=\"widget\" data-widget_type=\"image.default\">\n\t\t\t\t<div class=\"elementor-widget-container\">\n\t\t\t\t\t\t\t\t\t\t\t\t\t\t\t\t<a href=\"https:\/\/einsan.gov.tr\/\" target=\"_blank\">\n\t\t\t\t\t\t\t<img decoding=\"async\" width=\"1024\" height=\"1024\" src=\"https:\/\/atauni.edu.tr\/kariyer\/wp-content\/uploads\/sites\/775\/2023\/09\/einsan-1080x1080-1-1024x1024.jpg\" class=\"attachment-large size-large wp-image-7073\" alt=\"\" srcset=\"https:\/\/atauni.edu.tr\/kariyer\/wp-content\/uploads\/sites\/775\/2023\/09\/einsan-1080x1080-1-1024x1024.jpg 1024w, https:\/\/atauni.edu.tr\/kariyer\/wp-content\/uploads\/sites\/775\/2023\/09\/einsan-1080x1080-1-300x300.jpg 300w, https:\/\/atauni.edu.tr\/kariyer\/wp-content\/uploads\/sites\/775\/2023\/09\/einsan-1080x1080-1-150x150.jpg 150w, https:\/\/atauni.edu.tr\/kariyer\/wp-content\/uploads\/sites\/775\/2023\/09\/einsan-1080x1080-1-768x768.jpg 768w, https:\/\/atauni.edu.tr\/kariyer\/wp-content\/uploads\/sites\/775\/2023\/09\/einsan-1080x1080-1-1536x1536.jpg 1536w, https:\/\/atauni.edu.tr\/kariyer\/wp-content\/uploads\/sites\/775\/2023\/09\/einsan-1080x1080-1-2048x2048.jpg 2048w, https:\/\/atauni.edu.tr\/kariyer\/wp-content\/uploads\/sites\/775\/2023\/09\/einsan-1080x1080-1-600x600.jpg 600w, https:\/\/atauni.edu.tr\/kariyer\/wp-content\/uploads\/sites\/775\/2023\/09\/einsan-1080x1080-1-560x560.jpg 560w\" sizes=\"(max-width: 1024px) 100vw, 1024px\" \/>\t\t\t\t\t\t\t\t<\/a>\n\t\t\t\t\t\t\t\t\t\t\t\t\t\t\t<\/div>\n\t\t\t\t<\/div>\n\t\t\t\t\t<\/div>\n\t\t<\/div>\n\t\t\t\t<div class=\"elementor-column elementor-col-50 elementor-top-column elementor-element elementor-element-7e4696c\" data-id=\"7e4696c\" data-element_type=\"column\">\n\t\t\t<div class=\"elementor-widget-wrap elementor-element-populated\">\n\t\t\t\t\t\t<div class=\"elementor-element elementor-element-4260c15 elementor-widget elementor-widget-image\" data-id=\"4260c15\" data-element_type=\"widget\" data-widget_type=\"image.default\">\n\t\t\t\t<div class=\"elementor-widget-container\">\n\t\t\t\t\t\t\t\t\t\t\t\t\t\t\t\t<a href=\"https:\/\/www.yetenekkapisi.org\/\" target=\"_blank\">\n\t\t\t\t\t\t\t<img decoding=\"async\" width=\"1024\" height=\"1024\" src=\"https:\/\/atauni.edu.tr\/kariyer\/wp-content\/uploads\/sites\/775\/2023\/09\/WhatsApp-Image-2023-09-19-at-11.14.19-1024x1024.jpeg\" class=\"attachment-large size-large wp-image-7181\" alt=\"\" srcset=\"https:\/\/atauni.edu.tr\/kariyer\/wp-content\/uploads\/sites\/775\/2023\/09\/WhatsApp-Image-2023-09-19-at-11.14.19-1024x1024.jpeg 1024w, https:\/\/atauni.edu.tr\/kariyer\/wp-content\/uploads\/sites\/775\/2023\/09\/WhatsApp-Image-2023-09-19-at-11.14.19-300x300.jpeg 300w, https:\/\/atauni.edu.tr\/kariyer\/wp-content\/uploads\/sites\/775\/2023\/09\/WhatsApp-Image-2023-09-19-at-11.14.19-150x150.jpeg 150w, https:\/\/atauni.edu.tr\/kariyer\/wp-content\/uploads\/sites\/775\/2023\/09\/WhatsApp-Image-2023-09-19-at-11.14.19-768x768.jpeg 768w, https:\/\/atauni.edu.tr\/kariyer\/wp-content\/uploads\/sites\/775\/2023\/09\/WhatsApp-Image-2023-09-19-at-11.14.19-600x600.jpeg 600w, https:\/\/atauni.edu.tr\/kariyer\/wp-content\/uploads\/sites\/775\/2023\/09\/WhatsApp-Image-2023-09-19-at-11.14.19-560x560.jpeg 560w, https:\/\/atauni.edu.tr\/kariyer\/wp-content\/uploads\/sites\/775\/2023\/09\/WhatsApp-Image-2023-09-19-at-11.14.19.jpeg 1080w\" sizes=\"(max-width: 1024px) 100vw, 1024px\" \/>\t\t\t\t\t\t\t\t<\/a>\n\t\t\t\t\t\t\t\t\t\t\t\t\t\t\t<\/div>\n\t\t\t\t<\/div>\n\t\t\t\t\t<\/div>\n\t\t<\/div>\n\t\t\t\t\t<\/div>\n\t\t<\/section>\n\t\t\t\t<section class=\"elementor-section elementor-top-section elementor-element elementor-element-847ac2c elementor-section-boxed elementor-section-height-default elementor-section-height-default\" data-id=\"847ac2c\" data-element_type=\"section\">\n\t\t\t\t\t\t<div class=\"elementor-container elementor-column-gap-default\">\n\t\t\t\t\t<div class=\"elementor-column elementor-col-100 elementor-top-column elementor-element elementor-element-a4134d8\" data-id=\"a4134d8\" data-element_type=\"column\">\n\t\t\t<div class=\"elementor-widget-wrap elementor-element-populated\">\n\t\t\t\t\t\t<div class=\"elementor-element elementor-element-b62eb57 elementor-widget elementor-widget-text-editor\" data-id=\"b62eb57\" data-element_type=\"widget\" data-widget_type=\"text-editor.default\">\n\t\t\t\t<div class=\"elementor-widget-container\">\n\t\t\t\t\t\t\t\t\t<h3><strong>Kariyer Planlama<\/strong><\/h3><p>Kariyer planlama bireyin kim oldu\u011funa, gelecekte ne yapaca\u011f\u0131na, nerede olmak istedi\u011fine dair planlamalar\u0131n ve ke\u015fiflerin yap\u0131ld\u0131\u011f\u0131 s\u00fcre\u00e7tir. Kariyer planlamas\u0131 kariyer geli\u015fim s\u00fcrecinin ilk basama\u011f\u0131d\u0131r;\u00a0 bir fark\u0131ndal\u0131k ve haz\u0131rl\u0131k a\u015famas\u0131n\u0131 i\u00e7ermektedir.<\/p><h3><strong>Kariyer Geli\u015fimi<\/strong><\/h3><p>Kariyer \u00f6r\u00fcnt\u00fcs\u00fc i\u00e7erisinde belirlenen hedefler do\u011frultusunda,\u00a0 ya\u015fam rollerini b\u00fct\u00fcnle\u015ftirme, gerekli \u00f6nlemleri alma, de\u011ferlendirme ve revize etme s\u00fcrecidir. Bu s\u00fcre\u00e7, \u00f6\u011frenci ve mezunlar\u0131m\u0131z\u0131n e\u011fitim-\u00f6\u011fretim s\u00fcre\u00e7lerindeki \u00f6nlemleri ve ilerlemeleri kapsad\u0131\u011f\u0131 gibi mezuniyet sonras\u0131 da hem ki\u015fisel geli\u015fimlerini hem de i\u015f hayatlar\u0131n\u0131 y\u00f6netebilecekleri t\u00fcm eylemleri kapsamaktad\u0131r.<\/p><h3><strong>Kariyer Dan\u0131\u015fmanl\u0131\u011f\u0131ndan Hangi Konulardan Yararlanabilirsiniz?<\/strong><\/h3><p>Kariyer dan\u0131\u015fman\u0131ndan hangi s\u0131n\u0131fta olursan ol, ister \u00f6\u011frenci ister mezun ol yararlanabilece\u011fini biliyor musun?<\/p><ul><li>Kendini tan\u0131ma ve de\u011ferlendirme<\/li><li>Kariyer geli\u015fimi i\u00e7in izlenecek yollar<\/li><li>Farkl\u0131 kariyer alanlar\u0131, sekt\u00f6rler ve meslek dallar\u0131n\u0131 tan\u0131ma<\/li><li>Staj olanaklar\u0131 bulmak i\u00e7in izlenecek yollar<\/li><li>Ki\u015fisel istek, bilgi, beceri ve planlar\u0131n\u0131za g\u00f6re i\u015f bulma stratejileri<\/li><li>Lisans\u00fcst\u00fc e\u011fitim hakk\u0131nda bilgi almak,<\/li><li>Meslek alternatifleriniz konusunda karar verebilmek,<\/li><li>Akademik kariyer yapmaya ili\u015fkin sorular\u0131n\u0131za cevap bulmak,<\/li><li>CV haz\u0131rlama ve i\u015f m\u00fclakatlar\u0131 hakk\u0131nda bilgi almak ( i\u015f kul\u00fcb\u00fc e\u011fitimi),<\/li><li>M\u00fclakatlara haz\u0131rl\u0131k s\u00fcreci gibi konularda yard\u0131m alabilirsin.<\/li><\/ul>\t\t\t\t\t\t\t\t<\/div>\n\t\t\t\t<\/div>\n\t\t\t\t<div class=\"elementor-element elementor-element-68d5bc9 elementor-widget elementor-widget-heading\" data-id=\"68d5bc9\" data-element_type=\"widget\" data-widget_type=\"heading.default\">\n\t\t\t\t<div class=\"elementor-widget-container\">\n\t\t\t\t\t<h2 class=\"elementor-heading-title elementor-size-medium\">Randevu Alma ve G\u00f6r\u00fc\u015fme S\u00fcreci Nas\u0131l Ger\u00e7ekle\u015fiyor?<\/h2>\t\t\t\t<\/div>\n\t\t\t\t<\/div>\n\t\t\t\t<div class=\"elementor-element elementor-element-7a23e16 elementor-widget elementor-widget-text-editor\" data-id=\"7a23e16\" data-element_type=\"widget\" data-widget_type=\"text-editor.default\">\n\t\t\t\t<div class=\"elementor-widget-container\">\n\t\t\t\t\t\t\t\t\t<p>Kariyer dan\u0131\u015fmanl\u0131\u011f\u0131 g\u00f6r\u00fc\u015fmeleri \u00e7evrimi\u00e7i ve y\u00fczy\u00fcze olarak yap\u0131lmaktad\u0131r. G\u00f6r\u00fc\u015fme i\u00e7in <a href=\"https:\/\/www.yetenekkapisi.org\/\"><strong>yetenek kap\u0131s\u0131<\/strong><\/a>&#8216;na giri\u015f yap\u0131larak \u00f6\u011frenci profilinde yer alan &#8220;Kariyer Dan\u0131\u015fmanl\u0131\u011f\u0131 &#8221; b\u00f6l\u00fcm\u00fcnden randevu al\u0131nmas\u0131 gerekmektedir.\u00a0<\/p>\t\t\t\t\t\t\t\t<\/div>\n\t\t\t\t<\/div>\n\t\t\t\t\t<\/div>\n\t\t<\/div>\n\t\t\t\t\t<\/div>\n\t\t<\/section>\n\t\t\t\t<\/div>\n\t\t","protected":false},"excerpt":{"rendered":"<p>\u201cKariyer, i\u015f\u00e7ilik gerektiren bir s\u00fcre\u00e7 sonucudur. \u201d Kariyer Dan\u0131\u015fmanl\u0131\u011f\u0131 Nedir? Kariyer; bireyin geli\u015fim s\u00fcrecinde ald\u0131\u011f\u0131 e\u011fitimler ve yeterlilikleri do\u011frultusunda kendini fark ederek hedefler belirleme ve bu hedefleri i\u015fe koymada izledi\u011fi yoldur. Kariyer, ya\u015fam boyu devam eden bir s\u00fcre\u00e7 oldu\u011fu i\u00e7in bireyin kariyerini belirlemede bireysel \u00f6zellikleri ve yeterlilikleri, aile, sosyal \u00e7evre, toplumsal ve k\u00fclt\u00fcrel belirleyiciler, alm\u0131\u015f [&hellip;]<\/p>\n","protected":false},"author":432,"featured_media":0,"parent":0,"menu_order":0,"comment_status":"closed","ping_status":"closed","template":"","meta":{"footnotes":""},"class_list":["post-6272","page","type-page","status-publish","hentry"],"_links":{"self":[{"href":"https:\/\/atauni.edu.tr\/kariyer\/wp-json\/wp\/v2\/pages\/6272","targetHints":{"allow":["GET"]}}],"collection":[{"href":"https:\/\/atauni.edu.tr\/kariyer\/wp-json\/wp\/v2\/pages"}],"about":[{"href":"https:\/\/atauni.edu.tr\/kariyer\/wp-json\/wp\/v2\/types\/page"}],"author":[{"embeddable":true,"href":"https:\/\/atauni.edu.tr\/kariyer\/wp-json\/wp\/v2\/users\/432"}],"replies":[{"embeddable":true,"href":"https:\/\/atauni.edu.tr\/kariyer\/wp-json\/wp\/v2\/comments?post=6272"}],"version-history":[{"count":47,"href":"https:\/\/atauni.edu.tr\/kariyer\/wp-json\/wp\/v2\/pages\/6272\/revisions"}],"predecessor-version":[{"id":7388,"href":"https:\/\/atauni.edu.tr\/kariyer\/wp-json\/wp\/v2\/pages\/6272\/revisions\/7388"}],"wp:attachment":[{"href":"https:\/\/atauni.edu.tr\/kariyer\/wp-json\/wp\/v2\/media?parent=6272"}],"curies":[{"name":"wp","href":"https:\/\/api.w.org\/{rel}","templated":true}]}}