{"id":6763,"date":"2023-09-01T09:17:13","date_gmt":"2023-09-01T06:17:13","guid":{"rendered":"https:\/\/birimler.atauni.edu.tr\/kariyer\/?page_id=6763"},"modified":"2023-09-20T11:40:09","modified_gmt":"2023-09-20T08:40:09","slug":"konusma-kulupleri","status":"publish","type":"page","link":"https:\/\/atauni.edu.tr\/kariyer\/konusma-kulupleri\/","title":{"rendered":"Konu\u015fma Kul\u00fcpleri"},"content":{"rendered":"\t\t<div data-elementor-type=\"wp-page\" data-elementor-id=\"6763\" class=\"elementor elementor-6763\" data-elementor-post-type=\"page\">\n\t\t\t\t\t\t<section class=\"elementor-section elementor-top-section elementor-element elementor-element-97676e2 elementor-section-boxed elementor-section-height-default elementor-section-height-default\" data-id=\"97676e2\" data-element_type=\"section\">\n\t\t\t\t\t\t<div class=\"elementor-container elementor-column-gap-default\">\n\t\t\t\t\t<div class=\"elementor-column elementor-col-100 elementor-top-column elementor-element elementor-element-abaa991\" data-id=\"abaa991\" data-element_type=\"column\">\n\t\t\t<div class=\"elementor-widget-wrap elementor-element-populated\">\n\t\t\t\t\t\t<div class=\"elementor-element elementor-element-931284f elementor-widget elementor-widget-text-editor\" data-id=\"931284f\" data-element_type=\"widget\" data-widget_type=\"text-editor.default\">\n\t\t\t\t<div class=\"elementor-widget-container\">\n\t\t\t\t\t\t\t\t\t<p>Konu\u015fma kul\u00fcpleri her e\u011fitim-\u00f6\u011fretim y\u0131l\u0131n\u0131n g\u00fcz ve bahar d\u00f6nemlerinde, ba\u015fta \u0130ngilizce olmak \u00fczere Almanca, Frans\u0131zca, \u0130talyanca, \u0130spanyolca ve Rus\u00e7a gibi farkl\u0131 dillerde a\u00e7\u0131lan ve talep eden \u00fcniversitemiz \u00f6\u011frencilerinin kat\u0131l\u0131mlar\u0131na a\u00e7\u0131k olan, 10 haftal\u0131k d\u00fczenli olarak ger\u00e7ekle\u015ftirilen ve d\u00f6nem sonunda d\u00fczenli kat\u0131l\u0131m g\u00f6steren \u00f6\u011frencilere kat\u0131l\u0131m belgesi verilen yabanc\u0131 dilde konu\u015fma etkinlikleridir.<\/p><p>Konu\u015fma kul\u00fcb\u00fc ba\u015fvurular\u0131, <a href=\"https:\/\/www.instagram.com\/ataunikariyer\/\" target=\"_blank\" rel=\"noopener\">ataunikariyer<\/a> kullan\u0131c\u0131 isimli resmi instagram sayfam\u0131zdan al\u0131nmaktad\u0131r. 2023-2024 E\u011fitim \u00d6\u011fretim y\u0131l\u0131 G\u00fcz D\u00f6nemi ba\u015fvurular\u0131 i\u00e7in instagram hesab\u0131m\u0131z\u0131n takip edilmesi gerekmektedir.<\/p>\t\t\t\t\t\t\t\t<\/div>\n\t\t\t\t<\/div>\n\t\t\t\t\t<\/div>\n\t\t<\/div>\n\t\t\t\t\t<\/div>\n\t\t<\/section>\n\t\t\t\t<section class=\"elementor-section elementor-top-section elementor-element elementor-element-ed622be elementor-section-boxed elementor-section-height-default elementor-section-height-default\" data-id=\"ed622be\" data-element_type=\"section\">\n\t\t\t\t\t\t<div class=\"elementor-container elementor-column-gap-default\">\n\t\t\t\t\t<div class=\"elementor-column elementor-col-50 elementor-top-column elementor-element elementor-element-9a25579\" data-id=\"9a25579\" data-element_type=\"column\">\n\t\t\t<div class=\"elementor-widget-wrap elementor-element-populated\">\n\t\t\t\t\t\t<div class=\"elementor-element elementor-element-4c22ebb elementor-widget elementor-widget-image\" data-id=\"4c22ebb\" data-element_type=\"widget\" data-widget_type=\"image.default\">\n\t\t\t\t<div class=\"elementor-widget-container\">\n\t\t\t\t\t\t\t\t\t\t\t\t\t\t\t<img fetchpriority=\"high\" decoding=\"async\" width=\"819\" height=\"1024\" src=\"https:\/\/atauni.edu.tr\/kariyer\/wp-content\/uploads\/sites\/775\/2020\/07\/WhatsApp-Image-2023-09-19-at-10.42.36-7-819x1024.jpeg\" class=\"attachment-large size-large wp-image-7159\" alt=\"\" srcset=\"https:\/\/atauni.edu.tr\/kariyer\/wp-content\/uploads\/sites\/775\/2020\/07\/WhatsApp-Image-2023-09-19-at-10.42.36-7-819x1024.jpeg 819w, https:\/\/atauni.edu.tr\/kariyer\/wp-content\/uploads\/sites\/775\/2020\/07\/WhatsApp-Image-2023-09-19-at-10.42.36-7-240x300.jpeg 240w, https:\/\/atauni.edu.tr\/kariyer\/wp-content\/uploads\/sites\/775\/2020\/07\/WhatsApp-Image-2023-09-19-at-10.42.36-7-768x960.jpeg 768w, https:\/\/atauni.edu.tr\/kariyer\/wp-content\/uploads\/sites\/775\/2020\/07\/WhatsApp-Image-2023-09-19-at-10.42.36-7-480x600.jpeg 480w, https:\/\/atauni.edu.tr\/kariyer\/wp-content\/uploads\/sites\/775\/2020\/07\/WhatsApp-Image-2023-09-19-at-10.42.36-7-448x560.jpeg 448w, https:\/\/atauni.edu.tr\/kariyer\/wp-content\/uploads\/sites\/775\/2020\/07\/WhatsApp-Image-2023-09-19-at-10.42.36-7.jpeg 1080w\" sizes=\"(max-width: 819px) 100vw, 819px\" \/>\t\t\t\t\t\t\t\t\t\t\t\t\t\t\t<\/div>\n\t\t\t\t<\/div>\n\t\t\t\t\t<\/div>\n\t\t<\/div>\n\t\t\t\t<div class=\"elementor-column elementor-col-50 elementor-top-column elementor-element elementor-element-1ca5cda\" data-id=\"1ca5cda\" data-element_type=\"column\">\n\t\t\t<div class=\"elementor-widget-wrap elementor-element-populated\">\n\t\t\t\t\t\t<div class=\"elementor-element elementor-element-5fa4462 elementor-widget elementor-widget-image\" data-id=\"5fa4462\" data-element_type=\"widget\" data-widget_type=\"image.default\">\n\t\t\t\t<div class=\"elementor-widget-container\">\n\t\t\t\t\t\t\t\t\t\t\t\t\t\t\t<img decoding=\"async\" width=\"819\" height=\"1024\" src=\"https:\/\/atauni.edu.tr\/kariyer\/wp-content\/uploads\/sites\/775\/2020\/07\/WhatsApp-Image-2023-09-19-at-10.55.23-819x1024.jpeg\" class=\"attachment-large size-large wp-image-7168\" alt=\"\" srcset=\"https:\/\/atauni.edu.tr\/kariyer\/wp-content\/uploads\/sites\/775\/2020\/07\/WhatsApp-Image-2023-09-19-at-10.55.23-819x1024.jpeg 819w, https:\/\/atauni.edu.tr\/kariyer\/wp-content\/uploads\/sites\/775\/2020\/07\/WhatsApp-Image-2023-09-19-at-10.55.23-240x300.jpeg 240w, https:\/\/atauni.edu.tr\/kariyer\/wp-content\/uploads\/sites\/775\/2020\/07\/WhatsApp-Image-2023-09-19-at-10.55.23-768x960.jpeg 768w, https:\/\/atauni.edu.tr\/kariyer\/wp-content\/uploads\/sites\/775\/2020\/07\/WhatsApp-Image-2023-09-19-at-10.55.23-480x600.jpeg 480w, https:\/\/atauni.edu.tr\/kariyer\/wp-content\/uploads\/sites\/775\/2020\/07\/WhatsApp-Image-2023-09-19-at-10.55.23-448x560.jpeg 448w, https:\/\/atauni.edu.tr\/kariyer\/wp-content\/uploads\/sites\/775\/2020\/07\/WhatsApp-Image-2023-09-19-at-10.55.23.jpeg 1080w\" sizes=\"(max-width: 819px) 100vw, 819px\" \/>\t\t\t\t\t\t\t\t\t\t\t\t\t\t\t<\/div>\n\t\t\t\t<\/div>\n\t\t\t\t\t<\/div>\n\t\t<\/div>\n\t\t\t\t\t<\/div>\n\t\t<\/section>\n\t\t\t\t<section class=\"elementor-section elementor-top-section elementor-element elementor-element-f68346a elementor-section-boxed elementor-section-height-default elementor-section-height-default\" data-id=\"f68346a\" data-element_type=\"section\">\n\t\t\t\t\t\t<div class=\"elementor-container elementor-column-gap-default\">\n\t\t\t\t\t<div class=\"elementor-column elementor-col-50 elementor-top-column elementor-element elementor-element-af2794b\" data-id=\"af2794b\" data-element_type=\"column\">\n\t\t\t<div class=\"elementor-widget-wrap elementor-element-populated\">\n\t\t\t\t\t\t<div class=\"elementor-element elementor-element-099541d elementor-widget elementor-widget-image\" data-id=\"099541d\" data-element_type=\"widget\" data-widget_type=\"image.default\">\n\t\t\t\t<div class=\"elementor-widget-container\">\n\t\t\t\t\t\t\t\t\t\t\t\t\t\t\t<img decoding=\"async\" width=\"1024\" height=\"1024\" src=\"https:\/\/atauni.edu.tr\/kariyer\/wp-content\/uploads\/sites\/775\/2020\/07\/WhatsApp-Image-2023-09-19-at-10.42.36-6-1024x1024.jpeg\" class=\"attachment-large size-large wp-image-7160\" alt=\"\" srcset=\"https:\/\/atauni.edu.tr\/kariyer\/wp-content\/uploads\/sites\/775\/2020\/07\/WhatsApp-Image-2023-09-19-at-10.42.36-6-1024x1024.jpeg 1024w, https:\/\/atauni.edu.tr\/kariyer\/wp-content\/uploads\/sites\/775\/2020\/07\/WhatsApp-Image-2023-09-19-at-10.42.36-6-300x300.jpeg 300w, https:\/\/atauni.edu.tr\/kariyer\/wp-content\/uploads\/sites\/775\/2020\/07\/WhatsApp-Image-2023-09-19-at-10.42.36-6-150x150.jpeg 150w, https:\/\/atauni.edu.tr\/kariyer\/wp-content\/uploads\/sites\/775\/2020\/07\/WhatsApp-Image-2023-09-19-at-10.42.36-6-768x768.jpeg 768w, https:\/\/atauni.edu.tr\/kariyer\/wp-content\/uploads\/sites\/775\/2020\/07\/WhatsApp-Image-2023-09-19-at-10.42.36-6-600x600.jpeg 600w, https:\/\/atauni.edu.tr\/kariyer\/wp-content\/uploads\/sites\/775\/2020\/07\/WhatsApp-Image-2023-09-19-at-10.42.36-6-560x560.jpeg 560w, https:\/\/atauni.edu.tr\/kariyer\/wp-content\/uploads\/sites\/775\/2020\/07\/WhatsApp-Image-2023-09-19-at-10.42.36-6.jpeg 1080w\" sizes=\"(max-width: 1024px) 100vw, 1024px\" \/>\t\t\t\t\t\t\t\t\t\t\t\t\t\t\t<\/div>\n\t\t\t\t<\/div>\n\t\t\t\t\t<\/div>\n\t\t<\/div>\n\t\t\t\t<div class=\"elementor-column elementor-col-50 elementor-top-column elementor-element elementor-element-722a81a\" data-id=\"722a81a\" data-element_type=\"column\">\n\t\t\t<div class=\"elementor-widget-wrap elementor-element-populated\">\n\t\t\t\t\t\t<div class=\"elementor-element elementor-element-8bcf58e elementor-widget elementor-widget-image\" data-id=\"8bcf58e\" data-element_type=\"widget\" data-widget_type=\"image.default\">\n\t\t\t\t<div class=\"elementor-widget-container\">\n\t\t\t\t\t\t\t\t\t\t\t\t\t\t\t<img loading=\"lazy\" decoding=\"async\" width=\"1024\" height=\"1024\" src=\"https:\/\/atauni.edu.tr\/kariyer\/wp-content\/uploads\/sites\/775\/2020\/07\/WhatsApp-Image-2023-09-19-at-10.42.36-1024x1024.jpeg\" class=\"attachment-large size-large wp-image-7161\" alt=\"\" srcset=\"https:\/\/atauni.edu.tr\/kariyer\/wp-content\/uploads\/sites\/775\/2020\/07\/WhatsApp-Image-2023-09-19-at-10.42.36-1024x1024.jpeg 1024w, https:\/\/atauni.edu.tr\/kariyer\/wp-content\/uploads\/sites\/775\/2020\/07\/WhatsApp-Image-2023-09-19-at-10.42.36-300x300.jpeg 300w, https:\/\/atauni.edu.tr\/kariyer\/wp-content\/uploads\/sites\/775\/2020\/07\/WhatsApp-Image-2023-09-19-at-10.42.36-150x150.jpeg 150w, https:\/\/atauni.edu.tr\/kariyer\/wp-content\/uploads\/sites\/775\/2020\/07\/WhatsApp-Image-2023-09-19-at-10.42.36-768x768.jpeg 768w, https:\/\/atauni.edu.tr\/kariyer\/wp-content\/uploads\/sites\/775\/2020\/07\/WhatsApp-Image-2023-09-19-at-10.42.36-600x600.jpeg 600w, https:\/\/atauni.edu.tr\/kariyer\/wp-content\/uploads\/sites\/775\/2020\/07\/WhatsApp-Image-2023-09-19-at-10.42.36-560x560.jpeg 560w, https:\/\/atauni.edu.tr\/kariyer\/wp-content\/uploads\/sites\/775\/2020\/07\/WhatsApp-Image-2023-09-19-at-10.42.36.jpeg 1080w\" sizes=\"(max-width: 1024px) 100vw, 1024px\" \/>\t\t\t\t\t\t\t\t\t\t\t\t\t\t\t<\/div>\n\t\t\t\t<\/div>\n\t\t\t\t\t<\/div>\n\t\t<\/div>\n\t\t\t\t\t<\/div>\n\t\t<\/section>\n\t\t\t\t<section class=\"elementor-section elementor-top-section elementor-element elementor-element-e38a2c1 elementor-section-boxed elementor-section-height-default elementor-section-height-default\" data-id=\"e38a2c1\" data-element_type=\"section\">\n\t\t\t\t\t\t<div class=\"elementor-container elementor-column-gap-default\">\n\t\t\t\t\t<div class=\"elementor-column elementor-col-50 elementor-top-column elementor-element elementor-element-e5ad049\" data-id=\"e5ad049\" data-element_type=\"column\">\n\t\t\t<div class=\"elementor-widget-wrap elementor-element-populated\">\n\t\t\t\t\t\t<div class=\"elementor-element elementor-element-d260b2e elementor-widget elementor-widget-image\" data-id=\"d260b2e\" data-element_type=\"widget\" data-widget_type=\"image.default\">\n\t\t\t\t<div class=\"elementor-widget-container\">\n\t\t\t\t\t\t\t\t\t\t\t\t\t\t\t<img loading=\"lazy\" decoding=\"async\" width=\"1024\" height=\"1024\" src=\"https:\/\/atauni.edu.tr\/kariyer\/wp-content\/uploads\/sites\/775\/2020\/07\/WhatsApp-Image-2023-09-19-at-10.42.36-5-1024x1024.jpeg\" class=\"attachment-large size-large wp-image-7162\" alt=\"\" srcset=\"https:\/\/atauni.edu.tr\/kariyer\/wp-content\/uploads\/sites\/775\/2020\/07\/WhatsApp-Image-2023-09-19-at-10.42.36-5-1024x1024.jpeg 1024w, https:\/\/atauni.edu.tr\/kariyer\/wp-content\/uploads\/sites\/775\/2020\/07\/WhatsApp-Image-2023-09-19-at-10.42.36-5-300x300.jpeg 300w, https:\/\/atauni.edu.tr\/kariyer\/wp-content\/uploads\/sites\/775\/2020\/07\/WhatsApp-Image-2023-09-19-at-10.42.36-5-150x150.jpeg 150w, https:\/\/atauni.edu.tr\/kariyer\/wp-content\/uploads\/sites\/775\/2020\/07\/WhatsApp-Image-2023-09-19-at-10.42.36-5-768x768.jpeg 768w, https:\/\/atauni.edu.tr\/kariyer\/wp-content\/uploads\/sites\/775\/2020\/07\/WhatsApp-Image-2023-09-19-at-10.42.36-5-600x600.jpeg 600w, https:\/\/atauni.edu.tr\/kariyer\/wp-content\/uploads\/sites\/775\/2020\/07\/WhatsApp-Image-2023-09-19-at-10.42.36-5-560x560.jpeg 560w, https:\/\/atauni.edu.tr\/kariyer\/wp-content\/uploads\/sites\/775\/2020\/07\/WhatsApp-Image-2023-09-19-at-10.42.36-5.jpeg 1080w\" sizes=\"(max-width: 1024px) 100vw, 1024px\" \/>\t\t\t\t\t\t\t\t\t\t\t\t\t\t\t<\/div>\n\t\t\t\t<\/div>\n\t\t\t\t\t<\/div>\n\t\t<\/div>\n\t\t\t\t<div class=\"elementor-column elementor-col-50 elementor-top-column elementor-element elementor-element-25d2a7d\" data-id=\"25d2a7d\" data-element_type=\"column\">\n\t\t\t<div class=\"elementor-widget-wrap elementor-element-populated\">\n\t\t\t\t\t\t<div class=\"elementor-element elementor-element-2cc54ab elementor-widget elementor-widget-image\" data-id=\"2cc54ab\" data-element_type=\"widget\" data-widget_type=\"image.default\">\n\t\t\t\t<div class=\"elementor-widget-container\">\n\t\t\t\t\t\t\t\t\t\t\t\t\t\t\t<img loading=\"lazy\" decoding=\"async\" width=\"1024\" height=\"1024\" src=\"https:\/\/atauni.edu.tr\/kariyer\/wp-content\/uploads\/sites\/775\/2020\/07\/WhatsApp-Image-2023-09-19-at-10.42.36-4-1024x1024.jpeg\" class=\"attachment-large size-large wp-image-7163\" alt=\"\" srcset=\"https:\/\/atauni.edu.tr\/kariyer\/wp-content\/uploads\/sites\/775\/2020\/07\/WhatsApp-Image-2023-09-19-at-10.42.36-4-1024x1024.jpeg 1024w, https:\/\/atauni.edu.tr\/kariyer\/wp-content\/uploads\/sites\/775\/2020\/07\/WhatsApp-Image-2023-09-19-at-10.42.36-4-300x300.jpeg 300w, https:\/\/atauni.edu.tr\/kariyer\/wp-content\/uploads\/sites\/775\/2020\/07\/WhatsApp-Image-2023-09-19-at-10.42.36-4-150x150.jpeg 150w, https:\/\/atauni.edu.tr\/kariyer\/wp-content\/uploads\/sites\/775\/2020\/07\/WhatsApp-Image-2023-09-19-at-10.42.36-4-768x768.jpeg 768w, https:\/\/atauni.edu.tr\/kariyer\/wp-content\/uploads\/sites\/775\/2020\/07\/WhatsApp-Image-2023-09-19-at-10.42.36-4-600x600.jpeg 600w, https:\/\/atauni.edu.tr\/kariyer\/wp-content\/uploads\/sites\/775\/2020\/07\/WhatsApp-Image-2023-09-19-at-10.42.36-4-560x560.jpeg 560w, https:\/\/atauni.edu.tr\/kariyer\/wp-content\/uploads\/sites\/775\/2020\/07\/WhatsApp-Image-2023-09-19-at-10.42.36-4.jpeg 1080w\" sizes=\"(max-width: 1024px) 100vw, 1024px\" \/>\t\t\t\t\t\t\t\t\t\t\t\t\t\t\t<\/div>\n\t\t\t\t<\/div>\n\t\t\t\t\t<\/div>\n\t\t<\/div>\n\t\t\t\t\t<\/div>\n\t\t<\/section>\n\t\t\t\t<section class=\"elementor-section elementor-top-section elementor-element elementor-element-8aa9f0e elementor-section-boxed elementor-section-height-default elementor-section-height-default\" data-id=\"8aa9f0e\" data-element_type=\"section\">\n\t\t\t\t\t\t<div class=\"elementor-container elementor-column-gap-default\">\n\t\t\t\t\t<div class=\"elementor-column elementor-col-50 elementor-top-column elementor-element elementor-element-8d26141\" data-id=\"8d26141\" data-element_type=\"column\">\n\t\t\t<div class=\"elementor-widget-wrap elementor-element-populated\">\n\t\t\t\t\t\t<div class=\"elementor-element elementor-element-8cb07d0 elementor-widget elementor-widget-image\" data-id=\"8cb07d0\" data-element_type=\"widget\" data-widget_type=\"image.default\">\n\t\t\t\t<div class=\"elementor-widget-container\">\n\t\t\t\t\t\t\t\t\t\t\t\t\t\t\t<img loading=\"lazy\" decoding=\"async\" width=\"1024\" height=\"1024\" src=\"https:\/\/atauni.edu.tr\/kariyer\/wp-content\/uploads\/sites\/775\/2020\/07\/WhatsApp-Image-2023-09-19-at-10.42.36-1-1024x1024.jpeg\" class=\"attachment-large size-large wp-image-7164\" alt=\"\" srcset=\"https:\/\/atauni.edu.tr\/kariyer\/wp-content\/uploads\/sites\/775\/2020\/07\/WhatsApp-Image-2023-09-19-at-10.42.36-1-1024x1024.jpeg 1024w, https:\/\/atauni.edu.tr\/kariyer\/wp-content\/uploads\/sites\/775\/2020\/07\/WhatsApp-Image-2023-09-19-at-10.42.36-1-300x300.jpeg 300w, https:\/\/atauni.edu.tr\/kariyer\/wp-content\/uploads\/sites\/775\/2020\/07\/WhatsApp-Image-2023-09-19-at-10.42.36-1-150x150.jpeg 150w, https:\/\/atauni.edu.tr\/kariyer\/wp-content\/uploads\/sites\/775\/2020\/07\/WhatsApp-Image-2023-09-19-at-10.42.36-1-768x768.jpeg 768w, https:\/\/atauni.edu.tr\/kariyer\/wp-content\/uploads\/sites\/775\/2020\/07\/WhatsApp-Image-2023-09-19-at-10.42.36-1-600x600.jpeg 600w, https:\/\/atauni.edu.tr\/kariyer\/wp-content\/uploads\/sites\/775\/2020\/07\/WhatsApp-Image-2023-09-19-at-10.42.36-1-560x560.jpeg 560w, https:\/\/atauni.edu.tr\/kariyer\/wp-content\/uploads\/sites\/775\/2020\/07\/WhatsApp-Image-2023-09-19-at-10.42.36-1.jpeg 1080w\" sizes=\"(max-width: 1024px) 100vw, 1024px\" \/>\t\t\t\t\t\t\t\t\t\t\t\t\t\t\t<\/div>\n\t\t\t\t<\/div>\n\t\t\t\t\t<\/div>\n\t\t<\/div>\n\t\t\t\t<div class=\"elementor-column elementor-col-50 elementor-top-column elementor-element elementor-element-e86a100\" data-id=\"e86a100\" data-element_type=\"column\">\n\t\t\t<div class=\"elementor-widget-wrap elementor-element-populated\">\n\t\t\t\t\t\t<div class=\"elementor-element elementor-element-3e14a54 elementor-widget elementor-widget-image\" data-id=\"3e14a54\" data-element_type=\"widget\" data-widget_type=\"image.default\">\n\t\t\t\t<div class=\"elementor-widget-container\">\n\t\t\t\t\t\t\t\t\t\t\t\t\t\t\t<img loading=\"lazy\" decoding=\"async\" width=\"1024\" height=\"1024\" src=\"https:\/\/atauni.edu.tr\/kariyer\/wp-content\/uploads\/sites\/775\/2020\/07\/WhatsApp-Image-2023-09-19-at-10.42.36-2-1024x1024.jpeg\" class=\"attachment-large size-large wp-image-7165\" alt=\"\" srcset=\"https:\/\/atauni.edu.tr\/kariyer\/wp-content\/uploads\/sites\/775\/2020\/07\/WhatsApp-Image-2023-09-19-at-10.42.36-2-1024x1024.jpeg 1024w, https:\/\/atauni.edu.tr\/kariyer\/wp-content\/uploads\/sites\/775\/2020\/07\/WhatsApp-Image-2023-09-19-at-10.42.36-2-300x300.jpeg 300w, https:\/\/atauni.edu.tr\/kariyer\/wp-content\/uploads\/sites\/775\/2020\/07\/WhatsApp-Image-2023-09-19-at-10.42.36-2-150x150.jpeg 150w, https:\/\/atauni.edu.tr\/kariyer\/wp-content\/uploads\/sites\/775\/2020\/07\/WhatsApp-Image-2023-09-19-at-10.42.36-2-768x768.jpeg 768w, https:\/\/atauni.edu.tr\/kariyer\/wp-content\/uploads\/sites\/775\/2020\/07\/WhatsApp-Image-2023-09-19-at-10.42.36-2-600x600.jpeg 600w, https:\/\/atauni.edu.tr\/kariyer\/wp-content\/uploads\/sites\/775\/2020\/07\/WhatsApp-Image-2023-09-19-at-10.42.36-2-560x560.jpeg 560w, https:\/\/atauni.edu.tr\/kariyer\/wp-content\/uploads\/sites\/775\/2020\/07\/WhatsApp-Image-2023-09-19-at-10.42.36-2.jpeg 1080w\" sizes=\"(max-width: 1024px) 100vw, 1024px\" \/>\t\t\t\t\t\t\t\t\t\t\t\t\t\t\t<\/div>\n\t\t\t\t<\/div>\n\t\t\t\t\t<\/div>\n\t\t<\/div>\n\t\t\t\t\t<\/div>\n\t\t<\/section>\n\t\t\t\t<\/div>\n\t\t","protected":false},"excerpt":{"rendered":"<p>Konu\u015fma kul\u00fcpleri her e\u011fitim-\u00f6\u011fretim y\u0131l\u0131n\u0131n g\u00fcz ve bahar d\u00f6nemlerinde, ba\u015fta \u0130ngilizce olmak \u00fczere Almanca, Frans\u0131zca, \u0130talyanca, \u0130spanyolca ve Rus\u00e7a gibi farkl\u0131 dillerde a\u00e7\u0131lan ve talep eden \u00fcniversitemiz \u00f6\u011frencilerinin kat\u0131l\u0131mlar\u0131na a\u00e7\u0131k olan, 10 haftal\u0131k d\u00fczenli olarak ger\u00e7ekle\u015ftirilen ve d\u00f6nem sonunda d\u00fczenli kat\u0131l\u0131m g\u00f6steren \u00f6\u011frencilere kat\u0131l\u0131m belgesi verilen yabanc\u0131 dilde konu\u015fma etkinlikleridir. Konu\u015fma kul\u00fcb\u00fc ba\u015fvurular\u0131, ataunikariyer kullan\u0131c\u0131 [&hellip;]<\/p>\n","protected":false},"author":557,"featured_media":0,"parent":0,"menu_order":0,"comment_status":"closed","ping_status":"closed","template":"","meta":{"footnotes":""},"class_list":["post-6763","page","type-page","status-publish","hentry"],"_links":{"self":[{"href":"https:\/\/atauni.edu.tr\/kariyer\/wp-json\/wp\/v2\/pages\/6763","targetHints":{"allow":["GET"]}}],"collection":[{"href":"https:\/\/atauni.edu.tr\/kariyer\/wp-json\/wp\/v2\/pages"}],"about":[{"href":"https:\/\/atauni.edu.tr\/kariyer\/wp-json\/wp\/v2\/types\/page"}],"author":[{"embeddable":true,"href":"https:\/\/atauni.edu.tr\/kariyer\/wp-json\/wp\/v2\/users\/557"}],"replies":[{"embeddable":true,"href":"https:\/\/atauni.edu.tr\/kariyer\/wp-json\/wp\/v2\/comments?post=6763"}],"version-history":[{"count":13,"href":"https:\/\/atauni.edu.tr\/kariyer\/wp-json\/wp\/v2\/pages\/6763\/revisions"}],"predecessor-version":[{"id":7282,"href":"https:\/\/atauni.edu.tr\/kariyer\/wp-json\/wp\/v2\/pages\/6763\/revisions\/7282"}],"wp:attachment":[{"href":"https:\/\/atauni.edu.tr\/kariyer\/wp-json\/wp\/v2\/media?parent=6763"}],"curies":[{"name":"wp","href":"https:\/\/api.w.org\/{rel}","templated":true}]}}