{"id":6767,"date":"2023-09-01T09:18:34","date_gmt":"2023-09-01T06:18:34","guid":{"rendered":"https:\/\/birimler.atauni.edu.tr\/kariyer\/?page_id=6767"},"modified":"2023-09-26T10:59:54","modified_gmt":"2023-09-26T07:59:54","slug":"egitimler","status":"publish","type":"page","link":"https:\/\/atauni.edu.tr\/kariyer\/egitimler\/","title":{"rendered":"E\u011fitimler"},"content":{"rendered":"\t\t<div data-elementor-type=\"wp-page\" data-elementor-id=\"6767\" class=\"elementor elementor-6767\" data-elementor-post-type=\"page\">\n\t\t\t\t\t\t<section class=\"elementor-section elementor-top-section elementor-element elementor-element-30fe1e5 elementor-section-boxed elementor-section-height-default elementor-section-height-default\" data-id=\"30fe1e5\" data-element_type=\"section\">\n\t\t\t\t\t\t<div class=\"elementor-container elementor-column-gap-default\">\n\t\t\t\t\t<div class=\"elementor-column elementor-col-100 elementor-top-column elementor-element elementor-element-c2476be\" data-id=\"c2476be\" data-element_type=\"column\">\n\t\t\t<div class=\"elementor-widget-wrap elementor-element-populated\">\n\t\t\t\t\t\t<div class=\"elementor-element elementor-element-6fc2f50 elementor-widget elementor-widget-text-editor\" data-id=\"6fc2f50\" data-element_type=\"widget\" data-widget_type=\"text-editor.default\">\n\t\t\t\t<div class=\"elementor-widget-container\">\n\t\t\t\t\t\t\t\t\t<p>Kariyer Planlama ve Mezun \u0130zleme Uygulama ve Ara\u015ft\u0131rma Merkezi koordinat\u00f6rl\u00fc\u011f\u00fcnde her d\u00f6nem d\u00fczenli olarak Kariyer Planlama E\u011fitimleri ve \u0130\u015f Kul\u00fcb\u00fc E\u011fitimleri verilmektedir. Kay\u0131t i\u00e7in merkezimizle ileti\u015fime ge\u00e7meyi unutmay\u0131n.<\/p>\t\t\t\t\t\t\t\t<\/div>\n\t\t\t\t<\/div>\n\t\t\t\t\t<\/div>\n\t\t<\/div>\n\t\t\t\t\t<\/div>\n\t\t<\/section>\n\t\t\t\t<section class=\"elementor-section elementor-top-section elementor-element elementor-element-6ff1cb0 elementor-section-boxed elementor-section-height-default elementor-section-height-default\" data-id=\"6ff1cb0\" data-element_type=\"section\">\n\t\t\t\t\t\t<div class=\"elementor-container elementor-column-gap-default\">\n\t\t\t\t\t<div class=\"elementor-column elementor-col-100 elementor-top-column elementor-element elementor-element-06d363f\" data-id=\"06d363f\" data-element_type=\"column\">\n\t\t\t<div class=\"elementor-widget-wrap elementor-element-populated\">\n\t\t\t\t\t\t<div class=\"elementor-element elementor-element-4158a95 elementor-widget elementor-widget-text-editor\" data-id=\"4158a95\" data-element_type=\"widget\" data-widget_type=\"text-editor.default\">\n\t\t\t\t<div class=\"elementor-widget-container\">\n\t\t\t\t\t\t\t\t\t<p><strong>Kariyer Planlama E\u011fitimleri<\/strong><\/p><p>Kariyer Planlama E\u011fitimleri; \u00e7o\u011funlukla fak\u00fclte bazl\u0131 olarak son s\u0131n\u0131f \u00f6\u011frencilerine uygulanan ve bir g\u00fcn s\u00fcren e\u011fitimlerdir. E\u011fitim i\u00e7eri\u011finde; kariyer kavram\u0131, konfor alan\u0131, kendini tan\u0131ma, i\u015f ve meslek se\u00e7imi kriterleri, profesyonel \u00f6zge\u00e7mi\u015f haz\u0131rlama, i\u015f ba\u015fvuru y\u00f6ntemleri ve m\u00fclakatlara haz\u0131rl\u0131k gibi konular ele al\u0131nmakta ve e\u011fitim sonunda kat\u0131l\u0131mc\u0131lara kat\u0131l\u0131m belgesi verilmektedir.<\/p><p><strong>Kariyer Planlamaya Giri\u015f E\u011fitimleri<\/strong><\/p><p>Kariyer Planlamaya Giri\u015f E\u011fitimleri; \u00e7o\u011funlukla fak\u00fclte bazl\u0131 olarak birinci s\u0131n\u0131f \u00f6\u011frencilerine uygulanan ve bir g\u00fcn s\u00fcren e\u011fitimlerdir. E\u011fitim i\u00e7eri\u011finde; kariyer kavram\u0131, konfor alan\u0131, kendini tan\u0131ma, i\u015f ve meslek se\u00e7imi kriterleri, profesyonel \u00f6zge\u00e7mi\u015f haz\u0131rlama, i\u015f ba\u015fvuru y\u00f6ntemleri ve m\u00fclakatlara haz\u0131rl\u0131k gibi konular ele al\u0131nmakta ve e\u011fitim sonunda kat\u0131l\u0131mc\u0131lara kat\u0131l\u0131m belgesi verilmektedir.<\/p>\t\t\t\t\t\t\t\t<\/div>\n\t\t\t\t<\/div>\n\t\t\t\t\t<\/div>\n\t\t<\/div>\n\t\t\t\t\t<\/div>\n\t\t<\/section>\n\t\t\t\t<section class=\"elementor-section elementor-top-section elementor-element elementor-element-0280c74 elementor-section-boxed elementor-section-height-default elementor-section-height-default\" data-id=\"0280c74\" data-element_type=\"section\">\n\t\t\t\t\t\t<div class=\"elementor-container elementor-column-gap-default\">\n\t\t\t\t\t<div class=\"elementor-column elementor-col-100 elementor-top-column elementor-element elementor-element-244ec28\" data-id=\"244ec28\" data-element_type=\"column\">\n\t\t\t<div class=\"elementor-widget-wrap elementor-element-populated\">\n\t\t\t\t\t\t<div class=\"elementor-element elementor-element-26e49ef elementor-widget elementor-widget-text-editor\" data-id=\"26e49ef\" data-element_type=\"widget\" data-widget_type=\"text-editor.default\">\n\t\t\t\t<div class=\"elementor-widget-container\">\n\t\t\t\t\t\t\t\t\t<p><strong>\u0130\u015f Kul\u00fcb\u00fc E\u011fitimi<\/strong><\/p><p><em>&#8220;\u0130\u015e KUL\u00dcB\u00dc \u0130LE \u00dcN\u0130VERS\u0130TE \u00d6\u011eRENC\u0130LER\u0130 HAYATA \u00d6NDE BA\u015eLIYORLAR&#8221;<\/em><\/p><p><br \/>\u0130\u015e KUL\u00dcB\u00dc kad\u0131nlar, gen\u00e7ler, \u00f6\u011frenciler ,engelliler, uzun s\u00fcreli i\u015fsizler, dezavantajl\u0131 konumdaki ki\u015filere dan\u0131\u015fmanl\u0131k hizmeti yoluyla, i\u015f arama motivasyonu ve y\u00f6ntem deste\u011fi vermek maksatl\u0131 e\u011fitim program\u0131d\u0131r.<\/p><p>\u0130\u015f Kul\u00fcb\u00fcn\u00fcn Amac\u0131;<\/p><p>\u2022 \u00c7al\u0131\u015fmak isteyen herkese g\u00f6re bir i\u015f oldu\u011fu fikrinin i\u015f arayanlarda olu\u015fturulmas\u0131.<br \/>\u2022 \u0130\u015f arayanlar\u0131n \u00f6z g\u00fcvenlerinin y\u00fckseltilerek a\u00e7\u0131k i\u015flere y\u00f6nlendirilmelerinin kolayla\u015ft\u0131r\u0131lmas\u0131.<br \/>\u2022 \u0130\u015f arayanlar\u0131n kendi tecr\u00fcbelerinden yola \u00e7\u0131karak i\u015f arama stratejilerini geli\u015ftirmelerinin sa\u011flanmas\u0131.<br \/>\u2022 \u0130\u015f arama s\u00fcrecinde olu\u015fturduklar\u0131 eylem planlar\u0131n\u0131 uygulayabilmelerini sa\u011flanmas\u0131.<br \/>\u2022 Birey olarak kendini tan\u0131malar\u0131n\u0131n sa\u011flanmas\u0131 ve yapabileceklerinin onlara g\u00f6sterilmesi.<\/p><p>\u0130\u015f kul\u00fcplerinde 10-15 ki\u015filik gruplarla 25 saatlik e\u011fitim program\u0131 ile cv haz\u0131rlama, m\u00fclakat teknikleri, i\u015f g\u00f6r\u00fc\u015fmesi, telefon g\u00f6r\u00fc\u015fmesi, i\u015f veren beklentileri, i\u015f arama kanallar\u0131, beden dili gibi bir\u00e7ok alanda aktivitelerin e\u011flenceli bir \u015fekilde uygulanmas\u0131yla davran\u0131\u015flar\u0131n kal\u0131c\u0131 olarak ki\u015filerin i\u015f arama becerileri geli\u015ftirilecektir.<\/p><p>\u0130\u015e KUL\u00dcB\u00dc hizmetleri t\u00fcm kat\u0131l\u0131mc\u0131lar i\u00e7in \u00fccretsiz olup ya\u015f \u00f6\u011frenim seviyesi s\u0131n\u0131rlamas\u0131 olmaks\u0131z\u0131n t\u00fcm vatanda\u015flara hizmet vermektedir.<\/p><p><br \/><em>&#8220;\u0130\u015e KUL\u00dcB\u00dc \u0130LE \u00d6\u011eRENC\u0130LER \u0130\u015e HAYATINA HAZIR HALE GEL\u0130YOR&#8221;<\/em><\/p><p>\u00c7al\u0131\u015fmak isteyen herkese g\u00f6re bir i\u015f bulundu\u011funu, i\u015fe girebilmek i\u00e7in neler yapman\u0131z gerekti\u011fini, tecr\u00fcbe sahibi olmadan da i\u015f bulunabilece\u011fini, hangi yollarla i\u015f arayabilece\u011finizi, iyi bir \u00f6zge\u00e7mi\u015fin nas\u0131l haz\u0131rlanaca\u011f\u0131n\u0131, i\u015f g\u00f6r\u00fc\u015fmelerinde nas\u0131l davranman\u0131z gerekti\u011fini, i\u015fe kabul edilmeniz i\u00e7in k\u00fc\u00e7\u00fck ama \u00f6nemli detaylar\u0131n\u0131 uygulamal\u0131 olarak toplam 25 saatte verilen i\u015f k\u00fcl\u00fcn\u00fc e\u011fitimleri e\u011fitimler \u00f6\u011frencileri i\u015f hayat\u0131na haz\u0131rlay\u0131p daha erken istihdam olmalar\u0131n\u0131 sa\u011fl\u0131yor. \u00d6zellikle \u00f6\u011frencilerin mezun olduktan i\u015fe girmelerinde kendini ifade edip kendi nitelik mesleki becerilerini i\u015fverene aktaramad\u0131\u011f\u0131 i\u00e7in istihdam\u0131 olmas\u0131 gereken zaman da olmay\u0131p daha \u00e7ok zaman kayb\u0131na neden oluyor .\u0130\u015f kul\u00fcb\u00fc e\u011fitimi ile kendi tan\u0131ma ve tan\u0131tma , \u00f6zge\u00e7mi\u015f haz\u0131rlama, i\u015fveren g\u00f6r\u00fc\u015fmelerinde nelere dikkat edilmeli, M\u00fclakat tekniklerini uygulamal\u0131 \u015fekilde \u00f6\u011freniyor. Ayr\u0131ca \u00f6\u011frencilere motivasyon ve \u00f6zg\u00fcven sa\u011flayan i\u015f kul\u00fcb\u00fc e\u011fitimleri d\u00fczenlendikten sonra i\u015f hayat\u0131na ge\u00e7i\u015fleri s\u00fcrecinde deste\u011fe devam ediliyor.<br \/>\u0130\u015f Kul\u00fcb\u00fc e\u011fitiminde kat\u0131l\u0131mc\u0131lar \u00f6zge\u00e7mi\u015f haz\u0131rlamada do\u011fru bilinen yanl\u0131\u015flar\u0131 \u00f6\u011frendikten sonra \u0130\u015f Kul\u00fcb\u00fc Lideri birlikte \u00f6zge\u00e7mi\u015f haz\u0131rl\u0131yorlar, ileti\u015fim ve beden dilinin \u00f6zellikle m\u00fclakattaki \u00f6nemini uygulamal\u0131 olarak \u00f6\u011freniyorlar. Etkili M\u00fclakat Teknikleri, M\u00fclakat \u00c7e\u015fitleri \u00f6\u011frenildikten sonra uygulamal\u0131 olarak M\u00fclakatlar\u0131 \u00f6zellikle Grup m\u00fclakatlar\u0131 sim\u00fclasyonlar\u0131 ile kat\u0131l\u0131c\u0131mlar kendi aras\u0131nda m\u00fclakat deneyimi sa\u011flam\u0131\u015f oluyorlar.<\/p>\t\t\t\t\t\t\t\t<\/div>\n\t\t\t\t<\/div>\n\t\t\t\t\t<\/div>\n\t\t<\/div>\n\t\t\t\t\t<\/div>\n\t\t<\/section>\n\t\t\t\t<section class=\"elementor-section elementor-top-section elementor-element elementor-element-ae9aa64 elementor-section-boxed elementor-section-height-default elementor-section-height-default\" data-id=\"ae9aa64\" data-element_type=\"section\">\n\t\t\t\t\t\t<div class=\"elementor-container elementor-column-gap-default\">\n\t\t\t\t\t<div class=\"elementor-column elementor-col-25 elementor-top-column elementor-element elementor-element-00b8168\" data-id=\"00b8168\" data-element_type=\"column\">\n\t\t\t<div class=\"elementor-widget-wrap elementor-element-populated\">\n\t\t\t\t\t\t<div class=\"elementor-element elementor-element-15c53c8 elementor-widget elementor-widget-video\" data-id=\"15c53c8\" data-element_type=\"widget\" data-settings=\"{&quot;video_type&quot;:&quot;hosted&quot;,&quot;controls&quot;:&quot;yes&quot;}\" data-widget_type=\"video.default\">\n\t\t\t\t<div class=\"elementor-widget-container\">\n\t\t\t\t\t\t\t<div class=\"e-hosted-video elementor-wrapper elementor-open-inline\">\n\t\t\t\t\t<video class=\"elementor-video\" src=\"https:\/\/birimler.atauni.edu.tr\/kariyer\/wp-content\/uploads\/sites\/775\/2023\/09\/WhatsApp-Video-2023-09-19-at-17.39.26-1.mp4\" controls=\"\" preload=\"metadata\" controlsList=\"nodownload\"><\/video>\n\t\t\t\t<\/div>\n\t\t\t\t\t\t<\/div>\n\t\t\t\t<\/div>\n\t\t\t\t\t<\/div>\n\t\t<\/div>\n\t\t\t\t<div class=\"elementor-column elementor-col-25 elementor-top-column elementor-element elementor-element-6f9f17d\" data-id=\"6f9f17d\" data-element_type=\"column\">\n\t\t\t<div class=\"elementor-widget-wrap elementor-element-populated\">\n\t\t\t\t\t\t<div class=\"elementor-element elementor-element-9bd3581 elementor-widget elementor-widget-image\" data-id=\"9bd3581\" data-element_type=\"widget\" data-widget_type=\"image.default\">\n\t\t\t\t<div class=\"elementor-widget-container\">\n\t\t\t\t\t\t\t\t\t\t\t\t\t\t\t<img fetchpriority=\"high\" decoding=\"async\" width=\"669\" height=\"1024\" src=\"https:\/\/atauni.edu.tr\/kariyer\/wp-content\/uploads\/sites\/775\/2023\/09\/WhatsApp-Image-2023-09-19-at-17.39.28-669x1024.jpeg\" class=\"attachment-large size-large wp-image-7223\" alt=\"\" srcset=\"https:\/\/atauni.edu.tr\/kariyer\/wp-content\/uploads\/sites\/775\/2023\/09\/WhatsApp-Image-2023-09-19-at-17.39.28-669x1024.jpeg 669w, https:\/\/atauni.edu.tr\/kariyer\/wp-content\/uploads\/sites\/775\/2023\/09\/WhatsApp-Image-2023-09-19-at-17.39.28-196x300.jpeg 196w, https:\/\/atauni.edu.tr\/kariyer\/wp-content\/uploads\/sites\/775\/2023\/09\/WhatsApp-Image-2023-09-19-at-17.39.28-768x1176.jpeg 768w, https:\/\/atauni.edu.tr\/kariyer\/wp-content\/uploads\/sites\/775\/2023\/09\/WhatsApp-Image-2023-09-19-at-17.39.28-1003x1536.jpeg 1003w, https:\/\/atauni.edu.tr\/kariyer\/wp-content\/uploads\/sites\/775\/2023\/09\/WhatsApp-Image-2023-09-19-at-17.39.28-392x600.jpeg 392w, https:\/\/atauni.edu.tr\/kariyer\/wp-content\/uploads\/sites\/775\/2023\/09\/WhatsApp-Image-2023-09-19-at-17.39.28-366x560.jpeg 366w, https:\/\/atauni.edu.tr\/kariyer\/wp-content\/uploads\/sites\/775\/2023\/09\/WhatsApp-Image-2023-09-19-at-17.39.28.jpeg 1045w\" sizes=\"(max-width: 669px) 100vw, 669px\" \/>\t\t\t\t\t\t\t\t\t\t\t\t\t\t\t<\/div>\n\t\t\t\t<\/div>\n\t\t\t\t\t<\/div>\n\t\t<\/div>\n\t\t\t\t<div class=\"elementor-column elementor-col-25 elementor-top-column elementor-element elementor-element-30562bc\" data-id=\"30562bc\" data-element_type=\"column\">\n\t\t\t<div class=\"elementor-widget-wrap elementor-element-populated\">\n\t\t\t\t\t\t<div class=\"elementor-element elementor-element-324e1f8 elementor-widget elementor-widget-image\" data-id=\"324e1f8\" data-element_type=\"widget\" data-widget_type=\"image.default\">\n\t\t\t\t<div class=\"elementor-widget-container\">\n\t\t\t\t\t\t\t\t\t\t\t\t\t\t\t<img decoding=\"async\" width=\"636\" height=\"900\" src=\"https:\/\/atauni.edu.tr\/kariyer\/wp-content\/uploads\/sites\/775\/2023\/09\/WhatsApp-Image-2023-09-19-at-17.39.31-1.jpeg\" class=\"attachment-large size-large wp-image-7228\" alt=\"\" srcset=\"https:\/\/atauni.edu.tr\/kariyer\/wp-content\/uploads\/sites\/775\/2023\/09\/WhatsApp-Image-2023-09-19-at-17.39.31-1.jpeg 636w, https:\/\/atauni.edu.tr\/kariyer\/wp-content\/uploads\/sites\/775\/2023\/09\/WhatsApp-Image-2023-09-19-at-17.39.31-1-212x300.jpeg 212w, https:\/\/atauni.edu.tr\/kariyer\/wp-content\/uploads\/sites\/775\/2023\/09\/WhatsApp-Image-2023-09-19-at-17.39.31-1-424x600.jpeg 424w, https:\/\/atauni.edu.tr\/kariyer\/wp-content\/uploads\/sites\/775\/2023\/09\/WhatsApp-Image-2023-09-19-at-17.39.31-1-396x560.jpeg 396w\" sizes=\"(max-width: 636px) 100vw, 636px\" \/>\t\t\t\t\t\t\t\t\t\t\t\t\t\t\t<\/div>\n\t\t\t\t<\/div>\n\t\t\t\t\t<\/div>\n\t\t<\/div>\n\t\t\t\t<div class=\"elementor-column elementor-col-25 elementor-top-column elementor-element elementor-element-e656fd2\" data-id=\"e656fd2\" data-element_type=\"column\">\n\t\t\t<div class=\"elementor-widget-wrap elementor-element-populated\">\n\t\t\t\t\t\t<div class=\"elementor-element elementor-element-89c6b9c elementor-widget elementor-widget-image\" data-id=\"89c6b9c\" data-element_type=\"widget\" data-widget_type=\"image.default\">\n\t\t\t\t<div class=\"elementor-widget-container\">\n\t\t\t\t\t\t\t\t\t\t\t\t\t\t\t<img decoding=\"async\" width=\"723\" height=\"1024\" src=\"https:\/\/atauni.edu.tr\/kariyer\/wp-content\/uploads\/sites\/775\/2023\/09\/WhatsApp-Image-2023-09-19-at-17.39.31-723x1024.jpeg\" class=\"attachment-large size-large wp-image-7230\" alt=\"\" srcset=\"https:\/\/atauni.edu.tr\/kariyer\/wp-content\/uploads\/sites\/775\/2023\/09\/WhatsApp-Image-2023-09-19-at-17.39.31-723x1024.jpeg 723w, https:\/\/atauni.edu.tr\/kariyer\/wp-content\/uploads\/sites\/775\/2023\/09\/WhatsApp-Image-2023-09-19-at-17.39.31-212x300.jpeg 212w, https:\/\/atauni.edu.tr\/kariyer\/wp-content\/uploads\/sites\/775\/2023\/09\/WhatsApp-Image-2023-09-19-at-17.39.31-424x600.jpeg 424w, https:\/\/atauni.edu.tr\/kariyer\/wp-content\/uploads\/sites\/775\/2023\/09\/WhatsApp-Image-2023-09-19-at-17.39.31-395x560.jpeg 395w, https:\/\/atauni.edu.tr\/kariyer\/wp-content\/uploads\/sites\/775\/2023\/09\/WhatsApp-Image-2023-09-19-at-17.39.31.jpeg 756w\" sizes=\"(max-width: 723px) 100vw, 723px\" \/>\t\t\t\t\t\t\t\t\t\t\t\t\t\t\t<\/div>\n\t\t\t\t<\/div>\n\t\t\t\t\t<\/div>\n\t\t<\/div>\n\t\t\t\t\t<\/div>\n\t\t<\/section>\n\t\t\t\t<section class=\"elementor-section elementor-top-section elementor-element elementor-element-64f307d elementor-section-boxed elementor-section-height-default elementor-section-height-default\" data-id=\"64f307d\" data-element_type=\"section\">\n\t\t\t\t\t\t<div class=\"elementor-container elementor-column-gap-default\">\n\t\t\t\t\t<div class=\"elementor-column elementor-col-50 elementor-top-column elementor-element elementor-element-496f672\" data-id=\"496f672\" data-element_type=\"column\">\n\t\t\t<div class=\"elementor-widget-wrap elementor-element-populated\">\n\t\t\t\t\t\t<div class=\"elementor-element elementor-element-94cbcaa elementor-widget elementor-widget-image\" data-id=\"94cbcaa\" data-element_type=\"widget\" data-widget_type=\"image.default\">\n\t\t\t\t<div class=\"elementor-widget-container\">\n\t\t\t\t\t\t\t\t\t\t\t\t\t\t\t<img loading=\"lazy\" decoding=\"async\" width=\"931\" height=\"1024\" src=\"https:\/\/atauni.edu.tr\/kariyer\/wp-content\/uploads\/sites\/775\/2023\/09\/WhatsApp-Image-2023-09-19-at-17.39.28-1-931x1024.jpeg\" class=\"attachment-large size-large wp-image-7221\" alt=\"\" srcset=\"https:\/\/atauni.edu.tr\/kariyer\/wp-content\/uploads\/sites\/775\/2023\/09\/WhatsApp-Image-2023-09-19-at-17.39.28-1-931x1024.jpeg 931w, https:\/\/atauni.edu.tr\/kariyer\/wp-content\/uploads\/sites\/775\/2023\/09\/WhatsApp-Image-2023-09-19-at-17.39.28-1-273x300.jpeg 273w, https:\/\/atauni.edu.tr\/kariyer\/wp-content\/uploads\/sites\/775\/2023\/09\/WhatsApp-Image-2023-09-19-at-17.39.28-1-768x845.jpeg 768w, https:\/\/atauni.edu.tr\/kariyer\/wp-content\/uploads\/sites\/775\/2023\/09\/WhatsApp-Image-2023-09-19-at-17.39.28-1-545x600.jpeg 545w, https:\/\/atauni.edu.tr\/kariyer\/wp-content\/uploads\/sites\/775\/2023\/09\/WhatsApp-Image-2023-09-19-at-17.39.28-1-509x560.jpeg 509w, https:\/\/atauni.edu.tr\/kariyer\/wp-content\/uploads\/sites\/775\/2023\/09\/WhatsApp-Image-2023-09-19-at-17.39.28-1.jpeg 1000w\" sizes=\"(max-width: 931px) 100vw, 931px\" \/>\t\t\t\t\t\t\t\t\t\t\t\t\t\t\t<\/div>\n\t\t\t\t<\/div>\n\t\t\t\t\t<\/div>\n\t\t<\/div>\n\t\t\t\t<div class=\"elementor-column elementor-col-50 elementor-top-column elementor-element elementor-element-f96ac07\" data-id=\"f96ac07\" data-element_type=\"column\">\n\t\t\t<div class=\"elementor-widget-wrap elementor-element-populated\">\n\t\t\t\t\t\t<div class=\"elementor-element elementor-element-b110c5f elementor-widget elementor-widget-image\" data-id=\"b110c5f\" data-element_type=\"widget\" data-widget_type=\"image.default\">\n\t\t\t\t<div class=\"elementor-widget-container\">\n\t\t\t\t\t\t\t\t\t\t\t\t\t\t\t<img loading=\"lazy\" decoding=\"async\" width=\"931\" height=\"1024\" src=\"https:\/\/atauni.edu.tr\/kariyer\/wp-content\/uploads\/sites\/775\/2023\/09\/WhatsApp-Image-2023-09-19-at-17.39.29-1-931x1024.jpeg\" class=\"attachment-large size-large wp-image-7224\" alt=\"\" srcset=\"https:\/\/atauni.edu.tr\/kariyer\/wp-content\/uploads\/sites\/775\/2023\/09\/WhatsApp-Image-2023-09-19-at-17.39.29-1-931x1024.jpeg 931w, https:\/\/atauni.edu.tr\/kariyer\/wp-content\/uploads\/sites\/775\/2023\/09\/WhatsApp-Image-2023-09-19-at-17.39.29-1-273x300.jpeg 273w, https:\/\/atauni.edu.tr\/kariyer\/wp-content\/uploads\/sites\/775\/2023\/09\/WhatsApp-Image-2023-09-19-at-17.39.29-1-768x845.jpeg 768w, https:\/\/atauni.edu.tr\/kariyer\/wp-content\/uploads\/sites\/775\/2023\/09\/WhatsApp-Image-2023-09-19-at-17.39.29-1-545x600.jpeg 545w, https:\/\/atauni.edu.tr\/kariyer\/wp-content\/uploads\/sites\/775\/2023\/09\/WhatsApp-Image-2023-09-19-at-17.39.29-1-509x560.jpeg 509w, https:\/\/atauni.edu.tr\/kariyer\/wp-content\/uploads\/sites\/775\/2023\/09\/WhatsApp-Image-2023-09-19-at-17.39.29-1.jpeg 1000w\" sizes=\"(max-width: 931px) 100vw, 931px\" \/>\t\t\t\t\t\t\t\t\t\t\t\t\t\t\t<\/div>\n\t\t\t\t<\/div>\n\t\t\t\t\t<\/div>\n\t\t<\/div>\n\t\t\t\t\t<\/div>\n\t\t<\/section>\n\t\t\t\t<section class=\"elementor-section elementor-top-section elementor-element elementor-element-d0a788b elementor-section-boxed elementor-section-height-default elementor-section-height-default\" data-id=\"d0a788b\" data-element_type=\"section\">\n\t\t\t\t\t\t<div class=\"elementor-container elementor-column-gap-default\">\n\t\t\t\t\t<div class=\"elementor-column elementor-col-50 elementor-top-column elementor-element elementor-element-0ddcfa9\" data-id=\"0ddcfa9\" data-element_type=\"column\">\n\t\t\t<div class=\"elementor-widget-wrap elementor-element-populated\">\n\t\t\t\t\t\t<div class=\"elementor-element elementor-element-d7256b9 elementor-widget elementor-widget-image\" data-id=\"d7256b9\" data-element_type=\"widget\" data-widget_type=\"image.default\">\n\t\t\t\t<div class=\"elementor-widget-container\">\n\t\t\t\t\t\t\t\t\t\t\t\t\t\t\t<img loading=\"lazy\" decoding=\"async\" width=\"931\" height=\"1024\" src=\"https:\/\/atauni.edu.tr\/kariyer\/wp-content\/uploads\/sites\/775\/2023\/09\/WhatsApp-Image-2023-09-19-at-17.39.28-2-931x1024.jpeg\" class=\"attachment-large size-large wp-image-7222\" alt=\"\" srcset=\"https:\/\/atauni.edu.tr\/kariyer\/wp-content\/uploads\/sites\/775\/2023\/09\/WhatsApp-Image-2023-09-19-at-17.39.28-2-931x1024.jpeg 931w, https:\/\/atauni.edu.tr\/kariyer\/wp-content\/uploads\/sites\/775\/2023\/09\/WhatsApp-Image-2023-09-19-at-17.39.28-2-273x300.jpeg 273w, https:\/\/atauni.edu.tr\/kariyer\/wp-content\/uploads\/sites\/775\/2023\/09\/WhatsApp-Image-2023-09-19-at-17.39.28-2-768x845.jpeg 768w, https:\/\/atauni.edu.tr\/kariyer\/wp-content\/uploads\/sites\/775\/2023\/09\/WhatsApp-Image-2023-09-19-at-17.39.28-2-545x600.jpeg 545w, https:\/\/atauni.edu.tr\/kariyer\/wp-content\/uploads\/sites\/775\/2023\/09\/WhatsApp-Image-2023-09-19-at-17.39.28-2-509x560.jpeg 509w, https:\/\/atauni.edu.tr\/kariyer\/wp-content\/uploads\/sites\/775\/2023\/09\/WhatsApp-Image-2023-09-19-at-17.39.28-2.jpeg 1000w\" sizes=\"(max-width: 931px) 100vw, 931px\" \/>\t\t\t\t\t\t\t\t\t\t\t\t\t\t\t<\/div>\n\t\t\t\t<\/div>\n\t\t\t\t\t<\/div>\n\t\t<\/div>\n\t\t\t\t<div class=\"elementor-column elementor-col-50 elementor-top-column elementor-element elementor-element-f18b0c2\" data-id=\"f18b0c2\" data-element_type=\"column\">\n\t\t\t<div class=\"elementor-widget-wrap elementor-element-populated\">\n\t\t\t\t\t\t<div class=\"elementor-element elementor-element-2c8fe8b elementor-widget elementor-widget-image\" data-id=\"2c8fe8b\" data-element_type=\"widget\" data-widget_type=\"image.default\">\n\t\t\t\t<div class=\"elementor-widget-container\">\n\t\t\t\t\t\t\t\t\t\t\t\t\t\t\t\t<a href=\"https:\/\/www.iskur.gov.tr\/iletisim?cityManagerId=18794&#038;generalManagerId=0&#038;kepAddressId=0&#038;tabId=0\" target=\"_blank\">\n\t\t\t\t\t\t\t<img loading=\"lazy\" decoding=\"async\" width=\"931\" height=\"1024\" src=\"https:\/\/atauni.edu.tr\/kariyer\/wp-content\/uploads\/sites\/775\/2023\/09\/WhatsApp-Image-2023-09-19-at-17.39.29-931x1024.jpeg\" class=\"attachment-large size-large wp-image-7225\" alt=\"\" srcset=\"https:\/\/atauni.edu.tr\/kariyer\/wp-content\/uploads\/sites\/775\/2023\/09\/WhatsApp-Image-2023-09-19-at-17.39.29-931x1024.jpeg 931w, https:\/\/atauni.edu.tr\/kariyer\/wp-content\/uploads\/sites\/775\/2023\/09\/WhatsApp-Image-2023-09-19-at-17.39.29-273x300.jpeg 273w, https:\/\/atauni.edu.tr\/kariyer\/wp-content\/uploads\/sites\/775\/2023\/09\/WhatsApp-Image-2023-09-19-at-17.39.29-768x845.jpeg 768w, https:\/\/atauni.edu.tr\/kariyer\/wp-content\/uploads\/sites\/775\/2023\/09\/WhatsApp-Image-2023-09-19-at-17.39.29-545x600.jpeg 545w, https:\/\/atauni.edu.tr\/kariyer\/wp-content\/uploads\/sites\/775\/2023\/09\/WhatsApp-Image-2023-09-19-at-17.39.29-509x560.jpeg 509w, https:\/\/atauni.edu.tr\/kariyer\/wp-content\/uploads\/sites\/775\/2023\/09\/WhatsApp-Image-2023-09-19-at-17.39.29.jpeg 1000w\" sizes=\"(max-width: 931px) 100vw, 931px\" \/>\t\t\t\t\t\t\t\t<\/a>\n\t\t\t\t\t\t\t\t\t\t\t\t\t\t\t<\/div>\n\t\t\t\t<\/div>\n\t\t\t\t\t<\/div>\n\t\t<\/div>\n\t\t\t\t\t<\/div>\n\t\t<\/section>\n\t\t\t\t<section class=\"elementor-section elementor-top-section elementor-element elementor-element-9e95030 elementor-section-boxed elementor-section-height-default elementor-section-height-default\" data-id=\"9e95030\" data-element_type=\"section\">\n\t\t\t\t\t\t<div class=\"elementor-container elementor-column-gap-default\">\n\t\t\t\t\t<div class=\"elementor-column elementor-col-100 elementor-top-column elementor-element elementor-element-db27230\" data-id=\"db27230\" data-element_type=\"column\">\n\t\t\t<div class=\"elementor-widget-wrap elementor-element-populated\">\n\t\t\t\t\t\t<div class=\"elementor-element elementor-element-05522c4 elementor-widget elementor-widget-image\" data-id=\"05522c4\" data-element_type=\"widget\" data-widget_type=\"image.default\">\n\t\t\t\t<div class=\"elementor-widget-container\">\n\t\t\t\t\t\t\t\t\t\t\t\t\t\t\t<img loading=\"lazy\" decoding=\"async\" width=\"1024\" height=\"575\" src=\"https:\/\/atauni.edu.tr\/kariyer\/wp-content\/uploads\/sites\/775\/2023\/09\/WhatsApp-Image-2023-09-19-at-17.39.27-1024x575.jpeg\" class=\"attachment-large size-large wp-image-7220\" alt=\"\" srcset=\"https:\/\/atauni.edu.tr\/kariyer\/wp-content\/uploads\/sites\/775\/2023\/09\/WhatsApp-Image-2023-09-19-at-17.39.27-1024x575.jpeg 1024w, https:\/\/atauni.edu.tr\/kariyer\/wp-content\/uploads\/sites\/775\/2023\/09\/WhatsApp-Image-2023-09-19-at-17.39.27-300x169.jpeg 300w, https:\/\/atauni.edu.tr\/kariyer\/wp-content\/uploads\/sites\/775\/2023\/09\/WhatsApp-Image-2023-09-19-at-17.39.27-768x432.jpeg 768w, https:\/\/atauni.edu.tr\/kariyer\/wp-content\/uploads\/sites\/775\/2023\/09\/WhatsApp-Image-2023-09-19-at-17.39.27-1536x863.jpeg 1536w, https:\/\/atauni.edu.tr\/kariyer\/wp-content\/uploads\/sites\/775\/2023\/09\/WhatsApp-Image-2023-09-19-at-17.39.27-600x337.jpeg 600w, https:\/\/atauni.edu.tr\/kariyer\/wp-content\/uploads\/sites\/775\/2023\/09\/WhatsApp-Image-2023-09-19-at-17.39.27-560x315.jpeg 560w, https:\/\/atauni.edu.tr\/kariyer\/wp-content\/uploads\/sites\/775\/2023\/09\/WhatsApp-Image-2023-09-19-at-17.39.27.jpeg 1600w\" sizes=\"(max-width: 1024px) 100vw, 1024px\" \/>\t\t\t\t\t\t\t\t\t\t\t\t\t\t\t<\/div>\n\t\t\t\t<\/div>\n\t\t\t\t\t<\/div>\n\t\t<\/div>\n\t\t\t\t\t<\/div>\n\t\t<\/section>\n\t\t\t\t<\/div>\n\t\t","protected":false},"excerpt":{"rendered":"<p>Kariyer Planlama ve Mezun \u0130zleme Uygulama ve Ara\u015ft\u0131rma Merkezi koordinat\u00f6rl\u00fc\u011f\u00fcnde her d\u00f6nem d\u00fczenli olarak Kariyer Planlama E\u011fitimleri ve \u0130\u015f Kul\u00fcb\u00fc E\u011fitimleri verilmektedir. Kay\u0131t i\u00e7in merkezimizle ileti\u015fime ge\u00e7meyi unutmay\u0131n. Kariyer Planlama E\u011fitimleri Kariyer Planlama E\u011fitimleri; \u00e7o\u011funlukla fak\u00fclte bazl\u0131 olarak son s\u0131n\u0131f \u00f6\u011frencilerine uygulanan ve bir g\u00fcn s\u00fcren e\u011fitimlerdir. E\u011fitim i\u00e7eri\u011finde; kariyer kavram\u0131, konfor alan\u0131, kendini tan\u0131ma, [&hellip;]<\/p>\n","protected":false},"author":557,"featured_media":0,"parent":0,"menu_order":0,"comment_status":"closed","ping_status":"closed","template":"","meta":{"footnotes":""},"class_list":["post-6767","page","type-page","status-publish","hentry"],"_links":{"self":[{"href":"https:\/\/atauni.edu.tr\/kariyer\/wp-json\/wp\/v2\/pages\/6767","targetHints":{"allow":["GET"]}}],"collection":[{"href":"https:\/\/atauni.edu.tr\/kariyer\/wp-json\/wp\/v2\/pages"}],"about":[{"href":"https:\/\/atauni.edu.tr\/kariyer\/wp-json\/wp\/v2\/types\/page"}],"author":[{"embeddable":true,"href":"https:\/\/atauni.edu.tr\/kariyer\/wp-json\/wp\/v2\/users\/557"}],"replies":[{"embeddable":true,"href":"https:\/\/atauni.edu.tr\/kariyer\/wp-json\/wp\/v2\/comments?post=6767"}],"version-history":[{"count":34,"href":"https:\/\/atauni.edu.tr\/kariyer\/wp-json\/wp\/v2\/pages\/6767\/revisions"}],"predecessor-version":[{"id":7366,"href":"https:\/\/atauni.edu.tr\/kariyer\/wp-json\/wp\/v2\/pages\/6767\/revisions\/7366"}],"wp:attachment":[{"href":"https:\/\/atauni.edu.tr\/kariyer\/wp-json\/wp\/v2\/media?parent=6767"}],"curies":[{"name":"wp","href":"https:\/\/api.w.org\/{rel}","templated":true}]}}