{"id":6778,"date":"2023-09-01T09:23:40","date_gmt":"2023-09-01T06:23:40","guid":{"rendered":"https:\/\/birimler.atauni.edu.tr\/kariyer\/?page_id=6778"},"modified":"2023-09-05T14:58:38","modified_gmt":"2023-09-05T11:58:38","slug":"calistaylar-2","status":"publish","type":"page","link":"https:\/\/atauni.edu.tr\/kariyer\/calistaylar-2\/","title":{"rendered":"\u00c7al\u0131\u015ftaylar"},"content":{"rendered":"\t\t<div data-elementor-type=\"wp-page\" data-elementor-id=\"6778\" class=\"elementor elementor-6778\" data-elementor-post-type=\"page\">\n\t\t\t\t\t\t<section class=\"elementor-section elementor-top-section elementor-element elementor-element-e754668 elementor-section-boxed elementor-section-height-default elementor-section-height-default\" data-id=\"e754668\" data-element_type=\"section\">\n\t\t\t\t\t\t<div class=\"elementor-container elementor-column-gap-default\">\n\t\t\t\t\t<div class=\"elementor-column elementor-col-100 elementor-top-column elementor-element elementor-element-c58b10a\" data-id=\"c58b10a\" data-element_type=\"column\">\n\t\t\t<div class=\"elementor-widget-wrap elementor-element-populated\">\n\t\t\t\t\t\t<div class=\"elementor-element elementor-element-d756694 elementor-widget__width-initial elementor-widget elementor-widget-text-editor\" data-id=\"d756694\" data-element_type=\"widget\" data-widget_type=\"text-editor.default\">\n\t\t\t\t<div class=\"elementor-widget-container\">\n\t\t\t\t\t\t\t\t\t<h3><em>Yeni Nesil \u00dcniversite Vizyonu \u00c7er\u00e7evesinde Mezunlarla \u0130li\u015fkilerin G\u00fc\u00e7lendirilmesi \u00c7al\u0131\u015ftay\u0131<\/em><\/h3><p>Kariyer Planlama ve Mezun \u0130zleme Uygulama ve Ara\u015ft\u0131rma Merkezi taraf\u0131ndan \u00fc\u00e7 a\u015famal\u0131 olarak ger\u00e7ekle\u015ftirilen &#8216;<em>Mezunlarla \u0130li\u015fkilerin G\u00fc\u00e7lendirilmesi \u00c7al\u0131\u015ftay\u0131<\/em>&#8216;, Atat\u00fcrk \u00dcniversitesi mezunlar\u0131n\u0131n mezun olduklar\u0131 \u00fcniversitesine aidiyetlerini art\u0131rmak, mezun olduklar\u0131 \u00fcniversitenin ilgili b\u00f6l\u00fcm\u00fc, di\u011fer akademik ve idari birimleri ile kariyer merkeziyle aras\u0131ndaki ili\u015fkilerinin s\u00fcrd\u00fcr\u00fclebilir olmas\u0131na y\u00f6nelik i\u00e7erik, g\u00f6r\u00fc\u015f ve \u00f6nerilerin belirlenmesi amac\u0131yla ger\u00e7ekle\u015ftirilmi\u015ftir.<\/p>\t\t\t\t\t\t\t\t<\/div>\n\t\t\t\t<\/div>\n\t\t\t\t\t<\/div>\n\t\t<\/div>\n\t\t\t\t\t<\/div>\n\t\t<\/section>\n\t\t\t\t<section class=\"elementor-section elementor-top-section elementor-element elementor-element-217460a elementor-section-boxed elementor-section-height-default elementor-section-height-default\" data-id=\"217460a\" data-element_type=\"section\">\n\t\t\t\t\t\t<div class=\"elementor-container elementor-column-gap-default\">\n\t\t\t\t\t<div class=\"elementor-column elementor-col-100 elementor-top-column elementor-element elementor-element-4b2e3b0\" data-id=\"4b2e3b0\" data-element_type=\"column\">\n\t\t\t<div class=\"elementor-widget-wrap elementor-element-populated\">\n\t\t\t\t\t\t<div class=\"elementor-element elementor-element-7b07158 elementor-widget__width-initial elementor-widget elementor-widget-image\" data-id=\"7b07158\" data-element_type=\"widget\" data-widget_type=\"image.default\">\n\t\t\t\t<div class=\"elementor-widget-container\">\n\t\t\t\t\t\t\t\t\t\t\t\t\t\t\t<img fetchpriority=\"high\" decoding=\"async\" width=\"819\" height=\"1024\" src=\"https:\/\/atauni.edu.tr\/kariyer\/wp-content\/uploads\/sites\/775\/2023\/08\/f880eb1d-47d8-49a0-a7db-23a6669a534d-819x1024.jpg\" class=\"attachment-large size-large wp-image-6699\" alt=\"\" srcset=\"https:\/\/atauni.edu.tr\/kariyer\/wp-content\/uploads\/sites\/775\/2023\/08\/f880eb1d-47d8-49a0-a7db-23a6669a534d-819x1024.jpg 819w, https:\/\/atauni.edu.tr\/kariyer\/wp-content\/uploads\/sites\/775\/2023\/08\/f880eb1d-47d8-49a0-a7db-23a6669a534d-240x300.jpg 240w, https:\/\/atauni.edu.tr\/kariyer\/wp-content\/uploads\/sites\/775\/2023\/08\/f880eb1d-47d8-49a0-a7db-23a6669a534d-768x960.jpg 768w, https:\/\/atauni.edu.tr\/kariyer\/wp-content\/uploads\/sites\/775\/2023\/08\/f880eb1d-47d8-49a0-a7db-23a6669a534d-1229x1536.jpg 1229w, https:\/\/atauni.edu.tr\/kariyer\/wp-content\/uploads\/sites\/775\/2023\/08\/f880eb1d-47d8-49a0-a7db-23a6669a534d-480x600.jpg 480w, https:\/\/atauni.edu.tr\/kariyer\/wp-content\/uploads\/sites\/775\/2023\/08\/f880eb1d-47d8-49a0-a7db-23a6669a534d-448x560.jpg 448w, https:\/\/atauni.edu.tr\/kariyer\/wp-content\/uploads\/sites\/775\/2023\/08\/f880eb1d-47d8-49a0-a7db-23a6669a534d.jpg 1280w\" sizes=\"(max-width: 819px) 100vw, 819px\" \/>\t\t\t\t\t\t\t\t\t\t\t\t\t\t\t<\/div>\n\t\t\t\t<\/div>\n\t\t\t\t<div class=\"elementor-element elementor-element-26a54b3 elementor-widget__width-initial elementor-widget elementor-widget-image\" data-id=\"26a54b3\" data-element_type=\"widget\" data-widget_type=\"image.default\">\n\t\t\t\t<div class=\"elementor-widget-container\">\n\t\t\t\t\t\t\t\t\t\t\t\t\t\t\t<img decoding=\"async\" width=\"819\" height=\"1024\" src=\"https:\/\/atauni.edu.tr\/kariyer\/wp-content\/uploads\/sites\/775\/2023\/08\/b0084ba8-38cc-43c9-ac0c-7289608c94ac-1-819x1024.jpg\" class=\"attachment-large size-large wp-image-6710\" alt=\"\" srcset=\"https:\/\/atauni.edu.tr\/kariyer\/wp-content\/uploads\/sites\/775\/2023\/08\/b0084ba8-38cc-43c9-ac0c-7289608c94ac-1-819x1024.jpg 819w, https:\/\/atauni.edu.tr\/kariyer\/wp-content\/uploads\/sites\/775\/2023\/08\/b0084ba8-38cc-43c9-ac0c-7289608c94ac-1-240x300.jpg 240w, https:\/\/atauni.edu.tr\/kariyer\/wp-content\/uploads\/sites\/775\/2023\/08\/b0084ba8-38cc-43c9-ac0c-7289608c94ac-1-768x961.jpg 768w, https:\/\/atauni.edu.tr\/kariyer\/wp-content\/uploads\/sites\/775\/2023\/08\/b0084ba8-38cc-43c9-ac0c-7289608c94ac-1-1228x1536.jpg 1228w, https:\/\/atauni.edu.tr\/kariyer\/wp-content\/uploads\/sites\/775\/2023\/08\/b0084ba8-38cc-43c9-ac0c-7289608c94ac-1-480x600.jpg 480w, https:\/\/atauni.edu.tr\/kariyer\/wp-content\/uploads\/sites\/775\/2023\/08\/b0084ba8-38cc-43c9-ac0c-7289608c94ac-1-448x560.jpg 448w, https:\/\/atauni.edu.tr\/kariyer\/wp-content\/uploads\/sites\/775\/2023\/08\/b0084ba8-38cc-43c9-ac0c-7289608c94ac-1.jpg 1279w\" sizes=\"(max-width: 819px) 100vw, 819px\" \/>\t\t\t\t\t\t\t\t\t\t\t\t\t\t\t<\/div>\n\t\t\t\t<\/div>\n\t\t\t\t<div class=\"elementor-element elementor-element-20e9233 elementor-widget__width-initial elementor-widget elementor-widget-image\" data-id=\"20e9233\" data-element_type=\"widget\" data-widget_type=\"image.default\">\n\t\t\t\t<div class=\"elementor-widget-container\">\n\t\t\t\t\t\t\t\t\t\t\t\t\t\t\t<img decoding=\"async\" width=\"819\" height=\"1024\" src=\"https:\/\/atauni.edu.tr\/kariyer\/wp-content\/uploads\/sites\/775\/2023\/08\/bbe1d043-e57e-4d88-a8c0-b80db2f25163-819x1024.jpg\" class=\"attachment-large size-large wp-image-6715\" alt=\"\" srcset=\"https:\/\/atauni.edu.tr\/kariyer\/wp-content\/uploads\/sites\/775\/2023\/08\/bbe1d043-e57e-4d88-a8c0-b80db2f25163-819x1024.jpg 819w, https:\/\/atauni.edu.tr\/kariyer\/wp-content\/uploads\/sites\/775\/2023\/08\/bbe1d043-e57e-4d88-a8c0-b80db2f25163-240x300.jpg 240w, https:\/\/atauni.edu.tr\/kariyer\/wp-content\/uploads\/sites\/775\/2023\/08\/bbe1d043-e57e-4d88-a8c0-b80db2f25163-768x961.jpg 768w, https:\/\/atauni.edu.tr\/kariyer\/wp-content\/uploads\/sites\/775\/2023\/08\/bbe1d043-e57e-4d88-a8c0-b80db2f25163-1228x1536.jpg 1228w, https:\/\/atauni.edu.tr\/kariyer\/wp-content\/uploads\/sites\/775\/2023\/08\/bbe1d043-e57e-4d88-a8c0-b80db2f25163-480x600.jpg 480w, https:\/\/atauni.edu.tr\/kariyer\/wp-content\/uploads\/sites\/775\/2023\/08\/bbe1d043-e57e-4d88-a8c0-b80db2f25163-448x560.jpg 448w, https:\/\/atauni.edu.tr\/kariyer\/wp-content\/uploads\/sites\/775\/2023\/08\/bbe1d043-e57e-4d88-a8c0-b80db2f25163.jpg 1279w\" sizes=\"(max-width: 819px) 100vw, 819px\" \/>\t\t\t\t\t\t\t\t\t\t\t\t\t\t\t<\/div>\n\t\t\t\t<\/div>\n\t\t\t\t\t<\/div>\n\t\t<\/div>\n\t\t\t\t\t<\/div>\n\t\t<\/section>\n\t\t\t\t<\/div>\n\t\t","protected":false},"excerpt":{"rendered":"<p>Yeni Nesil \u00dcniversite Vizyonu \u00c7er\u00e7evesinde Mezunlarla \u0130li\u015fkilerin G\u00fc\u00e7lendirilmesi \u00c7al\u0131\u015ftay\u0131 Kariyer Planlama ve Mezun \u0130zleme Uygulama ve Ara\u015ft\u0131rma Merkezi taraf\u0131ndan \u00fc\u00e7 a\u015famal\u0131 olarak ger\u00e7ekle\u015ftirilen &#8216;Mezunlarla \u0130li\u015fkilerin G\u00fc\u00e7lendirilmesi \u00c7al\u0131\u015ftay\u0131&#8216;, Atat\u00fcrk \u00dcniversitesi mezunlar\u0131n\u0131n mezun olduklar\u0131 \u00fcniversitesine aidiyetlerini art\u0131rmak, mezun olduklar\u0131 \u00fcniversitenin ilgili b\u00f6l\u00fcm\u00fc, di\u011fer akademik ve idari birimleri ile kariyer merkeziyle aras\u0131ndaki ili\u015fkilerinin s\u00fcrd\u00fcr\u00fclebilir olmas\u0131na y\u00f6nelik i\u00e7erik, g\u00f6r\u00fc\u015f [&hellip;]<\/p>\n","protected":false},"author":557,"featured_media":0,"parent":0,"menu_order":0,"comment_status":"closed","ping_status":"closed","template":"","meta":{"footnotes":""},"class_list":["post-6778","page","type-page","status-publish","hentry"],"_links":{"self":[{"href":"https:\/\/atauni.edu.tr\/kariyer\/wp-json\/wp\/v2\/pages\/6778","targetHints":{"allow":["GET"]}}],"collection":[{"href":"https:\/\/atauni.edu.tr\/kariyer\/wp-json\/wp\/v2\/pages"}],"about":[{"href":"https:\/\/atauni.edu.tr\/kariyer\/wp-json\/wp\/v2\/types\/page"}],"author":[{"embeddable":true,"href":"https:\/\/atauni.edu.tr\/kariyer\/wp-json\/wp\/v2\/users\/557"}],"replies":[{"embeddable":true,"href":"https:\/\/atauni.edu.tr\/kariyer\/wp-json\/wp\/v2\/comments?post=6778"}],"version-history":[{"count":31,"href":"https:\/\/atauni.edu.tr\/kariyer\/wp-json\/wp\/v2\/pages\/6778\/revisions"}],"predecessor-version":[{"id":7002,"href":"https:\/\/atauni.edu.tr\/kariyer\/wp-json\/wp\/v2\/pages\/6778\/revisions\/7002"}],"wp:attachment":[{"href":"https:\/\/atauni.edu.tr\/kariyer\/wp-json\/wp\/v2\/media?parent=6778"}],"curies":[{"name":"wp","href":"https:\/\/api.w.org\/{rel}","templated":true}]}}