{"id":6789,"date":"2023-09-01T09:33:56","date_gmt":"2023-09-01T06:33:56","guid":{"rendered":"https:\/\/birimler.atauni.edu.tr\/kariyer\/?page_id=6789"},"modified":"2023-09-18T16:01:25","modified_gmt":"2023-09-18T13:01:25","slug":"mezun-bilgi-sistemi-2","status":"publish","type":"page","link":"https:\/\/atauni.edu.tr\/kariyer\/mezun-bilgi-sistemi-2\/","title":{"rendered":"Mezun Bilgi Sistemi"},"content":{"rendered":"\t\t<div data-elementor-type=\"wp-page\" data-elementor-id=\"6789\" class=\"elementor elementor-6789\" data-elementor-post-type=\"page\">\n\t\t\t\t\t\t<section class=\"elementor-section elementor-top-section elementor-element elementor-element-a26b1f1 elementor-section-boxed elementor-section-height-default elementor-section-height-default\" data-id=\"a26b1f1\" data-element_type=\"section\">\n\t\t\t\t\t\t<div class=\"elementor-container elementor-column-gap-default\">\n\t\t\t\t\t<div class=\"elementor-column elementor-col-100 elementor-top-column elementor-element elementor-element-caf939e\" data-id=\"caf939e\" data-element_type=\"column\">\n\t\t\t<div class=\"elementor-widget-wrap elementor-element-populated\">\n\t\t\t\t\t\t<div class=\"elementor-element elementor-element-140bab8 elementor-widget elementor-widget-text-editor\" data-id=\"140bab8\" data-element_type=\"widget\" data-widget_type=\"text-editor.default\">\n\t\t\t\t<div class=\"elementor-widget-container\">\n\t\t\t\t\t\t\t\t\t<p>\u00dcniversitemizden mezun olan bireyler \u00fcniversitemizin devaml\u0131l\u0131\u011f\u0131 ve s\u00fcrd\u00fcr\u00fclebilirli\u011fi a\u00e7\u0131s\u0131ndan b\u00fcy\u00fck \u00f6nem ta\u015f\u0131maktad\u0131r. Uzaktan ve y\u00fcz y\u00fcze \u00f6\u011fretim yoluyla e\u011fitim veren \u00fcniversitemiz i\u00e7in mezun insan kayna\u011f\u0131 ile ileti\u015fimini s\u00fcrd\u00fcrme, ihtiya\u00e7 duyulan e\u011fitimleri g\u00fcncelleme, e\u011fitim programlar\u0131 i\u00e7in geri bildirimlerden istifade edebilme, mevcut i\u015f g\u00fcc\u00fc piyasas\u0131na nitelikle mezunlar\u0131m\u0131zla katk\u0131 sa\u011flayabilmede Mezun Bilgi Sistemi aktif\u00a0 bir rol oynamaktad\u0131r. Bu sayede hem mezun aday\u0131 \u00f6\u011frencilerimiz mezun deneyimlerinden faydalanabilmekte hem de mezun \u00f6\u011frencilerimiz fak\u00fclte ya da birimleri ile ili\u015fkilerini devam ettirerek ihtiya\u00e7 duyduklar\u0131 sekt\u00f6rel becerileri edinmelerinde ve i\u015f piyasas\u0131na giri\u015fimlerinde yol g\u00f6sterici hizmetlerden yararlanarak \u00fcniversitesiyle olan ba\u011f\u0131n\u0131 daha g\u00fc\u00e7l\u00fc hale getirebilmektedir.\u00a0<\/p>\t\t\t\t\t\t\t\t<\/div>\n\t\t\t\t<\/div>\n\t\t\t\t\t<\/div>\n\t\t<\/div>\n\t\t\t\t\t<\/div>\n\t\t<\/section>\n\t\t\t\t<section class=\"elementor-section elementor-top-section elementor-element elementor-element-71118f4 elementor-section-boxed elementor-section-height-default elementor-section-height-default\" data-id=\"71118f4\" data-element_type=\"section\">\n\t\t\t\t\t\t<div class=\"elementor-container elementor-column-gap-default\">\n\t\t\t\t\t<div class=\"elementor-column elementor-col-100 elementor-top-column elementor-element elementor-element-b1cc0a4\" data-id=\"b1cc0a4\" data-element_type=\"column\">\n\t\t\t<div class=\"elementor-widget-wrap elementor-element-populated\">\n\t\t\t\t\t\t<div class=\"elementor-element elementor-element-d02d499 elementor-widget elementor-widget-image\" data-id=\"d02d499\" data-element_type=\"widget\" data-widget_type=\"image.default\">\n\t\t\t\t<div class=\"elementor-widget-container\">\n\t\t\t\t\t\t\t\t\t\t\t\t<figure class=\"wp-caption\">\n\t\t\t\t\t\t\t\t\t\t\t<a href=\"https:\/\/mezun.atauni.edu.tr\/login\/kontrol\" target=\"_blank\">\n\t\t\t\t\t\t\t<img fetchpriority=\"high\" decoding=\"async\" width=\"819\" height=\"1024\" src=\"https:\/\/atauni.edu.tr\/kariyer\/wp-content\/uploads\/sites\/775\/2023\/09\/WhatsApp-Image-2023-09-13-at-11.25.11-819x1024.jpeg\" class=\"attachment-large size-large wp-image-7089\" alt=\"\" srcset=\"https:\/\/atauni.edu.tr\/kariyer\/wp-content\/uploads\/sites\/775\/2023\/09\/WhatsApp-Image-2023-09-13-at-11.25.11-819x1024.jpeg 819w, https:\/\/atauni.edu.tr\/kariyer\/wp-content\/uploads\/sites\/775\/2023\/09\/WhatsApp-Image-2023-09-13-at-11.25.11-240x300.jpeg 240w, https:\/\/atauni.edu.tr\/kariyer\/wp-content\/uploads\/sites\/775\/2023\/09\/WhatsApp-Image-2023-09-13-at-11.25.11-768x960.jpeg 768w, https:\/\/atauni.edu.tr\/kariyer\/wp-content\/uploads\/sites\/775\/2023\/09\/WhatsApp-Image-2023-09-13-at-11.25.11-480x600.jpeg 480w, https:\/\/atauni.edu.tr\/kariyer\/wp-content\/uploads\/sites\/775\/2023\/09\/WhatsApp-Image-2023-09-13-at-11.25.11-448x560.jpeg 448w, https:\/\/atauni.edu.tr\/kariyer\/wp-content\/uploads\/sites\/775\/2023\/09\/WhatsApp-Image-2023-09-13-at-11.25.11.jpeg 1024w\" sizes=\"(max-width: 819px) 100vw, 819px\" \/>\t\t\t\t\t\t\t\t<\/a>\n\t\t\t\t\t\t\t\t\t\t\t<figcaption class=\"widget-image-caption wp-caption-text\">Mezun Bilgi Sistemine Kay\u0131t Ol<\/figcaption>\n\t\t\t\t\t\t\t\t\t\t<\/figure>\n\t\t\t\t\t\t\t\t\t<\/div>\n\t\t\t\t<\/div>\n\t\t\t\t\t<\/div>\n\t\t<\/div>\n\t\t\t\t\t<\/div>\n\t\t<\/section>\n\t\t\t\t<\/div>\n\t\t","protected":false},"excerpt":{"rendered":"<p>\u00dcniversitemizden mezun olan bireyler \u00fcniversitemizin devaml\u0131l\u0131\u011f\u0131 ve s\u00fcrd\u00fcr\u00fclebilirli\u011fi a\u00e7\u0131s\u0131ndan b\u00fcy\u00fck \u00f6nem ta\u015f\u0131maktad\u0131r. Uzaktan ve y\u00fcz y\u00fcze \u00f6\u011fretim yoluyla e\u011fitim veren \u00fcniversitemiz i\u00e7in mezun insan kayna\u011f\u0131 ile ileti\u015fimini s\u00fcrd\u00fcrme, ihtiya\u00e7 duyulan e\u011fitimleri g\u00fcncelleme, e\u011fitim programlar\u0131 i\u00e7in geri bildirimlerden istifade edebilme, mevcut i\u015f g\u00fcc\u00fc piyasas\u0131na nitelikle mezunlar\u0131m\u0131zla katk\u0131 sa\u011flayabilmede Mezun Bilgi Sistemi aktif\u00a0 bir rol oynamaktad\u0131r. Bu [&hellip;]<\/p>\n","protected":false},"author":557,"featured_media":0,"parent":0,"menu_order":0,"comment_status":"closed","ping_status":"closed","template":"","meta":{"footnotes":""},"class_list":["post-6789","page","type-page","status-publish","hentry"],"_links":{"self":[{"href":"https:\/\/atauni.edu.tr\/kariyer\/wp-json\/wp\/v2\/pages\/6789","targetHints":{"allow":["GET"]}}],"collection":[{"href":"https:\/\/atauni.edu.tr\/kariyer\/wp-json\/wp\/v2\/pages"}],"about":[{"href":"https:\/\/atauni.edu.tr\/kariyer\/wp-json\/wp\/v2\/types\/page"}],"author":[{"embeddable":true,"href":"https:\/\/atauni.edu.tr\/kariyer\/wp-json\/wp\/v2\/users\/557"}],"replies":[{"embeddable":true,"href":"https:\/\/atauni.edu.tr\/kariyer\/wp-json\/wp\/v2\/comments?post=6789"}],"version-history":[{"count":16,"href":"https:\/\/atauni.edu.tr\/kariyer\/wp-json\/wp\/v2\/pages\/6789\/revisions"}],"predecessor-version":[{"id":7154,"href":"https:\/\/atauni.edu.tr\/kariyer\/wp-json\/wp\/v2\/pages\/6789\/revisions\/7154"}],"wp:attachment":[{"href":"https:\/\/atauni.edu.tr\/kariyer\/wp-json\/wp\/v2\/media?parent=6789"}],"curies":[{"name":"wp","href":"https:\/\/api.w.org\/{rel}","templated":true}]}}