{"id":6793,"date":"2023-09-01T09:43:18","date_gmt":"2023-09-01T06:43:18","guid":{"rendered":"https:\/\/birimler.atauni.edu.tr\/kariyer\/?page_id=6793"},"modified":"2023-09-27T11:22:41","modified_gmt":"2023-09-27T08:22:41","slug":"ulusal-staj-programi","status":"publish","type":"page","link":"https:\/\/atauni.edu.tr\/kariyer\/ulusal-staj-programi\/","title":{"rendered":"Ulusal Staj Program\u0131"},"content":{"rendered":"\t\t<div data-elementor-type=\"wp-page\" data-elementor-id=\"6793\" class=\"elementor elementor-6793\" data-elementor-post-type=\"page\">\n\t\t\t\t\t\t<section class=\"elementor-section elementor-top-section elementor-element elementor-element-0d2e8a5 elementor-section-boxed elementor-section-height-default elementor-section-height-default\" data-id=\"0d2e8a5\" data-element_type=\"section\">\n\t\t\t\t\t\t<div class=\"elementor-container elementor-column-gap-default\">\n\t\t\t\t\t<div class=\"elementor-column elementor-col-100 elementor-top-column elementor-element elementor-element-7fa215d\" data-id=\"7fa215d\" data-element_type=\"column\">\n\t\t\t<div class=\"elementor-widget-wrap elementor-element-populated\">\n\t\t\t\t\t\t<div class=\"elementor-element elementor-element-55381c6 elementor-widget elementor-widget-text-editor\" data-id=\"55381c6\" data-element_type=\"widget\" data-widget_type=\"text-editor.default\">\n\t\t\t\t<div class=\"elementor-widget-container\">\n\t\t\t\t\t\t\t\t\t<p><span style=\"font-size: 12.0pt;line-height: 107%\">Ulusal staj program\u0131, Cumhurba\u015fkanl\u0131\u011f\u0131 \u0130nsan Kaynaklar\u0131 Ofisi taraf\u0131ndan geli\u015ftirilen ve y\u00fcr\u00fct\u00fclen, deneyim sahibi olmak isteyen \u00f6\u011frencilerle kurumlar\u0131 bulu\u015fturmay\u0131 hedefleyen bir programd\u0131r.<\/span><\/p><p style=\"text-align: justify\"><span style=\"font-size: 12.0pt;line-height: 107%\">Lisans programlar\u0131nda 2.,3. ve 4. s\u0131n\u0131flardan, \u00f6n lisans programlar\u0131nda 1. ve 2. s\u0131n\u0131flardan (ortalamas\u0131 4 \u00fczerinden 2 olan) \u00f6\u011frenciler programa ba\u015fvurabilirler. Ba\u015fvurular <a href=\"https:\/\/isealimkariyerkapisi.cbiko.gov.tr\/\" target=\"_blank\" rel=\"noopener\">kariyer kap\u0131s\u0131<\/a> \u00fczerinden ger\u00e7ekle\u015ftirilmektedir.<b><\/b><\/span><\/p><p style=\"text-align: justify\"><span style=\"font-size: 12.0pt;line-height: 107%\">\u00dcniversitelerde, program\u0131n y\u00fcr\u00fct\u00fclmesinden sorumlu birimler kariyer merkezleridir. Kariyer merkezleri, belge kontrol s\u00fcrecini y\u00f6netme ve \u00fcniversite i\u00e7i birimler i\u00e7in \u00f6\u011frencilere teklif g\u00f6nderme s\u00fcre\u00e7lerinden sorumludur. \u00dcniversite d\u0131\u015f\u0131 kurumlar, \u00f6\u011frencilere teklifleri kendi sistemleri \u00fczerinden g\u00f6ndermekte ve kariyer merkezlerinin bu s\u00fcrece herhangi bir m\u00fcdahalesi s\u00f6z konusu olmamaktad\u0131r. <\/span><\/p><p style=\"text-align: justify\"><span style=\"font-size: 12.0pt;line-height: 107%\">Programa ba\u015fvuru sa\u011flayan \u00f6\u011frenciler, y\u00fckledikleri belgeler ve birtak\u0131m \u00f6zellikleri dolay\u0131s\u0131 ile sistem taraf\u0131ndan puanlanmaktad\u0131rlar. Teklif g\u00f6nderme s\u00fcrecinde \u00f6\u011frencilerin isim ve \u00fcniversite bilgileri, \u015feffafl\u0131k ilkesi gere\u011fince g\u00f6r\u00fclmemekte ve \u00f6\u011frenciler puanlar\u0131na g\u00f6re s\u0131ralanmaktad\u0131rlar.<\/span><\/p><p style=\"text-align: justify\"><span style=\"font-size: 12.0pt;line-height: 107%\">Programa ba\u015fvuru sa\u011flayan her \u00f6\u011frenci i\u00e7in teklif alma garantisi s\u00f6z konusu de\u011fildir. Her kurum kendi kontenjan\u0131n\u0131 belirlemekte ve o kadar say\u0131da \u00f6\u011frenciye teklif g\u00f6ndermektedir. Ayn\u0131 \u015fekilde kariyer merkezleri de, \u00fcniversite i\u00e7in belirlenen kontenjan s\u0131n\u0131rlar\u0131 i\u00e7erisinde \u00fcniversitenin \u00e7e\u015fitli birimleri i\u00e7in \u00f6\u011frencilere teklif g\u00f6ndermektedir. Dolay\u0131s\u0131yla, zorunlu staj\u0131 olan \u00f6\u011frencilerin staj yapacaklar\u0131 kuruma ba\u015fvuru yapmalar\u0131 \u00f6ncelikle kendi sorumluluklar\u0131ndad\u0131r, bu \u00f6\u011frencilerin herhangi bir ayarlama yapmaks\u0131z\u0131n Ulusal Staj Program\u0131ndan teklif beklemeleri, kontenjan k\u0131s\u0131t\u0131 nedeniyle zaman kayb\u0131na yol a\u00e7abilmekte hatta teklif almamalar\u0131 durumunda zorunlu stajlar\u0131 tehlikeye d\u00fc\u015febilmektedir. <\/span><\/p><p style=\"text-align: justify\"><span style=\"font-size: 12.0pt;line-height: 107%\">Staja kabul edilen \u00f6\u011frencilerin sigortalar\u0131 kendi \u00fcniversiteleri taraf\u0131ndan yap\u0131lmakta, staj \u00fccretleri ise staj\u0131 yapt\u0131ran kurum taraf\u0131ndan \u00f6denmektedir.\u00a0<\/span><\/p><p style=\"text-align: justify\">Ulusal staj program\u0131ndan yararlanabilmek i\u00e7in <a style=\"font-family: var( --e-global-typography-text-font-family ), Sans-serif;font-weight: var( --e-global-typography-text-font-weight );background-color: #ffffff;letter-spacing: 0px;text-align: left\" href=\"https:\/\/kariyerkapisi.cbiko.gov.tr\/\" target=\"_blank\" rel=\"noopener\">Kariyer Kap\u0131s\u0131 (cbiko.gov.tr)<\/a>\u00a0sayfas\u0131n\u0131\u00a0ziyaret edebilirsiniz.<\/p>\t\t\t\t\t\t\t\t<\/div>\n\t\t\t\t<\/div>\n\t\t\t\t\t<\/div>\n\t\t<\/div>\n\t\t\t\t\t<\/div>\n\t\t<\/section>\n\t\t\t\t<\/div>\n\t\t","protected":false},"excerpt":{"rendered":"<p>Ulusal staj program\u0131, Cumhurba\u015fkanl\u0131\u011f\u0131 \u0130nsan Kaynaklar\u0131 Ofisi taraf\u0131ndan geli\u015ftirilen ve y\u00fcr\u00fct\u00fclen, deneyim sahibi olmak isteyen \u00f6\u011frencilerle kurumlar\u0131 bulu\u015fturmay\u0131 hedefleyen bir programd\u0131r. Lisans programlar\u0131nda 2.,3. ve 4. s\u0131n\u0131flardan, \u00f6n lisans programlar\u0131nda 1. ve 2. s\u0131n\u0131flardan (ortalamas\u0131 4 \u00fczerinden 2 olan) \u00f6\u011frenciler programa ba\u015fvurabilirler. Ba\u015fvurular kariyer kap\u0131s\u0131 \u00fczerinden ger\u00e7ekle\u015ftirilmektedir. \u00dcniversitelerde, program\u0131n y\u00fcr\u00fct\u00fclmesinden sorumlu birimler kariyer merkezleridir. Kariyer [&hellip;]<\/p>\n","protected":false},"author":557,"featured_media":0,"parent":0,"menu_order":0,"comment_status":"closed","ping_status":"closed","template":"","meta":{"footnotes":""},"class_list":["post-6793","page","type-page","status-publish","hentry"],"_links":{"self":[{"href":"https:\/\/atauni.edu.tr\/kariyer\/wp-json\/wp\/v2\/pages\/6793","targetHints":{"allow":["GET"]}}],"collection":[{"href":"https:\/\/atauni.edu.tr\/kariyer\/wp-json\/wp\/v2\/pages"}],"about":[{"href":"https:\/\/atauni.edu.tr\/kariyer\/wp-json\/wp\/v2\/types\/page"}],"author":[{"embeddable":true,"href":"https:\/\/atauni.edu.tr\/kariyer\/wp-json\/wp\/v2\/users\/557"}],"replies":[{"embeddable":true,"href":"https:\/\/atauni.edu.tr\/kariyer\/wp-json\/wp\/v2\/comments?post=6793"}],"version-history":[{"count":28,"href":"https:\/\/atauni.edu.tr\/kariyer\/wp-json\/wp\/v2\/pages\/6793\/revisions"}],"predecessor-version":[{"id":7391,"href":"https:\/\/atauni.edu.tr\/kariyer\/wp-json\/wp\/v2\/pages\/6793\/revisions\/7391"}],"wp:attachment":[{"href":"https:\/\/atauni.edu.tr\/kariyer\/wp-json\/wp\/v2\/media?parent=6793"}],"curies":[{"name":"wp","href":"https:\/\/api.w.org\/{rel}","templated":true}]}}