{"id":6912,"date":"2023-09-04T14:25:16","date_gmt":"2023-09-04T11:25:16","guid":{"rendered":"https:\/\/birimler.atauni.edu.tr\/kariyer\/?page_id=6912"},"modified":"2023-09-04T14:27:50","modified_gmt":"2023-09-04T11:27:50","slug":"is-arama-yontemleri","status":"publish","type":"page","link":"https:\/\/atauni.edu.tr\/kariyer\/is-arama-yontemleri\/","title":{"rendered":"\u0130\u015f Arama Y\u00f6ntemleri"},"content":{"rendered":"\t\t<div data-elementor-type=\"wp-page\" data-elementor-id=\"6912\" class=\"elementor elementor-6912\" data-elementor-post-type=\"page\">\n\t\t\t\t\t\t<section class=\"elementor-section elementor-top-section elementor-element elementor-element-58d56ee elementor-section-boxed elementor-section-height-default elementor-section-height-default\" data-id=\"58d56ee\" data-element_type=\"section\">\n\t\t\t\t\t\t<div class=\"elementor-container elementor-column-gap-default\">\n\t\t\t\t\t<div class=\"elementor-column elementor-col-100 elementor-top-column elementor-element elementor-element-c9ee132\" data-id=\"c9ee132\" data-element_type=\"column\">\n\t\t\t<div class=\"elementor-widget-wrap elementor-element-populated\">\n\t\t\t\t\t\t<div class=\"elementor-element elementor-element-2e0e089 elementor-widget elementor-widget-text-editor\" data-id=\"2e0e089\" data-element_type=\"widget\" data-widget_type=\"text-editor.default\">\n\t\t\t\t<div class=\"elementor-widget-container\">\n\t\t\t\t\t\t\t\t\t<p><strong>\u0130\u015f Arama Y\u00f6ntemleri E\u011fitimleri (\u00d6zge\u00e7mi\u015f haz\u0131rlama,\u00a0m\u00fclakatlara haz\u0131rlanma vb.)<\/strong><\/p><p>Bu e\u011fitimler sayesinde\u00a0\u00f6\u011frencilerin gelecekteki i\u015f veya staj aray\u0131\u015f\u0131nda ihtiya\u00e7lar\u0131 olan teknik bilgi ve y\u00f6ntemler hakk\u0131nda bilgilerini geli\u015ftirmeleri ama\u00e7lanmaktad\u0131r.\u00a0<\/p><p><strong>Giri\u015fimcilik ve Proje Y\u00f6netimi E\u011fitimleri<\/strong><\/p><p>Farkl\u0131 kurumlarla i\u015fbirli\u011fi i\u00e7inde i\u015f geli\u015ftirme ve giri\u015fimcilik konular\u0131nda \u00f6\u011frencilerin e\u011fitimlere eri\u015fimlerini sa\u011flamak; \u00f6\u011frencilerin proje haz\u0131rlama, y\u00f6netme ve uygulama\u00a0 becerilerini geli\u015ftirmek ama\u00e7lanmaktad\u0131r.<\/p><p><strong>\u00c7al\u0131\u015fma Hayat\u0131 Yetkinlikleri E\u011fitimleri<\/strong><\/p><p>\u00d6\u011frencilerin istihdam edilebilirliklerini kolayla\u015ft\u0131ran yetkinlik ve becerilerinin<\/p><p>geli\u015ftirilmesine y\u00f6nelik e\u011fitimler (tak\u0131m \u00e7al\u0131\u015fmas\u0131,\u00a0planlama ve organizasyon,\u00a0zaman y\u00f6netimi ve organizasyon, problem \u00e7\u00f6zme, ileti\u015fim becerileri) verilmesi ama\u00e7lanmaktad\u0131r.<\/p><p><strong>Saha \u00c7al\u0131\u015fmalar\u0131 ve Uygulamal\u0131 E\u011fitimler\u00a0<\/strong><\/p><p>\u0130\u015fverenlere resmi ve gayri resmi ziyaretlerin d\u00fczenlenmesi, meslek tan\u0131t\u0131m g\u00fcnleri d\u00fczenlenmesi, mezunlar\u0131n kat\u0131l\u0131m\u0131yla mesleki konular\u0131n tart\u0131\u015f\u0131ld\u0131\u011f\u0131 toplant\u0131lar\u0131n d\u00fczenlenmesi ama\u00e7lanmaktad\u0131r.<\/p><p><strong>Di\u011fer Faaliyetlerimiz<\/strong><\/p><p>\u00d6\u011frencilerimizi kariyer hizmetleri konusunda bilgilendirmek ve kariyer planlar\u0131n\u0131 yapmalar\u0131 i\u00e7in te\u015fvik etmek amac\u0131yla\u00a0<strong>kariyer dan\u0131\u015fmanl\u0131\u011f\u0131<\/strong> hizmeti verilmesi,\u00a0<\/p><p>\u0130\u015eKUR i\u015fbirli\u011fiyle d\u00fczenlenen\u00a0<strong>\u0130\u015f Kul\u00fcb\u00fc E\u011fitimleri<\/strong>\u00a0sayesinde \u00f6\u011frencilerin gelecekteki i\u015f veya staj aray\u0131\u015f\u0131nda ihtiya\u00e7lar\u0131 olan teknik bilgi ve y\u00f6ntemler hakk\u0131nda bilgilerinin geli\u015ftirilmesi,<\/p><p>\u00d6\u011frencilerden olu\u015fan\u00a0<strong>Proje Ekibi<\/strong>\u00a0sayesinde \u00f6\u011frencilerin proje haz\u0131rlama, y\u00f6netme ve uygulama becerilerini geli\u015ftirilmesi,<\/p><p>\u00d6\u011frencilerin yabanc\u0131 diller becerilerini art\u0131rmay\u0131 ama\u00e7layan\u00a0<strong>Konu\u015fma Kul\u00fcpleri<\/strong>\u00a0olu\u015fturulmas\u0131,<\/p><p>Alan\u0131nda uzman meslek profesyonellerinin kat\u0131l\u0131m\u0131yla\u00a0<strong>Kariyer sohbetleri<\/strong>\u00a0etkinliklerinin d\u00fczenlenmesi,<\/p><p><strong>Kariyer Kul\u00fcpleri<\/strong>\u00a0ve di\u011fer\u00a0<strong>\u00f6\u011frenci kul\u00fcpleri<\/strong>nin faaliyetlerinin desteklenmesi,<\/p><div id=\"themesflat-content\" class=\"page-wrap sidebar-right\"><div class=\"container content-wrapper\"><div class=\"row\"><div class=\"col-md-12\"><div id=\"primary\" class=\"content-area sidebar-right\"><main id=\"main\" class=\"post-wrap\" role=\"main\"><article id=\"post-1740\" class=\"post-1740 page type-page status-publish hentry\"><div class=\"entry-content\"><p>Merkezimiz b\u00fcnyesinde bulunan\u00a0<strong>Mezun \u0130zleme Birimi<\/strong> arac\u0131l\u0131\u011f\u0131yla mezunlar\u0131m\u0131z\u0131n merkezimiz etkinliklerine dahil edilmesi ve mezun bulu\u015fmalar\u0131n\u0131n d\u00fczenlenmesi.<\/p><\/div><\/article><\/main><\/div><\/div><\/div><\/div><\/div><p>\u00a0<\/p>\t\t\t\t\t\t\t\t<\/div>\n\t\t\t\t<\/div>\n\t\t\t\t\t<\/div>\n\t\t<\/div>\n\t\t\t\t\t<\/div>\n\t\t<\/section>\n\t\t\t\t<\/div>\n\t\t","protected":false},"excerpt":{"rendered":"<p>\u0130\u015f Arama Y\u00f6ntemleri E\u011fitimleri (\u00d6zge\u00e7mi\u015f haz\u0131rlama,\u00a0m\u00fclakatlara haz\u0131rlanma vb.) Bu e\u011fitimler sayesinde\u00a0\u00f6\u011frencilerin gelecekteki i\u015f veya staj aray\u0131\u015f\u0131nda ihtiya\u00e7lar\u0131 olan teknik bilgi ve y\u00f6ntemler hakk\u0131nda bilgilerini geli\u015ftirmeleri ama\u00e7lanmaktad\u0131r.\u00a0 Giri\u015fimcilik ve Proje Y\u00f6netimi E\u011fitimleri Farkl\u0131 kurumlarla i\u015fbirli\u011fi i\u00e7inde i\u015f geli\u015ftirme ve giri\u015fimcilik konular\u0131nda \u00f6\u011frencilerin e\u011fitimlere eri\u015fimlerini sa\u011flamak; \u00f6\u011frencilerin proje haz\u0131rlama, y\u00f6netme ve uygulama\u00a0 becerilerini geli\u015ftirmek ama\u00e7lanmaktad\u0131r. \u00c7al\u0131\u015fma Hayat\u0131 [&hellip;]<\/p>\n","protected":false},"author":557,"featured_media":0,"parent":0,"menu_order":0,"comment_status":"closed","ping_status":"closed","template":"","meta":{"footnotes":""},"class_list":["post-6912","page","type-page","status-publish","hentry"],"_links":{"self":[{"href":"https:\/\/atauni.edu.tr\/kariyer\/wp-json\/wp\/v2\/pages\/6912","targetHints":{"allow":["GET"]}}],"collection":[{"href":"https:\/\/atauni.edu.tr\/kariyer\/wp-json\/wp\/v2\/pages"}],"about":[{"href":"https:\/\/atauni.edu.tr\/kariyer\/wp-json\/wp\/v2\/types\/page"}],"author":[{"embeddable":true,"href":"https:\/\/atauni.edu.tr\/kariyer\/wp-json\/wp\/v2\/users\/557"}],"replies":[{"embeddable":true,"href":"https:\/\/atauni.edu.tr\/kariyer\/wp-json\/wp\/v2\/comments?post=6912"}],"version-history":[{"count":4,"href":"https:\/\/atauni.edu.tr\/kariyer\/wp-json\/wp\/v2\/pages\/6912\/revisions"}],"predecessor-version":[{"id":6916,"href":"https:\/\/atauni.edu.tr\/kariyer\/wp-json\/wp\/v2\/pages\/6912\/revisions\/6916"}],"wp:attachment":[{"href":"https:\/\/atauni.edu.tr\/kariyer\/wp-json\/wp\/v2\/media?parent=6912"}],"curies":[{"name":"wp","href":"https:\/\/api.w.org\/{rel}","templated":true}]}}