{"id":8860,"date":"2025-05-22T10:30:08","date_gmt":"2025-05-22T07:30:08","guid":{"rendered":"https:\/\/birimler.atauni.edu.tr\/kariyer\/?page_id=8860"},"modified":"2025-05-22T10:40:17","modified_gmt":"2025-05-22T07:40:17","slug":"stratejik-plan","status":"publish","type":"page","link":"https:\/\/atauni.edu.tr\/kariyer\/stratejik-plan\/","title":{"rendered":"Stratejik Plan"},"content":{"rendered":"\t\t<div data-elementor-type=\"wp-page\" data-elementor-id=\"8860\" class=\"elementor elementor-8860\" data-elementor-post-type=\"page\">\n\t\t\t\t\t\t<section class=\"elementor-section elementor-top-section elementor-element elementor-element-518a274 elementor-section-boxed elementor-section-height-default elementor-section-height-default\" data-id=\"518a274\" data-element_type=\"section\">\n\t\t\t\t\t\t<div class=\"elementor-container elementor-column-gap-default\">\n\t\t\t\t\t<div class=\"elementor-column elementor-col-100 elementor-top-column elementor-element elementor-element-2d9fa49\" data-id=\"2d9fa49\" data-element_type=\"column\">\n\t\t\t<div class=\"elementor-widget-wrap elementor-element-populated\">\n\t\t\t\t\t\t<div class=\"elementor-element elementor-element-0fd0d1f elementor-widget elementor-widget-html\" data-id=\"0fd0d1f\" data-element_type=\"widget\" data-widget_type=\"html.default\">\n\t\t\t\t<div class=\"elementor-widget-container\">\n\t\t\t\t\t\n    Taray\u0131c\u0131n\u0131z PDF g\u00f6r\u00fcnt\u00fclemeyi desteklemiyor. \n    <a href=\"https:\/\/birimler.atauni.edu.tr\/kariyer\/wp-content\/uploads\/sites\/775\/2025\/05\/Stratejik-Plan_Atakarmer.pdf\" target=\"_blank\">\n        PDF\u2019yi g\u00f6r\u00fcnt\u00fclemek i\u00e7in buraya t\u0131klay\u0131n.\n    <\/a>\n\n\n\n\t\t\t\t<\/div>\n\t\t\t\t<\/div>\n\t\t\t\t\t<\/div>\n\t\t<\/div>\n\t\t\t\t\t<\/div>\n\t\t<\/section>\n\t\t\t\t<\/div>\n\t\t","protected":false},"excerpt":{"rendered":"<p>Taray\u0131c\u0131n\u0131z PDF g\u00f6r\u00fcnt\u00fclemeyi desteklemiyor. PDF\u2019yi g\u00f6r\u00fcnt\u00fclemek i\u00e7in buraya t\u0131klay\u0131n.<\/p>\n","protected":false},"author":631,"featured_media":0,"parent":0,"menu_order":0,"comment_status":"closed","ping_status":"closed","template":"","meta":{"footnotes":""},"class_list":["post-8860","page","type-page","status-publish","hentry"],"_links":{"self":[{"href":"https:\/\/atauni.edu.tr\/kariyer\/wp-json\/wp\/v2\/pages\/8860","targetHints":{"allow":["GET"]}}],"collection":[{"href":"https:\/\/atauni.edu.tr\/kariyer\/wp-json\/wp\/v2\/pages"}],"about":[{"href":"https:\/\/atauni.edu.tr\/kariyer\/wp-json\/wp\/v2\/types\/page"}],"author":[{"embeddable":true,"href":"https:\/\/atauni.edu.tr\/kariyer\/wp-json\/wp\/v2\/users\/631"}],"replies":[{"embeddable":true,"href":"https:\/\/atauni.edu.tr\/kariyer\/wp-json\/wp\/v2\/comments?post=8860"}],"version-history":[{"count":14,"href":"https:\/\/atauni.edu.tr\/kariyer\/wp-json\/wp\/v2\/pages\/8860\/revisions"}],"predecessor-version":[{"id":8876,"href":"https:\/\/atauni.edu.tr\/kariyer\/wp-json\/wp\/v2\/pages\/8860\/revisions\/8876"}],"wp:attachment":[{"href":"https:\/\/atauni.edu.tr\/kariyer\/wp-json\/wp\/v2\/media?parent=8860"}],"curies":[{"name":"wp","href":"https:\/\/api.w.org\/{rel}","templated":true}]}}