{"id":5638,"date":"2021-07-13T09:49:25","date_gmt":"2021-07-13T06:49:25","guid":{"rendered":"https:\/\/portaltest.atauni.edu.tr\/bilgisayar-muhendisligi\/?page_id=5638"},"modified":"2022-12-07T13:36:42","modified_gmt":"2022-12-07T10:36:42","slug":"tarihce","status":"publish","type":"page","link":"https:\/\/atauni.edu.tr\/kati-ve-tehlikeli-atik-yonetimi-koordinatorlugu\/tarihce\/","title":{"rendered":"Tarih\u00e7e"},"content":{"rendered":"\t\t<div data-elementor-type=\"wp-page\" data-elementor-id=\"5638\" class=\"elementor elementor-5638\" data-elementor-post-type=\"page\">\n\t\t\t\t\t\t<section class=\"elementor-section elementor-top-section elementor-element elementor-element-9be811a elementor-section-boxed elementor-section-height-default elementor-section-height-default\" data-id=\"9be811a\" data-element_type=\"section\">\n\t\t\t\t\t\t<div class=\"elementor-container elementor-column-gap-default\">\n\t\t\t\t\t<div class=\"elementor-column elementor-col-100 elementor-top-column elementor-element elementor-element-1ed847b7\" data-id=\"1ed847b7\" data-element_type=\"column\">\n\t\t\t<div class=\"elementor-widget-wrap elementor-element-populated\">\n\t\t\t\t\t\t<div class=\"elementor-element elementor-element-4ce0d07f elementor-widget elementor-widget-heading\" data-id=\"4ce0d07f\" data-element_type=\"widget\" data-widget_type=\"heading.default\">\n\t\t\t\t<div class=\"elementor-widget-container\">\n\t\t\t\t\t<h2 class=\"elementor-heading-title elementor-size-default\">Tarih\u00e7e<\/h2>\t\t\t\t<\/div>\n\t\t\t\t<\/div>\n\t\t\t\t<div class=\"elementor-element elementor-element-63260862 elementor-widget-divider--view-line elementor-widget elementor-widget-divider\" data-id=\"63260862\" data-element_type=\"widget\" data-widget_type=\"divider.default\">\n\t\t\t\t<div class=\"elementor-widget-container\">\n\t\t\t\t\t\t\t<div class=\"elementor-divider\">\n\t\t\t<span class=\"elementor-divider-separator\">\n\t\t\t\t\t\t<\/span>\n\t\t<\/div>\n\t\t\t\t\t\t<\/div>\n\t\t\t\t<\/div>\n\t\t\t\t\t<\/div>\n\t\t<\/div>\n\t\t\t\t\t<\/div>\n\t\t<\/section>\n\t\t\t\t<section class=\"elementor-section elementor-top-section elementor-element elementor-element-681db8b elementor-section-boxed elementor-section-height-default elementor-section-height-default\" data-id=\"681db8b\" data-element_type=\"section\">\n\t\t\t\t\t\t<div class=\"elementor-container elementor-column-gap-default\">\n\t\t\t\t\t<div class=\"elementor-column elementor-col-100 elementor-top-column elementor-element elementor-element-ad4dac5\" data-id=\"ad4dac5\" data-element_type=\"column\">\n\t\t\t<div class=\"elementor-widget-wrap elementor-element-populated\">\n\t\t\t\t\t\t<div class=\"elementor-element elementor-element-2f96b3d elementor-widget elementor-widget-text-editor\" data-id=\"2f96b3d\" data-element_type=\"widget\" data-widget_type=\"text-editor.default\">\n\t\t\t\t<div class=\"elementor-widget-container\">\n\t\t\t\t\t\t\t\t\t<div>Koordinat\u00f6rl\u00fc\u011f\u00fcm\u00fcz, \u00dcniversitemizin Rekt\u00f6rl\u00fc\u011fe ba\u011fl\u0131 t\u00fcm birimlerinde olu\u015fan at\u0131klar\u0131n \u00fcretildikleri yerlerde t\u00fcrlerine g\u00f6re ayr\u0131 ayr\u0131 toplan\u0131p g\u00fcvenli bir \u015fekilde depolanmas\u0131n\u0131, geri d\u00f6n\u00fc\u015f\u00fcm tesislerinde yeniden kullan\u0131labilir \u00fcr\u00fcne d\u00f6n\u00fc\u015ft\u00fcr\u00fclmesine veya bertaraf\u0131n\u0131n sa\u011flanmas\u0131na ili\u015fkin s\u00fcre\u00e7lerin takip ve organizasyonunu sa\u011flamak amac\u0131yla Atat\u00fcrk\u00a0 \u00dcniversitesi Senatosu&#8217;nun <strong>20.01.2020\/2-17<\/strong> say\u0131l\u0131 karar\u0131nca kurulmu\u015f ve faaliyetlerine fiilen ba\u015flam\u0131\u015ft\u0131r.<\/div>\t\t\t\t\t\t\t\t<\/div>\n\t\t\t\t<\/div>\n\t\t\t\t\t<\/div>\n\t\t<\/div>\n\t\t\t\t\t<\/div>\n\t\t<\/section>\n\t\t\t\t<\/div>\n\t\t","protected":false},"excerpt":{"rendered":"<p>Tarih\u00e7e Koordinat\u00f6rl\u00fc\u011f\u00fcm\u00fcz, \u00dcniversitemizin Rekt\u00f6rl\u00fc\u011fe ba\u011fl\u0131 t\u00fcm birimlerinde olu\u015fan at\u0131klar\u0131n \u00fcretildikleri yerlerde t\u00fcrlerine g\u00f6re ayr\u0131 ayr\u0131 toplan\u0131p g\u00fcvenli bir \u015fekilde depolanmas\u0131n\u0131, geri d\u00f6n\u00fc\u015f\u00fcm tesislerinde yeniden kullan\u0131labilir \u00fcr\u00fcne d\u00f6n\u00fc\u015ft\u00fcr\u00fclmesine veya bertaraf\u0131n\u0131n sa\u011flanmas\u0131na ili\u015fkin s\u00fcre\u00e7lerin takip ve organizasyonunu sa\u011flamak amac\u0131yla Atat\u00fcrk\u00a0 \u00dcniversitesi Senatosu&#8217;nun 20.01.2020\/2-17 say\u0131l\u0131 karar\u0131nca kurulmu\u015f ve faaliyetlerine fiilen ba\u015flam\u0131\u015ft\u0131r.<\/p>\n","protected":false},"author":1,"featured_media":0,"parent":0,"menu_order":0,"comment_status":"closed","ping_status":"closed","template":"","meta":{"footnotes":""},"class_list":["post-5638","page","type-page","status-publish","hentry"],"_links":{"self":[{"href":"https:\/\/atauni.edu.tr\/kati-ve-tehlikeli-atik-yonetimi-koordinatorlugu\/wp-json\/wp\/v2\/pages\/5638","targetHints":{"allow":["GET"]}}],"collection":[{"href":"https:\/\/atauni.edu.tr\/kati-ve-tehlikeli-atik-yonetimi-koordinatorlugu\/wp-json\/wp\/v2\/pages"}],"about":[{"href":"https:\/\/atauni.edu.tr\/kati-ve-tehlikeli-atik-yonetimi-koordinatorlugu\/wp-json\/wp\/v2\/types\/page"}],"author":[{"embeddable":true,"href":"https:\/\/atauni.edu.tr\/kati-ve-tehlikeli-atik-yonetimi-koordinatorlugu\/wp-json\/wp\/v2\/users\/1"}],"replies":[{"embeddable":true,"href":"https:\/\/atauni.edu.tr\/kati-ve-tehlikeli-atik-yonetimi-koordinatorlugu\/wp-json\/wp\/v2\/comments?post=5638"}],"version-history":[{"count":38,"href":"https:\/\/atauni.edu.tr\/kati-ve-tehlikeli-atik-yonetimi-koordinatorlugu\/wp-json\/wp\/v2\/pages\/5638\/revisions"}],"predecessor-version":[{"id":6252,"href":"https:\/\/atauni.edu.tr\/kati-ve-tehlikeli-atik-yonetimi-koordinatorlugu\/wp-json\/wp\/v2\/pages\/5638\/revisions\/6252"}],"wp:attachment":[{"href":"https:\/\/atauni.edu.tr\/kati-ve-tehlikeli-atik-yonetimi-koordinatorlugu\/wp-json\/wp\/v2\/media?parent=5638"}],"curies":[{"name":"wp","href":"https:\/\/api.w.org\/{rel}","templated":true}]}}