{"id":5682,"date":"2021-07-13T10:10:01","date_gmt":"2021-07-13T07:10:01","guid":{"rendered":"https:\/\/portaltest.atauni.edu.tr\/bilgisayar-muhendisligi\/?page_id=5682"},"modified":"2022-12-07T13:33:43","modified_gmt":"2022-12-07T10:33:43","slug":"misyon-vizyon-ve-temel-degerler","status":"publish","type":"page","link":"https:\/\/atauni.edu.tr\/kati-ve-tehlikeli-atik-yonetimi-koordinatorlugu\/misyon-vizyon-ve-temel-degerler\/","title":{"rendered":"Misyon, Vizyon ve Temel De\u011ferler"},"content":{"rendered":"\t\t<div data-elementor-type=\"wp-page\" data-elementor-id=\"5682\" class=\"elementor elementor-5682\" data-elementor-post-type=\"page\">\n\t\t\t\t\t\t<section class=\"elementor-section elementor-top-section elementor-element elementor-element-730d320 elementor-section-boxed elementor-section-height-default elementor-section-height-default\" data-id=\"730d320\" data-element_type=\"section\">\n\t\t\t\t\t\t<div class=\"elementor-container elementor-column-gap-default\">\n\t\t\t\t\t<div class=\"elementor-column elementor-col-100 elementor-top-column elementor-element elementor-element-753d0860\" data-id=\"753d0860\" data-element_type=\"column\">\n\t\t\t<div class=\"elementor-widget-wrap\">\n\t\t\t\t\t\t\t<\/div>\n\t\t<\/div>\n\t\t\t\t\t<\/div>\n\t\t<\/section>\n\t\t\t\t<section class=\"elementor-section elementor-top-section elementor-element elementor-element-9be811a elementor-section-boxed elementor-section-height-default elementor-section-height-default\" data-id=\"9be811a\" data-element_type=\"section\">\n\t\t\t\t\t\t<div class=\"elementor-container elementor-column-gap-default\">\n\t\t\t\t\t<div class=\"elementor-column elementor-col-100 elementor-top-column elementor-element elementor-element-1ed847b7\" data-id=\"1ed847b7\" data-element_type=\"column\">\n\t\t\t<div class=\"elementor-widget-wrap elementor-element-populated\">\n\t\t\t\t\t\t<div class=\"elementor-element elementor-element-4ce0d07f elementor-widget elementor-widget-heading\" data-id=\"4ce0d07f\" data-element_type=\"widget\" data-widget_type=\"heading.default\">\n\t\t\t\t<div class=\"elementor-widget-container\">\n\t\t\t\t\t<h2 class=\"elementor-heading-title elementor-size-default\">Misyon, Vizyon ve Temel De\u011ferler<\/h2>\t\t\t\t<\/div>\n\t\t\t\t<\/div>\n\t\t\t\t<div class=\"elementor-element elementor-element-63260862 elementor-widget-divider--view-line elementor-widget elementor-widget-divider\" data-id=\"63260862\" data-element_type=\"widget\" data-widget_type=\"divider.default\">\n\t\t\t\t<div class=\"elementor-widget-container\">\n\t\t\t\t\t\t\t<div class=\"elementor-divider\">\n\t\t\t<span class=\"elementor-divider-separator\">\n\t\t\t\t\t\t<\/span>\n\t\t<\/div>\n\t\t\t\t\t\t<\/div>\n\t\t\t\t<\/div>\n\t\t\t\t\t<\/div>\n\t\t<\/div>\n\t\t\t\t\t<\/div>\n\t\t<\/section>\n\t\t\t\t<section class=\"elementor-section elementor-top-section elementor-element elementor-element-681db8b elementor-section-boxed elementor-section-height-default elementor-section-height-default\" data-id=\"681db8b\" data-element_type=\"section\">\n\t\t\t\t\t\t<div class=\"elementor-container elementor-column-gap-default\">\n\t\t\t\t\t<div class=\"elementor-column elementor-col-100 elementor-top-column elementor-element elementor-element-ad4dac5\" data-id=\"ad4dac5\" data-element_type=\"column\">\n\t\t\t<div class=\"elementor-widget-wrap elementor-element-populated\">\n\t\t\t\t\t\t<div class=\"elementor-element elementor-element-2f96b3d elementor-widget elementor-widget-text-editor\" data-id=\"2f96b3d\" data-element_type=\"widget\" data-widget_type=\"text-editor.default\">\n\t\t\t\t<div class=\"elementor-widget-container\">\n\t\t\t\t\t\t\t\t\t<div>\n<p style=\"margin-top: 0pt;margin-bottom: 0pt;margin-left: 0in;direction: ltr\"><strong>M\u0130SYONUMUZ<\/strong>&nbsp;<\/p>\n<p style=\"margin-top: 0pt;margin-bottom: 0pt;margin-left: 0in;direction: ltr\">E\u011fitim-\u00d6\u011fretim, Ara\u015ft\u0131rma-Geli\u015ftirme ve di\u011fer \u00fcretim ve\/veya insani faaliyetler sonucu ortaya \u00e7\u0131kan at\u0131klar\u0131n mevcut olan Kanun-Y\u00f6netmelik ve Mevzuatlar \u00e7er\u00e7evesinde y\u00f6netimi, minimizasyonu, geri d\u00f6n\u00fc\u015f\u00fcmlerinin sa\u011flanmas\u0131 ve fark\u0131ndal\u0131k olu\u015fturma hususlar\u0131nda k\u0131sa, orta ve uzun vadede politikalar belirlemektir.<\/p>\n<p style=\"margin-top: 0pt;margin-bottom: 0pt;margin-left: 0in;direction: ltr\"><strong><br><\/strong><\/p>\n<p style=\"margin-top: 0pt;margin-bottom: 0pt;margin-left: 0in;direction: ltr\"><strong>V\u0130ZYONUMUZ<\/strong><\/p>\n<p style=\"margin-top: 0pt;margin-bottom: 0pt;margin-left: 0in;direction: ltr\">\u00dcniversitemizin &#8220;Hayat\u0131n Hizmetinde, Hep \u0130leriye&#8230;&#8221; mottosu do\u011frultusunda t\u00fcm birim ve tesisleriyle birlikte s\u00fcrd\u00fcr\u00fclebilirlik at\u0131k y\u00f6netim politikas\u0131na sahip \u00f6rnek bir yerle\u015fke olu\u015fturmakt\u0131r.<\/p>\n<\/div>\n<div>&nbsp;<\/div>\t\t\t\t\t\t\t\t<\/div>\n\t\t\t\t<\/div>\n\t\t\t\t\t<\/div>\n\t\t<\/div>\n\t\t\t\t\t<\/div>\n\t\t<\/section>\n\t\t\t\t<\/div>\n\t\t","protected":false},"excerpt":{"rendered":"<p>Misyon, Vizyon ve Temel De\u011ferler M\u0130SYONUMUZ&nbsp; E\u011fitim-\u00d6\u011fretim, Ara\u015ft\u0131rma-Geli\u015ftirme ve di\u011fer \u00fcretim ve\/veya insani faaliyetler sonucu ortaya \u00e7\u0131kan at\u0131klar\u0131n mevcut olan Kanun-Y\u00f6netmelik ve Mevzuatlar \u00e7er\u00e7evesinde y\u00f6netimi, minimizasyonu, geri d\u00f6n\u00fc\u015f\u00fcmlerinin sa\u011flanmas\u0131 ve fark\u0131ndal\u0131k olu\u015fturma hususlar\u0131nda k\u0131sa, orta ve uzun vadede politikalar belirlemektir. V\u0130ZYONUMUZ \u00dcniversitemizin &#8220;Hayat\u0131n Hizmetinde, Hep \u0130leriye&#8230;&#8221; mottosu do\u011frultusunda t\u00fcm birim ve tesisleriyle birlikte s\u00fcrd\u00fcr\u00fclebilirlik at\u0131k [&hellip;]<\/p>\n","protected":false},"author":1,"featured_media":0,"parent":0,"menu_order":0,"comment_status":"closed","ping_status":"closed","template":"elementor_header_footer","meta":{"footnotes":""},"class_list":["post-5682","page","type-page","status-publish","hentry"],"_links":{"self":[{"href":"https:\/\/atauni.edu.tr\/kati-ve-tehlikeli-atik-yonetimi-koordinatorlugu\/wp-json\/wp\/v2\/pages\/5682","targetHints":{"allow":["GET"]}}],"collection":[{"href":"https:\/\/atauni.edu.tr\/kati-ve-tehlikeli-atik-yonetimi-koordinatorlugu\/wp-json\/wp\/v2\/pages"}],"about":[{"href":"https:\/\/atauni.edu.tr\/kati-ve-tehlikeli-atik-yonetimi-koordinatorlugu\/wp-json\/wp\/v2\/types\/page"}],"author":[{"embeddable":true,"href":"https:\/\/atauni.edu.tr\/kati-ve-tehlikeli-atik-yonetimi-koordinatorlugu\/wp-json\/wp\/v2\/users\/1"}],"replies":[{"embeddable":true,"href":"https:\/\/atauni.edu.tr\/kati-ve-tehlikeli-atik-yonetimi-koordinatorlugu\/wp-json\/wp\/v2\/comments?post=5682"}],"version-history":[{"count":20,"href":"https:\/\/atauni.edu.tr\/kati-ve-tehlikeli-atik-yonetimi-koordinatorlugu\/wp-json\/wp\/v2\/pages\/5682\/revisions"}],"predecessor-version":[{"id":6248,"href":"https:\/\/atauni.edu.tr\/kati-ve-tehlikeli-atik-yonetimi-koordinatorlugu\/wp-json\/wp\/v2\/pages\/5682\/revisions\/6248"}],"wp:attachment":[{"href":"https:\/\/atauni.edu.tr\/kati-ve-tehlikeli-atik-yonetimi-koordinatorlugu\/wp-json\/wp\/v2\/media?parent=5682"}],"curies":[{"name":"wp","href":"https:\/\/api.w.org\/{rel}","templated":true}]}}