{"id":6928,"date":"2024-08-19T19:43:09","date_gmt":"2024-08-19T16:43:09","guid":{"rendered":"https:\/\/birimler.atauni.edu.tr\/kati-ve-tehlikeli-atik-yonetimi-koordinatorlugu\/?page_id=6928"},"modified":"2024-08-19T19:47:28","modified_gmt":"2024-08-19T16:47:28","slug":"lojman-yerleskesi-dis-birim-atik-yonetimi","status":"publish","type":"page","link":"https:\/\/atauni.edu.tr\/kati-ve-tehlikeli-atik-yonetimi-koordinatorlugu\/lojman-yerleskesi-dis-birim-atik-yonetimi\/","title":{"rendered":"Lojman Yerle\u015fkesi D\u0131\u015f Birim At\u0131k Y\u00f6netimi"},"content":{"rendered":"\t\t<div data-elementor-type=\"wp-page\" data-elementor-id=\"6928\" class=\"elementor elementor-6928\" data-elementor-post-type=\"page\">\n\t\t\t\t\t\t<section class=\"elementor-section elementor-top-section elementor-element elementor-element-9010778 elementor-section-boxed elementor-section-height-default elementor-section-height-default\" data-id=\"9010778\" data-element_type=\"section\">\n\t\t\t\t\t\t<div class=\"elementor-container elementor-column-gap-default\">\n\t\t\t\t\t<div class=\"elementor-column elementor-col-100 elementor-top-column elementor-element elementor-element-8582778\" data-id=\"8582778\" data-element_type=\"column\">\n\t\t\t<div class=\"elementor-widget-wrap elementor-element-populated\">\n\t\t\t\t\t\t<div class=\"elementor-element elementor-element-f08e7c9 elementor-widget elementor-widget-pdf_viewer\" data-id=\"f08e7c9\" data-element_type=\"widget\" data-widget_type=\"pdf_viewer.default\">\n\t\t\t\t<div class=\"elementor-widget-container\">\n\t\t\t\t\t<iframe src=\"https:\/\/docs.google.com\/viewer?url=http:\/\/birimler.atauni.edu.tr\/kati-ve-tehlikeli-atik-yonetimi-koordinatorlugu\/wp-content\/uploads\/sites\/407\/2024\/08\/Lojman-Yerleskesi-Konteyner-Alanlari-Cep-Tasarimlari-22.02.2023.pdf&amp;embedded=true\" style=\"display: block; margin-left: auto; margin-right: auto; width: 640px; height: 1020px;\" frameborder=\"1\" marginheight=\"0px\" marginwidth=\"0px\" allowfullscreen><\/iframe>\t\t\t\t<\/div>\n\t\t\t\t<\/div>\n\t\t\t\t\t<\/div>\n\t\t<\/div>\n\t\t\t\t\t<\/div>\n\t\t<\/section>\n\t\t\t\t<\/div>\n\t\t","protected":false},"excerpt":{"rendered":"","protected":false},"author":396,"featured_media":0,"parent":0,"menu_order":0,"comment_status":"closed","ping_status":"closed","template":"","meta":{"footnotes":""},"class_list":["post-6928","page","type-page","status-publish","hentry"],"_links":{"self":[{"href":"https:\/\/atauni.edu.tr\/kati-ve-tehlikeli-atik-yonetimi-koordinatorlugu\/wp-json\/wp\/v2\/pages\/6928","targetHints":{"allow":["GET"]}}],"collection":[{"href":"https:\/\/atauni.edu.tr\/kati-ve-tehlikeli-atik-yonetimi-koordinatorlugu\/wp-json\/wp\/v2\/pages"}],"about":[{"href":"https:\/\/atauni.edu.tr\/kati-ve-tehlikeli-atik-yonetimi-koordinatorlugu\/wp-json\/wp\/v2\/types\/page"}],"author":[{"embeddable":true,"href":"https:\/\/atauni.edu.tr\/kati-ve-tehlikeli-atik-yonetimi-koordinatorlugu\/wp-json\/wp\/v2\/users\/396"}],"replies":[{"embeddable":true,"href":"https:\/\/atauni.edu.tr\/kati-ve-tehlikeli-atik-yonetimi-koordinatorlugu\/wp-json\/wp\/v2\/comments?post=6928"}],"version-history":[{"count":4,"href":"https:\/\/atauni.edu.tr\/kati-ve-tehlikeli-atik-yonetimi-koordinatorlugu\/wp-json\/wp\/v2\/pages\/6928\/revisions"}],"predecessor-version":[{"id":6938,"href":"https:\/\/atauni.edu.tr\/kati-ve-tehlikeli-atik-yonetimi-koordinatorlugu\/wp-json\/wp\/v2\/pages\/6928\/revisions\/6938"}],"wp:attachment":[{"href":"https:\/\/atauni.edu.tr\/kati-ve-tehlikeli-atik-yonetimi-koordinatorlugu\/wp-json\/wp\/v2\/media?parent=6928"}],"curies":[{"name":"wp","href":"https:\/\/api.w.org\/{rel}","templated":true}]}}