{"id":10234,"date":"2025-03-11T23:37:54","date_gmt":"2025-03-11T20:37:54","guid":{"rendered":"https:\/\/birimler.atauni.edu.tr\/kazim-karabekir-egitim-fakultesi\/?page_id=10234"},"modified":"2025-03-11T23:37:54","modified_gmt":"2025-03-11T20:37:54","slug":"2024-2025-pedagojik-formasyon-programi-ogretmenlik-uygulamasi-donem-plani-ve-aciklamalari","status":"publish","type":"page","link":"https:\/\/atauni.edu.tr\/kazim-karabekir-egitim-fakultesi\/2024-2025-pedagojik-formasyon-programi-ogretmenlik-uygulamasi-donem-plani-ve-aciklamalari\/","title":{"rendered":"2024-2025 Pedagojik Formasyon Program\u0131 \u00d6\u011fretmenlik Uygulamas\u0131 D\u00f6nem Plan\u0131 ve A\u00e7\u0131klamalar\u0131"},"content":{"rendered":"\n<div class=\"wp-block-file alignleft\"><a id=\"wp-block-file--media-dec2dad2-f32b-4879-bd7c-b63bdaf42155\" href=\"https:\/\/birimler.atauni.edu.tr\/kazim-karabekir-egitim-fakultesi\/wp-content\/uploads\/sites\/67\/2025\/03\/Pedagojik-Formasyon-Programi-Ogretmenlik-Uygulamasi-Donem-Plani-ve-Aciklamalari-3.pdf\"><strong>Pedagojik  Formasyon Program\u0131 \u00d6\u011fretmenlik Uygulamas\u0131 D\u00f6nem Plan\u0131 ve A\u00e7\u0131klamalar\u0131<\/strong><\/a><a href=\"https:\/\/birimler.atauni.edu.tr\/kazim-karabekir-egitim-fakultesi\/wp-content\/uploads\/sites\/67\/2025\/03\/Pedagojik-Formasyon-Programi-Ogretmenlik-Uygulamasi-Donem-Plani-ve-Aciklamalari-3.pdf\" class=\"wp-block-file__button wp-element-button\" download aria-describedby=\"wp-block-file--media-dec2dad2-f32b-4879-bd7c-b63bdaf42155\">\u0130ndir<\/a><\/div>\n\n\n\n<p><\/p>\n","protected":false},"excerpt":{"rendered":"","protected":false},"author":221,"featured_media":0,"parent":0,"menu_order":0,"comment_status":"closed","ping_status":"closed","template":"","meta":{"footnotes":""},"class_list":["post-10234","page","type-page","status-publish","hentry"],"_links":{"self":[{"href":"https:\/\/atauni.edu.tr\/kazim-karabekir-egitim-fakultesi\/wp-json\/wp\/v2\/pages\/10234","targetHints":{"allow":["GET"]}}],"collection":[{"href":"https:\/\/atauni.edu.tr\/kazim-karabekir-egitim-fakultesi\/wp-json\/wp\/v2\/pages"}],"about":[{"href":"https:\/\/atauni.edu.tr\/kazim-karabekir-egitim-fakultesi\/wp-json\/wp\/v2\/types\/page"}],"author":[{"embeddable":true,"href":"https:\/\/atauni.edu.tr\/kazim-karabekir-egitim-fakultesi\/wp-json\/wp\/v2\/users\/221"}],"replies":[{"embeddable":true,"href":"https:\/\/atauni.edu.tr\/kazim-karabekir-egitim-fakultesi\/wp-json\/wp\/v2\/comments?post=10234"}],"version-history":[{"count":1,"href":"https:\/\/atauni.edu.tr\/kazim-karabekir-egitim-fakultesi\/wp-json\/wp\/v2\/pages\/10234\/revisions"}],"predecessor-version":[{"id":10238,"href":"https:\/\/atauni.edu.tr\/kazim-karabekir-egitim-fakultesi\/wp-json\/wp\/v2\/pages\/10234\/revisions\/10238"}],"wp:attachment":[{"href":"https:\/\/atauni.edu.tr\/kazim-karabekir-egitim-fakultesi\/wp-json\/wp\/v2\/media?parent=10234"}],"curies":[{"name":"wp","href":"https:\/\/api.w.org\/{rel}","templated":true}]}}