{"id":10401,"date":"2025-07-29T14:27:58","date_gmt":"2025-07-29T11:27:58","guid":{"rendered":"https:\/\/birimler.atauni.edu.tr\/kazim-karabekir-egitim-fakultesi\/?page_id=10401"},"modified":"2025-07-29T14:28:06","modified_gmt":"2025-07-29T11:28:06","slug":"haberler","status":"publish","type":"page","link":"https:\/\/atauni.edu.tr\/kazim-karabekir-egitim-fakultesi\/haberler\/","title":{"rendered":"Haberler"},"content":{"rendered":"<form method=\"get\" class=\"row g-3\" style=\"margin-bottom: 20px;\"><div class=\"col-md-3\"><input type=\"text\" name=\"haber_ara\" class=\"form-control\" placeholder=\"Haber ara...\" value=\"\"><\/div><div class=\"col-md-3\"><input type=\"date\" name=\"baslangic_tarihi\" class=\"form-control\" value=\"\"><\/div><div class=\"col-md-3\"><input type=\"date\" name=\"bitis_tarihi\" class=\"form-control\" value=\"\"><\/div><div class=\"col-md-3\"><button type=\"submit\" class=\"btn btn-secondary w-50\">Filtrele<\/button><\/div><\/form><ul class=\"kategori-yazilari-liste\"><li style=\"display: flex; margin-bottom: 10px; align-items: center;\"><div class=\"post-thumbnail\" style=\"margin-right: 15px;\"><a href=\"https:\/\/atauni.edu.tr\/kazim-karabekir-egitim-fakultesi\/cakarta-devlet-universitenden-fakultemize-ziyaret\/\"><img fetchpriority=\"high\" decoding=\"async\" width=\"1080\" height=\"810\" src=\"https:\/\/atauni.edu.tr\/kazim-karabekir-egitim-fakultesi\/wp-content\/uploads\/sites\/67\/2025\/10\/WhatsApp-Gorsel-2025-10-23-saat-14.19.17_0632e766-1080x810.jpg\" class=\"attachment-thumbnail size-thumbnail wp-post-image\" alt=\"\" srcset=\"https:\/\/atauni.edu.tr\/kazim-karabekir-egitim-fakultesi\/wp-content\/uploads\/sites\/67\/2025\/10\/WhatsApp-Gorsel-2025-10-23-saat-14.19.17_0632e766-1080x810.jpg 1080w, https:\/\/atauni.edu.tr\/kazim-karabekir-egitim-fakultesi\/wp-content\/uploads\/sites\/67\/2025\/10\/WhatsApp-Gorsel-2025-10-23-saat-14.19.17_0632e766-1024x768.jpg 1024w, https:\/\/atauni.edu.tr\/kazim-karabekir-egitim-fakultesi\/wp-content\/uploads\/sites\/67\/2025\/10\/WhatsApp-Gorsel-2025-10-23-saat-14.19.17_0632e766-768x576.jpg 768w, https:\/\/atauni.edu.tr\/kazim-karabekir-egitim-fakultesi\/wp-content\/uploads\/sites\/67\/2025\/10\/WhatsApp-Gorsel-2025-10-23-saat-14.19.17_0632e766-1536x1152.jpg 1536w, https:\/\/atauni.edu.tr\/kazim-karabekir-egitim-fakultesi\/wp-content\/uploads\/sites\/67\/2025\/10\/WhatsApp-Gorsel-2025-10-23-saat-14.19.17_0632e766-600x450.jpg 600w, https:\/\/atauni.edu.tr\/kazim-karabekir-egitim-fakultesi\/wp-content\/uploads\/sites\/67\/2025\/10\/WhatsApp-Gorsel-2025-10-23-saat-14.19.17_0632e766-560x420.jpg 560w, https:\/\/atauni.edu.tr\/kazim-karabekir-egitim-fakultesi\/wp-content\/uploads\/sites\/67\/2025\/10\/WhatsApp-Gorsel-2025-10-23-saat-14.19.17_0632e766.jpg 1600w\" sizes=\"(max-width: 1080px) 100vw, 1080px\" \/><\/a><\/div><div class=\"post-content\" style=\"flex-grow: 1;\"><span class=\"post-date habertarih\" style=\"display: block; font-weight: bold; margin-bottom: 5px;\">23 Ekim 2025<\/span><a class=\"haberbaslik\" href=\"https:\/\/atauni.edu.tr\/kazim-karabekir-egitim-fakultesi\/cakarta-devlet-universitenden-fakultemize-ziyaret\/\">Cakarta Devlet \u00dcniversite\u2019nden Fak\u00fcltemize\u00a0Ziyaret<\/a><\/div><\/li><li style=\"display: flex; margin-bottom: 10px; align-items: center;\"><div class=\"post-thumbnail\" style=\"margin-right: 15px;\"><a href=\"https:\/\/atauni.edu.tr\/kazim-karabekir-egitim-fakultesi\/ingilizce-dil-ogretiminde-yeni-yaklasimlar-ve-dijital-inovasyon\/\"><img decoding=\"async\" width=\"150\" height=\"150\" src=\"https:\/\/atauni.edu.tr\/kazim-karabekir-egitim-fakultesi\/wp-content\/uploads\/sites\/67\/2021\/11\/DSCF8417-150x150.jpg\" class=\"attachment-thumbnail size-thumbnail wp-post-image\" alt=\"\" \/><\/a><\/div><div class=\"post-content\" style=\"flex-grow: 1;\"><span class=\"post-date habertarih\" style=\"display: block; font-weight: bold; margin-bottom: 5px;\">30 Kas\u0131m 2021<\/span><a class=\"haberbaslik\" href=\"https:\/\/atauni.edu.tr\/kazim-karabekir-egitim-fakultesi\/ingilizce-dil-ogretiminde-yeni-yaklasimlar-ve-dijital-inovasyon\/\">\u0130ngilizce Dil \u00d6\u011fretiminde Yeni Yakla\u015f\u0131mlar ve Dijital \u0130novasyon \u00c7al\u0131\u015ftay\u0131<\/a><\/div><\/li><\/ul>\n\n\n\n<p><\/p>\n","protected":false},"excerpt":{"rendered":"","protected":false},"author":1,"featured_media":0,"parent":0,"menu_order":0,"comment_status":"closed","ping_status":"closed","template":"","meta":{"footnotes":""},"class_list":["post-10401","page","type-page","status-publish","hentry"],"_links":{"self":[{"href":"https:\/\/atauni.edu.tr\/kazim-karabekir-egitim-fakultesi\/wp-json\/wp\/v2\/pages\/10401","targetHints":{"allow":["GET"]}}],"collection":[{"href":"https:\/\/atauni.edu.tr\/kazim-karabekir-egitim-fakultesi\/wp-json\/wp\/v2\/pages"}],"about":[{"href":"https:\/\/atauni.edu.tr\/kazim-karabekir-egitim-fakultesi\/wp-json\/wp\/v2\/types\/page"}],"author":[{"embeddable":true,"href":"https:\/\/atauni.edu.tr\/kazim-karabekir-egitim-fakultesi\/wp-json\/wp\/v2\/users\/1"}],"replies":[{"embeddable":true,"href":"https:\/\/atauni.edu.tr\/kazim-karabekir-egitim-fakultesi\/wp-json\/wp\/v2\/comments?post=10401"}],"version-history":[{"count":1,"href":"https:\/\/atauni.edu.tr\/kazim-karabekir-egitim-fakultesi\/wp-json\/wp\/v2\/pages\/10401\/revisions"}],"predecessor-version":[{"id":10404,"href":"https:\/\/atauni.edu.tr\/kazim-karabekir-egitim-fakultesi\/wp-json\/wp\/v2\/pages\/10401\/revisions\/10404"}],"wp:attachment":[{"href":"https:\/\/atauni.edu.tr\/kazim-karabekir-egitim-fakultesi\/wp-json\/wp\/v2\/media?parent=10401"}],"curies":[{"name":"wp","href":"https:\/\/api.w.org\/{rel}","templated":true}]}}