{"id":10402,"date":"2025-07-29T14:28:16","date_gmt":"2025-07-29T11:28:16","guid":{"rendered":"https:\/\/birimler.atauni.edu.tr\/kazim-karabekir-egitim-fakultesi\/?page_id=10402"},"modified":"2025-07-29T14:28:23","modified_gmt":"2025-07-29T11:28:23","slug":"etkinlikler","status":"publish","type":"page","link":"https:\/\/atauni.edu.tr\/kazim-karabekir-egitim-fakultesi\/etkinlikler\/","title":{"rendered":"Etkinlikler"},"content":{"rendered":"<form method=\"get\" class=\"row g-3\" style=\"margin-bottom: 20px;\"><div class=\"col-md-3\"><input type=\"text\" name=\"etkinlik_ara\" class=\"form-control\" placeholder=\"Etkinlik ara...\" value=\"\"><\/div><div class=\"col-md-3\"><input type=\"date\" name=\"baslangic_tarihi\" class=\"form-control\" value=\"\"><\/div><div class=\"col-md-3\"><input type=\"date\" name=\"bitis_tarihi\" class=\"form-control\" value=\"\"><\/div><div class=\"col-md-3\"><button type=\"submit\" class=\"btn btn-secondary w-50\">Filtrele<\/button><\/div><\/form><div class=\"etkinlikler-grid-container\" style=\"display: grid; grid-template-columns: repeat(3, 1fr); gap: 20px;\"><div class=\"etkinlik-grid-item\"><div class=\"etkinlik-thumbnail\"><img fetchpriority=\"high\" decoding=\"async\" width=\"772\" height=\"1080\" src=\"https:\/\/atauni.edu.tr\/kazim-karabekir-egitim-fakultesi\/wp-content\/uploads\/sites\/67\/2025\/05\/WhatsApp-Gorsel-2025-05-20-saat-16.09.15_ae96fade-772x1080.jpg\" class=\"img-fluid wp-post-image\" alt=\"\" srcset=\"https:\/\/atauni.edu.tr\/kazim-karabekir-egitim-fakultesi\/wp-content\/uploads\/sites\/67\/2025\/05\/WhatsApp-Gorsel-2025-05-20-saat-16.09.15_ae96fade-772x1080.jpg 772w, https:\/\/atauni.edu.tr\/kazim-karabekir-egitim-fakultesi\/wp-content\/uploads\/sites\/67\/2025\/05\/WhatsApp-Gorsel-2025-05-20-saat-16.09.15_ae96fade-732x1024.jpg 732w, https:\/\/atauni.edu.tr\/kazim-karabekir-egitim-fakultesi\/wp-content\/uploads\/sites\/67\/2025\/05\/WhatsApp-Gorsel-2025-05-20-saat-16.09.15_ae96fade-768x1075.jpg 768w, https:\/\/atauni.edu.tr\/kazim-karabekir-egitim-fakultesi\/wp-content\/uploads\/sites\/67\/2025\/05\/WhatsApp-Gorsel-2025-05-20-saat-16.09.15_ae96fade-1097x1536.jpg 1097w, https:\/\/atauni.edu.tr\/kazim-karabekir-egitim-fakultesi\/wp-content\/uploads\/sites\/67\/2025\/05\/WhatsApp-Gorsel-2025-05-20-saat-16.09.15_ae96fade-429x600.jpg 429w, https:\/\/atauni.edu.tr\/kazim-karabekir-egitim-fakultesi\/wp-content\/uploads\/sites\/67\/2025\/05\/WhatsApp-Gorsel-2025-05-20-saat-16.09.15_ae96fade-400x560.jpg 400w, https:\/\/atauni.edu.tr\/kazim-karabekir-egitim-fakultesi\/wp-content\/uploads\/sites\/67\/2025\/05\/WhatsApp-Gorsel-2025-05-20-saat-16.09.15_ae96fade.jpg 1463w\" sizes=\"(max-width: 772px) 100vw, 772px\" \/><\/div><div class=\"etkinlik-datee\"><span class=\"day\">21<\/span><span class=\"month\">May\u0131s<\/span><span class=\"year\">2025<\/span><\/div><a href=\"https:\/\/atauni.edu.tr\/kazim-karabekir-egitim-fakultesi\/a-systems-thinking-approach-in-under-standing-organic-reaction-mechanisms\/\" class=\"etkinlik-titlee\">A SYSTEMS THINKING APPROACH IN UNDER STANDING ORGANIC REACTION MECHANISMS<\/a><\/div><div class=\"etkinlik-grid-item\"><div class=\"etkinlik-thumbnail\"><img decoding=\"async\" width=\"1080\" height=\"696\" src=\"https:\/\/atauni.edu.tr\/kazim-karabekir-egitim-fakultesi\/wp-content\/uploads\/sites\/67\/2025\/05\/WhatsApp-Gorsel-2025-05-21-saat-20.51.21_08b70bfd-1080x696.jpg\" class=\"img-fluid wp-post-image\" alt=\"\" srcset=\"https:\/\/atauni.edu.tr\/kazim-karabekir-egitim-fakultesi\/wp-content\/uploads\/sites\/67\/2025\/05\/WhatsApp-Gorsel-2025-05-21-saat-20.51.21_08b70bfd-1080x696.jpg 1080w, https:\/\/atauni.edu.tr\/kazim-karabekir-egitim-fakultesi\/wp-content\/uploads\/sites\/67\/2025\/05\/WhatsApp-Gorsel-2025-05-21-saat-20.51.21_08b70bfd-1024x660.jpg 1024w, https:\/\/atauni.edu.tr\/kazim-karabekir-egitim-fakultesi\/wp-content\/uploads\/sites\/67\/2025\/05\/WhatsApp-Gorsel-2025-05-21-saat-20.51.21_08b70bfd-768x495.jpg 768w, https:\/\/atauni.edu.tr\/kazim-karabekir-egitim-fakultesi\/wp-content\/uploads\/sites\/67\/2025\/05\/WhatsApp-Gorsel-2025-05-21-saat-20.51.21_08b70bfd-600x387.jpg 600w, https:\/\/atauni.edu.tr\/kazim-karabekir-egitim-fakultesi\/wp-content\/uploads\/sites\/67\/2025\/05\/WhatsApp-Gorsel-2025-05-21-saat-20.51.21_08b70bfd-560x361.jpg 560w, https:\/\/atauni.edu.tr\/kazim-karabekir-egitim-fakultesi\/wp-content\/uploads\/sites\/67\/2025\/05\/WhatsApp-Gorsel-2025-05-21-saat-20.51.21_08b70bfd.jpg 1320w\" sizes=\"(max-width: 1080px) 100vw, 1080px\" \/><\/div><div class=\"etkinlik-datee\"><span class=\"day\">21<\/span><span class=\"month\">May\u0131s<\/span><span class=\"year\">2025<\/span><\/div><a href=\"https:\/\/atauni.edu.tr\/kazim-karabekir-egitim-fakultesi\/10-16-mayis-dunya-engelliler-haftasi-farkli-bir-ihtimal-mumkun\/\" class=\"etkinlik-titlee\">10-16 May\u0131s D\u00fcnya Engelliler Haftas\u0131;             Farkl\u0131 Bir \u0130htimal M\u00fcmk\u00fcn<\/a><\/div><div class=\"etkinlik-grid-item\"><div class=\"etkinlik-thumbnail\"><img decoding=\"async\" width=\"1080\" height=\"1008\" src=\"https:\/\/atauni.edu.tr\/kazim-karabekir-egitim-fakultesi\/wp-content\/uploads\/sites\/67\/2022\/05\/WhatsApp-Image-2022-04-25-at-14.27.33-e1653304469122-1080x1008.jpeg\" class=\"img-fluid wp-post-image\" alt=\"\" srcset=\"https:\/\/atauni.edu.tr\/kazim-karabekir-egitim-fakultesi\/wp-content\/uploads\/sites\/67\/2022\/05\/WhatsApp-Image-2022-04-25-at-14.27.33-e1653304469122-1080x1008.jpeg 1080w, https:\/\/atauni.edu.tr\/kazim-karabekir-egitim-fakultesi\/wp-content\/uploads\/sites\/67\/2022\/05\/WhatsApp-Image-2022-04-25-at-14.27.33-e1653304469122-1024x956.jpeg 1024w, https:\/\/atauni.edu.tr\/kazim-karabekir-egitim-fakultesi\/wp-content\/uploads\/sites\/67\/2022\/05\/WhatsApp-Image-2022-04-25-at-14.27.33-e1653304469122-768x717.jpeg 768w, https:\/\/atauni.edu.tr\/kazim-karabekir-egitim-fakultesi\/wp-content\/uploads\/sites\/67\/2022\/05\/WhatsApp-Image-2022-04-25-at-14.27.33-e1653304469122-600x560.jpeg 600w, https:\/\/atauni.edu.tr\/kazim-karabekir-egitim-fakultesi\/wp-content\/uploads\/sites\/67\/2022\/05\/WhatsApp-Image-2022-04-25-at-14.27.33-e1653304469122-560x523.jpeg 560w, https:\/\/atauni.edu.tr\/kazim-karabekir-egitim-fakultesi\/wp-content\/uploads\/sites\/67\/2022\/05\/WhatsApp-Image-2022-04-25-at-14.27.33-e1653304469122.jpeg 1144w\" sizes=\"(max-width: 1080px) 100vw, 1080px\" \/><\/div><div class=\"etkinlik-datee\"><span class=\"day\">23<\/span><span class=\"month\">May\u0131s<\/span><span class=\"year\">2022<\/span><\/div><a href=\"https:\/\/atauni.edu.tr\/kazim-karabekir-egitim-fakultesi\/cocuk-sempozyumumuz-tamamlandi\/\" class=\"etkinlik-titlee\">\u00c7ocuk Sempozyumumuz Tamamland\u0131<\/a><\/div><div class=\"etkinlik-grid-item\"><div class=\"etkinlik-thumbnail\"><img loading=\"lazy\" decoding=\"async\" width=\"1080\" height=\"608\" src=\"https:\/\/atauni.edu.tr\/kazim-karabekir-egitim-fakultesi\/wp-content\/uploads\/sites\/67\/2021\/12\/WhatsApp-Image-2021-12-02-at-09.41.54-2-1080x608.jpeg\" class=\"img-fluid wp-post-image\" alt=\"\" srcset=\"https:\/\/atauni.edu.tr\/kazim-karabekir-egitim-fakultesi\/wp-content\/uploads\/sites\/67\/2021\/12\/WhatsApp-Image-2021-12-02-at-09.41.54-2-1080x608.jpeg 1080w, https:\/\/atauni.edu.tr\/kazim-karabekir-egitim-fakultesi\/wp-content\/uploads\/sites\/67\/2021\/12\/WhatsApp-Image-2021-12-02-at-09.41.54-2-1024x576.jpeg 1024w, https:\/\/atauni.edu.tr\/kazim-karabekir-egitim-fakultesi\/wp-content\/uploads\/sites\/67\/2021\/12\/WhatsApp-Image-2021-12-02-at-09.41.54-2-768x432.jpeg 768w, https:\/\/atauni.edu.tr\/kazim-karabekir-egitim-fakultesi\/wp-content\/uploads\/sites\/67\/2021\/12\/WhatsApp-Image-2021-12-02-at-09.41.54-2-1536x864.jpeg 1536w, https:\/\/atauni.edu.tr\/kazim-karabekir-egitim-fakultesi\/wp-content\/uploads\/sites\/67\/2021\/12\/WhatsApp-Image-2021-12-02-at-09.41.54-2-600x338.jpeg 600w, https:\/\/atauni.edu.tr\/kazim-karabekir-egitim-fakultesi\/wp-content\/uploads\/sites\/67\/2021\/12\/WhatsApp-Image-2021-12-02-at-09.41.54-2-560x315.jpeg 560w, https:\/\/atauni.edu.tr\/kazim-karabekir-egitim-fakultesi\/wp-content\/uploads\/sites\/67\/2021\/12\/WhatsApp-Image-2021-12-02-at-09.41.54-2.jpeg 1600w\" sizes=\"(max-width: 1080px) 100vw, 1080px\" \/><\/div><div class=\"etkinlik-datee\"><span class=\"day\">09<\/span><span class=\"month\">Aral\u0131k<\/span><span class=\"year\">2021<\/span><\/div><a href=\"https:\/\/atauni.edu.tr\/kazim-karabekir-egitim-fakultesi\/erzurum-kizilay-fakultemizde\/\" class=\"etkinlik-titlee\">Erzurum K\u0131z\u0131lay Kan Merkezi Fak\u00fcltemizde<\/a><\/div><div class=\"etkinlik-grid-item\"><div class=\"etkinlik-thumbnail\"><img loading=\"lazy\" decoding=\"async\" width=\"1080\" height=\"608\" src=\"https:\/\/atauni.edu.tr\/kazim-karabekir-egitim-fakultesi\/wp-content\/uploads\/sites\/67\/2021\/12\/WhatsApp-Image-2021-12-02-at-09.41.53-4-1080x608.jpeg\" class=\"img-fluid wp-post-image\" alt=\"\" srcset=\"https:\/\/atauni.edu.tr\/kazim-karabekir-egitim-fakultesi\/wp-content\/uploads\/sites\/67\/2021\/12\/WhatsApp-Image-2021-12-02-at-09.41.53-4-1080x608.jpeg 1080w, https:\/\/atauni.edu.tr\/kazim-karabekir-egitim-fakultesi\/wp-content\/uploads\/sites\/67\/2021\/12\/WhatsApp-Image-2021-12-02-at-09.41.53-4-1024x576.jpeg 1024w, https:\/\/atauni.edu.tr\/kazim-karabekir-egitim-fakultesi\/wp-content\/uploads\/sites\/67\/2021\/12\/WhatsApp-Image-2021-12-02-at-09.41.53-4-768x432.jpeg 768w, https:\/\/atauni.edu.tr\/kazim-karabekir-egitim-fakultesi\/wp-content\/uploads\/sites\/67\/2021\/12\/WhatsApp-Image-2021-12-02-at-09.41.53-4-1536x864.jpeg 1536w, https:\/\/atauni.edu.tr\/kazim-karabekir-egitim-fakultesi\/wp-content\/uploads\/sites\/67\/2021\/12\/WhatsApp-Image-2021-12-02-at-09.41.53-4-600x338.jpeg 600w, https:\/\/atauni.edu.tr\/kazim-karabekir-egitim-fakultesi\/wp-content\/uploads\/sites\/67\/2021\/12\/WhatsApp-Image-2021-12-02-at-09.41.53-4-560x315.jpeg 560w, https:\/\/atauni.edu.tr\/kazim-karabekir-egitim-fakultesi\/wp-content\/uploads\/sites\/67\/2021\/12\/WhatsApp-Image-2021-12-02-at-09.41.53-4.jpeg 1600w\" sizes=\"(max-width: 1080px) 100vw, 1080px\" \/><\/div><div class=\"etkinlik-datee\"><span class=\"day\">09<\/span><span class=\"month\">Aral\u0131k<\/span><span class=\"year\">2021<\/span><\/div><a href=\"https:\/\/atauni.edu.tr\/kazim-karabekir-egitim-fakultesi\/fakultemizde-afet-farkindalik-egitimi-verildi\/\" class=\"etkinlik-titlee\">Fak\u00fcltemizde Afet Fark\u0131ndal\u0131k E\u011fitimi Verildi<\/a><\/div><div class=\"etkinlik-grid-item\"><div class=\"etkinlik-thumbnail\"><img loading=\"lazy\" decoding=\"async\" width=\"300\" height=\"142\" src=\"https:\/\/atauni.edu.tr\/kazim-karabekir-egitim-fakultesi\/wp-content\/uploads\/sites\/67\/2021\/09\/WhatsApp-Image-2021-11-24-at-17.11.52-1-300x142.jpeg\" class=\"img-fluid wp-post-image\" alt=\"\" srcset=\"https:\/\/atauni.edu.tr\/kazim-karabekir-egitim-fakultesi\/wp-content\/uploads\/sites\/67\/2021\/09\/WhatsApp-Image-2021-11-24-at-17.11.52-1-300x142.jpeg 300w, https:\/\/atauni.edu.tr\/kazim-karabekir-egitim-fakultesi\/wp-content\/uploads\/sites\/67\/2021\/09\/WhatsApp-Image-2021-11-24-at-17.11.52-1-1024x484.jpeg 1024w, https:\/\/atauni.edu.tr\/kazim-karabekir-egitim-fakultesi\/wp-content\/uploads\/sites\/67\/2021\/09\/WhatsApp-Image-2021-11-24-at-17.11.52-1-768x363.jpeg 768w, https:\/\/atauni.edu.tr\/kazim-karabekir-egitim-fakultesi\/wp-content\/uploads\/sites\/67\/2021\/09\/WhatsApp-Image-2021-11-24-at-17.11.52-1-1536x727.jpeg 1536w, https:\/\/atauni.edu.tr\/kazim-karabekir-egitim-fakultesi\/wp-content\/uploads\/sites\/67\/2021\/09\/WhatsApp-Image-2021-11-24-at-17.11.52-1-600x284.jpeg 600w, https:\/\/atauni.edu.tr\/kazim-karabekir-egitim-fakultesi\/wp-content\/uploads\/sites\/67\/2021\/09\/WhatsApp-Image-2021-11-24-at-17.11.52-1-560x265.jpeg 560w, https:\/\/atauni.edu.tr\/kazim-karabekir-egitim-fakultesi\/wp-content\/uploads\/sites\/67\/2021\/09\/WhatsApp-Image-2021-11-24-at-17.11.52-1.jpeg 1600w\" sizes=\"(max-width: 300px) 100vw, 300px\" \/><\/div><div class=\"etkinlik-datee\"><span class=\"day\">23<\/span><span class=\"month\">Eyl\u00fcl<\/span><span class=\"year\">2021<\/span><\/div><a href=\"https:\/\/atauni.edu.tr\/kazim-karabekir-egitim-fakultesi\/ads\/\" class=\"etkinlik-titlee\">24 Kas\u0131m \u00d6\u011fretmenler G\u00fcn\u00fc<\/a><\/div><\/div><div class=\"pagination\" style=\"margin-top: 20px;\"><\/div>\n\n\n\n<p><\/p>\n","protected":false},"excerpt":{"rendered":"","protected":false},"author":1,"featured_media":0,"parent":0,"menu_order":0,"comment_status":"closed","ping_status":"closed","template":"","meta":{"footnotes":""},"class_list":["post-10402","page","type-page","status-publish","hentry"],"_links":{"self":[{"href":"https:\/\/atauni.edu.tr\/kazim-karabekir-egitim-fakultesi\/wp-json\/wp\/v2\/pages\/10402","targetHints":{"allow":["GET"]}}],"collection":[{"href":"https:\/\/atauni.edu.tr\/kazim-karabekir-egitim-fakultesi\/wp-json\/wp\/v2\/pages"}],"about":[{"href":"https:\/\/atauni.edu.tr\/kazim-karabekir-egitim-fakultesi\/wp-json\/wp\/v2\/types\/page"}],"author":[{"embeddable":true,"href":"https:\/\/atauni.edu.tr\/kazim-karabekir-egitim-fakultesi\/wp-json\/wp\/v2\/users\/1"}],"replies":[{"embeddable":true,"href":"https:\/\/atauni.edu.tr\/kazim-karabekir-egitim-fakultesi\/wp-json\/wp\/v2\/comments?post=10402"}],"version-history":[{"count":1,"href":"https:\/\/atauni.edu.tr\/kazim-karabekir-egitim-fakultesi\/wp-json\/wp\/v2\/pages\/10402\/revisions"}],"predecessor-version":[{"id":10405,"href":"https:\/\/atauni.edu.tr\/kazim-karabekir-egitim-fakultesi\/wp-json\/wp\/v2\/pages\/10402\/revisions\/10405"}],"wp:attachment":[{"href":"https:\/\/atauni.edu.tr\/kazim-karabekir-egitim-fakultesi\/wp-json\/wp\/v2\/media?parent=10402"}],"curies":[{"name":"wp","href":"https:\/\/api.w.org\/{rel}","templated":true}]}}