{"id":10403,"date":"2025-07-29T14:28:33","date_gmt":"2025-07-29T11:28:33","guid":{"rendered":"https:\/\/birimler.atauni.edu.tr\/kazim-karabekir-egitim-fakultesi\/?page_id=10403"},"modified":"2025-07-29T14:28:40","modified_gmt":"2025-07-29T11:28:40","slug":"duyurular","status":"publish","type":"page","link":"https:\/\/atauni.edu.tr\/kazim-karabekir-egitim-fakultesi\/duyurular\/","title":{"rendered":"Duyurular"},"content":{"rendered":"<form method=\"get\" class=\"row g-3\" style=\"margin-bottom: 20px;\"><div class=\"col-md-3\"><input type=\"text\" name=\"Duyuru_ara\" class=\"form-control\" placeholder=\"Duyuru ara...\" value=\"\"><\/div><div class=\"col-md-3\"><input type=\"date\" name=\"baslangic_tarihi\" class=\"form-control\" value=\"\"><\/div><div class=\"col-md-3\"><input type=\"date\" name=\"bitis_tarihi\" class=\"form-control\" value=\"\"><\/div><div class=\"col-md-3\"><button type=\"submit\" class=\"btn btn-secondary w-50\">Filtrele<\/button><\/div><\/form><ul class=\"kategori-yazilari-liste\"><li style=\"display: flex; margin-bottom: 10px; align-items: center;\"><div class=\"post-content\" style=\"flex-grow: 1;\"><span class=\"post-date Duyurutarih\" style=\"display: block; font-weight: bold; margin-bottom: 5px;\">25 Kas\u0131m 2025<\/span><a class=\"Duyurubaslik\" href=\"https:\/\/atauni.edu.tr\/kazim-karabekir-egitim-fakultesi\/2025-2026-egitim-ogretim-yili-guz-donemi-lisans-formasyon-vize-sinav-programi\/\">2025-2026 E\u011fitim \u00d6\u011fretim Y\u0131l\u0131 G\u00fcz D\u00f6nemi Lisans Formasyon Vize S\u0131nav Program\u0131<\/a><\/div><\/li><li style=\"display: flex; margin-bottom: 10px; align-items: center;\"><div class=\"post-content\" style=\"flex-grow: 1;\"><span class=\"post-date Duyurutarih\" style=\"display: block; font-weight: bold; margin-bottom: 5px;\">8 Kas\u0131m 2025<\/span><a class=\"Duyurubaslik\" href=\"https:\/\/atauni.edu.tr\/kazim-karabekir-egitim-fakultesi\/2025-2026-egitim-ogretim-yili-guz-donemi-pedagojik-formasyon-sertifika-programi-muafiyet-sonuclari\/\">2025-2026 E\u011e\u0130T\u0130M-\u00d6\u011eRET\u0130M YILI G\u00dcZ D\u00d6NEM\u0130 PEDAGOJ\u0130K FORMASYON SERT\u0130F\u0130KA PROGRAMI MUAF\u0130YET SONU\u00c7LARI<\/a><\/div><\/li><li style=\"display: flex; margin-bottom: 10px; align-items: center;\"><div class=\"post-content\" style=\"flex-grow: 1;\"><span class=\"post-date Duyurutarih\" style=\"display: block; font-weight: bold; margin-bottom: 5px;\">16 Ekim 2025<\/span><a class=\"Duyurubaslik\" href=\"https:\/\/atauni.edu.tr\/kazim-karabekir-egitim-fakultesi\/18-10-2025-tarihinde-baslayacak-olan-pedagojik-formasyon-egitimi-ders-programi\/\">18.10.2025 Tarihinde Ba\u015flayacak Olan Pedagojik Formasyon E\u011fitimi Ders Program\u0131<\/a><\/div><\/li><li style=\"display: flex; margin-bottom: 10px; align-items: center;\"><div class=\"post-content\" style=\"flex-grow: 1;\"><span class=\"post-date Duyurutarih\" style=\"display: block; font-weight: bold; margin-bottom: 5px;\">2 Ekim 2025<\/span><a class=\"Duyurubaslik\" href=\"https:\/\/atauni.edu.tr\/kazim-karabekir-egitim-fakultesi\/azami-sure-sonu-duyurusu\/\">AZAM\u0130 S\u00dcRE SONU DUYURUSU<\/a><\/div><\/li><li style=\"display: flex; margin-bottom: 10px; align-items: center;\"><div class=\"post-content\" style=\"flex-grow: 1;\"><span class=\"post-date Duyurutarih\" style=\"display: block; font-weight: bold; margin-bottom: 5px;\">16 Eyl\u00fcl 2025<\/span><a class=\"Duyurubaslik\" href=\"https:\/\/atauni.edu.tr\/kazim-karabekir-egitim-fakultesi\/mezunlar-icin-pedagojik-formasyon-yelestirme-sonuclari\/\">Mezunlar \u0130\u00e7in Pedagojik Formasyon Yele\u015ftirme\u00a0Sonu\u00e7lar\u0131<\/a><\/div><\/li><li style=\"display: flex; margin-bottom: 10px; align-items: center;\"><div class=\"post-content\" style=\"flex-grow: 1;\"><span class=\"post-date Duyurutarih\" style=\"display: block; font-weight: bold; margin-bottom: 5px;\">29 A\u011fustos 2025<\/span><a class=\"Duyurubaslik\" href=\"https:\/\/atauni.edu.tr\/kazim-karabekir-egitim-fakultesi\/mezun-ogrenciler-icin-pedagojik-formasyon-egitimi-sertifika-programi\/\">Mezun \u00f6\u011frenciler i\u00e7in Pedagojik Formasyon E\u011fitimi Sertifika Program\u0131<\/a><\/div><\/li><li style=\"display: flex; margin-bottom: 10px; align-items: center;\"><div class=\"post-content\" style=\"flex-grow: 1;\"><span class=\"post-date Duyurutarih\" style=\"display: block; font-weight: bold; margin-bottom: 5px;\">13 A\u011fustos 2025<\/span><a class=\"Duyurubaslik\" href=\"https:\/\/atauni.edu.tr\/kazim-karabekir-egitim-fakultesi\/2024-2025-yili-yaz-okulu-final-sinavlari\/\">2024-2025 y\u0131l\u0131 yaz okulu final s\u0131navlar\u0131<\/a><\/div><\/li><li style=\"display: flex; margin-bottom: 10px; align-items: center;\"><div class=\"post-content\" style=\"flex-grow: 1;\"><span class=\"post-date Duyurutarih\" style=\"display: block; font-weight: bold; margin-bottom: 5px;\">13 A\u011fustos 2025<\/span><a class=\"Duyurubaslik\" href=\"https:\/\/atauni.edu.tr\/kazim-karabekir-egitim-fakultesi\/mezun-olanlar-icin-pedagojik-formasyon-duyurusu\/\">Mezun Olanlar \u0130\u00e7in Pedagojik Formasyon\u00a0Duyurusu<\/a><\/div><\/li><li style=\"display: flex; margin-bottom: 10px; align-items: center;\"><div class=\"post-content\" style=\"flex-grow: 1;\"><span class=\"post-date Duyurutarih\" style=\"display: block; font-weight: bold; margin-bottom: 5px;\">21 May\u0131s 2025<\/span><a class=\"Duyurubaslik\" href=\"https:\/\/atauni.edu.tr\/kazim-karabekir-egitim-fakultesi\/a-systems-thinking-approach-in-under-standing-organic-reaction-mechanisms\/\">A SYSTEMS THINKING APPROACH IN UNDER STANDING ORGANIC REACTION MECHANISMS<\/a><\/div><\/li><li style=\"display: flex; margin-bottom: 10px; align-items: center;\"><div class=\"post-content\" style=\"flex-grow: 1;\"><span class=\"post-date Duyurutarih\" style=\"display: block; font-weight: bold; margin-bottom: 5px;\">21 May\u0131s 2025<\/span><a class=\"Duyurubaslik\" href=\"https:\/\/atauni.edu.tr\/kazim-karabekir-egitim-fakultesi\/10-16-mayis-dunya-engelliler-haftasi-farkli-bir-ihtimal-mumkun\/\">10-16 May\u0131s D\u00fcnya Engelliler Haftas\u0131;             Farkl\u0131 Bir \u0130htimal M\u00fcmk\u00fcn<\/a><\/div><\/li><\/ul><nav class=\"pagination\" style=\"margin-top: 20px;\"><ul class='page-numbers'>\n\t<li><span aria-current=\"page\" class=\"page-numbers current\">1<\/span><\/li>\n\t<li><a class=\"page-numbers\" href=\"https:\/\/atauni.edu.tr\/kazim-karabekir-egitim-fakultesi\/wp-json\/wp\/v2\/pages\/10403\/page\/2\/\">2<\/a><\/li>\n\t<li><a class=\"page-numbers\" href=\"https:\/\/atauni.edu.tr\/kazim-karabekir-egitim-fakultesi\/wp-json\/wp\/v2\/pages\/10403\/page\/3\/\">3<\/a><\/li>\n\t<li><span class=\"page-numbers dots\">&hellip;<\/span><\/li>\n\t<li><a class=\"page-numbers\" href=\"https:\/\/atauni.edu.tr\/kazim-karabekir-egitim-fakultesi\/wp-json\/wp\/v2\/pages\/10403\/page\/6\/\">6<\/a><\/li>\n\t<li><a class=\"next page-numbers\" href=\"https:\/\/atauni.edu.tr\/kazim-karabekir-egitim-fakultesi\/wp-json\/wp\/v2\/pages\/10403\/page\/2\/\">Sonraki &raquo;<\/a><\/li>\n<\/ul>\n<\/nav>\n\n\n\n<p><\/p>\n","protected":false},"excerpt":{"rendered":"","protected":false},"author":1,"featured_media":0,"parent":0,"menu_order":0,"comment_status":"closed","ping_status":"closed","template":"","meta":{"footnotes":""},"class_list":["post-10403","page","type-page","status-publish","hentry"],"_links":{"self":[{"href":"https:\/\/atauni.edu.tr\/kazim-karabekir-egitim-fakultesi\/wp-json\/wp\/v2\/pages\/10403","targetHints":{"allow":["GET"]}}],"collection":[{"href":"https:\/\/atauni.edu.tr\/kazim-karabekir-egitim-fakultesi\/wp-json\/wp\/v2\/pages"}],"about":[{"href":"https:\/\/atauni.edu.tr\/kazim-karabekir-egitim-fakultesi\/wp-json\/wp\/v2\/types\/page"}],"author":[{"embeddable":true,"href":"https:\/\/atauni.edu.tr\/kazim-karabekir-egitim-fakultesi\/wp-json\/wp\/v2\/users\/1"}],"replies":[{"embeddable":true,"href":"https:\/\/atauni.edu.tr\/kazim-karabekir-egitim-fakultesi\/wp-json\/wp\/v2\/comments?post=10403"}],"version-history":[{"count":1,"href":"https:\/\/atauni.edu.tr\/kazim-karabekir-egitim-fakultesi\/wp-json\/wp\/v2\/pages\/10403\/revisions"}],"predecessor-version":[{"id":10406,"href":"https:\/\/atauni.edu.tr\/kazim-karabekir-egitim-fakultesi\/wp-json\/wp\/v2\/pages\/10403\/revisions\/10406"}],"wp:attachment":[{"href":"https:\/\/atauni.edu.tr\/kazim-karabekir-egitim-fakultesi\/wp-json\/wp\/v2\/media?parent=10403"}],"curies":[{"name":"wp","href":"https:\/\/api.w.org\/{rel}","templated":true}]}}