{"id":5717,"date":"2021-07-13T11:26:14","date_gmt":"2021-07-13T08:26:14","guid":{"rendered":"https:\/\/portaltest.atauni.edu.tr\/muhendislik-fakultesi\/?page_id=5717"},"modified":"2025-07-02T15:55:31","modified_gmt":"2025-07-02T12:55:31","slug":"komisyonlar","status":"publish","type":"page","link":"https:\/\/atauni.edu.tr\/kazim-karabekir-egitim-fakultesi\/komisyonlar\/","title":{"rendered":"Komisyonlar"},"content":{"rendered":"\t\t<div data-elementor-type=\"wp-page\" data-elementor-id=\"5717\" class=\"elementor elementor-5717\" data-elementor-post-type=\"page\">\n\t\t\t\t\t\t<section class=\"elementor-section elementor-top-section elementor-element elementor-element-46c2cb5d elementor-section-boxed elementor-section-height-default elementor-section-height-default\" data-id=\"46c2cb5d\" data-element_type=\"section\">\n\t\t\t\t\t\t<div class=\"elementor-container elementor-column-gap-default\">\n\t\t\t\t\t<div class=\"elementor-column elementor-col-100 elementor-top-column elementor-element elementor-element-299813e7\" data-id=\"299813e7\" data-element_type=\"column\">\n\t\t\t<div class=\"elementor-widget-wrap elementor-element-populated\">\n\t\t\t\t\t\t<div class=\"elementor-element elementor-element-3ec495a9 elementor-widget elementor-widget-heading\" data-id=\"3ec495a9\" data-element_type=\"widget\" data-widget_type=\"heading.default\">\n\t\t\t\t<div class=\"elementor-widget-container\">\n\t\t\t\t\t<h2 class=\"elementor-heading-title elementor-size-default\">KOM\u0130SYONLAR<\/h2>\t\t\t\t<\/div>\n\t\t\t\t<\/div>\n\t\t\t\t<div class=\"elementor-element elementor-element-2092e3b3 elementor-widget-divider--view-line elementor-widget elementor-widget-divider\" data-id=\"2092e3b3\" data-element_type=\"widget\" data-widget_type=\"divider.default\">\n\t\t\t\t<div class=\"elementor-widget-container\">\n\t\t\t\t\t\t\t<div class=\"elementor-divider\">\n\t\t\t<span class=\"elementor-divider-separator\">\n\t\t\t\t\t\t<\/span>\n\t\t<\/div>\n\t\t\t\t\t\t<\/div>\n\t\t\t\t<\/div>\n\t\t\t\t\t<\/div>\n\t\t<\/div>\n\t\t\t\t\t<\/div>\n\t\t<\/section>\n\t\t\t\t<section class=\"elementor-section elementor-top-section elementor-element elementor-element-6a055e3 elementor-section-boxed elementor-section-height-default elementor-section-height-default\" data-id=\"6a055e3\" data-element_type=\"section\">\n\t\t\t\t\t\t<div class=\"elementor-container elementor-column-gap-default\">\n\t\t\t\t\t<div class=\"elementor-column elementor-col-100 elementor-top-column elementor-element elementor-element-87cb11d\" data-id=\"87cb11d\" data-element_type=\"column\">\n\t\t\t<div class=\"elementor-widget-wrap elementor-element-populated\">\n\t\t\t\t\t\t<div class=\"elementor-element elementor-element-67829b6 elementor-widget elementor-widget-text-editor\" data-id=\"67829b6\" data-element_type=\"widget\" data-widget_type=\"text-editor.default\">\n\t\t\t\t<div class=\"elementor-widget-container\">\n\t\t\t\t\t\t\t\t\t<ul><li><a href=\"http:\/\/birimler.atauni.edu.tr\/kazim-karabekir-egitim-fakultesi\/wp-content\/uploads\/sites\/67\/2025\/07\/FAKULTE-KURULU.pdf\">FAK\u00dcLTE KURULU<\/a><\/li><li><a href=\"http:\/\/birimler.atauni.edu.tr\/kazim-karabekir-egitim-fakultesi\/wp-content\/uploads\/sites\/67\/2025\/07\/ATAMA-KRITER-KOMISYONU.pdf\">ATAMA KR\u0130TER KOM\u0130SYONU<\/a><\/li><li><a href=\"http:\/\/birimler.atauni.edu.tr\/kazim-karabekir-egitim-fakultesi\/wp-content\/uploads\/sites\/67\/2025\/07\/KALITE-KOMISYONU.pdf\">KAL\u0130TE KOM\u0130SYONU<\/a><\/li><li><a href=\"http:\/\/birimler.atauni.edu.tr\/kazim-karabekir-egitim-fakultesi\/wp-content\/uploads\/sites\/67\/2025\/07\/FAKULTE-YONETIM-KURULU.pdf\">FAK\u00dcLTE Y\u00d6NET\u0130M KURULU<\/a><\/li><li><a href=\"http:\/\/birimler.atauni.edu.tr\/kazim-karabekir-egitim-fakultesi\/wp-content\/uploads\/sites\/67\/2025\/07\/DIJITAL-INOVASYON-KOMISYONU.pdf\">D\u0130J\u0130TAL \u0130NOVASYON KOM\u0130SYONU<\/a><\/li><li><a href=\"http:\/\/birimler.atauni.edu.tr\/kazim-karabekir-egitim-fakultesi\/wp-content\/uploads\/sites\/67\/2025\/07\/ALT-KALITE-KOMISYONU.pdf\">ALT KAL\u0130TE KOM\u0130SYONU<\/a><\/li><li><a href=\"http:\/\/birimler.atauni.edu.tr\/kazim-karabekir-egitim-fakultesi\/wp-content\/uploads\/sites\/67\/2025\/07\/AKADEMIK-TESVIK-INCELEME-KOMISYONU.pdf\">AKADEM\u0130K TE\u015eV\u0130K \u0130NCELEME KOM\u0130SYONU<\/a><\/li><li><a href=\"http:\/\/birimler.atauni.edu.tr\/kazim-karabekir-egitim-fakultesi\/wp-content\/uploads\/sites\/67\/2025\/07\/AKADEMIK-PERFORMANS-KOMISYONU.pdf\">AKADEM\u0130K PERFORMANS KOM\u0130SYONU<\/a><\/li><li><a href=\"http:\/\/birimler.atauni.edu.tr\/kazim-karabekir-egitim-fakultesi\/wp-content\/uploads\/sites\/67\/2025\/07\/MUAYENE-VE-KABUL-KOMISYONU.pdf\">MUAYENE VE KABUL KOM\u0130SYONU<\/a><\/li><li><a href=\"http:\/\/birimler.atauni.edu.tr\/kazim-karabekir-egitim-fakultesi\/wp-content\/uploads\/sites\/67\/2025\/07\/IS-SAGLIGI-VE-GUVENLIGI-KOMISYONU.pdf\">\u0130\u015e SA\u011eLI\u011eI VE G\u00dcVENL\u0130\u011e\u0130 KOM\u0130SYONU<\/a><\/li><li><a href=\"http:\/\/birimler.atauni.edu.tr\/kazim-karabekir-egitim-fakultesi\/wp-content\/uploads\/sites\/67\/2025\/07\/WEB-SORUMLULARI.pdf\">WEB SORUMLULARI<\/a><\/li><li><a href=\"http:\/\/birimler.atauni.edu.tr\/kazim-karabekir-egitim-fakultesi\/wp-content\/uploads\/sites\/67\/2025\/07\/FARABI-ERASMUS-MEVLANA-KOORDINATOR-ISIM-LISTESI.pdf\">FARAB\u0130-ERASMUS MEVLANA KOORD\u0130NAT\u00d6R \u0130S\u0130M L\u0130STES\u0130<\/a><\/li><\/ul>\t\t\t\t\t\t\t\t<\/div>\n\t\t\t\t<\/div>\n\t\t\t\t\t<\/div>\n\t\t<\/div>\n\t\t\t\t\t<\/div>\n\t\t<\/section>\n\t\t\t\t<\/div>\n\t\t","protected":false},"excerpt":{"rendered":"<p>KOM\u0130SYONLAR FAK\u00dcLTE KURULU ATAMA KR\u0130TER KOM\u0130SYONU KAL\u0130TE KOM\u0130SYONU FAK\u00dcLTE Y\u00d6NET\u0130M KURULU D\u0130J\u0130TAL \u0130NOVASYON KOM\u0130SYONU ALT KAL\u0130TE KOM\u0130SYONU AKADEM\u0130K TE\u015eV\u0130K \u0130NCELEME KOM\u0130SYONU AKADEM\u0130K PERFORMANS KOM\u0130SYONU MUAYENE VE KABUL KOM\u0130SYONU \u0130\u015e SA\u011eLI\u011eI VE G\u00dcVENL\u0130\u011e\u0130 KOM\u0130SYONU WEB SORUMLULARI FARAB\u0130-ERASMUS MEVLANA KOORD\u0130NAT\u00d6R \u0130S\u0130M L\u0130STES\u0130<\/p>\n","protected":false},"author":1,"featured_media":0,"parent":0,"menu_order":0,"comment_status":"closed","ping_status":"closed","template":"elementor_header_footer","meta":{"footnotes":""},"class_list":["post-5717","page","type-page","status-publish","hentry"],"_links":{"self":[{"href":"https:\/\/atauni.edu.tr\/kazim-karabekir-egitim-fakultesi\/wp-json\/wp\/v2\/pages\/5717","targetHints":{"allow":["GET"]}}],"collection":[{"href":"https:\/\/atauni.edu.tr\/kazim-karabekir-egitim-fakultesi\/wp-json\/wp\/v2\/pages"}],"about":[{"href":"https:\/\/atauni.edu.tr\/kazim-karabekir-egitim-fakultesi\/wp-json\/wp\/v2\/types\/page"}],"author":[{"embeddable":true,"href":"https:\/\/atauni.edu.tr\/kazim-karabekir-egitim-fakultesi\/wp-json\/wp\/v2\/users\/1"}],"replies":[{"embeddable":true,"href":"https:\/\/atauni.edu.tr\/kazim-karabekir-egitim-fakultesi\/wp-json\/wp\/v2\/comments?post=5717"}],"version-history":[{"count":74,"href":"https:\/\/atauni.edu.tr\/kazim-karabekir-egitim-fakultesi\/wp-json\/wp\/v2\/pages\/5717\/revisions"}],"predecessor-version":[{"id":10398,"href":"https:\/\/atauni.edu.tr\/kazim-karabekir-egitim-fakultesi\/wp-json\/wp\/v2\/pages\/5717\/revisions\/10398"}],"wp:attachment":[{"href":"https:\/\/atauni.edu.tr\/kazim-karabekir-egitim-fakultesi\/wp-json\/wp\/v2\/media?parent=5717"}],"curies":[{"name":"wp","href":"https:\/\/api.w.org\/{rel}","templated":true}]}}