{"id":5807,"date":"2021-07-13T14:25:31","date_gmt":"2021-07-13T11:25:31","guid":{"rendered":"https:\/\/portaltest.atauni.edu.tr\/muhendislik-fakultesi\/?page_id=5807"},"modified":"2021-11-30T17:45:01","modified_gmt":"2021-11-30T14:45:01","slug":"ders-programlari","status":"publish","type":"page","link":"https:\/\/atauni.edu.tr\/kazim-karabekir-egitim-fakultesi\/ders-programlari\/","title":{"rendered":"Ders Programlar\u0131"},"content":{"rendered":"\t\t<div data-elementor-type=\"wp-page\" data-elementor-id=\"5807\" class=\"elementor elementor-5807\" data-elementor-post-type=\"page\">\n\t\t\t\t\t\t<section class=\"elementor-section elementor-top-section elementor-element elementor-element-46c2cb5d elementor-section-boxed elementor-section-height-default elementor-section-height-default\" data-id=\"46c2cb5d\" data-element_type=\"section\">\n\t\t\t\t\t\t<div class=\"elementor-container elementor-column-gap-default\">\n\t\t\t\t\t<div class=\"elementor-column elementor-col-100 elementor-top-column elementor-element elementor-element-299813e7\" data-id=\"299813e7\" data-element_type=\"column\">\n\t\t\t<div class=\"elementor-widget-wrap elementor-element-populated\">\n\t\t\t\t\t\t<div class=\"elementor-element elementor-element-3ec495a9 elementor-widget elementor-widget-heading\" data-id=\"3ec495a9\" data-element_type=\"widget\" data-widget_type=\"heading.default\">\n\t\t\t\t<div class=\"elementor-widget-container\">\n\t\t\t\t\t<h2 class=\"elementor-heading-title elementor-size-default\">Ders Program\u0131<\/h2>\t\t\t\t<\/div>\n\t\t\t\t<\/div>\n\t\t\t\t<div class=\"elementor-element elementor-element-2092e3b3 elementor-widget-divider--view-line elementor-widget elementor-widget-divider\" data-id=\"2092e3b3\" data-element_type=\"widget\" data-widget_type=\"divider.default\">\n\t\t\t\t<div class=\"elementor-widget-container\">\n\t\t\t\t\t\t\t<div class=\"elementor-divider\">\n\t\t\t<span class=\"elementor-divider-separator\">\n\t\t\t\t\t\t<\/span>\n\t\t<\/div>\n\t\t\t\t\t\t<\/div>\n\t\t\t\t<\/div>\n\t\t\t\t\t<\/div>\n\t\t<\/div>\n\t\t\t\t\t<\/div>\n\t\t<\/section>\n\t\t\t\t<section class=\"elementor-section elementor-top-section elementor-element elementor-element-33c46b8 elementor-section-boxed elementor-section-height-default elementor-section-height-default\" data-id=\"33c46b8\" data-element_type=\"section\">\n\t\t\t\t\t\t<div class=\"elementor-container elementor-column-gap-default\">\n\t\t\t\t\t<div class=\"elementor-column elementor-col-100 elementor-top-column elementor-element elementor-element-1def29c\" data-id=\"1def29c\" data-element_type=\"column\">\n\t\t\t<div class=\"elementor-widget-wrap elementor-element-populated\">\n\t\t\t\t\t\t<div class=\"elementor-element elementor-element-3c63582 elementor-widget elementor-widget-text-editor\" data-id=\"3c63582\" data-element_type=\"widget\" data-widget_type=\"text-editor.default\">\n\t\t\t\t<div class=\"elementor-widget-container\">\n\t\t\t\t\t\t\t\t\t<ul><li><span style=\"text-decoration: underline\"><strong><span style=\"color: #003366;text-decoration: underline\">Beden E\u011fitimi ve Spor B\u00f6l\u00fcm\u00fc<\/span><\/strong><\/span><\/li><\/ul><ol><li><span style=\"color: #333399\"><strong><a style=\"color: #333399\" href=\"http:\/\/birimler.atauni.edu.tr\/kazim-karabekir-egitim-fakultesi\/wp-content\/uploads\/sites\/67\/2020\/07\/Beden-Egitimi.pdf\">Beden E\u011fitimi<\/a><\/strong><\/span><\/li><\/ol><ul><li><span style=\"text-decoration: underline\"><span style=\"color: #003366;text-decoration: underline\"><strong>B\u0130LG\u0130SAYAR VE \u00d6\u011eRET\u0130M TEKNOLOJ\u0130LER\u0130 E\u011e\u0130T\u0130M\u0130 B\u00d6L\u00dcM\u00dc<\/strong><\/span><\/span><\/li><\/ul><ol><li><span style=\"color: #333399\"><strong><a style=\"color: #333399\" href=\"http:\/\/birimler.atauni.edu.tr\/kazim-karabekir-egitim-fakultesi\/wp-content\/uploads\/sites\/67\/2020\/07\/Bilgisayar.pdf\">Bilgisayar<\/a><\/strong><\/span><\/li><\/ol><ul><li><span style=\"text-decoration: underline\"><strong><span style=\"color: #003366;text-decoration: underline\">MATEMAT\u0130K VE FEN B\u0130L\u0130MLER\u0130 E\u011e\u0130T\u0130M\u0130 B\u00d6L\u00dcM\u00dc<\/span><\/strong><\/span><\/li><\/ul><ol><li><span style=\"color: #333399\"><strong><a style=\"color: #333399\" href=\"http:\/\/birimler.atauni.edu.tr\/kazim-karabekir-egitim-fakultesi\/wp-content\/uploads\/sites\/67\/2020\/07\/Biyoloji.pdf\">Biyoloji<\/a><\/strong><\/span><\/li><li><span style=\"color: #333399\"><strong><a style=\"color: #333399\" href=\"http:\/\/birimler.atauni.edu.tr\/kazim-karabekir-egitim-fakultesi\/wp-content\/uploads\/sites\/67\/2020\/07\/Fen-Bilgisi.pdf\">Fen Bilgisi<\/a><\/strong><\/span><\/li><li><span style=\"color: #333399\"><strong><a style=\"color: #333399\" href=\"http:\/\/birimler.atauni.edu.tr\/kazim-karabekir-egitim-fakultesi\/wp-content\/uploads\/sites\/67\/2020\/07\/Kimya-ve-Matematik-Haftalik-Ders-Programi.pdf\">Kimya ve Matematik Haftal\u0131k Ders Program\u0131<\/a><\/strong><\/span><\/li><li><span style=\"color: #333399\"><strong><a style=\"color: #333399\" href=\"http:\/\/birimler.atauni.edu.tr\/kazim-karabekir-egitim-fakultesi\/wp-content\/uploads\/sites\/67\/2020\/07\/ilkogretim-matematik.pdf\">ilk\u00f6\u011fretim matematik<\/a><\/strong><\/span><\/li><\/ol><ul><li><span style=\"text-decoration: underline\"><strong><span style=\"color: #003366;text-decoration: underline\">\u00d6ZEL E\u011e\u0130T\u0130M B\u00d6L\u00dcM\u00dc<\/span><\/strong><\/span><\/li><\/ul><ol><li><span style=\"color: #333399\"><strong><a style=\"color: #333399\" href=\"http:\/\/birimler.atauni.edu.tr\/kazim-karabekir-egitim-fakultesi\/wp-content\/uploads\/sites\/67\/2020\/07\/OZEL-EGIT.ders-programi.pdf\">\u00d6ZEL E\u011e\u0130T.ders program\u0131<\/a><\/strong><\/span><\/li><\/ol><ul><li><span style=\"text-decoration: underline;color: #003366\"><strong>SOSYAL B\u0130L\u0130MLER VE T\u00dcRK\u00c7E E\u011e\u0130T\u0130M\u0130 B\u00d6L\u00dcM\u00dc<\/strong><\/span><\/li><\/ul><ol><li><span style=\"color: #333399\"><strong><a style=\"color: #333399\" href=\"http:\/\/birimler.atauni.edu.tr\/kazim-karabekir-egitim-fakultesi\/wp-content\/uploads\/sites\/67\/2020\/07\/tarih-felsefe-cografya-sosyal-bilgiler.pdf\">tarih, felsefe, co\u011frafya, sosyal bilgiler<\/a><\/strong><\/span><\/li><li><span style=\"color: #333399\"><strong><a style=\"color: #333399\" href=\"http:\/\/birimler.atauni.edu.tr\/kazim-karabekir-egitim-fakultesi\/wp-content\/uploads\/sites\/67\/2020\/07\/turk-dili.pdf\">t\u00fcrk dili<\/a><\/strong><\/span><\/li><li><span style=\"color: #333399\"><strong><a style=\"color: #333399\" href=\"http:\/\/birimler.atauni.edu.tr\/kazim-karabekir-egitim-fakultesi\/wp-content\/uploads\/sites\/67\/2020\/07\/Turkce.Ders-Programi.pdf\">T\u00fcrk\u00e7e.Ders Program\u0131<\/a><\/strong><\/span><\/li><\/ol><ul><li><span style=\"text-decoration: underline\"><strong><span style=\"color: #003366;text-decoration: underline\"><strong>YABANCI D\u0130LLER E\u011e<\/strong>\u0130T\u0130M\u0130 B\u00d6L\u00dcM\u00dc<\/span><\/strong><\/span><\/li><\/ul><ol><li><span style=\"color: #333399\"><strong><a style=\"color: #333399\" href=\"http:\/\/birimler.atauni.edu.tr\/kazim-karabekir-egitim-fakultesi\/wp-content\/uploads\/sites\/67\/2020\/07\/Ingilizce.pdf\">\u0130ngilizce<\/a><\/strong><\/span><\/li><\/ol><ul><li><span style=\"text-decoration: underline\"><strong><span style=\"color: #003366;text-decoration: underline\">TEMEL E\u011e\u0130T\u0130M B\u00d6L\u00dcM\u00dc<\/span><\/strong><\/span><\/li><\/ul><ol><li><span style=\"color: #333399\"><strong><a style=\"color: #333399\" href=\"http:\/\/birimler.atauni.edu.tr\/kazim-karabekir-egitim-fakultesi\/wp-content\/uploads\/sites\/67\/2020\/07\/Okul-Oncesi.pdf\">Okul \u00d6ncesi<\/a><\/strong><\/span><\/li><li><span style=\"color: #333399\"><strong><a style=\"color: #333399\" href=\"http:\/\/birimler.atauni.edu.tr\/kazim-karabekir-egitim-fakultesi\/wp-content\/uploads\/sites\/67\/2020\/07\/Sinif.pdf\">S\u0131n\u0131f<\/a><\/strong><\/span><\/li><\/ol><ul><li><span style=\"text-decoration: underline\"><strong><span style=\"color: #003366;text-decoration: underline\">E\u011fitim Programlar\u0131 ve \u00d6\u011fretimi Anabilim Dal\u0131<\/span><\/strong><\/span><\/li><\/ul><ol><li><span style=\"color: #333399\"><strong><a style=\"color: #333399\" href=\"http:\/\/birimler.atauni.edu.tr\/kazim-karabekir-egitim-fakultesi\/wp-content\/uploads\/sites\/67\/2020\/07\/Rehberlik.xlsx\">Rehberlik<\/a><\/strong><\/span><\/li><\/ol>\t\t\t\t\t\t\t\t<\/div>\n\t\t\t\t<\/div>\n\t\t\t\t\t<\/div>\n\t\t<\/div>\n\t\t\t\t\t<\/div>\n\t\t<\/section>\n\t\t\t\t<\/div>\n\t\t","protected":false},"excerpt":{"rendered":"<p>Ders Program\u0131 Beden E\u011fitimi ve Spor B\u00f6l\u00fcm\u00fc Beden E\u011fitimi B\u0130LG\u0130SAYAR VE \u00d6\u011eRET\u0130M TEKNOLOJ\u0130LER\u0130 E\u011e\u0130T\u0130M\u0130 B\u00d6L\u00dcM\u00dc Bilgisayar MATEMAT\u0130K VE FEN B\u0130L\u0130MLER\u0130 E\u011e\u0130T\u0130M\u0130 B\u00d6L\u00dcM\u00dc Biyoloji Fen Bilgisi Kimya ve Matematik Haftal\u0131k Ders Program\u0131 ilk\u00f6\u011fretim matematik \u00d6ZEL E\u011e\u0130T\u0130M B\u00d6L\u00dcM\u00dc \u00d6ZEL E\u011e\u0130T.ders program\u0131 SOSYAL B\u0130L\u0130MLER VE T\u00dcRK\u00c7E E\u011e\u0130T\u0130M\u0130 B\u00d6L\u00dcM\u00dc tarih, felsefe, co\u011frafya, sosyal bilgiler t\u00fcrk dili T\u00fcrk\u00e7e.Ders Program\u0131 YABANCI [&hellip;]<\/p>\n","protected":false},"author":1,"featured_media":0,"parent":0,"menu_order":0,"comment_status":"closed","ping_status":"closed","template":"elementor_header_footer","meta":{"footnotes":""},"class_list":["post-5807","page","type-page","status-publish","hentry"],"_links":{"self":[{"href":"https:\/\/atauni.edu.tr\/kazim-karabekir-egitim-fakultesi\/wp-json\/wp\/v2\/pages\/5807","targetHints":{"allow":["GET"]}}],"collection":[{"href":"https:\/\/atauni.edu.tr\/kazim-karabekir-egitim-fakultesi\/wp-json\/wp\/v2\/pages"}],"about":[{"href":"https:\/\/atauni.edu.tr\/kazim-karabekir-egitim-fakultesi\/wp-json\/wp\/v2\/types\/page"}],"author":[{"embeddable":true,"href":"https:\/\/atauni.edu.tr\/kazim-karabekir-egitim-fakultesi\/wp-json\/wp\/v2\/users\/1"}],"replies":[{"embeddable":true,"href":"https:\/\/atauni.edu.tr\/kazim-karabekir-egitim-fakultesi\/wp-json\/wp\/v2\/comments?post=5807"}],"version-history":[{"count":35,"href":"https:\/\/atauni.edu.tr\/kazim-karabekir-egitim-fakultesi\/wp-json\/wp\/v2\/pages\/5807\/revisions"}],"predecessor-version":[{"id":6888,"href":"https:\/\/atauni.edu.tr\/kazim-karabekir-egitim-fakultesi\/wp-json\/wp\/v2\/pages\/5807\/revisions\/6888"}],"wp:attachment":[{"href":"https:\/\/atauni.edu.tr\/kazim-karabekir-egitim-fakultesi\/wp-json\/wp\/v2\/media?parent=5807"}],"curies":[{"name":"wp","href":"https:\/\/api.w.org\/{rel}","templated":true}]}}