{"id":6929,"date":"2021-11-30T19:27:23","date_gmt":"2021-11-30T16:27:23","guid":{"rendered":"http:\/\/birimler.atauni.edu.tr\/kazim-karabekir-egitim-fakultesi\/?page_id=6929"},"modified":"2021-12-03T10:38:56","modified_gmt":"2021-12-03T07:38:56","slug":"toplumsal-duyarlilik-projeleri","status":"publish","type":"page","link":"https:\/\/atauni.edu.tr\/kazim-karabekir-egitim-fakultesi\/toplumsal-duyarlilik-projeleri\/","title":{"rendered":"Toplumsal Duyarl\u0131l\u0131k Projeleri"},"content":{"rendered":"\t\t<div data-elementor-type=\"wp-page\" data-elementor-id=\"6929\" class=\"elementor elementor-6929\" data-elementor-post-type=\"page\">\n\t\t\t\t\t\t<section class=\"elementor-section elementor-top-section elementor-element elementor-element-2a1b92e elementor-section-boxed elementor-section-height-default elementor-section-height-default\" data-id=\"2a1b92e\" data-element_type=\"section\">\n\t\t\t\t\t\t<div class=\"elementor-container elementor-column-gap-default\">\n\t\t\t\t\t<div class=\"elementor-column elementor-col-100 elementor-top-column elementor-element elementor-element-a4c722e\" data-id=\"a4c722e\" data-element_type=\"column\">\n\t\t\t<div class=\"elementor-widget-wrap elementor-element-populated\">\n\t\t\t\t\t\t<div class=\"elementor-element elementor-element-f5dd1cf elementor-widget elementor-widget-text-editor\" data-id=\"f5dd1cf\" data-element_type=\"widget\" data-widget_type=\"text-editor.default\">\n\t\t\t\t<div class=\"elementor-widget-container\">\n\t\t\t\t\t\t\t\t\t<ul><li><p><span style=\"color: #000000\"><strong><a style=\"color: #000000\" href=\"https:\/\/docviewer.yandex.com.tr\/view\/0\/?*=mv6myN1VBbLQQoJNUVzbU35Mqj97InVybCI6InlhLWJyb3dzZXI6Ly80RFQxdVhFUFJySlJYbFVGb2V3cnVPdFJCeDVCT1BTVzBudVhHYldINHdDcjFkRW1kZG93eGQySjlJVGpxejJyemVubExGNWhhem4tckwxTjJBbEhaWjFibHlrSmZTd3hNZS02N1Q1YWc2c2ttSEhQOWgtUzZnejNPd3lPampHV0l1VHREanhKQThvc2M4US1zZDB4NWc9PT9zaWduPWIxOFEzMUJDaXc5S2F1aTMtX2IxUXFlY2FiaFRrS1lRVFY5NF81Y3hwSDA9IiwidGl0bGUiOiIyMjcuLUtveWxlci1NZXl2ZS1GaWRhbml5bGEtQnVsdXN1eW9yLmRvY3giLCJub2lmcmFtZSI6ZmFsc2UsInVpZCI6IjAiLCJ0cyI6MTYzODUwNjk5MjMzNiwieXUiOiI3NjM3MzE4ODkxNjM1NTk1MjI0In0%3D\" target=\"_blank\" rel=\"noopener\">K\u00f6yler Meyve Fidan\u0131yla Bulu\u015fuyor<\/a><\/strong><\/span><\/p><\/li><li><p class=\"entry-title\"><strong><span style=\"color: #000000\"><a style=\"color: #000000\" href=\"https:\/\/docviewer.yandex.com.tr\/view\/0\/?*=tsXuW0EdKdmY9HYDX7soeQSfWuh7InVybCI6InlhLWJyb3dzZXI6Ly80RFQxdVhFUFJySlJYbFVGb2V3cnVENHhwSjFSZTBJa3pfeVgtRlN6U01iSGdFbFFuMW5DWW1lQndjUmNfNGFib280aUR5aUFJS0g3MHRoYzdTZjVzQ2ZMUTI1ZUN4U3FReldtTWpVNnRMUnhaZ2VhU1dVYXg4N0ZHREZmbE9PVjdaeUJfSlEta0NlLXRVODVfa3BRaXc9PT9zaWduPWlJd0d3b0pMUXZPdl9KRTAyNU56eDk5SzNjbm5TUDlaeXc4eG9TdkZpMXM9IiwidGl0bGUiOiIyMjguLUtveS1Pa3VsbGFyaS1NdXRsdS5kb2N4Iiwibm9pZnJhbWUiOmZhbHNlLCJ1aWQiOiIwIiwidHMiOjE2Mzg1MDcyNTM2MzYsInl1IjoiNzYzNzMxODg5MTYzNTU5NTIyNCJ9\" target=\"_blank\" rel=\"noopener\">K\u00f6y Okullar\u0131 Mutlu<\/a><\/span><\/strong><\/p><\/li><li><p class=\"entry-title\"><strong><span style=\"color: #000000\"><a style=\"color: #000000\" href=\"https:\/\/docviewer.yandex.com.tr\/view\/0\/?*=wAJfN767ubDtKnGj9b3d8zCBZ6h7InVybCI6InlhLWJyb3dzZXI6Ly80RFQxdVhFUFJySlJYbFVGb2V3cnVPNWxMNHdKZV9iejdzUjdiTkZkNy1FbFRUendoTVBKRWU4UFl5N1AtZGlCb3FpNXl5d0Y2emhSRVFZcFIwVzhlelkyWHJLSXdvTXFVbER5SGltcDN0MUtyRkpQcURGcUlTRU05VXlHU2x3cHM4aU5LbkJfM1ppLVQ3WHNtTmhhLXc9PT9zaWduPWs0SWlSQU81eHFHSkdXbURxbWhlMEJ6TVB0REFlOVRIOHRyal9YNTFINFE9IiwidGl0bGUiOiIyMjkuLUlsay1ZYXJkaW1pLU9ncmVuaXlvcnV6LmRvY3giLCJub2lmcmFtZSI6ZmFsc2UsInVpZCI6IjAiLCJ0cyI6MTYzODUwNzM3NjMyMSwieXUiOiI3NjM3MzE4ODkxNjM1NTk1MjI0In0%3D\" target=\"_blank\" rel=\"noopener\">\u0130lk Yard\u0131m\u0131 \u00d6\u011freniyoruz<\/a><\/span><\/strong><\/p><\/li><li><p class=\"entry-title\"><strong><span style=\"color: #000000\"><a style=\"color: #000000\" href=\"https:\/\/docviewer.yandex.com.tr\/view\/0\/?*=ZXLXNS5WHAZ963GHJ0i5Co4Dgbt7InVybCI6InlhLWJyb3dzZXI6Ly80RFQxdVhFUFJySlJYbFVGb2V3cnVNbjRlRzNBcTVTNXY3NTdjX1Y2YnVnbUMtRFpzVVlTTVlFY040OUU2Z0YzRXBsQnZyU3hPa05CWTE2REVZYnBNbVczTy00SENpcGN0Vk9YMVRyMzJDd3lLbXZTUFJYX1o3eVJjS2ZWN3RRbUV3cXZaNmFyM2ZHalphRUVsZnJKZXc9PT9zaWduPW1vT3dqVXNxbGh2eXZCVHFIdE9PemUwY1ZPRVJiTUlrLS1TamxLU2JkRU09IiwidGl0bGUiOiIyMzAuLUFnYWNsYXItVG9wcmFnYS5kb2N4Iiwibm9pZnJhbWUiOmZhbHNlLCJ1aWQiOiIwIiwidHMiOjE2Mzg1MDc0ODY1NDIsInl1IjoiNzYzNzMxODg5MTYzNTU5NTIyNCJ9\" target=\"_blank\" rel=\"noopener\">A\u011fa\u00e7lar Topra\u011fa<\/a><\/span><\/strong><\/p><\/li><li><p class=\"entry-title\"><strong><span style=\"color: #000000\"><a style=\"color: #000000\" href=\"https:\/\/docviewer.yandex.com.tr\/view\/0\/?*=1UEciq94GJinA3DXRo6AVACgQR17InVybCI6InlhLWJyb3dzZXI6Ly80RFQxdVhFUFJySlJYbFVGb2V3cnVNMjlEcjBwVlBPUWoydUVheFlacFRmTmlJeHdTOG9vVkUyTTdWaTBrZHRBLTk0V2tBQ21ZUjh4R19uamw5MXhyNG5vMVhLYzlPTC1MSF9RYlFyM3JqWGxVUXZraXlqUlhSdTFMcHBnQVJ1ZEZEdFl2WDl1WDV4NHJSNVZDX0k5bmc9PT9zaWduPU1sYTNBLTMxbHlfWUNmRlNpbjZIdE0zdTd3R3pRT0FtZlFpVUNGUXhTWUU9IiwidGl0bGUiOiIyMzEuLUtveWxlci1LdXR1cGhhbmV5ZS1LYXZ1c3V5b3IuZG9jeCIsIm5vaWZyYW1lIjpmYWxzZSwidWlkIjoiMCIsInRzIjoxNjM4NTA3NjA2NzYzLCJ5dSI6Ijc2MzczMTg4OTE2MzU1OTUyMjQifQ%3D%3D\" target=\"_blank\" rel=\"noopener\">K\u00f6yler K\u00fct\u00fcphaneye Kavu\u015fuyor<\/a><\/span><\/strong><\/p><\/li><li><p class=\"entry-title\"><strong><span style=\"color: #000000\"><a style=\"color: #000000\" href=\"https:\/\/docviewer.yandex.com.tr\/view\/0\/?*=FpX%2F2W4eBGlH4Va8IJ8fv72MPHh7InVybCI6InlhLWJyb3dzZXI6Ly80RFQxdVhFUFJySlJYbFVGb2V3cnVMX2x4SXNNYTM5YlVKcnBheDVyWHlrdmY5TXdkVF85YThSZ1haSXMxbDUwaENBYUJlVUpXUExmaC1CZnpVeVdyblB3SlJ1RHduZVQtLXFVWmEyT3hkWVdzR2xKTXhXbHBxTTctVDRVNmNOYUdoR1NOWDRIbXBvREFPbDlTdVA2elE9PT9zaWduPTBCdkNLc3lELTYwaWN6QUd6NjRLMU01V0kyUjhZcW5HeVZYSG85a2t1MEE9IiwidGl0bGUiOiIyMzIuLUtpdGFwbGFyLUhlci1ZZXJkZS5kb2N4Iiwibm9pZnJhbWUiOmZhbHNlLCJ1aWQiOiIwIiwidHMiOjE2Mzg1MDc2ODYwNDUsInl1IjoiNzYzNzMxODg5MTYzNTU5NTIyNCJ9\" target=\"_blank\" rel=\"noopener\">Kitaplar Her Yerde<\/a><\/span><\/strong><\/p><\/li><li><p class=\"entry-title\"><strong><span style=\"color: #000000\"><a style=\"color: #000000\" href=\"https:\/\/docviewer.yandex.com.tr\/view\/0\/?*=vPf0Uqx59qtju9W5OZkY9TLdkb17InVybCI6InlhLWJyb3dzZXI6Ly80RFQxdVhFUFJySlJYbFVGb2V3cnVBY0ZHNHhNWVl4dEtUMFlGcGI1aVFkQnpJRjFBWVVzMi00MFJyLTdrblRJMGhKM1N6aGVDeFdRQ2Q0cXBGejRaa2VXX1B6MjVxTmtUeFZqaWxvOEVxa3hWNXJ5RTQ5MVJCelYxY2ZEYW9XdHN0ODFkclU2OTVnVEtQbzNIRktOYVE9PT9zaWduPUdIMGxxUExzY1MxU2JTOXNLY0RpemF3WEFQM0xWOXhGcTVsWVBPaFQyNUU9IiwidGl0bGUiOiIyNDEuLU96Z3VybHVndW4tS2FwaXNpLmRvY3giLCJub2lmcmFtZSI6ZmFsc2UsInVpZCI6IjAiLCJ0cyI6MTYzODUwNzk2MjIwMiwieXUiOiI3NjM3MzE4ODkxNjM1NTk1MjI0In0%3D\" target=\"_blank\" rel=\"noopener\">\u00d6zg\u00fcrl\u00fc\u011f\u00fcn Kap\u0131s\u0131<\/a><\/span><\/strong><\/p><\/li><li><p class=\"entry-title\"><strong><span style=\"color: #000000\"><a style=\"color: #000000\" href=\"https:\/\/docviewer.yandex.com.tr\/view\/0\/?*=mkVn1FdnXmrufuAK8Eb9XFkRxjZ7InVybCI6InlhLWJyb3dzZXI6Ly80RFQxdVhFUFJySlJYbFVGb2V3cnVQSU1XbUpXUVIwU2t0UkJTUTNBdjZ5Qy0tSk13azV2ay11N0U1dENLdWdNdnB3TVF6T092YzNhcXpncm51TEpBRnc5dlFzUXByWHEtazBJM1FMOExNWk5lMDBTMHFYakRjQXMwZFFCU0c2TURGZ3dSTjdVeXdoQjBQdVVrZ2hXSHc9PT9zaWduPXB5alF2OFVMU2tCMjVwMzE0VTFkWWVCNmRrUzJkUldoZkI5eDJUelhFODg9IiwidGl0bGUiOiIyNDIuLUNheWlyLUN1a3VyLUR1emx1Y2UtSWxrb2dyZXRpbS1Pa3VsdS1Fa3Npa2xlcmluZS1LYXZ1c3V5b3IuZG9jeCIsIm5vaWZyYW1lIjpmYWxzZSwidWlkIjoiMCIsInRzIjoxNjM4NTA4MDMxMDIyLCJ5dSI6Ijc2MzczMTg4OTE2MzU1OTUyMjQifQ%3D%3D\" target=\"_blank\" rel=\"noopener\">\u00c7ay\u0131r \u00c7ukur D\u00fczl\u00fcce \u0130lk\u00f6\u011fretim Okulu Eksiklerine Kavu\u015fuyor<\/a><\/span><\/strong><\/p><\/li><\/ul><div><ul><li class=\"entry-title\"><p><strong><span style=\"color: #000000\"><a style=\"color: #000000\" href=\"https:\/\/docviewer.yandex.com.tr\/view\/0\/?*=QtbAhO1sysb8g%2BN20MnKraWkg6p7InVybCI6InlhLWJyb3dzZXI6Ly80RFQxdVhFUFJySlJYbFVGb2V3cnVBWVhmQXlfc2I0UUFxVVBraF9YRUczbHBqT29OSElTZWdGc1NRNHVxMGE2cGhkdVlGU2hlX2tUU1R0cjhRZmgyVE80a3BnZ1F0RFZSNmp6WnVRbVNpaUJLWVROSXU2V2NSR3liLWNROWU5OS1RLWd2UGxTU0dSV0ZCY0d3ZmpOdlE9PT9zaWduPTFHRjk2d1JUa2VBZ21PaW9MMWs0blpYZDZSNFRHRUlBNEtENUZBcGNjZk09IiwidGl0bGUiOiIyNDQuLUdlbGVjZWdpbWl6ZS1CdWxhc21hLmRvY3giLCJub2lmcmFtZSI6ZmFsc2UsInVpZCI6IjAiLCJ0cyI6MTYzODUwODIwMDQ2MiwieXUiOiI3NjM3MzE4ODkxNjM1NTk1MjI0In0%3D\" target=\"_blank\" rel=\"noopener\">Gelece\u011fimize Bula\u015fma!<\/a><\/span><\/strong><\/p><\/li><li><p><strong><span style=\"color: #000000\"><a style=\"color: #000000\" href=\"http:\/\/birimler.atauni.edu.tr\/kazim-karabekir-egitim-fakultesi\/wp-content\/uploads\/sites\/67\/2020\/07\/Ben-Bu-Masalin-Kahramaniyim.docx\">Ben Bu Masal\u0131n Kahraman\u0131y\u0131m<\/a><\/span><\/strong><\/p><\/li><li><p class=\"entry-title\"><strong><span style=\"color: #000000\"><a style=\"color: #000000\" href=\"https:\/\/docviewer.yandex.com.tr\/view\/0\/?*=lvfgwsT43%2BPnsHAwcXpB6W9yPQd7InVybCI6InlhLWJyb3dzZXI6Ly80RFQxdVhFUFJySlJYbFVGb2V3cnVQYnhkRU8xazRGQlhQYVVXRnVDMFZmV3h2bG5HcWtRZUUxVlNiZURGS05JM0hJNUVyakRLYnVLRF9EUmZlVFVFVDRHanJ4Q0tCa01uSE5ObTJUY05iNmk1eVVIRnBva1FHNjVNbTFKaXFlZDlwem1WWU52elhxdnlzU3IxenVMa2c9PT9zaWduPWo1UTFMSU9ZeERjd2g3RjNmelFldEpIMUFQU0JvVWNocTNsMEhMcE9FUG89IiwidGl0bGUiOiIyNTIuLVNhbmF0LVRvcGx1bS1JY2luZGlyLmRvY3giLCJub2lmcmFtZSI6ZmFsc2UsInVpZCI6IjAiLCJ0cyI6MTYzODUwODY5ODkwOSwieXUiOiI3NjM3MzE4ODkxNjM1NTk1MjI0In0%3D\" target=\"_blank\" rel=\"noopener\">Sanat Toplum \u0130\u00e7indir<\/a><\/span><\/strong><\/p><\/li><li><p class=\"entry-title\"><strong><span style=\"color: #000000\"><a style=\"color: #000000\" href=\"https:\/\/docviewer.yandex.com.tr\/view\/0\/?*=IHcALJxFPyyfg3bDCBt4feZkCx17InVybCI6InlhLWJyb3dzZXI6Ly80RFQxdVhFUFJySlJYbFVGb2V3cnVMZzktM0s5Yy1HT25nVEd1Wmo1c3RKbHRWaUpNUm44dnlkWUpXRVQ1aHpxTlNOTHZPaFdfdDZ3RGtOSkx2ZFJKempsTGtjTFNQS1k1QkZOd0FWdmpnV1dtZDI5SVZDT29WUnlxWlFZM2VFTzJiVkI3emlpTW1mbl9ZYjJ5Y0RqUFE9PT9zaWduPTJrUmdfa3l6ZVcwdElWZXo3akVPcEZYdjVSVVp0TmpjRkNqdHE1R2ZwSzg9IiwidGl0bGUiOiIyNTUuLUthcmRlc2xpZ2UtVXphbmFuLUVsbGVyLmRvY3giLCJub2lmcmFtZSI6ZmFsc2UsInVpZCI6IjAiLCJ0cyI6MTYzODUwODc5ODc0OSwieXUiOiI3NjM3MzE4ODkxNjM1NTk1MjI0In0%3D\" target=\"_blank\" rel=\"noopener\">Karde\u015fli\u011fe Uzanan Eller<\/a><\/span><\/strong><\/p><\/li><li><p class=\"entry-title\"><strong><span style=\"color: #000000\"><a style=\"color: #000000\" href=\"https:\/\/docviewer.yandex.com.tr\/view\/0\/?*=xuYcsd9Mnslm3R%2BWJxyvfogJBup7InVybCI6InlhLWJyb3dzZXI6Ly80RFQxdVhFUFJySlJYbFVGb2V3cnVDNHhGOEZsRVdfc0phdk5pOXhOd29jRzhMSXdaamZuYmpOR01VZ0l1RUVPOHd3aFdkeGY3Mjc5d1loejZIUzcyR3U1aDN2MUFJR3FqTjc0UnQtZVZ4SEtnRnpfYW81eFhKVXkzdWlZcHEzbnMxbXZiN1B4c0pOYlprQkc0LUttYWc9PT9zaWduPWdWMTRpTGJDSTFGSTdnbkdyd0pNMUVsSGtpZXlmRUJ6T2NfRWZwV1ZaNXc9IiwidGl0bGUiOiIyNjguLVJBS0VUTEVSLVNJTURJLU1JTklLLUVMTEVSREUuZG9jeCIsIm5vaWZyYW1lIjpmYWxzZSwidWlkIjoiMCIsInRzIjoxNjM4NTA5MjE1MTIzLCJ5dSI6Ijc2MzczMTg4OTE2MzU1OTUyMjQifQ%3D%3D\" target=\"_blank\" rel=\"noopener\">Raketler \u015eimdi Minik Ellerde<\/a><\/span><\/strong><\/p><\/li><li><p><strong><span style=\"color: #000000\"><a style=\"color: #000000\" href=\"http:\/\/birimler.atauni.edu.tr\/kazim-karabekir-egitim-fakultesi\/wp-content\/uploads\/sites\/67\/2020\/07\/100-Temel-Eseri-Okudunuz-mu.docx\">100 Temel Eseri Okudunuz mu<\/a><\/span><\/strong><\/p><\/li><li><p class=\"entry-title\"><strong><span style=\"color: #000000\"><a style=\"color: #000000\" href=\"https:\/\/docviewer.yandex.com.tr\/view\/0\/?*=HXiAEBSjLMMS8JZYYc28IhjYHJl7InVybCI6InlhLWJyb3dzZXI6Ly80RFQxdVhFUFJySlJYbFVGb2V3cnVOUENKdEJiSnhqclZmZHZPb1NSWWh3TVRoSzNMbm9CdUlKVUdFQmFtQWFmQmpaeXJIZ3F0ODNSM0xEem9zX0g3ZkEyR3dhdmRyM1FmeEdEQkdSTTc4MWNWZnRnalVPSFFWUjRpVzA4SlNRTUxJd2dPXzFaUVp0SGxUbTJCRC1ZSlE9PT9zaWduPW5hUWEzTTBPTWE3THNFODNta056RExNSDVyTjZJb2RTNWstUTRjd3NCdTA9IiwidGl0bGUiOiIyNzUuLUhheWFsbGVyaS1SZW5rbGVuZGlyZW4tQmFsb25sYXIuZG9jeCIsIm5vaWZyYW1lIjpmYWxzZSwidWlkIjoiMCIsInRzIjoxNjM4NTA5ODI1Mjc5LCJ5dSI6Ijc2MzczMTg4OTE2MzU1OTUyMjQifQ%3D%3D\" target=\"_blank\" rel=\"noopener\">Hayalleri Renklendiren Balonlar<\/a><\/span><\/strong><\/p><\/li><li><p class=\"entry-title\"><strong><span style=\"color: #000000\"><a style=\"color: #000000\" href=\"https:\/\/docviewer.yandex.com.tr\/view\/0\/?*=rkxaITz6cwrXYULSh9pHiU5uNMZ7InVybCI6InlhLWJyb3dzZXI6Ly80RFQxdVhFUFJySlJYbFVGb2V3cnVCQS1LX05wOWRScmZmakJ6dVl1QTQ0c0FhTUl4T21xSDVtMXZYLWlURG93XzlrTEZGXzNCbWJWVHNGek5wYmVpUHItMnFXVnNjNjZDRy1EY0toQVVIZEJWamVPa25hb1V2Y09PbTAtUElxcTJfcl92eFlkQ2k2VGl6TW96YmdrR1E9PT9zaWduPWNuTzVIdllxOFUxT2N5LXZMOFB4T2xkT2JmUGpWZEQxWEJxMjRNNUcxNDg9IiwidGl0bGUiOiIyNzYuLU1pbmlrLUVsbGVyLmRvY3giLCJub2lmcmFtZSI6ZmFsc2UsInVpZCI6IjAiLCJ0cyI6MTYzODUwOTkwMDU3MywieXUiOiI3NjM3MzE4ODkxNjM1NTk1MjI0In0%3D\" target=\"_blank\" rel=\"noopener\">Minik Eller<\/a><\/span><\/strong><\/p><\/li><li><p class=\"entry-title\"><strong><span style=\"color: #000000\"><a style=\"color: #000000\" href=\"https:\/\/docviewer.yandex.com.tr\/view\/0\/?*=3lJ6abm3ecumLs7kaBhRWEuffmN7InVybCI6InlhLWJyb3dzZXI6Ly80RFQxdVhFUFJySlJYbFVGb2V3cnVMbE5KbFRDdDlkUXpHbGZ1eEExNVlqTVRpaXRYZWpLVng2TEFNN0F5TkxMYWZqM3QybE0zemhBZnNGR1RzZGRyWmxtUE5GakdxczAzMDgtenNjXzJfS25IUlpMa21oMlhDRGVuTmxhbHJucWFoYWJ3SWFUMktuUmpLV0FmS3ZLTHc9PT9zaWduPS1NWS13d0JKVXliNDltRHAxQWFodU44N25SSGc5c25iN19xR21VV2ZwYU09IiwidGl0bGUiOiIyNjguLVJBS0VUTEVSLVNJTURJLU1JTklLLUVMTEVSREUuZG9jeCIsIm5vaWZyYW1lIjpmYWxzZSwidWlkIjoiMCIsInRzIjoxNjM4NTA5OTYyMzc5LCJ5dSI6Ijc2MzczMTg4OTE2MzU1OTUyMjQifQ%3D%3D\" target=\"_blank\" rel=\"noopener\">Raketler \u015eimdi Minik Ellerde<\/a><\/span><\/strong><\/p><\/li><li><p><strong><span style=\"color: #000000\"><a style=\"color: #000000\" href=\"http:\/\/birimler.atauni.edu.tr\/kazim-karabekir-egitim-fakultesi\/wp-content\/uploads\/sites\/67\/2020\/07\/Ben-de-Varim.docx\">Ben de Var\u0131m<\/a><\/span><\/strong><\/p><\/li><li><p><strong><span style=\"color: #000000\"><a style=\"color: #000000\" href=\"http:\/\/birimler.atauni.edu.tr\/kazim-karabekir-egitim-fakultesi\/wp-content\/uploads\/sites\/67\/2020\/07\/Dogada-Sanat-Egitimi.docx\">Do\u011fada Sanat E\u011fitimi<\/a><\/span><\/strong><\/p><\/li><li><p><strong><span style=\"color: #000000\"><a style=\"color: #000000\" href=\"http:\/\/birimler.atauni.edu.tr\/kazim-karabekir-egitim-fakultesi\/wp-content\/uploads\/sites\/67\/2020\/07\/Gorme-ve-Isitme-Engelliler-Icin-Egitim-Materyali-Hazirlama.docx\">G\u00f6rme ve \u0130\u015fitme Engelliler \u0130\u00e7in E\u011fitim Materyali Haz\u0131rlama<\/a><\/span><\/strong><\/p><\/li><li><p><strong><span style=\"color: #000000\"><a style=\"color: #000000\" href=\"http:\/\/birimler.atauni.edu.tr\/kazim-karabekir-egitim-fakultesi\/wp-content\/uploads\/sites\/67\/2020\/07\/Bilimin-Afacanlari.docx\">Bilimin Afacanlar\u0131<\/a><\/span><\/strong><\/p><\/li><li><p><strong><span style=\"color: #000000\"><a style=\"color: #000000\" href=\"https:\/\/tdm.atauni.edu.tr\/wp-content\/uploads\/2021\/09\/177.-GONULDEN-GONULE.pdf\" target=\"_blank\" rel=\"noopener\">G\u00f6n\u00fclden G\u00f6n\u00fcle<\/a><\/span><\/strong><\/p><\/li><li><p><strong><span style=\"color: #000000\"><a style=\"color: #000000\" href=\"https:\/\/tdm.atauni.edu.tr\/wp-content\/uploads\/2021\/08\/Turkce-Egitimi-Tarihine-Sahip-Cikiyor.pdf\" target=\"_blank\" rel=\"noopener\">T\u00fcrk\u00e7e E\u011fitimi Tarihine Sahip \u00c7\u0131k\u0131yor<\/a><\/span><\/strong><\/p><\/li><li><p><strong><span style=\"color: #000000\"><a style=\"color: #000000\" href=\"http:\/\/birimler.atauni.edu.tr\/kazim-karabekir-egitim-fakultesi\/wp-content\/uploads\/sites\/67\/2020\/07\/Ozel-Egitimde-Topluma-Hizmet.docx\">\u00d6zel E\u011fitimde Topluma Hizmet<\/a><\/span><\/strong><\/p><\/li><li><p><strong><span style=\"color: #000000\"><a style=\"color: #000000\" href=\"https:\/\/docviewer.yandex.com.tr\/view\/0\/?*=TF%2BVy96ZtMLslKTHQ%2FoeME3hmAB7InVybCI6InlhLWJyb3dzZXI6Ly80RFQxdVhFUFJySlJYbFVGb2V3cnVHeEozUnRmeW45QUEwTWxOWFJDbEJIaE5Icmc5b0w2SVhHSC1RU3FIRzV5eWRkc3ZOXzZNbVhCNlpET2pEUGs0MVRtMGJSVHBkUTR0SjRoNmg0VmJtdWJoR1RpMGRGUlZqQlNBbzc1bEphTkowRUcydzgxM2NmUWVmTG90MmZvSkE9PT9zaWduPWRNY0s5V0cxeVZ3NVV2ZTJSaXFneGQtVURLMzk0OTZVazJTYjJwMWUyUW89IiwidGl0bGUiOiJNYm90LWlsZS1Sb2JvdGlrLUtvZGxhbWFkYS1CZW4tZGUtVmFyaW0tUHJvamVzaS1Tb251Yy1SYXBvcnUuZG9jeCIsIm5vaWZyYW1lIjpmYWxzZSwidWlkIjoiMCIsInRzIjoxNjM4NTEyNzgyNTMxLCJ5dSI6Ijc2MzczMTg4OTE2MzU1OTUyMjQifQ%3D%3D\" target=\"_blank\" rel=\"noopener\">Mbot ile Robotik Kodlamada Ben de Var\u0131m<\/a><\/span><\/strong><\/p><\/li><li><p><strong><span style=\"color: #000000\"><a style=\"color: #000000\" href=\"https:\/\/docviewer.yandex.com.tr\/view\/0\/?*=O80TN8Z5kgEB1gI0u4ts%2BCHjp3x7InVybCI6InlhLWJyb3dzZXI6Ly80RFQxdVhFUFJySlJYbFVGb2V3cnVFSHdrUC1hblpud2ZzalBWSXVCeUk1eW9qblU4c25iSHU4dmdZOERKTE1nQ3RMdXhZcTlUS0xxWTQyM0hXY0s3bnJaQzk1eDhIajl0Q2hHc0p5RnVYVXp2R1JyY1g1VVhTSHJjYjhiOHdEZmVDSDZIV2NXQXlmcEQzNTZfdjBKS1E9PT9zaWduPUp3bFZUVnN1UGlUZDZhYklmcmlkT1FLdFRleUhmTEl0UnUyLUR5b2hSR009IiwidGl0bGUiOiJSRU5LTEktRUxMRVItUFJPSkUtUkFQT1JVLmRvY3giLCJub2lmcmFtZSI6ZmFsc2UsInVpZCI6IjAiLCJ0cyI6MTYzODUxMjg3ODQzMywieXUiOiI3NjM3MzE4ODkxNjM1NTk1MjI0In0%3D\" target=\"_blank\" rel=\"noopener\">RENKL\u0130 ELLER<\/a><\/span><\/strong><\/p><\/li><li><p><strong><span style=\"color: #000000\"><a style=\"color: #000000\" href=\"http:\/\/birimler.atauni.edu.tr\/kazim-karabekir-egitim-fakultesi\/wp-content\/uploads\/sites\/67\/2020\/07\/Engellerin-Karsisinda-Birlikte-Daha-Gucluyuz.docx\">Engellerin Kar\u015f\u0131s\u0131nda Birlikte Daha G\u00fc\u00e7l\u00fcy\u00fcz<\/a><\/span><\/strong><\/p><\/li><li><p><strong><span style=\"color: #000000\"><a style=\"color: #000000\" href=\"https:\/\/tdm.atauni.edu.tr\/wp-content\/uploads\/2021\/08\/trafik.pdf\" target=\"_blank\" rel=\"noopener\">TRAF\u0130K \u0130\u015eARETLER\u0130N\u0130 TANI<\/a><\/span><\/strong><\/p><\/li><li><p><strong><span style=\"color: #000000\"><a style=\"color: #000000\" href=\"https:\/\/tdm.atauni.edu.tr\/wp-content\/uploads\/2021\/08\/kitap-kurtlari.pdf\" target=\"_blank\" rel=\"noopener\">K\u0130TAP KURTLARIYLA BA\u015e BA\u015eA<\/a><\/span><\/strong><\/p><\/li><li><p><strong><span style=\"color: #000000\"><a style=\"color: #000000\" href=\"https:\/\/tdm.atauni.edu.tr\/wp-content\/uploads\/2021\/06\/biraz-daha-yesillen.pdf\" target=\"_blank\" rel=\"noopener\">Biraz Daha Ye\u015fillen<\/a><\/span><\/strong><\/p><\/li><li><p><strong><span style=\"color: #000000\"><a style=\"color: #000000\" href=\"https:\/\/tdm.atauni.edu.tr\/wp-content\/uploads\/2021\/06\/cifte-min.pdf\" target=\"_blank\" rel=\"noopener\">\u00c7ifte Minerali Medrese\u2019de Denklem \u00c7\u00f6zme Oyunu<\/a><\/span><\/strong><\/p><\/li><li><p><strong><span style=\"color: #000000\"><a style=\"color: #000000\" href=\"https:\/\/tdm.atauni.edu.tr\/wp-content\/uploads\/2021\/06\/ceyhan-nehri.pdf\" target=\"_blank\" rel=\"noopener\">Ceyhan Nehrinin Ekolojik Dengesini Koruma ve Tan\u0131tma<\/a><\/span><\/strong><\/p><\/li><li><p><strong><span style=\"color: #000000\"><a style=\"color: #000000\" href=\"https:\/\/tdm.atauni.edu.tr\/wp-content\/uploads\/2021\/06\/bir-afis.pdf\" target=\"_blank\" rel=\"noopener\">Bir Afi\u015f \u00c7ok Etkinlik<\/a><\/span><\/strong><\/p><\/li><li><p><strong><span style=\"color: #000000\"><a style=\"color: #000000\" href=\"https:\/\/tdm.atauni.edu.tr\/wp-content\/uploads\/2021\/06\/hayatimiz-spor.pdf\" target=\"_blank\" rel=\"noopener\">Hayat\u0131m\u0131z Spor<\/a><\/span><\/strong><\/p><\/li><li><p><strong><span style=\"color: #000000\"><a style=\"color: #000000\" href=\"https:\/\/tdm.atauni.edu.tr\/wp-content\/uploads\/2021\/06\/okullara-gidiyoruz.pdf\" target=\"_blank\" rel=\"noopener\">Okullara Gidiyoruz<\/a><\/span><\/strong><\/p><\/li><li><p><strong><span style=\"color: #000000\"><a style=\"color: #000000\" href=\"https:\/\/tdm.atauni.edu.tr\/wp-content\/uploads\/2021\/06\/sanat-cocuk.pdf\" target=\"_blank\" rel=\"noopener\">Sanat \u00c7ocuklar \u0130\u00e7indir<\/a><\/span><\/strong><\/p><\/li><li><p><strong><span style=\"color: #000000\"><a style=\"color: #000000\" href=\"http:\/\/birimler.atauni.edu.tr\/kazim-karabekir-egitim-fakultesi\/wp-content\/uploads\/sites\/67\/2020\/07\/Okulum-Yesilleniyor-Sorumlulugum-Filizleniyor.docx\">Okulum Ye\u015filleniyor Sorumlulu\u011fum Filizleniyor<\/a><\/span><\/strong><\/p><\/li><li><p><strong><span style=\"color: #000000\"><a style=\"color: #000000\" href=\"http:\/\/birimler.atauni.edu.tr\/kazim-karabekir-egitim-fakultesi\/wp-content\/uploads\/sites\/67\/2020\/07\/Sanatta-Ben-de-Varim.docx\">Sanatta \u201cBen de Var\u0131m\u201d<\/a><\/span><\/strong><\/p><\/li><\/ul><\/div>\t\t\t\t\t\t\t\t<\/div>\n\t\t\t\t<\/div>\n\t\t\t\t\t<\/div>\n\t\t<\/div>\n\t\t\t\t\t<\/div>\n\t\t<\/section>\n\t\t\t\t<\/div>\n\t\t","protected":false},"excerpt":{"rendered":"<p>K\u00f6yler Meyve Fidan\u0131yla Bulu\u015fuyor K\u00f6y Okullar\u0131 Mutlu \u0130lk Yard\u0131m\u0131 \u00d6\u011freniyoruz A\u011fa\u00e7lar Topra\u011fa K\u00f6yler K\u00fct\u00fcphaneye Kavu\u015fuyor Kitaplar Her Yerde \u00d6zg\u00fcrl\u00fc\u011f\u00fcn Kap\u0131s\u0131 \u00c7ay\u0131r \u00c7ukur D\u00fczl\u00fcce \u0130lk\u00f6\u011fretim Okulu Eksiklerine Kavu\u015fuyor Gelece\u011fimize Bula\u015fma! Ben Bu Masal\u0131n Kahraman\u0131y\u0131m Sanat Toplum \u0130\u00e7indir Karde\u015fli\u011fe Uzanan Eller Raketler \u015eimdi Minik Ellerde 100 Temel Eseri Okudunuz mu Hayalleri Renklendiren Balonlar Minik Eller Raketler \u015eimdi [&hellip;]<\/p>\n","protected":false},"author":221,"featured_media":0,"parent":0,"menu_order":0,"comment_status":"closed","ping_status":"closed","template":"","meta":{"footnotes":""},"class_list":["post-6929","page","type-page","status-publish","hentry"],"_links":{"self":[{"href":"https:\/\/atauni.edu.tr\/kazim-karabekir-egitim-fakultesi\/wp-json\/wp\/v2\/pages\/6929","targetHints":{"allow":["GET"]}}],"collection":[{"href":"https:\/\/atauni.edu.tr\/kazim-karabekir-egitim-fakultesi\/wp-json\/wp\/v2\/pages"}],"about":[{"href":"https:\/\/atauni.edu.tr\/kazim-karabekir-egitim-fakultesi\/wp-json\/wp\/v2\/types\/page"}],"author":[{"embeddable":true,"href":"https:\/\/atauni.edu.tr\/kazim-karabekir-egitim-fakultesi\/wp-json\/wp\/v2\/users\/221"}],"replies":[{"embeddable":true,"href":"https:\/\/atauni.edu.tr\/kazim-karabekir-egitim-fakultesi\/wp-json\/wp\/v2\/comments?post=6929"}],"version-history":[{"count":16,"href":"https:\/\/atauni.edu.tr\/kazim-karabekir-egitim-fakultesi\/wp-json\/wp\/v2\/pages\/6929\/revisions"}],"predecessor-version":[{"id":7280,"href":"https:\/\/atauni.edu.tr\/kazim-karabekir-egitim-fakultesi\/wp-json\/wp\/v2\/pages\/6929\/revisions\/7280"}],"wp:attachment":[{"href":"https:\/\/atauni.edu.tr\/kazim-karabekir-egitim-fakultesi\/wp-json\/wp\/v2\/media?parent=6929"}],"curies":[{"name":"wp","href":"https:\/\/api.w.org\/{rel}","templated":true}]}}