{"id":7620,"date":"2022-03-16T20:36:02","date_gmt":"2022-03-16T17:36:02","guid":{"rendered":"http:\/\/birimler.atauni.edu.tr\/kazim-karabekir-egitim-fakultesi\/?page_id=7620"},"modified":"2024-09-10T17:21:40","modified_gmt":"2024-09-10T14:21:40","slug":"formlar-dilekceler","status":"publish","type":"page","link":"https:\/\/atauni.edu.tr\/kazim-karabekir-egitim-fakultesi\/formlar-dilekceler\/","title":{"rendered":"Formlar &#8211; Dilek\u00e7eler"},"content":{"rendered":"\t\t<div data-elementor-type=\"wp-page\" data-elementor-id=\"7620\" class=\"elementor elementor-7620\" data-elementor-post-type=\"page\">\n\t\t\t\t\t\t<section class=\"elementor-section elementor-top-section elementor-element elementor-element-8639e30 elementor-section-boxed elementor-section-height-default elementor-section-height-default\" data-id=\"8639e30\" data-element_type=\"section\">\n\t\t\t\t\t\t<div class=\"elementor-container elementor-column-gap-default\">\n\t\t\t\t\t<div class=\"elementor-column elementor-col-100 elementor-top-column elementor-element elementor-element-f39b765\" data-id=\"f39b765\" data-element_type=\"column\">\n\t\t\t<div class=\"elementor-widget-wrap elementor-element-populated\">\n\t\t\t\t\t\t<div class=\"elementor-element elementor-element-6587022 elementor-widget elementor-widget-text-editor\" data-id=\"6587022\" data-element_type=\"widget\" data-widget_type=\"text-editor.default\">\n\t\t\t\t<div class=\"elementor-widget-container\">\n\t\t\t\t\t\t\t\t\t<ul><li><strong><a href=\"http:\/\/birimler.atauni.edu.tr\/kazim-karabekir-egitim-fakultesi\/wp-content\/uploads\/sites\/67\/2020\/07\/AGNO-Yu\u0308kseltme-Sinav-Dilekcesi.pdf\">AGNO-Yu\u0308kseltme S\u0131nav Dilekcesi<\/a><\/strong><\/li><li><strong><a href=\"http:\/\/birimler.atauni.edu.tr\/kazim-karabekir-egitim-fakultesi\/wp-content\/uploads\/sites\/67\/2020\/07\/Ogretmenlik-Uygulamasi-Mazeret-Dilekcesi-1.pdf\">\u00d6\u011fretmenlik Uygulamas\u0131 Mazeret Dilek\u00e7esi (1)<\/a><\/strong><\/li><li><strong><a href=\"http:\/\/birimler.atauni.edu.tr\/kazim-karabekir-egitim-fakultesi\/wp-content\/uploads\/sites\/67\/2020\/07\/FORMASYON-BELGESI-ALMAK-ICIN-VEKALET-DILEKCESI-1.pdf\">FORMASYON BELGESI ALMAK ICIN VEKALET DILEKCESI<\/a><\/strong><\/li><li><strong><a href=\"http:\/\/birimler.atauni.edu.tr\/kazim-karabekir-egitim-fakultesi\/wp-content\/uploads\/sites\/67\/2020\/07\/Pedagojik-Formasyon-Sertifika-Eg\u0306itimi-Programi-I\u0307lis\u0327ik-Kesme-Belgesi-2021-O\u0308g\u0306retim-Yilindan-sonraki-o\u0308g\u0306renciler-I\u0307c\u0327in.docx\">Pedagojik Formasyon Sertifika Eg\u0306itimi Program\u0131 I\u0307lis\u0327ik Kesme Belgesi (2021 O\u0308g\u0306retim Y\u0131l\u0131ndan sonraki o\u0308g\u0306renciler I\u0307c\u0327in)<\/a><\/strong><\/li><li><strong><a href=\"http:\/\/birimler.atauni.edu.tr\/kazim-karabekir-egitim-fakultesi\/wp-content\/uploads\/sites\/67\/2020\/07\/Pedagojik-Formasyon-Sertifika-Eg\u0306itimi-Programi-I\u0307lis\u0327ik-Kesme-Belgesi-2021-O\u0308g\u0306retim-Yilindan-o\u0308nceki-o\u0308g\u0306renciler-I\u0307c\u0327in.docx\">Pedagojik Formasyon Sertifika Eg\u0306itimi Program\u0131 I\u0307lis\u0327ik Kesme Belgesi (2021 O\u0308g\u0306retim Y\u0131l\u0131ndan o\u0308nceki o\u0308g\u0306renciler I\u0307c\u0327in)<\/a><\/strong><\/li><li><a href=\"http:\/\/birimler.atauni.edu.tr\/kazim-karabekir-egitim-fakultesi\/wp-content\/uploads\/sites\/67\/2020\/07\/Tekrar-Ogrenciler-Icin-Ders-Alma-Dilekcesi.pdf\">Tekrar \u00d6\u011frenciler \u0130\u00e7in Ders Alma Dilek\u00e7esi.<\/a><\/li><li><strong><a href=\"http:\/\/birimler.atauni.edu.tr\/kazim-karabekir-egitim-fakultesi\/wp-content\/uploads\/sites\/67\/2020\/07\/Formasyon-Muafiyet-Dilekc\u0327esi.pdf\">Formasyon Muafiyet Dilekc\u0327esi<\/a><\/strong><\/li><li><strong><a href=\"http:\/\/birimler.atauni.edu.tr\/kazim-karabekir-egitim-fakultesi\/wp-content\/uploads\/sites\/67\/2020\/07\/Vize-Sinavi-Mazeret-Dilekc\u0327esi.docx\">Vize S\u0131nav\u0131 Mazeret Dilekc\u0327esi<\/a><\/strong><\/li><li><strong><a href=\"http:\/\/birimler.atauni.edu.tr\/kazim-karabekir-egitim-fakultesi\/wp-content\/uploads\/sites\/67\/2020\/07\/Bu\u0308tu\u0308nleme-Sinavi-Mazeret-Dilekc\u0327esi-1.docx\">Bu\u0308tu\u0308nleme S\u0131nav\u0131 Mazeret Dilekc\u0327esi (1)<\/a><\/strong><\/li><li><a href=\"http:\/\/birimler.atauni.edu.tr\/kazim-karabekir-egitim-fakultesi\/wp-content\/uploads\/sites\/67\/2020\/07\/Pedagojik-Formasyon-Sertifika-Egitimi-Programi-Mezuniyete-Tek-Ders-Sinav-Dilekcesi1.pdf\">Pedagojik Formasyon Sertifika Egitimi Programi Mezuniyete Tek Ders Sinav Dilekcesi[1]<\/a><\/li><\/ul>\t\t\t\t\t\t\t\t<\/div>\n\t\t\t\t<\/div>\n\t\t\t\t\t<\/div>\n\t\t<\/div>\n\t\t\t\t\t<\/div>\n\t\t<\/section>\n\t\t\t\t<\/div>\n\t\t","protected":false},"excerpt":{"rendered":"<p>AGNO-Yu\u0308kseltme S\u0131nav Dilekcesi \u00d6\u011fretmenlik Uygulamas\u0131 Mazeret Dilek\u00e7esi (1) FORMASYON BELGESI ALMAK ICIN VEKALET DILEKCESI Pedagojik Formasyon Sertifika Eg\u0306itimi Program\u0131 I\u0307lis\u0327ik Kesme Belgesi (2021 O\u0308g\u0306retim Y\u0131l\u0131ndan sonraki o\u0308g\u0306renciler I\u0307c\u0327in) Pedagojik Formasyon Sertifika Eg\u0306itimi Program\u0131 I\u0307lis\u0327ik Kesme Belgesi (2021 O\u0308g\u0306retim Y\u0131l\u0131ndan o\u0308nceki o\u0308g\u0306renciler I\u0307c\u0327in) Tekrar \u00d6\u011frenciler \u0130\u00e7in Ders Alma Dilek\u00e7esi. Formasyon Muafiyet Dilekc\u0327esi Vize S\u0131nav\u0131 Mazeret Dilekc\u0327esi [&hellip;]<\/p>\n","protected":false},"author":221,"featured_media":0,"parent":0,"menu_order":0,"comment_status":"closed","ping_status":"closed","template":"","meta":{"footnotes":""},"class_list":["post-7620","page","type-page","status-publish","hentry"],"_links":{"self":[{"href":"https:\/\/atauni.edu.tr\/kazim-karabekir-egitim-fakultesi\/wp-json\/wp\/v2\/pages\/7620","targetHints":{"allow":["GET"]}}],"collection":[{"href":"https:\/\/atauni.edu.tr\/kazim-karabekir-egitim-fakultesi\/wp-json\/wp\/v2\/pages"}],"about":[{"href":"https:\/\/atauni.edu.tr\/kazim-karabekir-egitim-fakultesi\/wp-json\/wp\/v2\/types\/page"}],"author":[{"embeddable":true,"href":"https:\/\/atauni.edu.tr\/kazim-karabekir-egitim-fakultesi\/wp-json\/wp\/v2\/users\/221"}],"replies":[{"embeddable":true,"href":"https:\/\/atauni.edu.tr\/kazim-karabekir-egitim-fakultesi\/wp-json\/wp\/v2\/comments?post=7620"}],"version-history":[{"count":43,"href":"https:\/\/atauni.edu.tr\/kazim-karabekir-egitim-fakultesi\/wp-json\/wp\/v2\/pages\/7620\/revisions"}],"predecessor-version":[{"id":10088,"href":"https:\/\/atauni.edu.tr\/kazim-karabekir-egitim-fakultesi\/wp-json\/wp\/v2\/pages\/7620\/revisions\/10088"}],"wp:attachment":[{"href":"https:\/\/atauni.edu.tr\/kazim-karabekir-egitim-fakultesi\/wp-json\/wp\/v2\/media?parent=7620"}],"curies":[{"name":"wp","href":"https:\/\/api.w.org\/{rel}","templated":true}]}}