{"id":7701,"date":"2022-03-16T21:04:18","date_gmt":"2022-03-16T18:04:18","guid":{"rendered":"http:\/\/birimler.atauni.edu.tr\/kazim-karabekir-egitim-fakultesi\/?page_id=7701"},"modified":"2024-02-24T14:12:22","modified_gmt":"2024-02-24T11:12:22","slug":"okullarda-rehberlik-ve-psikolojik-danisma-uygulamalari-donem-planlari","status":"publish","type":"page","link":"https:\/\/atauni.edu.tr\/kazim-karabekir-egitim-fakultesi\/okullarda-rehberlik-ve-psikolojik-danisma-uygulamalari-donem-planlari\/","title":{"rendered":"Okullarda Rehberlik ve Psikolojik Dan\u0131\u015fma Uygulamalar\u0131 D\u00f6nem Planlar\u0131"},"content":{"rendered":"\t\t<div data-elementor-type=\"wp-page\" data-elementor-id=\"7701\" class=\"elementor elementor-7701\" data-elementor-post-type=\"page\">\n\t\t\t\t\t\t<section class=\"elementor-section elementor-top-section elementor-element elementor-element-81474c2 elementor-section-boxed elementor-section-height-default elementor-section-height-default\" data-id=\"81474c2\" data-element_type=\"section\">\n\t\t\t\t\t\t<div class=\"elementor-container elementor-column-gap-default\">\n\t\t\t\t\t<div class=\"elementor-column elementor-col-100 elementor-top-column elementor-element elementor-element-109d6bf\" data-id=\"109d6bf\" data-element_type=\"column\">\n\t\t\t<div class=\"elementor-widget-wrap elementor-element-populated\">\n\t\t\t\t\t\t<div class=\"elementor-element elementor-element-963f280 elementor-widget elementor-widget-text-editor\" data-id=\"963f280\" data-element_type=\"widget\" data-widget_type=\"text-editor.default\">\n\t\t\t\t<div class=\"elementor-widget-container\">\n\t\t\t\t\t\t\t\t\t<ol><li><strong><a href=\"http:\/\/birimler.atauni.edu.tr\/kazim-karabekir-egitim-fakultesi\/wp-content\/uploads\/sites\/67\/2020\/07\/Rehberlik-ve-Psikoljik-Danisma-RPD-Uygulamalari-I-Donem-Plani.pdf\">Rehberlik ve Psikoljik Dan\u0131\u015fma (RPD) Uygulamalar\u0131-I D\u00f6nem Plan\u0131<\/a><\/strong><\/li><li><strong><a href=\"http:\/\/birimler.atauni.edu.tr\/kazim-karabekir-egitim-fakultesi\/wp-content\/uploads\/sites\/67\/2020\/07\/Okullarda-RPD-Uygulamalari-II-Dersi-Do\u0308nem-Plani.pdf\">Okullarda RPD Uygulamalar\u0131-II Dersi Do\u0308nem Plan\u0131<\/a><\/strong><\/li><\/ol>\t\t\t\t\t\t\t\t<\/div>\n\t\t\t\t<\/div>\n\t\t\t\t\t<\/div>\n\t\t<\/div>\n\t\t\t\t\t<\/div>\n\t\t<\/section>\n\t\t\t\t<\/div>\n\t\t","protected":false},"excerpt":{"rendered":"<p>Rehberlik ve Psikoljik Dan\u0131\u015fma (RPD) Uygulamalar\u0131-I D\u00f6nem Plan\u0131 Okullarda RPD Uygulamalar\u0131-II Dersi Do\u0308nem Plan\u0131<\/p>\n","protected":false},"author":221,"featured_media":0,"parent":0,"menu_order":0,"comment_status":"closed","ping_status":"closed","template":"","meta":{"footnotes":""},"class_list":["post-7701","page","type-page","status-publish","hentry"],"_links":{"self":[{"href":"https:\/\/atauni.edu.tr\/kazim-karabekir-egitim-fakultesi\/wp-json\/wp\/v2\/pages\/7701","targetHints":{"allow":["GET"]}}],"collection":[{"href":"https:\/\/atauni.edu.tr\/kazim-karabekir-egitim-fakultesi\/wp-json\/wp\/v2\/pages"}],"about":[{"href":"https:\/\/atauni.edu.tr\/kazim-karabekir-egitim-fakultesi\/wp-json\/wp\/v2\/types\/page"}],"author":[{"embeddable":true,"href":"https:\/\/atauni.edu.tr\/kazim-karabekir-egitim-fakultesi\/wp-json\/wp\/v2\/users\/221"}],"replies":[{"embeddable":true,"href":"https:\/\/atauni.edu.tr\/kazim-karabekir-egitim-fakultesi\/wp-json\/wp\/v2\/comments?post=7701"}],"version-history":[{"count":16,"href":"https:\/\/atauni.edu.tr\/kazim-karabekir-egitim-fakultesi\/wp-json\/wp\/v2\/pages\/7701\/revisions"}],"predecessor-version":[{"id":9901,"href":"https:\/\/atauni.edu.tr\/kazim-karabekir-egitim-fakultesi\/wp-json\/wp\/v2\/pages\/7701\/revisions\/9901"}],"wp:attachment":[{"href":"https:\/\/atauni.edu.tr\/kazim-karabekir-egitim-fakultesi\/wp-json\/wp\/v2\/media?parent=7701"}],"curies":[{"name":"wp","href":"https:\/\/api.w.org\/{rel}","templated":true}]}}