{"id":7709,"date":"2022-03-16T21:10:17","date_gmt":"2022-03-16T18:10:17","guid":{"rendered":"http:\/\/birimler.atauni.edu.tr\/kazim-karabekir-egitim-fakultesi\/?page_id=7709"},"modified":"2024-02-24T14:08:01","modified_gmt":"2024-02-24T11:08:01","slug":"ogretmenlik-uygulamasi-ii","status":"publish","type":"page","link":"https:\/\/atauni.edu.tr\/kazim-karabekir-egitim-fakultesi\/ogretmenlik-uygulamasi-ii\/","title":{"rendered":"\u00d6\u011fretmenlik Uygulamas\u0131-II"},"content":{"rendered":"\t\t<div data-elementor-type=\"wp-page\" data-elementor-id=\"7709\" class=\"elementor elementor-7709\" data-elementor-post-type=\"page\">\n\t\t\t\t\t\t<section class=\"elementor-section elementor-top-section elementor-element elementor-element-9095dcf elementor-section-boxed elementor-section-height-default elementor-section-height-default\" data-id=\"9095dcf\" data-element_type=\"section\">\n\t\t\t\t\t\t<div class=\"elementor-container elementor-column-gap-default\">\n\t\t\t\t\t<div class=\"elementor-column elementor-col-100 elementor-top-column elementor-element elementor-element-08191a4\" data-id=\"08191a4\" data-element_type=\"column\">\n\t\t\t<div class=\"elementor-widget-wrap elementor-element-populated\">\n\t\t\t\t\t\t<div class=\"elementor-element elementor-element-87aa52b elementor-widget elementor-widget-text-editor\" data-id=\"87aa52b\" data-element_type=\"widget\" data-widget_type=\"text-editor.default\">\n\t\t\t\t<div class=\"elementor-widget-container\">\n\t\t\t\t\t\t\t\t\t<ul><li><a href=\"http:\/\/birimler.atauni.edu.tr\/kazim-karabekir-egitim-fakultesi\/wp-content\/uploads\/sites\/67\/2020\/07\/Ogretmenlik-Uygulamasi-II-Dersi-Donem-Plani-1.pdf\">Ogretmenlik Uygulamasi-II Dersi Donem Plan\u0131<\/a><\/li><li><a href=\"http:\/\/birimler.atauni.edu.tr\/kazim-karabekir-egitim-fakultesi\/wp-content\/uploads\/sites\/67\/2020\/07\/Okul-O\u0308ncesi-O\u0308g\u0306retmelik-Uygulamasi-II-Do\u0308nem-Plani.pdf\">Okul O\u0308ncesi O\u0308g\u0306retmelik Uygulamas\u0131-II Do\u0308nem Plan\u0131.<\/a><\/li><li><a href=\"http:\/\/birimler.atauni.edu.tr\/kazim-karabekir-egitim-fakultesi\/wp-content\/uploads\/sites\/67\/2020\/07\/O\u0308zel-Eg\u0306itim-O\u0308g\u0306retmenlik-Uygulamasi-II-Dersi-Do\u0308nem-Plani.pdf\">O\u0308zel Eg\u0306itim O\u0308g\u0306retmenlik Uygulamas\u0131-II Dersi Do\u0308nem Plan\u0131<\/a><\/li><li><a href=\"http:\/\/birimler.atauni.edu.tr\/kazim-karabekir-egitim-fakultesi\/wp-content\/uploads\/sites\/67\/2020\/07\/Sinif-O\u0308g\u0306retmenlig\u0306i-O\u0308g\u0306retmenlik-Uygulamasi-II-Dersi-Do\u0308nem-Plani.pdf\">S\u0131n\u0131f O\u0308g\u0306retmenlig\u0306i O\u0308g\u0306retmenlik Uygulamas\u0131-II Dersi Do\u0308nem Plan\u0131<\/a><\/li><\/ul>\t\t\t\t\t\t\t\t<\/div>\n\t\t\t\t<\/div>\n\t\t\t\t\t<\/div>\n\t\t<\/div>\n\t\t\t\t\t<\/div>\n\t\t<\/section>\n\t\t\t\t<\/div>\n\t\t","protected":false},"excerpt":{"rendered":"<p>Ogretmenlik Uygulamasi-II Dersi Donem Plan\u0131 Okul O\u0308ncesi O\u0308g\u0306retmelik Uygulamas\u0131-II Do\u0308nem Plan\u0131. O\u0308zel Eg\u0306itim O\u0308g\u0306retmenlik Uygulamas\u0131-II Dersi Do\u0308nem Plan\u0131 S\u0131n\u0131f O\u0308g\u0306retmenlig\u0306i O\u0308g\u0306retmenlik Uygulamas\u0131-II Dersi Do\u0308nem Plan\u0131<\/p>\n","protected":false},"author":221,"featured_media":0,"parent":0,"menu_order":0,"comment_status":"closed","ping_status":"closed","template":"","meta":{"footnotes":""},"class_list":["post-7709","page","type-page","status-publish","hentry"],"_links":{"self":[{"href":"https:\/\/atauni.edu.tr\/kazim-karabekir-egitim-fakultesi\/wp-json\/wp\/v2\/pages\/7709","targetHints":{"allow":["GET"]}}],"collection":[{"href":"https:\/\/atauni.edu.tr\/kazim-karabekir-egitim-fakultesi\/wp-json\/wp\/v2\/pages"}],"about":[{"href":"https:\/\/atauni.edu.tr\/kazim-karabekir-egitim-fakultesi\/wp-json\/wp\/v2\/types\/page"}],"author":[{"embeddable":true,"href":"https:\/\/atauni.edu.tr\/kazim-karabekir-egitim-fakultesi\/wp-json\/wp\/v2\/users\/221"}],"replies":[{"embeddable":true,"href":"https:\/\/atauni.edu.tr\/kazim-karabekir-egitim-fakultesi\/wp-json\/wp\/v2\/comments?post=7709"}],"version-history":[{"count":13,"href":"https:\/\/atauni.edu.tr\/kazim-karabekir-egitim-fakultesi\/wp-json\/wp\/v2\/pages\/7709\/revisions"}],"predecessor-version":[{"id":9896,"href":"https:\/\/atauni.edu.tr\/kazim-karabekir-egitim-fakultesi\/wp-json\/wp\/v2\/pages\/7709\/revisions\/9896"}],"wp:attachment":[{"href":"https:\/\/atauni.edu.tr\/kazim-karabekir-egitim-fakultesi\/wp-json\/wp\/v2\/media?parent=7709"}],"curies":[{"name":"wp","href":"https:\/\/api.w.org\/{rel}","templated":true}]}}