{"id":8060,"date":"2022-05-12T19:13:30","date_gmt":"2022-05-12T16:13:30","guid":{"rendered":"https:\/\/birimler.atauni.edu.tr\/kazim-karabekir-egitim-fakultesi\/?page_id=8060"},"modified":"2022-05-23T06:41:00","modified_gmt":"2022-05-23T03:41:00","slug":"board-of-faculty","status":"publish","type":"page","link":"https:\/\/atauni.edu.tr\/kazim-karabekir-egitim-fakultesi\/en\/board-of-faculty\/","title":{"rendered":"Board Of Faculty"},"content":{"rendered":"\t\t<div data-elementor-type=\"wp-page\" data-elementor-id=\"8060\" class=\"elementor elementor-8060\" data-elementor-post-type=\"page\">\n\t\t\t\t\t\t<section class=\"elementor-section elementor-top-section elementor-element elementor-element-6452593 elementor-section-boxed elementor-section-height-default elementor-section-height-default\" data-id=\"6452593\" data-element_type=\"section\">\n\t\t\t\t\t\t<div class=\"elementor-container elementor-column-gap-default\">\n\t\t\t\t\t<div class=\"elementor-column elementor-col-100 elementor-top-column elementor-element elementor-element-9d3e2a5\" data-id=\"9d3e2a5\" data-element_type=\"column\">\n\t\t\t<div class=\"elementor-widget-wrap elementor-element-populated\">\n\t\t\t\t\t\t<div class=\"elementor-element elementor-element-02a4b3f elementor-widget-divider--view-line_text elementor-widget-divider--separator-type-pattern elementor-widget-divider--no-spacing elementor-widget-divider--element-align-center elementor-widget elementor-widget-divider\" data-id=\"02a4b3f\" data-element_type=\"widget\" data-widget_type=\"divider.default\">\n\t\t\t\t<div class=\"elementor-widget-container\">\n\t\t\t\t\t\t\t<div class=\"elementor-divider\" style=\"--divider-pattern-url: url(&quot;data:image\/svg+xml,%3Csvg xmlns=&#039;http:\/\/www.w3.org\/2000\/svg&#039; preserveAspectRatio=&#039;xMidYMid meet&#039; overflow=&#039;visible&#039; height=&#039;100%&#039; viewBox=&#039;0 0 126 26&#039; fill=&#039;black&#039; stroke=&#039;none&#039;%3E%3Cpath d=&#039;M3,10.2c2.6,0,2.6,2,2.6,3.2S4.4,16.5,3,16.5s-3-1.4-3-3.2S0.4,10.2,3,10.2z M18.8,10.2c1.7,0,3.2,1.4,3.2,3.2s-1.4,3.2-3.2,3.2c-1.7,0-3.2-1.4-3.2-3.2S17,10.2,18.8,10.2z M34.6,10.2c1.5,0,2.6,1.4,2.6,3.2s-0.5,3.2-1.9,3.2c-1.5,0-3.4-1.4-3.4-3.2S33.1,10.2,34.6,10.2z M50.5,10.2c1.7,0,3.2,1.4,3.2,3.2s-1.4,3.2-3.2,3.2c-1.7,0-3.3-0.9-3.3-2.6S48.7,10.2,50.5,10.2z M66.2,10.2c1.5,0,3.4,1.4,3.4,3.2s-1.9,3.2-3.4,3.2c-1.5,0-2.6-0.4-2.6-2.1S64.8,10.2,66.2,10.2z M82.2,10.2c1.7,0.8,2.6,1.4,2.6,3.2s-0.1,3.2-1.6,3.2c-1.5,0-3.7-1.4-3.7-3.2S80.5,9.4,82.2,10.2zM98.6,10.2c1.5,0,2.6,0.4,2.6,2.1s-1.2,4.2-2.6,4.2c-1.5,0-3.7-0.4-3.7-2.1S97.1,10.2,98.6,10.2z M113.4,10.2c1.2,0,2.2,0.9,2.2,3.2s-0.1,3.2-1.3,3.2s-3.1-1.4-3.1-3.2S112.2,10.2,113.4,10.2z&#039;\/%3E%3C\/svg%3E&quot;);\">\n\t\t\t<span class=\"elementor-divider-separator\">\n\t\t\t\t\t\t\t<span class=\"elementor-divider__text elementor-divider__element\">\n\t\t\t\tBoard Of Faculty\t\t\t\t<\/span>\n\t\t\t\t\t\t<\/span>\n\t\t<\/div>\n\t\t\t\t\t\t<\/div>\n\t\t\t\t<\/div>\n\t\t\t\t\t<\/div>\n\t\t<\/div>\n\t\t\t\t\t<\/div>\n\t\t<\/section>\n\t\t\t\t<section class=\"elementor-section elementor-top-section elementor-element elementor-element-cfe3f7a elementor-section-boxed elementor-section-height-default elementor-section-height-default\" data-id=\"cfe3f7a\" data-element_type=\"section\">\n\t\t\t\t\t\t<div class=\"elementor-container elementor-column-gap-default\">\n\t\t\t\t\t<div class=\"elementor-column elementor-col-100 elementor-top-column elementor-element elementor-element-b46d863\" data-id=\"b46d863\" data-element_type=\"column\">\n\t\t\t<div class=\"elementor-widget-wrap elementor-element-populated\">\n\t\t\t\t\t\t<div class=\"elementor-element elementor-element-6eb9a62 elementor-widget elementor-widget-text-editor\" data-id=\"6eb9a62\" data-element_type=\"widget\" data-widget_type=\"text-editor.default\">\n\t\t\t\t<div class=\"elementor-widget-container\">\n\t\t\t\t\t\t\t\t\t<ul><li><span style=\"color: #000080\"><a style=\"color: #000080\" href=\"https:\/\/avesis.atauni.edu.tr\/ufuk\" target=\"_blank\" rel=\"noopener\">Prof.Dr.Ufuk \u015e\u0130M\u015eEK\u00a0 \u00a0 \u00a0 \u00a0 \u00a0 \u00a0 \u00a0 \u00a0 \u00a0 \u00a0 \u00a0 \u00a0 \u00a0 \u00a0 \u00a0 \u00a0 \u00a0 \u00a0 \u00a0 \u00a0 Dekan<\/a><\/span><\/li><li style=\"text-align: left\"><span style=\"color: #000080\"><a style=\"color: #000080\" href=\"https:\/\/avesis.atauni.edu.tr\/nurtac\" target=\"_blank\" rel=\"noopener\">Prof.Dr.Nurta\u00e7 CANPOLAT\u00a0 \u00a0 \u00a0 \u00a0 \u00a0 \u00a0 \u00a0 \u00a0 \u00a0 \u00a0 \u00a0 \u00a0 \u00a0 \u00a0 Profes\u00f6r\u00a0 Temsilcisi<\/a><\/span><\/li><li style=\"text-align: left\"><span style=\"color: #000080\"><a style=\"color: #000080\" href=\"https:\/\/avesis.atauni.edu.tr\/balkaya\" target=\"_blank\" rel=\"noopener\">Prof.Dr.\u0130hsan Sabri BALKAYA\u00a0 \u00a0 \u00a0 \u00a0 \u00a0 \u00a0 \u00a0 \u00a0 \u00a0 \u00a0 \u00a0 \u00a0 Profes\u00f6r\u00a0 Temsilcisi<\/a><\/span><\/li><li style=\"text-align: left\"><span style=\"color: #000080\"><a style=\"color: #000080\" href=\"https:\/\/avesis.atauni.edu.tr\/hdoglu\" target=\"_blank\" rel=\"noopener\">Prof.Dr.Halit DURSUNO\u011eLU\u00a0 \u00a0 \u00a0 \u00a0 \u00a0 \u00a0 \u00a0 \u00a0 \u00a0 \u00a0 \u00a0 \u00a0 \u00a0 Profes\u00f6r\u00a0 Temsilcisi\u00a0<\/a><\/span><\/li><li style=\"text-align: left\"><span style=\"color: #000080\"><a style=\"color: #000080\" href=\"https:\/\/avesis.atauni.edu.tr\/zyilmaz\" target=\"_blank\" rel=\"noopener\">Do\u00e7.Dr.Zafer YILMAZ\u00a0 \u00a0 \u00a0 \u00a0 \u00a0 \u00a0 \u00a0 \u00a0 \u00a0 \u00a0 \u00a0 \u00a0 \u00a0 \u00a0 \u00a0 \u00a0 \u00a0 \u00a0 \u00a0 \u00a0Do\u00e7ent Temsilcisi<\/a><\/span><\/li><li style=\"text-align: left\"><span style=\"color: #000080\"><a style=\"color: #000080\" href=\"https:\/\/avesis.atauni.edu.tr\/ilgaz\" target=\"_blank\" rel=\"noopener\">Do\u00e7.Dr.Sel\u00e7uk \u0130LGAZ\u00a0 \u00a0 \u00a0 \u00a0 \u00a0 \u00a0 \u00a0 \u00a0 \u00a0 \u00a0 \u00a0 \u00a0 \u00a0 \u00a0 \u00a0 \u00a0 \u00a0 \u00a0 \u00a0 \u00a0 Do\u00e7ent Temsilcisi<\/a><\/span><\/li><li style=\"text-align: left\"><span style=\"color: #000080\"><a style=\"color: #000080\" href=\"https:\/\/avesis.atauni.edu.tr\/aktaselif\" target=\"_blank\" rel=\"noopener\">Dr.\u00d6\u011fr.\u00dcyesi Elif AKTA\u015e\u00a0 \u00a0 \u00a0 \u00a0 \u00a0 \u00a0 \u00a0 \u00a0 \u00a0 \u00a0 \u00a0 \u00a0 \u00a0 \u00a0 \u00a0 \u00a0 \u00a0 Dr.\u00d6\u011fr.\u00dcyesi T.<\/a><\/span><\/li><li style=\"text-align: left\"><span style=\"color: #000080\"><a style=\"color: #000080\" href=\"https:\/\/avesis.atauni.edu.tr\/agurses\" target=\"_blank\" rel=\"noopener\">Prof.Dr.Ahmet G\u00dcRSES\u00a0 \u00a0 \u00a0 \u00a0 \u00a0 \u00a0 \u00a0 \u00a0 \u00a0 \u00a0 \u00a0 \u00a0 \u00a0 \u00a0 \u00a0 \u00a0 \u00a0 \u00a0B\u00f6l\u00fcm Ba\u015fkan\u0131\u00a0<\/a><\/span><\/li><li style=\"text-align: left\"><span style=\"color: #000080\"><a style=\"color: #000080\" href=\"https:\/\/avesis.atauni.edu.tr\/bulbulm\" target=\"_blank\" rel=\"noopener\">Prof.Dr.Melik B\u00dcLB\u00dcL\u00a0 \u00a0 \u00a0 \u00a0 \u00a0 \u00a0 \u00a0 \u00a0 \u00a0 \u00a0 \u00a0 \u00a0 \u00a0 \u00a0 \u00a0 \u00a0 \u00a0 \u00a0 \u00a0B\u00f6l\u00fcm Ba\u015fkan\u0131\u00a0<\/a><\/span><\/li><li style=\"text-align: left\"><span style=\"color: #000080\"><a style=\"color: #000080\" href=\"https:\/\/avesis.atauni.edu.tr\/adnank\" target=\"_blank\" rel=\"noopener\">Prof.Dr.Adnan K\u00dc\u00c7\u00dcKO\u011eLU\u00a0 \u00a0 \u00a0 \u00a0 \u00a0 \u00a0 \u00a0 \u00a0 \u00a0 \u00a0 \u00a0 \u00a0 \u00a0 B\u00f6l\u00fcm Ba\u015fkan\u0131\u00a0\u00a0<\/a><\/span><\/li><li style=\"text-align: left\"><span style=\"color: #000080\"><a style=\"color: #000080\" href=\"https:\/\/avesis.atauni.edu.tr\/halilkoca\" target=\"_blank\" rel=\"noopener\">Prof.Dr.Halil KOCA\u00a0 \u00a0 \u00a0 \u00a0 \u00a0 \u00a0 \u00a0 \u00a0 \u00a0 \u00a0 \u00a0 \u00a0 \u00a0 \u00a0 \u00a0 \u00a0 \u00a0 \u00a0 \u00a0 \u00a0 \u00a0 \u00a0B\u00f6l\u00fcm Ba\u015fkan\u0131\u00a0\u00a0<\/a><\/span><\/li><li style=\"text-align: left\"><span style=\"color: #000080\"><a style=\"color: #000080\" href=\"https:\/\/avesis.atauni.edu.tr\/sevdakucuk\" target=\"_blank\" rel=\"noopener\">Do\u00e7.Dr.Sevda K\u00dc\u00c7\u00dcK\u00a0 \u00a0 \u00a0 \u00a0 \u00a0 \u00a0 \u00a0 \u00a0 \u00a0 \u00a0 \u00a0 \u00a0 \u00a0 \u00a0 \u00a0 \u00a0 \u00a0 \u00a0 \u00a0 B\u00f6l\u00fcm Ba\u015fkan\u0131<\/a><\/span><\/li><li style=\"text-align: left\"><p class=\"title\"><span style=\"color: #333399\"><a style=\"color: #333399\" href=\"https:\/\/avesis.atauni.edu.tr\/m.eminkayserili#:~:text=Biyografi,kazand%C4%B1.1987%20y%C4%B1l%C4%B1nda%20mezun%20oldu.\">Prof.Dr. Muhammet Emin KAYSER\u0130L\u0130<\/a> \u00a0<\/span>\u00a0 \u00a0\u00a0<a style=\"color: #000080\" href=\"https:\/\/avesis.atauni.edu.tr\/ygokdas\" target=\"_blank\" rel=\"noopener\">\u00a0 \u00a0B\u00f6l\u00fcm Ba\u015fkan\u0131<\/a><\/p><\/li><li style=\"text-align: left\"><span style=\"color: #000080\"><a style=\"color: #000080\" href=\"https:\/\/avesis.atauni.edu.tr\/omery\" target=\"_blank\" rel=\"noopener\">Do\u00e7.Dr.\u00d6mer YILAR\u00a0 \u00a0 \u00a0 \u00a0 \u00a0 \u00a0 \u00a0 \u00a0 \u00a0 \u00a0 \u00a0 \u00a0 \u00a0 \u00a0 \u00a0 \u00a0 \u00a0 \u00a0 \u00a0 \u00a0 \u00a0B\u00f6l\u00fcm Ba\u015fkan\u0131<\/a><\/span><\/li><li style=\"text-align: left\"><span style=\"color: #000080\"><a style=\"color: #000080\" href=\"https:\/\/avesis.atauni.edu.tr\/gamzealak\" target=\"_blank\" rel=\"noopener\">Dr.\u00d6\u011fr.\u00dcyesi Gamze ALAK\u00a0 \u00a0 \u00a0 \u00a0 \u00a0 \u00a0 \u00a0 \u00a0 \u00a0 \u00a0 \u00a0 \u00a0 \u00a0 \u00a0 B\u00f6l\u00fcm Ba\u015fkan\u0131<\/a><\/span><\/li><li style=\"text-align: left\"><span style=\"color: #000080\"><a style=\"color: #000080\" href=\"https:\/\/avesis.atauni.edu.tr\/meozturk\" target=\"_blank\" rel=\"noopener\">Do\u00e7.Dr.M.Ertu\u011frul \u00d6ZT\u00dcRK\u00a0 \u00a0 \u00a0 \u00a0 \u00a0 \u00a0 \u00a0 \u00a0 \u00a0 \u00a0 \u00a0 \u00a0 \u00a0B\u00f6l\u00fcm Ba\u015fkan\u0131<\/a><\/span><\/li><li>\u00a0<\/li><\/ul>\t\t\t\t\t\t\t\t<\/div>\n\t\t\t\t<\/div>\n\t\t\t\t\t<\/div>\n\t\t<\/div>\n\t\t\t\t\t<\/div>\n\t\t<\/section>\n\t\t\t\t<\/div>\n\t\t","protected":false},"excerpt":{"rendered":"<p>Board Of Faculty Prof.Dr.Ufuk \u015e\u0130M\u015eEK\u00a0 \u00a0 \u00a0 \u00a0 \u00a0 \u00a0 \u00a0 \u00a0 \u00a0 \u00a0 \u00a0 \u00a0 \u00a0 \u00a0 \u00a0 \u00a0 \u00a0 \u00a0 \u00a0 \u00a0 Dekan Prof.Dr.Nurta\u00e7 CANPOLAT\u00a0 \u00a0 \u00a0 \u00a0 \u00a0 \u00a0 \u00a0 \u00a0 \u00a0 \u00a0 \u00a0 \u00a0 \u00a0 \u00a0 Profes\u00f6r\u00a0 Temsilcisi Prof.Dr.\u0130hsan Sabri BALKAYA\u00a0 \u00a0 \u00a0 \u00a0 \u00a0 \u00a0 \u00a0 \u00a0 \u00a0 \u00a0 \u00a0 [&hellip;]<\/p>\n","protected":false},"author":221,"featured_media":0,"parent":0,"menu_order":0,"comment_status":"closed","ping_status":"closed","template":"","meta":{"footnotes":""},"class_list":["post-8060","page","type-page","status-publish","hentry"],"_links":{"self":[{"href":"https:\/\/atauni.edu.tr\/kazim-karabekir-egitim-fakultesi\/wp-json\/wp\/v2\/pages\/8060","targetHints":{"allow":["GET"]}}],"collection":[{"href":"https:\/\/atauni.edu.tr\/kazim-karabekir-egitim-fakultesi\/wp-json\/wp\/v2\/pages"}],"about":[{"href":"https:\/\/atauni.edu.tr\/kazim-karabekir-egitim-fakultesi\/wp-json\/wp\/v2\/types\/page"}],"author":[{"embeddable":true,"href":"https:\/\/atauni.edu.tr\/kazim-karabekir-egitim-fakultesi\/wp-json\/wp\/v2\/users\/221"}],"replies":[{"embeddable":true,"href":"https:\/\/atauni.edu.tr\/kazim-karabekir-egitim-fakultesi\/wp-json\/wp\/v2\/comments?post=8060"}],"version-history":[{"count":13,"href":"https:\/\/atauni.edu.tr\/kazim-karabekir-egitim-fakultesi\/wp-json\/wp\/v2\/pages\/8060\/revisions"}],"predecessor-version":[{"id":8296,"href":"https:\/\/atauni.edu.tr\/kazim-karabekir-egitim-fakultesi\/wp-json\/wp\/v2\/pages\/8060\/revisions\/8296"}],"wp:attachment":[{"href":"https:\/\/atauni.edu.tr\/kazim-karabekir-egitim-fakultesi\/wp-json\/wp\/v2\/media?parent=8060"}],"curies":[{"name":"wp","href":"https:\/\/api.w.org\/{rel}","templated":true}]}}