{"id":8184,"date":"2022-05-12T21:10:34","date_gmt":"2022-05-12T18:10:34","guid":{"rendered":"https:\/\/birimler.atauni.edu.tr\/kazim-karabekir-egitim-fakultesi\/?page_id=8184"},"modified":"2022-05-23T07:13:55","modified_gmt":"2022-05-23T04:13:55","slug":"clubs","status":"publish","type":"page","link":"https:\/\/atauni.edu.tr\/kazim-karabekir-egitim-fakultesi\/en\/clubs\/","title":{"rendered":"Clubs"},"content":{"rendered":"\t\t<div data-elementor-type=\"wp-page\" data-elementor-id=\"8184\" class=\"elementor elementor-8184\" data-elementor-post-type=\"page\">\n\t\t\t\t\t\t<section class=\"elementor-section elementor-top-section elementor-element elementor-element-6c060e2 elementor-section-boxed elementor-section-height-default elementor-section-height-default\" data-id=\"6c060e2\" data-element_type=\"section\">\n\t\t\t\t\t\t<div class=\"elementor-container elementor-column-gap-default\">\n\t\t\t\t\t<div class=\"elementor-column elementor-col-100 elementor-top-column elementor-element elementor-element-6234877\" data-id=\"6234877\" data-element_type=\"column\">\n\t\t\t<div class=\"elementor-widget-wrap elementor-element-populated\">\n\t\t\t\t\t\t<div class=\"elementor-element elementor-element-3fbb9c6 elementor-widget elementor-widget-text-editor\" data-id=\"3fbb9c6\" data-element_type=\"widget\" data-widget_type=\"text-editor.default\">\n\t\t\t\t<div class=\"elementor-widget-container\">\n\t\t\t\t\t\t\t\t\t<ul><li><strong><span style=\"color: #003366\">Ata-T\u00fcrk\u00e7e Kul\u00fcb\u00fc<\/span><\/strong><\/li><li><span style=\"color: #003366\"><strong>E\u011fitim ve Matematik<\/strong><\/span><\/li><li><strong><span style=\"color: #003366\">Gen\u00e7 Ye\u015filay Kul\u00fcb\u00fc<\/span><\/strong><\/li><\/ul>\t\t\t\t\t\t\t\t<\/div>\n\t\t\t\t<\/div>\n\t\t\t\t\t<\/div>\n\t\t<\/div>\n\t\t\t\t\t<\/div>\n\t\t<\/section>\n\t\t\t\t<\/div>\n\t\t","protected":false},"excerpt":{"rendered":"<p>Ata-T\u00fcrk\u00e7e Kul\u00fcb\u00fc E\u011fitim ve Matematik Gen\u00e7 Ye\u015filay Kul\u00fcb\u00fc<\/p>\n","protected":false},"author":221,"featured_media":0,"parent":0,"menu_order":0,"comment_status":"closed","ping_status":"closed","template":"","meta":{"footnotes":""},"class_list":["post-8184","page","type-page","status-publish","hentry"],"_links":{"self":[{"href":"https:\/\/atauni.edu.tr\/kazim-karabekir-egitim-fakultesi\/wp-json\/wp\/v2\/pages\/8184","targetHints":{"allow":["GET"]}}],"collection":[{"href":"https:\/\/atauni.edu.tr\/kazim-karabekir-egitim-fakultesi\/wp-json\/wp\/v2\/pages"}],"about":[{"href":"https:\/\/atauni.edu.tr\/kazim-karabekir-egitim-fakultesi\/wp-json\/wp\/v2\/types\/page"}],"author":[{"embeddable":true,"href":"https:\/\/atauni.edu.tr\/kazim-karabekir-egitim-fakultesi\/wp-json\/wp\/v2\/users\/221"}],"replies":[{"embeddable":true,"href":"https:\/\/atauni.edu.tr\/kazim-karabekir-egitim-fakultesi\/wp-json\/wp\/v2\/comments?post=8184"}],"version-history":[{"count":4,"href":"https:\/\/atauni.edu.tr\/kazim-karabekir-egitim-fakultesi\/wp-json\/wp\/v2\/pages\/8184\/revisions"}],"predecessor-version":[{"id":8333,"href":"https:\/\/atauni.edu.tr\/kazim-karabekir-egitim-fakultesi\/wp-json\/wp\/v2\/pages\/8184\/revisions\/8333"}],"wp:attachment":[{"href":"https:\/\/atauni.edu.tr\/kazim-karabekir-egitim-fakultesi\/wp-json\/wp\/v2\/media?parent=8184"}],"curies":[{"name":"wp","href":"https:\/\/api.w.org\/{rel}","templated":true}]}}