{"id":8208,"date":"2022-05-12T21:22:15","date_gmt":"2022-05-12T18:22:15","guid":{"rendered":"https:\/\/birimler.atauni.edu.tr\/kazim-karabekir-egitim-fakultesi\/?page_id=8208"},"modified":"2022-05-23T07:23:09","modified_gmt":"2022-05-23T04:23:09","slug":"teaching-practice-and-rpd-practices-evaluation-steps","status":"publish","type":"page","link":"https:\/\/atauni.edu.tr\/kazim-karabekir-egitim-fakultesi\/en\/teaching-practice-and-rpd-practices-evaluation-steps\/","title":{"rendered":"Teaching Practice And RPD Practices Evaluation Steps"},"content":{"rendered":"\t\t<div data-elementor-type=\"wp-page\" data-elementor-id=\"8208\" class=\"elementor elementor-8208\" data-elementor-post-type=\"page\">\n\t\t\t\t\t\t<section class=\"elementor-section elementor-top-section elementor-element elementor-element-dc68f9b elementor-section-boxed elementor-section-height-default elementor-section-height-default\" data-id=\"dc68f9b\" data-element_type=\"section\">\n\t\t\t\t\t\t<div class=\"elementor-container elementor-column-gap-default\">\n\t\t\t\t\t<div class=\"elementor-column elementor-col-100 elementor-top-column elementor-element elementor-element-dfab6ae\" data-id=\"dfab6ae\" data-element_type=\"column\">\n\t\t\t<div class=\"elementor-widget-wrap elementor-element-populated\">\n\t\t\t\t\t\t<div class=\"elementor-element elementor-element-ebfd75d elementor-widget elementor-widget-text-editor\" data-id=\"ebfd75d\" data-element_type=\"widget\" data-widget_type=\"text-editor.default\">\n\t\t\t\t<div class=\"elementor-widget-container\">\n\t\t\t\t\t\t\t\t\t<ul><li><strong><a href=\"http:\/\/birimler.atauni.edu.tr\/kazim-karabekir-egitim-fakultesi\/wp-content\/uploads\/sites\/67\/2020\/07\/Ogretmenlik-Uygulamasi-ve-RPD-Uygulamalari-Degerlendirme-Basamaklari.pdf\">\u00d6\u011fretmenlik Uygulamas\u0131 ve RPD Uygulamalar\u0131 Degerlendirme Basamaklar\u0131<\/a><\/strong><\/li><li><strong><a href=\"http:\/\/birimler.atauni.edu.tr\/kazim-karabekir-egitim-fakultesi\/wp-content\/uploads\/sites\/67\/2020\/07\/Ogretmenlik-Uygulamasi-Degerlendirme-Rubrigi.pdf\">\u00d6\u011fretmenlik Uygulamas\u0131 De\u011ferlendirme Rubri\u011fi<\/a><\/strong><\/li><li><strong><a href=\"http:\/\/birimler.atauni.edu.tr\/kazim-karabekir-egitim-fakultesi\/wp-content\/uploads\/sites\/67\/2020\/07\/Sinif-Egitimi-Ogretmenlik-Uygulamasi-Dersi-Degerlendirme-Rubrigi.pdf\">S\u0131n\u0131f E\u011fitimi \u00d6\u011fretmenlik Uygulamas\u0131 Dersi De\u011ferlendirme Rubri\u011fi<\/a><\/strong><\/li><\/ul>\t\t\t\t\t\t\t\t<\/div>\n\t\t\t\t<\/div>\n\t\t\t\t\t<\/div>\n\t\t<\/div>\n\t\t\t\t\t<\/div>\n\t\t<\/section>\n\t\t\t\t<\/div>\n\t\t","protected":false},"excerpt":{"rendered":"<p>\u00d6\u011fretmenlik Uygulamas\u0131 ve RPD Uygulamalar\u0131 Degerlendirme Basamaklar\u0131 \u00d6\u011fretmenlik Uygulamas\u0131 De\u011ferlendirme Rubri\u011fi S\u0131n\u0131f E\u011fitimi \u00d6\u011fretmenlik Uygulamas\u0131 Dersi De\u011ferlendirme Rubri\u011fi<\/p>\n","protected":false},"author":221,"featured_media":0,"parent":0,"menu_order":0,"comment_status":"closed","ping_status":"closed","template":"","meta":{"footnotes":""},"class_list":["post-8208","page","type-page","status-publish","hentry"],"_links":{"self":[{"href":"https:\/\/atauni.edu.tr\/kazim-karabekir-egitim-fakultesi\/wp-json\/wp\/v2\/pages\/8208","targetHints":{"allow":["GET"]}}],"collection":[{"href":"https:\/\/atauni.edu.tr\/kazim-karabekir-egitim-fakultesi\/wp-json\/wp\/v2\/pages"}],"about":[{"href":"https:\/\/atauni.edu.tr\/kazim-karabekir-egitim-fakultesi\/wp-json\/wp\/v2\/types\/page"}],"author":[{"embeddable":true,"href":"https:\/\/atauni.edu.tr\/kazim-karabekir-egitim-fakultesi\/wp-json\/wp\/v2\/users\/221"}],"replies":[{"embeddable":true,"href":"https:\/\/atauni.edu.tr\/kazim-karabekir-egitim-fakultesi\/wp-json\/wp\/v2\/comments?post=8208"}],"version-history":[{"count":4,"href":"https:\/\/atauni.edu.tr\/kazim-karabekir-egitim-fakultesi\/wp-json\/wp\/v2\/pages\/8208\/revisions"}],"predecessor-version":[{"id":8345,"href":"https:\/\/atauni.edu.tr\/kazim-karabekir-egitim-fakultesi\/wp-json\/wp\/v2\/pages\/8208\/revisions\/8345"}],"wp:attachment":[{"href":"https:\/\/atauni.edu.tr\/kazim-karabekir-egitim-fakultesi\/wp-json\/wp\/v2\/media?parent=8208"}],"curies":[{"name":"wp","href":"https:\/\/api.w.org\/{rel}","templated":true}]}}