{"id":8229,"date":"2022-05-12T21:29:43","date_gmt":"2022-05-12T18:29:43","guid":{"rendered":"https:\/\/birimler.atauni.edu.tr\/kazim-karabekir-egitim-fakultesi\/?page_id=8229"},"modified":"2022-05-23T07:28:00","modified_gmt":"2022-05-23T04:28:00","slug":"course-schedules-2","status":"publish","type":"page","link":"https:\/\/atauni.edu.tr\/kazim-karabekir-egitim-fakultesi\/en\/course-schedules-2\/","title":{"rendered":"Course Schedules"},"content":{"rendered":"\t\t<div data-elementor-type=\"wp-page\" data-elementor-id=\"8229\" class=\"elementor elementor-8229\" data-elementor-post-type=\"page\">\n\t\t\t\t\t\t<section class=\"elementor-section elementor-top-section elementor-element elementor-element-b8e3e14 elementor-section-boxed elementor-section-height-default elementor-section-height-default\" data-id=\"b8e3e14\" data-element_type=\"section\">\n\t\t\t\t\t\t<div class=\"elementor-container elementor-column-gap-default\">\n\t\t\t\t\t<div class=\"elementor-column elementor-col-100 elementor-top-column elementor-element elementor-element-7518093\" data-id=\"7518093\" data-element_type=\"column\">\n\t\t\t<div class=\"elementor-widget-wrap elementor-element-populated\">\n\t\t\t\t\t\t<div class=\"elementor-element elementor-element-ba14fce elementor-widget elementor-widget-text-editor\" data-id=\"ba14fce\" data-element_type=\"widget\" data-widget_type=\"text-editor.default\">\n\t\t\t\t<div class=\"elementor-widget-container\">\n\t\t\t\t\t\t\t\t\t<ul><li><strong><a href=\"http:\/\/birimler.atauni.edu.tr\/kazim-karabekir-egitim-fakultesi\/wp-content\/uploads\/sites\/67\/2020\/07\/2021-2022-Ogretim-Yili-Guz-Donemi-Ders-Programi.pdf\">2021-2022 \u00d6\u011fretim Y\u0131l\u0131 G\u00fcz D\u00f6nemi Ders Program\u0131<\/a><\/strong><\/li><li><strong><a href=\"http:\/\/birimler.atauni.edu.tr\/kazim-karabekir-egitim-fakultesi\/wp-content\/uploads\/sites\/67\/2020\/07\/2021-2022-Ogretim-Yili-Bahar-Donemi-Ders-Programi.pdf\">2021-2022 \u00d6\u011fretim Y\u0131l\u0131 Bahar D\u00f6nemi Ders Program\u0131<\/a><\/strong><\/li><\/ul>\t\t\t\t\t\t\t\t<\/div>\n\t\t\t\t<\/div>\n\t\t\t\t\t<\/div>\n\t\t<\/div>\n\t\t\t\t\t<\/div>\n\t\t<\/section>\n\t\t\t\t<\/div>\n\t\t","protected":false},"excerpt":{"rendered":"<p>2021-2022 \u00d6\u011fretim Y\u0131l\u0131 G\u00fcz D\u00f6nemi Ders Program\u0131 2021-2022 \u00d6\u011fretim Y\u0131l\u0131 Bahar D\u00f6nemi Ders Program\u0131<\/p>\n","protected":false},"author":221,"featured_media":0,"parent":0,"menu_order":0,"comment_status":"closed","ping_status":"closed","template":"","meta":{"footnotes":""},"class_list":["post-8229","page","type-page","status-publish","hentry"],"_links":{"self":[{"href":"https:\/\/atauni.edu.tr\/kazim-karabekir-egitim-fakultesi\/wp-json\/wp\/v2\/pages\/8229","targetHints":{"allow":["GET"]}}],"collection":[{"href":"https:\/\/atauni.edu.tr\/kazim-karabekir-egitim-fakultesi\/wp-json\/wp\/v2\/pages"}],"about":[{"href":"https:\/\/atauni.edu.tr\/kazim-karabekir-egitim-fakultesi\/wp-json\/wp\/v2\/types\/page"}],"author":[{"embeddable":true,"href":"https:\/\/atauni.edu.tr\/kazim-karabekir-egitim-fakultesi\/wp-json\/wp\/v2\/users\/221"}],"replies":[{"embeddable":true,"href":"https:\/\/atauni.edu.tr\/kazim-karabekir-egitim-fakultesi\/wp-json\/wp\/v2\/comments?post=8229"}],"version-history":[{"count":4,"href":"https:\/\/atauni.edu.tr\/kazim-karabekir-egitim-fakultesi\/wp-json\/wp\/v2\/pages\/8229\/revisions"}],"predecessor-version":[{"id":8360,"href":"https:\/\/atauni.edu.tr\/kazim-karabekir-egitim-fakultesi\/wp-json\/wp\/v2\/pages\/8229\/revisions\/8360"}],"wp:attachment":[{"href":"https:\/\/atauni.edu.tr\/kazim-karabekir-egitim-fakultesi\/wp-json\/wp\/v2\/media?parent=8229"}],"curies":[{"name":"wp","href":"https:\/\/api.w.org\/{rel}","templated":true}]}}