{"id":8233,"date":"2022-05-12T21:30:43","date_gmt":"2022-05-12T18:30:43","guid":{"rendered":"https:\/\/birimler.atauni.edu.tr\/kazim-karabekir-egitim-fakultesi\/?page_id=8233"},"modified":"2022-06-14T17:41:33","modified_gmt":"2022-06-14T14:41:33","slug":"forms-petitions-2","status":"publish","type":"page","link":"https:\/\/atauni.edu.tr\/kazim-karabekir-egitim-fakultesi\/en\/forms-petitions-2\/","title":{"rendered":"Forms \u2013 Petitions"},"content":{"rendered":"\t\t<div data-elementor-type=\"wp-page\" data-elementor-id=\"8233\" class=\"elementor elementor-8233\" data-elementor-post-type=\"page\">\n\t\t\t\t\t\t<section class=\"elementor-section elementor-top-section elementor-element elementor-element-af8bf2e elementor-section-boxed elementor-section-height-default elementor-section-height-default\" data-id=\"af8bf2e\" data-element_type=\"section\">\n\t\t\t\t\t\t<div class=\"elementor-container elementor-column-gap-default\">\n\t\t\t\t\t<div class=\"elementor-column elementor-col-100 elementor-top-column elementor-element elementor-element-1509277\" data-id=\"1509277\" data-element_type=\"column\">\n\t\t\t<div class=\"elementor-widget-wrap elementor-element-populated\">\n\t\t\t\t\t\t<div class=\"elementor-element elementor-element-f113789 elementor-widget elementor-widget-text-editor\" data-id=\"f113789\" data-element_type=\"widget\" data-widget_type=\"text-editor.default\">\n\t\t\t\t<div class=\"elementor-widget-container\">\n\t\t\t\t\t\t\t\t\t<ul><li><strong><a href=\"http:\/\/birimler.atauni.edu.tr\/kazim-karabekir-egitim-fakultesi\/wp-content\/uploads\/sites\/67\/2020\/07\/AGNO-Yukseltme-Sinavi-Dilekcesi.pdf\">AGNO Y\u00fckseltme S\u0131nav\u0131 Dilek\u00e7esi<\/a><\/strong><\/li><li><strong><a href=\"http:\/\/birimler.atauni.edu.tr\/kazim-karabekir-egitim-fakultesi\/wp-content\/uploads\/sites\/67\/2020\/07\/Ogretmenlik-Uygulamasi-Mazeret-Dilekcesi-1.pdf\">\u00d6\u011fretmenlik Uygulamas\u0131 Mazeret Dilek\u00e7esi (1)<\/a><\/strong><\/li><li><strong><a href=\"http:\/\/birimler.atauni.edu.tr\/kazim-karabekir-egitim-fakultesi\/wp-content\/uploads\/sites\/67\/2020\/07\/Vekalet-Dilekcesi.pdf\">Vekalet Dilek\u00e7esi<\/a><\/strong><\/li><li><strong><a href=\"http:\/\/birimler.atauni.edu.tr\/kazim-karabekir-egitim-fakultesi\/wp-content\/uploads\/sites\/67\/2020\/07\/Pedagojik-Formasyon-Sertifika-Egitimi-Programi-Ilisk-Kesme-Belgesi-2021-2022-Ogretim-Yili-Ogrencileri-Icin-1.pdf\">Pedagojik Formasyon Sertifika E\u011fitimi Program\u0131 \u0130li\u015fk Kesme Belgesi (2021-2022 \u00d6\u011fretim Y\u0131l\u0131 \u00d6\u011frencileri \u0130\u00e7in) (1)<\/a><\/strong><\/li><li><strong><a href=\"http:\/\/birimler.atauni.edu.tr\/kazim-karabekir-egitim-fakultesi\/wp-content\/uploads\/sites\/67\/2020\/07\/Pedagojik-Formasyon-Sertifika-Egitimi-Programi-Ilisk-Kesme-Belgesi-2021-Ogretim-Yili-Oncesi-Ogrencileri-Icin-2.pdf\">Pedagojik Formasyon Sertifika E\u011fitimi Program\u0131 \u0130li\u015fk Kesme Belgesi (2021 \u00d6\u011fretim Y\u0131l\u0131 \u00d6ncesi \u00d6\u011frencileri \u0130\u00e7in)<\/a><\/strong><\/li><li><strong><a href=\"http:\/\/birimler.atauni.edu.tr\/kazim-karabekir-egitim-fakultesi\/wp-content\/uploads\/sites\/67\/2020\/07\/Pedagojik-Formasyon-Sertifika-Egitimi-Programi-Mezuniyete-Tek-Ders-Sinav-Dilekcesi.pdf\">Pedagojik Formasyon Sertifika E\u011fitimi Program\u0131 Mezuniyete Tek Ders S\u0131nav Dilek\u00e7esi<\/a><\/strong><\/li><\/ul>\t\t\t\t\t\t\t\t<\/div>\n\t\t\t\t<\/div>\n\t\t\t\t\t<\/div>\n\t\t<\/div>\n\t\t\t\t\t<\/div>\n\t\t<\/section>\n\t\t\t\t<\/div>\n\t\t","protected":false},"excerpt":{"rendered":"<p>AGNO Y\u00fckseltme S\u0131nav\u0131 Dilek\u00e7esi \u00d6\u011fretmenlik Uygulamas\u0131 Mazeret Dilek\u00e7esi (1) Vekalet Dilek\u00e7esi Pedagojik Formasyon Sertifika E\u011fitimi Program\u0131 \u0130li\u015fk Kesme Belgesi (2021-2022 \u00d6\u011fretim Y\u0131l\u0131 \u00d6\u011frencileri \u0130\u00e7in) (1) Pedagojik Formasyon Sertifika E\u011fitimi Program\u0131 \u0130li\u015fk Kesme Belgesi (2021 \u00d6\u011fretim Y\u0131l\u0131 \u00d6ncesi \u00d6\u011frencileri \u0130\u00e7in) Pedagojik Formasyon Sertifika E\u011fitimi Program\u0131 Mezuniyete Tek Ders S\u0131nav Dilek\u00e7esi<\/p>\n","protected":false},"author":221,"featured_media":0,"parent":0,"menu_order":0,"comment_status":"closed","ping_status":"closed","template":"","meta":{"footnotes":""},"class_list":["post-8233","page","type-page","status-publish","hentry"],"_links":{"self":[{"href":"https:\/\/atauni.edu.tr\/kazim-karabekir-egitim-fakultesi\/wp-json\/wp\/v2\/pages\/8233","targetHints":{"allow":["GET"]}}],"collection":[{"href":"https:\/\/atauni.edu.tr\/kazim-karabekir-egitim-fakultesi\/wp-json\/wp\/v2\/pages"}],"about":[{"href":"https:\/\/atauni.edu.tr\/kazim-karabekir-egitim-fakultesi\/wp-json\/wp\/v2\/types\/page"}],"author":[{"embeddable":true,"href":"https:\/\/atauni.edu.tr\/kazim-karabekir-egitim-fakultesi\/wp-json\/wp\/v2\/users\/221"}],"replies":[{"embeddable":true,"href":"https:\/\/atauni.edu.tr\/kazim-karabekir-egitim-fakultesi\/wp-json\/wp\/v2\/comments?post=8233"}],"version-history":[{"count":7,"href":"https:\/\/atauni.edu.tr\/kazim-karabekir-egitim-fakultesi\/wp-json\/wp\/v2\/pages\/8233\/revisions"}],"predecessor-version":[{"id":8562,"href":"https:\/\/atauni.edu.tr\/kazim-karabekir-egitim-fakultesi\/wp-json\/wp\/v2\/pages\/8233\/revisions\/8562"}],"wp:attachment":[{"href":"https:\/\/atauni.edu.tr\/kazim-karabekir-egitim-fakultesi\/wp-json\/wp\/v2\/media?parent=8233"}],"curies":[{"name":"wp","href":"https:\/\/api.w.org\/{rel}","templated":true}]}}