{"id":8235,"date":"2022-05-12T21:31:16","date_gmt":"2022-05-12T18:31:16","guid":{"rendered":"https:\/\/birimler.atauni.edu.tr\/kazim-karabekir-egitim-fakultesi\/?page_id=8235"},"modified":"2022-05-23T07:26:07","modified_gmt":"2022-05-23T04:26:07","slug":"fall-semester","status":"publish","type":"page","link":"https:\/\/atauni.edu.tr\/kazim-karabekir-egitim-fakultesi\/en\/fall-semester\/","title":{"rendered":"Fall Semester"},"content":{"rendered":"\t\t<div data-elementor-type=\"wp-page\" data-elementor-id=\"8235\" class=\"elementor elementor-8235\" data-elementor-post-type=\"page\">\n\t\t\t\t\t\t<section class=\"elementor-section elementor-top-section elementor-element elementor-element-f5033f6 elementor-section-boxed elementor-section-height-default elementor-section-height-default\" data-id=\"f5033f6\" data-element_type=\"section\">\n\t\t\t\t\t\t<div class=\"elementor-container elementor-column-gap-default\">\n\t\t\t\t\t<div class=\"elementor-column elementor-col-100 elementor-top-column elementor-element elementor-element-acefac9\" data-id=\"acefac9\" data-element_type=\"column\">\n\t\t\t<div class=\"elementor-widget-wrap elementor-element-populated\">\n\t\t\t\t\t\t<div class=\"elementor-element elementor-element-f832b54 elementor-widget elementor-widget-text-editor\" data-id=\"f832b54\" data-element_type=\"widget\" data-widget_type=\"text-editor.default\">\n\t\t\t\t<div class=\"elementor-widget-container\">\n\t\t\t\t\t\t\t\t\t<ul><li><strong><a href=\"http:\/\/birimler.atauni.edu.tr\/kazim-karabekir-egitim-fakultesi\/wp-content\/uploads\/sites\/67\/2020\/07\/2021-2022-Ogretim-Yili-Guz-Donemi-Ara-Sinav-Takvimi.pdf\">2021-2022 \u00d6\u011fretim Y\u0131l\u0131 G\u00fcz D\u00f6nemi Ara S\u0131nav Takvimi<\/a><\/strong><\/li><li><strong><a href=\"http:\/\/birimler.atauni.edu.tr\/kazim-karabekir-egitim-fakultesi\/wp-content\/uploads\/sites\/67\/2020\/07\/2021-2022-ogretim-Yili-Guz-Donemi-Butunleme-Sinav-Takvimi.pdf\">2021-2022 \u00f6\u011fretim Y\u0131l\u0131 G\u00fcz D\u00f6nemi B\u00fct\u00fcnleme S\u0131nav Takvimi<\/a><\/strong><\/li><li><strong><a href=\"http:\/\/birimler.atauni.edu.tr\/kazim-karabekir-egitim-fakultesi\/wp-content\/uploads\/sites\/67\/2020\/07\/2021-2022-ogretim-Yili-Guz-Donemi-Final-Sinav-Takvimi.pdf\">2021-2022 \u00f6\u011fretim Y\u0131l\u0131 G\u00fcz D\u00f6nemi Final S\u0131nav Takvimi<\/a><\/strong><\/li><\/ul>\t\t\t\t\t\t\t\t<\/div>\n\t\t\t\t<\/div>\n\t\t\t\t\t<\/div>\n\t\t<\/div>\n\t\t\t\t\t<\/div>\n\t\t<\/section>\n\t\t\t\t<\/div>\n\t\t","protected":false},"excerpt":{"rendered":"<p>2021-2022 \u00d6\u011fretim Y\u0131l\u0131 G\u00fcz D\u00f6nemi Ara S\u0131nav Takvimi 2021-2022 \u00f6\u011fretim Y\u0131l\u0131 G\u00fcz D\u00f6nemi B\u00fct\u00fcnleme S\u0131nav Takvimi 2021-2022 \u00f6\u011fretim Y\u0131l\u0131 G\u00fcz D\u00f6nemi Final S\u0131nav Takvimi<\/p>\n","protected":false},"author":221,"featured_media":0,"parent":0,"menu_order":0,"comment_status":"closed","ping_status":"closed","template":"","meta":{"footnotes":""},"class_list":["post-8235","page","type-page","status-publish","hentry"],"_links":{"self":[{"href":"https:\/\/atauni.edu.tr\/kazim-karabekir-egitim-fakultesi\/wp-json\/wp\/v2\/pages\/8235","targetHints":{"allow":["GET"]}}],"collection":[{"href":"https:\/\/atauni.edu.tr\/kazim-karabekir-egitim-fakultesi\/wp-json\/wp\/v2\/pages"}],"about":[{"href":"https:\/\/atauni.edu.tr\/kazim-karabekir-egitim-fakultesi\/wp-json\/wp\/v2\/types\/page"}],"author":[{"embeddable":true,"href":"https:\/\/atauni.edu.tr\/kazim-karabekir-egitim-fakultesi\/wp-json\/wp\/v2\/users\/221"}],"replies":[{"embeddable":true,"href":"https:\/\/atauni.edu.tr\/kazim-karabekir-egitim-fakultesi\/wp-json\/wp\/v2\/comments?post=8235"}],"version-history":[{"count":4,"href":"https:\/\/atauni.edu.tr\/kazim-karabekir-egitim-fakultesi\/wp-json\/wp\/v2\/pages\/8235\/revisions"}],"predecessor-version":[{"id":8354,"href":"https:\/\/atauni.edu.tr\/kazim-karabekir-egitim-fakultesi\/wp-json\/wp\/v2\/pages\/8235\/revisions\/8354"}],"wp:attachment":[{"href":"https:\/\/atauni.edu.tr\/kazim-karabekir-egitim-fakultesi\/wp-json\/wp\/v2\/media?parent=8235"}],"curies":[{"name":"wp","href":"https:\/\/api.w.org\/{rel}","templated":true}]}}