{"id":8237,"date":"2022-05-12T21:31:44","date_gmt":"2022-05-12T18:31:44","guid":{"rendered":"https:\/\/birimler.atauni.edu.tr\/kazim-karabekir-egitim-fakultesi\/?page_id=8237"},"modified":"2022-05-23T07:26:55","modified_gmt":"2022-05-23T04:26:55","slug":"spring-semester","status":"publish","type":"page","link":"https:\/\/atauni.edu.tr\/kazim-karabekir-egitim-fakultesi\/en\/spring-semester\/","title":{"rendered":"Spring Semester"},"content":{"rendered":"\t\t<div data-elementor-type=\"wp-page\" data-elementor-id=\"8237\" class=\"elementor elementor-8237\" data-elementor-post-type=\"page\">\n\t\t\t\t\t\t<section class=\"elementor-section elementor-top-section elementor-element elementor-element-61844d9 elementor-section-boxed elementor-section-height-default elementor-section-height-default\" data-id=\"61844d9\" data-element_type=\"section\">\n\t\t\t\t\t\t<div class=\"elementor-container elementor-column-gap-default\">\n\t\t\t\t\t<div class=\"elementor-column elementor-col-100 elementor-top-column elementor-element elementor-element-5cb1a58\" data-id=\"5cb1a58\" data-element_type=\"column\">\n\t\t\t<div class=\"elementor-widget-wrap elementor-element-populated\">\n\t\t\t\t\t\t<div class=\"elementor-element elementor-element-32615c1 elementor-widget elementor-widget-text-editor\" data-id=\"32615c1\" data-element_type=\"widget\" data-widget_type=\"text-editor.default\">\n\t\t\t\t<div class=\"elementor-widget-container\">\n\t\t\t\t\t\t\t\t\t<ul><li><strong><a href=\"http:\/\/birimler.atauni.edu.tr\/kazim-karabekir-egitim-fakultesi\/wp-content\/uploads\/sites\/67\/2020\/07\/Pedagojik-Formasyon-Sertifika-Egitimi-Programi-2021-2022-Ogretim-Yili-Bahar-Donemi-Ara-Sinav-Takvimi.pdf\">Pedagojik Formasyon Sertifika E\u011fitimi Program\u0131 2021-2022 \u00d6\u011fretim Y\u0131l\u0131 Bahar D\u00f6nemi Ara S\u0131nav Takvimi<\/a><\/strong><\/li><li><strong><a href=\"http:\/\/birimler.atauni.edu.tr\/kazim-karabekir-egitim-fakultesi\/wp-content\/uploads\/sites\/67\/2020\/07\/Pedagojik-Formasyon-Sertifika-Egitimi-Programi-2021-2022-Ogretim-Yili-Bahar-Donemi-Final-Sinavi-Takvimi-1.pdf\">Pedagojik Formasyon Sertifika E\u011fitimi Program\u0131 2021-2022 \u00d6\u011fretim Y\u0131l\u0131 Bahar D\u00f6nemi Final S\u0131nav\u0131 Takvimi<\/a><\/strong><\/li><li><strong><a href=\"http:\/\/birimler.atauni.edu.tr\/kazim-karabekir-egitim-fakultesi\/wp-content\/uploads\/sites\/67\/2020\/07\/Pedagojik-Formasyon-Sertifika-Egitimi-Programi-2021-2022-Ogretim-Yili-Bahar-Donemi-Butunleme-Sinavi-Takvimi.pdf\">Pedagojik Formasyon Sertifika E\u011fitimi Program\u0131 2021-2022 \u00d6\u011fretim Y\u0131l\u0131 Bahar D\u00f6nemi B\u00fct\u00fcnleme S\u0131nav\u0131 Takvimi<\/a><\/strong><\/li><\/ul>\t\t\t\t\t\t\t\t<\/div>\n\t\t\t\t<\/div>\n\t\t\t\t\t<\/div>\n\t\t<\/div>\n\t\t\t\t\t<\/div>\n\t\t<\/section>\n\t\t\t\t<\/div>\n\t\t","protected":false},"excerpt":{"rendered":"<p>Pedagojik Formasyon Sertifika E\u011fitimi Program\u0131 2021-2022 \u00d6\u011fretim Y\u0131l\u0131 Bahar D\u00f6nemi Ara S\u0131nav Takvimi Pedagojik Formasyon Sertifika E\u011fitimi Program\u0131 2021-2022 \u00d6\u011fretim Y\u0131l\u0131 Bahar D\u00f6nemi Final S\u0131nav\u0131 Takvimi Pedagojik Formasyon Sertifika E\u011fitimi Program\u0131 2021-2022 \u00d6\u011fretim Y\u0131l\u0131 Bahar D\u00f6nemi B\u00fct\u00fcnleme S\u0131nav\u0131 Takvimi<\/p>\n","protected":false},"author":221,"featured_media":0,"parent":0,"menu_order":0,"comment_status":"closed","ping_status":"closed","template":"","meta":{"footnotes":""},"class_list":["post-8237","page","type-page","status-publish","hentry"],"_links":{"self":[{"href":"https:\/\/atauni.edu.tr\/kazim-karabekir-egitim-fakultesi\/wp-json\/wp\/v2\/pages\/8237","targetHints":{"allow":["GET"]}}],"collection":[{"href":"https:\/\/atauni.edu.tr\/kazim-karabekir-egitim-fakultesi\/wp-json\/wp\/v2\/pages"}],"about":[{"href":"https:\/\/atauni.edu.tr\/kazim-karabekir-egitim-fakultesi\/wp-json\/wp\/v2\/types\/page"}],"author":[{"embeddable":true,"href":"https:\/\/atauni.edu.tr\/kazim-karabekir-egitim-fakultesi\/wp-json\/wp\/v2\/users\/221"}],"replies":[{"embeddable":true,"href":"https:\/\/atauni.edu.tr\/kazim-karabekir-egitim-fakultesi\/wp-json\/wp\/v2\/comments?post=8237"}],"version-history":[{"count":4,"href":"https:\/\/atauni.edu.tr\/kazim-karabekir-egitim-fakultesi\/wp-json\/wp\/v2\/pages\/8237\/revisions"}],"predecessor-version":[{"id":8357,"href":"https:\/\/atauni.edu.tr\/kazim-karabekir-egitim-fakultesi\/wp-json\/wp\/v2\/pages\/8237\/revisions\/8357"}],"wp:attachment":[{"href":"https:\/\/atauni.edu.tr\/kazim-karabekir-egitim-fakultesi\/wp-json\/wp\/v2\/media?parent=8237"}],"curies":[{"name":"wp","href":"https:\/\/api.w.org\/{rel}","templated":true}]}}