{"id":8250,"date":"2022-05-12T21:37:50","date_gmt":"2022-05-12T18:37:50","guid":{"rendered":"https:\/\/birimler.atauni.edu.tr\/kazim-karabekir-egitim-fakultesi\/?page_id=8250"},"modified":"2022-05-23T07:34:33","modified_gmt":"2022-05-23T04:34:33","slug":"petition","status":"publish","type":"page","link":"https:\/\/atauni.edu.tr\/kazim-karabekir-egitim-fakultesi\/en\/petition\/","title":{"rendered":"Petition"},"content":{"rendered":"\t\t<div data-elementor-type=\"wp-page\" data-elementor-id=\"8250\" class=\"elementor elementor-8250\" data-elementor-post-type=\"page\">\n\t\t\t\t\t\t<section class=\"elementor-section elementor-top-section elementor-element elementor-element-026cfd8 elementor-section-boxed elementor-section-height-default elementor-section-height-default\" data-id=\"026cfd8\" data-element_type=\"section\">\n\t\t\t\t\t\t<div class=\"elementor-container elementor-column-gap-default\">\n\t\t\t\t\t<div class=\"elementor-column elementor-col-100 elementor-top-column elementor-element elementor-element-984e44a\" data-id=\"984e44a\" data-element_type=\"column\">\n\t\t\t<div class=\"elementor-widget-wrap elementor-element-populated\">\n\t\t\t\t\t\t<div class=\"elementor-element elementor-element-0d6dc12 elementor-widget elementor-widget-text-editor\" data-id=\"0d6dc12\" data-element_type=\"widget\" data-widget_type=\"text-editor.default\">\n\t\t\t\t<div class=\"elementor-widget-container\">\n\t\t\t\t\t\t\t\t\t<ul><li><span style=\"text-decoration: underline\"><span style=\"color: #0f0f4d;text-decoration: underline\"><strong><a style=\"color: #0f0f4d;text-decoration: underline\" href=\"http:\/\/birimler.atauni.edu.tr\/kazim-karabekir-egitim-fakultesi\/wp-content\/uploads\/sites\/67\/2020\/07\/FARKLI-UNIVERSITEDEN-YAZ-OKULUNDA-DERS-ALMA-DILEKCESI.pdf.pdf\">FARKLI \u00dcN\u0130VERS\u0130TEDEN YAZ OKULUNDA DERS ALMA D\u0130LEK\u00c7ES\u0130.pdf\u00a0<\/a><\/strong><\/span><\/span><\/li><li><span style=\"text-decoration: underline\"><span style=\"color: #0f0f4d;text-decoration: underline\"><strong><a style=\"color: #0f0f4d;text-decoration: underline\" href=\"http:\/\/birimler.atauni.edu.tr\/kazim-karabekir-egitim-fakultesi\/wp-content\/uploads\/sites\/67\/2020\/07\/FORMASYON-BELGESI-ALMAK-ICIN-VEKALET-DILEKCESI.pdf\">FORMASYON BELGES\u0130 ALMAK \u0130\u00c7\u0130N VEKALET D\u0130LEK\u00c7ES\u0130<\/a><\/strong><\/span><\/span><\/li><li><span style=\"text-decoration: underline\"><span style=\"color: #0f0f4d;text-decoration: underline\"><strong><a style=\"color: #0f0f4d;text-decoration: underline\" href=\"http:\/\/birimler.atauni.edu.tr\/kazim-karabekir-egitim-fakultesi\/wp-content\/uploads\/sites\/67\/2020\/07\/Formasyon-Cikis-Belgesi.pdf\">Formasyon \u00c7\u0131k\u0131\u015f Belgesi<\/a>\u00a0<\/strong><\/span><\/span><\/li><li><span style=\"text-decoration: underline\"><span style=\"color: #0f0f4d;text-decoration: underline\"><strong><a style=\"color: #0f0f4d;text-decoration: underline\" href=\"http:\/\/birimler.atauni.edu.tr\/kazim-karabekir-egitim-fakultesi\/wp-content\/uploads\/sites\/67\/2020\/07\/Genel-Dilekce.pdf\">Genel Dilekce<\/a><\/strong><\/span><\/span><\/li><li><span style=\"text-decoration: underline\"><span style=\"color: #0f0f4d;text-decoration: underline\"><strong><a style=\"color: #0f0f4d;text-decoration: underline\" href=\"http:\/\/birimler.atauni.edu.tr\/kazim-karabekir-egitim-fakultesi\/wp-content\/uploads\/sites\/67\/2020\/07\/KAYIT-DONDURMA-DILEKCESI.pdf\">KAYIT DONDURMA D\u0130LEK\u00c7ES\u0130<\/a><\/strong><\/span><\/span><\/li><li><span style=\"text-decoration: underline\"><span style=\"color: #0f0f4d;text-decoration: underline\"><strong><a style=\"color: #0f0f4d;text-decoration: underline\" href=\"http:\/\/birimler.atauni.edu.tr\/kazim-karabekir-egitim-fakultesi\/wp-content\/uploads\/sites\/67\/2020\/07\/Mazeret-Sinavi-Basvuru-Dilekcesi.pdf\">Mazeret S\u0131nav\u0131 Ba\u015fvuru Dilek\u00e7esi<\/a>\u00a0<\/strong><\/span><\/span><\/li><li><span style=\"text-decoration: underline\"><span style=\"color: #0f0f4d;text-decoration: underline\"><strong><a style=\"color: #0f0f4d;text-decoration: underline\" href=\"http:\/\/birimler.atauni.edu.tr\/kazim-karabekir-egitim-fakultesi\/wp-content\/uploads\/sites\/67\/2020\/07\/mazeret-sinavi.pdf\">mazeret s\u0131nav\u0131<\/a><\/strong><\/span><\/span><\/li><li><span style=\"text-decoration: underline\"><span style=\"color: #0f0f4d;text-decoration: underline\"><strong><a style=\"color: #0f0f4d;text-decoration: underline\" href=\"http:\/\/birimler.atauni.edu.tr\/kazim-karabekir-egitim-fakultesi\/wp-content\/uploads\/sites\/67\/2020\/07\/Mezuniyet-Tek-Ders-Sinavi-Basvuru-Dilekcesi.pdf\">Mezuniyet Tek Ders S\u0131nav\u0131 Ba\u015fvuru Dilek\u00e7esi<\/a><\/strong><\/span><\/span><\/li><li><span style=\"text-decoration: underline\"><span style=\"color: #0f0f4d;text-decoration: underline\"><strong><a style=\"color: #0f0f4d;text-decoration: underline\" href=\"http:\/\/birimler.atauni.edu.tr\/kazim-karabekir-egitim-fakultesi\/wp-content\/uploads\/sites\/67\/2020\/07\/YAZ-OKULU-DERS-ESLESTIRME-DILEKCESI.pdf\">YAZ OKULU DERS E\u015eLE\u015eT\u0130RME D\u0130LEK\u00c7ES\u0130<\/a><\/strong><\/span><\/span><\/li><\/ul>\t\t\t\t\t\t\t\t<\/div>\n\t\t\t\t<\/div>\n\t\t\t\t\t<\/div>\n\t\t<\/div>\n\t\t\t\t\t<\/div>\n\t\t<\/section>\n\t\t\t\t<\/div>\n\t\t","protected":false},"excerpt":{"rendered":"<p>FARKLI \u00dcN\u0130VERS\u0130TEDEN YAZ OKULUNDA DERS ALMA D\u0130LEK\u00c7ES\u0130.pdf\u00a0 FORMASYON BELGES\u0130 ALMAK \u0130\u00c7\u0130N VEKALET D\u0130LEK\u00c7ES\u0130 Formasyon \u00c7\u0131k\u0131\u015f Belgesi\u00a0 Genel Dilekce KAYIT DONDURMA D\u0130LEK\u00c7ES\u0130 Mazeret S\u0131nav\u0131 Ba\u015fvuru Dilek\u00e7esi\u00a0 mazeret s\u0131nav\u0131 Mezuniyet Tek Ders S\u0131nav\u0131 Ba\u015fvuru Dilek\u00e7esi YAZ OKULU DERS E\u015eLE\u015eT\u0130RME D\u0130LEK\u00c7ES\u0130<\/p>\n","protected":false},"author":221,"featured_media":0,"parent":0,"menu_order":0,"comment_status":"closed","ping_status":"closed","template":"","meta":{"footnotes":""},"class_list":["post-8250","page","type-page","status-publish","hentry"],"_links":{"self":[{"href":"https:\/\/atauni.edu.tr\/kazim-karabekir-egitim-fakultesi\/wp-json\/wp\/v2\/pages\/8250","targetHints":{"allow":["GET"]}}],"collection":[{"href":"https:\/\/atauni.edu.tr\/kazim-karabekir-egitim-fakultesi\/wp-json\/wp\/v2\/pages"}],"about":[{"href":"https:\/\/atauni.edu.tr\/kazim-karabekir-egitim-fakultesi\/wp-json\/wp\/v2\/types\/page"}],"author":[{"embeddable":true,"href":"https:\/\/atauni.edu.tr\/kazim-karabekir-egitim-fakultesi\/wp-json\/wp\/v2\/users\/221"}],"replies":[{"embeddable":true,"href":"https:\/\/atauni.edu.tr\/kazim-karabekir-egitim-fakultesi\/wp-json\/wp\/v2\/comments?post=8250"}],"version-history":[{"count":4,"href":"https:\/\/atauni.edu.tr\/kazim-karabekir-egitim-fakultesi\/wp-json\/wp\/v2\/pages\/8250\/revisions"}],"predecessor-version":[{"id":8378,"href":"https:\/\/atauni.edu.tr\/kazim-karabekir-egitim-fakultesi\/wp-json\/wp\/v2\/pages\/8250\/revisions\/8378"}],"wp:attachment":[{"href":"https:\/\/atauni.edu.tr\/kazim-karabekir-egitim-fakultesi\/wp-json\/wp\/v2\/media?parent=8250"}],"curies":[{"name":"wp","href":"https:\/\/api.w.org\/{rel}","templated":true}]}}