{"id":8288,"date":"2022-05-23T06:33:35","date_gmt":"2022-05-23T03:33:35","guid":{"rendered":"https:\/\/birimler.atauni.edu.tr\/kazim-karabekir-egitim-fakultesi\/?page_id=8288"},"modified":"2022-05-23T06:49:37","modified_gmt":"2022-05-23T03:49:37","slug":"administration-2","status":"publish","type":"page","link":"https:\/\/atauni.edu.tr\/kazim-karabekir-egitim-fakultesi\/en\/administration-2\/","title":{"rendered":"Administration"},"content":{"rendered":"\t\t<div data-elementor-type=\"wp-page\" data-elementor-id=\"8288\" class=\"elementor elementor-8288\" data-elementor-post-type=\"page\">\n\t\t\t\t\t\t<section class=\"elementor-section elementor-top-section elementor-element elementor-element-179b125 elementor-section-boxed elementor-section-height-default elementor-section-height-default\" data-id=\"179b125\" data-element_type=\"section\">\n\t\t\t\t\t\t<div class=\"elementor-container elementor-column-gap-default\">\n\t\t\t\t\t<div class=\"elementor-column elementor-col-100 elementor-top-column elementor-element elementor-element-ff979d2\" data-id=\"ff979d2\" data-element_type=\"column\">\n\t\t\t<div class=\"elementor-widget-wrap elementor-element-populated\">\n\t\t\t\t\t\t<div class=\"elementor-element elementor-element-a5dbbe9 elementor-widget elementor-widget-shortcode\" data-id=\"a5dbbe9\" data-element_type=\"widget\" data-widget_type=\"shortcode.default\">\n\t\t\t\t<div class=\"elementor-widget-container\">\n\t\t\t\t\t            <div class=\"accordion\" id=\"personel-kart\">\n                <div class=\"card p-liste\">\n                    <div class=\"card-header \" id=\"p-0\">\n                        <h2 class=\"mb-0\">\n                            <button class=\"btn btn-link collapsed\" type=\"button\" data-toggle=\"collapse\"\n                                    data-target=\"#k-0\"\n                                    aria-expanded=\"false\" aria-controls=\"collapseOne\">\n                                <span class=\"unvan\">Dekan<\/span>\n                                Prof. Dr. Ufuk \u015eim\u015fek                            <\/button>\n                        <\/h2>\n                    <\/div>\n                    <div id=\"k-0\" class=\"collapse\" aria-labelledby=\"p-0\"\n                         data-parent=\"#personel-kart\" style=\"\">\n                        <div class=\"card-body\">\n                            <div class=\"row\">\n                                <div class=\"col-3 kart-resim\">\n                                    <img decoding=\"async\" src=\"\/\/eski.atauni.edu.tr\/resizer.php?w=189&amp;h=228&amp;zc=1&amp;src=\/uploads\/profilResimleriSha1\/dd724bce13afc013a766f3c3ef521b0d.png\"\n                                         class=\"img-fluid\">\n                                <\/div>\n                                <div class=\"col-7\">\n                                    <h3 class=\"kart-baslik kart-baslik-yonetim\">Dekan<\/h3>\n                                    <div class=\"row\">\n                                        <div class=\"ad-soyad\">Prof. Dr. Ufuk \u015eim\u015fek<\/div>\n                                        <div class=\"birim\">Sosyal Bilgiler E\u011fitimi Anabilim Dal\u0131<\/div>\n                                        <div class=\"bilgiler\">\n                                            <strong>E-Posta<\/strong>ufuk@atauni.edu.tr                                        <\/div>\n                                                                                <div class=\"bilgiler\"><strong>Profil<\/strong> <a target=\"_blank\"\n                                         href=\"http:\/\/avesis.atauni.edu.tr\/ufuk\">https:\/\/avesis.atauni.edu.tr\/ufuk<\/a>\n                                        <\/div>\n                                        <div class=\"bilgiler\">\n                                            <strong>Telefon<\/strong>\n                                            +90 442 231                                           (4234)&nbsp;\n                                        <\/div>\n                                        <div class=\"bilgiler\"><strong>Posta Adresi<\/strong> \n                                        <span class=\"posta\">\n                                                                                                Atat\u00fcrk \u00dcniversitesi Kaz\u0131m Karabekir E\u011fitim Fak\u00fcltesi 25240\/ Erzurum                                                                                                                                                                                                                                                                                                                                                                                                                                                                                                                                                                                                                                                                                                                                                                                                                                                                                                                                                                                                                                                                                                                                                                                                                                                                                                                                                                                                                                                                                                                                                                                                                                                                                                                                                                                                                                                                                            <\/span>\n                                        <\/div>\n                                    <\/div>\n                                <\/div>\n                                <div class=\"col-10 kart-egitim\">\n                                    <h3>E\u011fitim<\/h3>\n                                    <ul>\n\n                                                                                        <li>Lisans, Atat\u00fcrk \u00dcniversitesi, Temel E\u011fitim B\u00f6l\u00fcm\u00fc, 2018 <\/li>\n\n\n                                                                                                <li>Doktora, Atat\u00fcrk \u00dcniversitesi, , 2008 <\/li>\n\n\n                                                                                                <li>Y\u00fcksek Lisans, Atat\u00fcrk \u00dcniversitesi, , 2002 <\/li>\n\n\n                                                \n                                    <\/ul>\n                                <\/div>\n                                 <!--<div class=\"col-2 qr\">\n                                    <img decoding=\"async\" src=\"https:\/\/chart.googleapis.com\/chart?chs=100x100&amp;cht=qr&amp;chl=BEGIN:VCARD%0AVERSION:3.0%0ATITLE:%0AN:Ufuk%20\u015eim\u015fek%0ATEL;type=WORK:%2B904422314234%0AEMAIL:ufuk@atauni.edu.tr%0AEND:VCARD\"\n                                         class=\"img-fluid qr\">\n                                <\/div>-->\n                            <\/div>\n                        <\/div>\n                    <\/div>\n                <\/div>\n            <\/div>\n\n\n                    <div class=\"accordion\" id=\"personel-kart\">\n            <div class=\"card p-liste\">\n                <div class=\"card-header \" id=\"p-1\">\n                    <h2 class=\"mb-0\">\n                        <button class=\"btn btn-link collapsed\" type=\"button\" data-toggle=\"collapse\"\n                                data-target=\"#k-1\"\n                                aria-expanded=\"false\" aria-controls=\"collapseOne\">\n                            <span class=\"unvan\">Dekan Yard\u0131mc\u0131s\u0131<\/span>\n                            Prof. Dr. Sel\u00e7uk \u0130lgaz                        <\/button>\n                    <\/h2>\n                <\/div>\n\n                <div id=\"k-1\" class=\"collapse\" aria-labelledby=\"p-1\"\n                     data-parent=\"#personel-kart\" style=\"\">\n                    <div class=\"card-body\">\n                        <div class=\"row\">\n                            <div class=\"col-3 kart-resim\">\n                                <img decoding=\"async\" src=\"\/\/eski.atauni.edu.tr\/resizer.php?w=189&amp;h=228&amp;zc=1&amp;src=\/uploads\/profilResimleriSha1\/4f65184b5853f58ecf5628db45e39660.png\"\n                                     class=\"img-fluid\">\n                            <\/div>\n                            <div class=\"col-7\">\n                                <h3 class=\"kart-baslik kart-baslik-yonetim\">Dekan Yard\u0131mc\u0131s\u0131<\/h3>\n                                <div class=\"row\">\n                                    <div class=\"ad-soyad\">Prof. Dr. Sel\u00e7uk \u0130lgaz<\/div>\n                                    <div class=\"birim\">Sosyal Bilgiler E\u011fitimi Anabilim Dal\u0131<\/div>\n                                    <div class=\"bilgiler\"><strong>E-Posta<\/strong>ilgaz@atauni.edu.tr                                    <\/div>\n                                                                        <div class=\"bilgiler\"><strong>Profil<\/strong> <a target=\"_blank\"\n                                     href=\"http:\/\/avesis.atauni.edu.tr\/ilgaz\">https:\/\/avesis.atauni.edu.tr\/ilgaz<\/a>\n                                    <\/div>\n                                    <div class=\"bilgiler\">\n                                        <strong>Telefon<\/strong>\n                                        +90 442 231                                        (4253)&nbsp;\n                                    <\/div>\n                                    <div class=\"bilgiler\"><strong>Posta Adresi<\/strong> \n                                   <span class=\"posta\">\n                                 \n                                                                                           Atat\u00fcrk \u00dcniversitesi Kaz\u0131m Karabekir E\u011fitim Fak\u00fcltesi 25240\/ Erzurum                                                                                                                                                                                                                                                                                                                                                                                                                                                                                                                                                                                                                                                                                                                                                                                                                                                                                                                                                                                                                                                                                                                                                                                                                                                                                                                                                                                                                                                                                                                                                                                                                                                                                                                                                                                                                                                                                               \n                                           \n                                        <\/span>\n                                    <\/div>\n                                <\/div>\n                            <\/div>\n                            <div class=\"col-10 kart-egitim\">\n\n                            \n                                <h3>E\u011fitim<\/h3>\n                                <ul>\n\n                                                                                <li>Lisans, Atat\u00fcrk \u00dcniversitesi, T\u00fcrk\u00e7e Ve Sosyal Bilimler E\u011fitimi B\u00f6l\u00fcm\u00fc, 2002 <\/li>\n\n\n                                                                                        <li>Y\u00fcksek Lisans, Atat\u00fcrk \u00dcniversitesi, T\u00fcrk\u00e7e Ve Sosyal Bilimler E\u011fitimi B\u00f6l\u00fcm\u00fc, 2005 <\/li>\n\n\n                                                                                        <li>Doktora, Atat\u00fcrk \u00dcniversitesi, T\u00fcrk\u00e7e Ve Sosyal Bilimler E\u011fitimi B\u00f6l\u00fcm\u00fc, 2010 <\/li>\n\n\n                                            \n                                <\/ul>\n\n                               \n\n                            <\/div>\n                             <!--<div class=\"col-2 qr\">\n                                <img decoding=\"async\" src=\"https:\/\/chart.googleapis.com\/chart?chs=100x100&amp;cht=qr&amp;chl=BEGIN:VCARD%0AVERSION:3.0%0ATITLE:%0AN:Sel\u00e7uk%20\u0130lgaz%0ATEL;type=WORK:%2B904422314253%0AEMAIL:ilgaz@atauni.edu.tr%0AEND:VCARD\"\n                                     class=\"img-fluid qr\">\n                            <\/div>-->\n                        <\/div>\n                    <\/div>\n                <\/div>\n            <\/div>\n        <\/div>\n\n\n                <div class=\"accordion\" id=\"personel-kart\">\n            <div class=\"card p-liste\">\n                <div class=\"card-header \" id=\"p-2\">\n                    <h2 class=\"mb-0\">\n                        <button class=\"btn btn-link collapsed\" type=\"button\" data-toggle=\"collapse\"\n                                data-target=\"#k-2\"\n                                aria-expanded=\"false\" aria-controls=\"collapseOne\">\n                            <span class=\"unvan\">Dekan Yard\u0131mc\u0131s\u0131<\/span>\n                            Do\u00e7. Dr. Mehmet Bu\u011fra \u00d6zhan                        <\/button>\n                    <\/h2>\n                <\/div>\n\n                <div id=\"k-2\" class=\"collapse\" aria-labelledby=\"p-2\"\n                     data-parent=\"#personel-kart\" style=\"\">\n                    <div class=\"card-body\">\n                        <div class=\"row\">\n                            <div class=\"col-3 kart-resim\">\n                                <img decoding=\"async\" src=\"\/\/eski.atauni.edu.tr\/resizer.php?w=189&amp;h=228&amp;zc=1&amp;src=\/uploads\/profilResimleriSha1\/f0c5494c5df9ea869785fe1f070429e2.png\"\n                                     class=\"img-fluid\">\n                            <\/div>\n                            <div class=\"col-7\">\n                                <h3 class=\"kart-baslik kart-baslik-yonetim\">Dekan Yard\u0131mc\u0131s\u0131<\/h3>\n                                <div class=\"row\">\n                                    <div class=\"ad-soyad\">Do\u00e7. Dr. Mehmet Bu\u011fra \u00d6zhan<\/div>\n                                    <div class=\"birim\">Rehberlik ve Psikolojik Dan\u0131\u015fmanl\u0131k Anabilim Dal\u0131<\/div>\n                                    <div class=\"bilgiler\"><strong>E-Posta<\/strong>mehmet.ozhan@atauni.edu.tr                                    <\/div>\n                                                                        <div class=\"bilgiler\"><strong>Profil<\/strong> <a target=\"_blank\"\n                                     href=\"http:\/\/avesis.atauni.edu.tr\/mehmet.ozhan\">https:\/\/avesis.atauni.edu.tr\/mehmet.ozhan<\/a>\n                                    <\/div>\n                                    <div class=\"bilgiler\">\n                                        <strong>Telefon<\/strong>\n                                        +90 442 231                                        (3550)&nbsp;\n                                    <\/div>\n                                    <div class=\"bilgiler\"><strong>Posta Adresi<\/strong> \n                                   <span class=\"posta\">\n                                 \n                                                                                           Atat\u00fcrk \u00dcniversitesi Kaz\u0131m Karabekir E\u011fitim Fak\u00fcltesi 25240\/ Erzurum                                                                                                                                                                                                                                                                                                                                                                                                                                                                                                                                                                                                                                                                                                                                                                                                                                                                                                                                                                                                                                                                                                                                                                                                                                                                                                                                                                                                                                                                                                                                                                                                                                                                                                                                                                                                                                                                                               \n                                           \n                                        <\/span>\n                                    <\/div>\n                                <\/div>\n                            <\/div>\n                            <div class=\"col-10 kart-egitim\">\n\n                            \n                                <h3>E\u011fitim<\/h3>\n                                <ul>\n\n                                                                                <li>Doktora, Gazi \u00dcniversitesi, E\u011fitimde Psikolojik Dani\u015fmanlik Ve Rehberlik (Dr), 2019 <\/li>\n\n\n                                                                                        <li>Y\u00fcksek Lisans, Atat\u00fcrk \u00dcniversitesi, Rehberlik Ve Psikolojik Dani\u015fmanlik (Yl) (Tezli), 2015 <\/li>\n\n\n                                                                                        <li>Lisans, In\u00f6n\u00fc \u00dcniversitesi, E\u011fitim Bilimleri B\u00f6l\u00fcm\u00fc, 2013 <\/li>\n\n\n                                            \n                                <\/ul>\n\n                               \n\n                            <\/div>\n                             <!--<div class=\"col-2 qr\">\n                                <img decoding=\"async\" src=\"https:\/\/chart.googleapis.com\/chart?chs=100x100&amp;cht=qr&amp;chl=BEGIN:VCARD%0AVERSION:3.0%0ATITLE:%0AN:Mehmet Bu\u011fra%20\u00d6zhan%0ATEL;type=WORK:%2B904422313550%0AEMAIL:mehmet.ozhan@atauni.edu.tr%0AEND:VCARD\"\n                                     class=\"img-fluid qr\">\n                            <\/div>-->\n                        <\/div>\n                    <\/div>\n                <\/div>\n            <\/div>\n        <\/div>\n\n\n                <div class=\"accordion\" id=\"personel-kart\">\n            <div class=\"card p-liste\">\n                <div class=\"card-header \" id=\"p-3\">\n                    <h2 class=\"mb-0\">\n                        <button class=\"btn btn-link collapsed\" type=\"button\" data-toggle=\"collapse\"\n                                data-target=\"#k-3\"\n                                aria-expanded=\"false\" aria-controls=\"collapseOne\">\n                            <span class=\"unvan\">Fak\u00fclte Sekreteri<\/span>\n                            Fak. Sek. \u00d6mer Fidan                        <\/button>\n                    <\/h2>\n                <\/div>\n\n                <div id=\"k-3\" class=\"collapse\" aria-labelledby=\"p-3\"\n                     data-parent=\"#personel-kart\" style=\"\">\n                    <div class=\"card-body\">\n                        <div class=\"row\">\n                            <div class=\"col-3 kart-resim\">\n                                <img decoding=\"async\" src=\"\/\/eski.atauni.edu.tr\/resizer.php?w=189&amp;h=228&amp;zc=1&amp;src=\/uploads\/profilResimleriSha1\/786104344ec32fd8660c269494c55cae.png\"\n                                     class=\"img-fluid\">\n                            <\/div>\n                            <div class=\"col-7\">\n                                <h3 class=\"kart-baslik kart-baslik-yonetim\">Fak\u00fclte Sekreteri<\/h3>\n                                <div class=\"row\">\n                                    <div class=\"ad-soyad\">Fak. Sek. \u00d6mer Fidan<\/div>\n                                    <div class=\"birim\">Kaz\u0131m Karabekir E\u011fitim Fak\u00fcltesi<\/div>\n                                    <div class=\"bilgiler\"><strong>E-Posta<\/strong>ofidan@atauni.edu.tr                                    <\/div>\n                                                                        <div class=\"bilgiler\"><strong>Profil<\/strong> <a target=\"_blank\"\n                                     href=\"http:\/\/avesis.atauni.edu.tr\/ofidan\">https:\/\/avesis.atauni.edu.tr\/ofidan<\/a>\n                                    <\/div>\n                                    <div class=\"bilgiler\">\n                                        <strong>Telefon<\/strong>\n                                        +90 442 231                                        (4048)&nbsp;\n                                    <\/div>\n                                    <div class=\"bilgiler\"><strong>Posta Adresi<\/strong> <span\n                                                class=\"posta\">\n                                                                                                        Atat\u00fcrk \u00dcniversitesi Kaz\u0131m Karabekir E\u011fitim Fak\u00fcltesi 25240\/ Erzurum                                                                                                                                                                                                                                                                                                                                                                                                                                                                                                                                                                                                                                                                                                                                                                                                                                                                                                                                                                                                                                                                                                                                                                                                                                                                                                                                                                                                                                                                                                                                                                                                                                                                                                                                                                                                                                                                                                <\/span>\n                                    <\/div>\n                                <\/div>\n                            <\/div>\n                            <div class=\"col-10 kart-egitim\">\n                                <h3>E\u011fitim<\/h3>\n                                <ul>\n\n                                    \n                                <\/ul>\n                            <\/div>\n                             <!--<div class=\"col-2 qr\">\n                                <img decoding=\"async\" src=\"https:\/\/chart.googleapis.com\/chart?chs=100x100&amp;cht=qr&amp;chl=BEGIN:VCARD%0AVERSION:3.0%0ATITLE:%0AN:\u00d6mer%20Fidan%0ATEL;type=WORK:%2B904422314048%0AEMAIL:ofidan@atauni.edu.tr%0AEND:VCARD\"\n                                     class=\"img-fluid qr\">\n                            <\/div>-->\n                        <\/div>\n                    <\/div>\n                <\/div>\n            <\/div>\n        <\/div>\n\n\n        \t\t<div class=\"elementor-shortcode\"><\/div>\n\t\t\t\t\t\t<\/div>\n\t\t\t\t<\/div>\n\t\t\t\t\t<\/div>\n\t\t<\/div>\n\t\t\t\t\t<\/div>\n\t\t<\/section>\n\t\t\t\t<\/div>\n\t\t","protected":false},"excerpt":{"rendered":"","protected":false},"author":221,"featured_media":0,"parent":0,"menu_order":0,"comment_status":"closed","ping_status":"closed","template":"","meta":{"footnotes":""},"class_list":["post-8288","page","type-page","status-publish","hentry"],"_links":{"self":[{"href":"https:\/\/atauni.edu.tr\/kazim-karabekir-egitim-fakultesi\/wp-json\/wp\/v2\/pages\/8288","targetHints":{"allow":["GET"]}}],"collection":[{"href":"https:\/\/atauni.edu.tr\/kazim-karabekir-egitim-fakultesi\/wp-json\/wp\/v2\/pages"}],"about":[{"href":"https:\/\/atauni.edu.tr\/kazim-karabekir-egitim-fakultesi\/wp-json\/wp\/v2\/types\/page"}],"author":[{"embeddable":true,"href":"https:\/\/atauni.edu.tr\/kazim-karabekir-egitim-fakultesi\/wp-json\/wp\/v2\/users\/221"}],"replies":[{"embeddable":true,"href":"https:\/\/atauni.edu.tr\/kazim-karabekir-egitim-fakultesi\/wp-json\/wp\/v2\/comments?post=8288"}],"version-history":[{"count":7,"href":"https:\/\/atauni.edu.tr\/kazim-karabekir-egitim-fakultesi\/wp-json\/wp\/v2\/pages\/8288\/revisions"}],"predecessor-version":[{"id":8305,"href":"https:\/\/atauni.edu.tr\/kazim-karabekir-egitim-fakultesi\/wp-json\/wp\/v2\/pages\/8288\/revisions\/8305"}],"wp:attachment":[{"href":"https:\/\/atauni.edu.tr\/kazim-karabekir-egitim-fakultesi\/wp-json\/wp\/v2\/media?parent=8288"}],"curies":[{"name":"wp","href":"https:\/\/api.w.org\/{rel}","templated":true}]}}