{"id":9057,"date":"2022-11-07T11:25:22","date_gmt":"2022-11-07T08:25:22","guid":{"rendered":"http:\/\/birimler.atauni.edu.tr\/kazim-karabekir-egitim-fakultesi\/?page_id=9057"},"modified":"2025-03-14T14:19:24","modified_gmt":"2025-03-14T11:19:24","slug":"muafiyetler","status":"publish","type":"page","link":"https:\/\/atauni.edu.tr\/kazim-karabekir-egitim-fakultesi\/muafiyetler\/","title":{"rendered":"Muafiyetler"},"content":{"rendered":"\t\t<div data-elementor-type=\"wp-page\" data-elementor-id=\"9057\" class=\"elementor elementor-9057\" data-elementor-post-type=\"page\">\n\t\t\t\t\t\t<section class=\"elementor-section elementor-top-section elementor-element elementor-element-9319f7c elementor-section-boxed elementor-section-height-default elementor-section-height-default\" data-id=\"9319f7c\" data-element_type=\"section\">\n\t\t\t\t\t\t<div class=\"elementor-container elementor-column-gap-default\">\n\t\t\t\t\t<div class=\"elementor-column elementor-col-100 elementor-top-column elementor-element elementor-element-884b272\" data-id=\"884b272\" data-element_type=\"column\">\n\t\t\t<div class=\"elementor-widget-wrap elementor-element-populated\">\n\t\t\t\t\t\t<div class=\"elementor-element elementor-element-8b0f4d0 elementor-widget elementor-widget-text-editor\" data-id=\"8b0f4d0\" data-element_type=\"widget\" data-widget_type=\"text-editor.default\">\n\t\t\t\t<div class=\"elementor-widget-container\">\n\t\t\t\t\t\t\t\t\t<b><a href=\"http:\/\/birimler.atauni.edu.tr\/kazim-karabekir-egitim-fakultesi\/wp-content\/uploads\/sites\/67\/2025\/03\/2024-2025-Ogretim-Yili-Bahar-Donemi-Muafiyet-Listesi.pdf\">2024 -2025 \u00d6\u011fretim Y\u0131l\u0131 Bahar D\u00f6nemi Muafiyet Listesi<\/a><\/b>\t\t\t\t\t\t\t\t<\/div>\n\t\t\t\t<\/div>\n\t\t\t\t\t<\/div>\n\t\t<\/div>\n\t\t\t\t\t<\/div>\n\t\t<\/section>\n\t\t\t\t<\/div>\n\t\t","protected":false},"excerpt":{"rendered":"<p>2024 -2025 \u00d6\u011fretim Y\u0131l\u0131 Bahar D\u00f6nemi Muafiyet Listesi<\/p>\n","protected":false},"author":221,"featured_media":0,"parent":0,"menu_order":0,"comment_status":"closed","ping_status":"closed","template":"","meta":{"footnotes":""},"class_list":["post-9057","page","type-page","status-publish","hentry"],"_links":{"self":[{"href":"https:\/\/atauni.edu.tr\/kazim-karabekir-egitim-fakultesi\/wp-json\/wp\/v2\/pages\/9057","targetHints":{"allow":["GET"]}}],"collection":[{"href":"https:\/\/atauni.edu.tr\/kazim-karabekir-egitim-fakultesi\/wp-json\/wp\/v2\/pages"}],"about":[{"href":"https:\/\/atauni.edu.tr\/kazim-karabekir-egitim-fakultesi\/wp-json\/wp\/v2\/types\/page"}],"author":[{"embeddable":true,"href":"https:\/\/atauni.edu.tr\/kazim-karabekir-egitim-fakultesi\/wp-json\/wp\/v2\/users\/221"}],"replies":[{"embeddable":true,"href":"https:\/\/atauni.edu.tr\/kazim-karabekir-egitim-fakultesi\/wp-json\/wp\/v2\/comments?post=9057"}],"version-history":[{"count":16,"href":"https:\/\/atauni.edu.tr\/kazim-karabekir-egitim-fakultesi\/wp-json\/wp\/v2\/pages\/9057\/revisions"}],"predecessor-version":[{"id":10244,"href":"https:\/\/atauni.edu.tr\/kazim-karabekir-egitim-fakultesi\/wp-json\/wp\/v2\/pages\/9057\/revisions\/10244"}],"wp:attachment":[{"href":"https:\/\/atauni.edu.tr\/kazim-karabekir-egitim-fakultesi\/wp-json\/wp\/v2\/media?parent=9057"}],"curies":[{"name":"wp","href":"https:\/\/api.w.org\/{rel}","templated":true}]}}