{"id":9813,"date":"2023-12-18T11:10:40","date_gmt":"2023-12-18T08:10:40","guid":{"rendered":"https:\/\/birimler.atauni.edu.tr\/kazim-karabekir-egitim-fakultesi\/?page_id=9813"},"modified":"2023-12-18T11:18:38","modified_gmt":"2023-12-18T08:18:38","slug":"ogretmenlik-uygulamasi-dersi-basari-puanlarinin-mebbise-ve-obsye-girilmesi","status":"publish","type":"page","link":"https:\/\/atauni.edu.tr\/kazim-karabekir-egitim-fakultesi\/ogretmenlik-uygulamasi-dersi-basari-puanlarinin-mebbise-ve-obsye-girilmesi\/","title":{"rendered":"\u00d6\u011fretmenlik Uygulamas\u0131 Dersi Ba\u015far\u0131 Puanlar\u0131n\u0131n MEBB\u0130S&#8217;e ve \u00d6BS&#8217;ye Girilmesi"},"content":{"rendered":"\t\t<div data-elementor-type=\"wp-page\" data-elementor-id=\"9813\" class=\"elementor elementor-9813\" data-elementor-post-type=\"page\">\n\t\t\t\t\t\t<section class=\"elementor-section elementor-top-section elementor-element elementor-element-e1765e8 elementor-section-boxed elementor-section-height-default elementor-section-height-default\" data-id=\"e1765e8\" data-element_type=\"section\">\n\t\t\t\t\t\t<div class=\"elementor-container elementor-column-gap-default\">\n\t\t\t\t\t<div class=\"elementor-column elementor-col-100 elementor-top-column elementor-element elementor-element-26f0210\" data-id=\"26f0210\" data-element_type=\"column\">\n\t\t\t<div class=\"elementor-widget-wrap elementor-element-populated\">\n\t\t\t\t\t\t<div class=\"elementor-element elementor-element-9460f61 elementor-widget elementor-widget-text-editor\" data-id=\"9460f61\" data-element_type=\"widget\" data-widget_type=\"text-editor.default\">\n\t\t\t\t<div class=\"elementor-widget-container\">\n\t\t\t\t\t\t\t\t\t<ul><li><a href=\"http:\/\/birimler.atauni.edu.tr\/kazim-karabekir-egitim-fakultesi\/wp-content\/uploads\/sites\/67\/2020\/07\/Formasyon-Derslerini-Alan-O\u0308g\u0306rencilerinin-O\u0308g\u0306retmenlik-Uygulamasi-Dersi-Notlarinin-MEBBI\u0307Se-ve-O\u0308BSye-Girilmesi.pdf\">Formasyon Derslerini Alan O\u0308g\u0306rencilerinin O\u0308g\u0306retmenlik Uygulamas\u0131 Dersi Notlar\u0131n\u0131n MEBBI\u0307S&#8217;e ve O\u0308BS&#8217;ye Girilmesi<\/a><\/li><li><a href=\"http:\/\/birimler.atauni.edu.tr\/kazim-karabekir-egitim-fakultesi\/wp-content\/uploads\/sites\/67\/2020\/07\/O\u0308g\u0306retmenlik-Uygulamasi-Deg\u0306erlendirme-Basamaklari.pdf\">O\u0308g\u0306retmenlik Uygulamas\u0131 Deg\u0306erlendirme Basamaklar\u0131<\/a><\/li><li><a href=\"http:\/\/birimler.atauni.edu.tr\/kazim-karabekir-egitim-fakultesi\/wp-content\/uploads\/sites\/67\/2020\/07\/Lisans-O\u0308g\u0306rencilerinin-O\u0308g\u0306retmenlik-Uygulamasi-Dersi-Notlarinin-MEBBI\u0307Se-ve-O\u0308BSye-Girilmesi.pdf\">Lisans O\u0308g\u0306rencilerinin O\u0308g\u0306retmenlik Uygulamas\u0131 Dersi Notlar\u0131n\u0131n MEBBI\u0307S&#8217;e ve O\u0308BS&#8217;ye Girilmesi<\/a><\/li><\/ul>\t\t\t\t\t\t\t\t<\/div>\n\t\t\t\t<\/div>\n\t\t\t\t\t<\/div>\n\t\t<\/div>\n\t\t\t\t\t<\/div>\n\t\t<\/section>\n\t\t\t\t<\/div>\n\t\t","protected":false},"excerpt":{"rendered":"<p>Formasyon Derslerini Alan O\u0308g\u0306rencilerinin O\u0308g\u0306retmenlik Uygulamas\u0131 Dersi Notlar\u0131n\u0131n MEBBI\u0307S&#8217;e ve O\u0308BS&#8217;ye Girilmesi O\u0308g\u0306retmenlik Uygulamas\u0131 Deg\u0306erlendirme Basamaklar\u0131 Lisans O\u0308g\u0306rencilerinin O\u0308g\u0306retmenlik Uygulamas\u0131 Dersi Notlar\u0131n\u0131n MEBBI\u0307S&#8217;e ve O\u0308BS&#8217;ye Girilmesi<\/p>\n","protected":false},"author":221,"featured_media":0,"parent":0,"menu_order":0,"comment_status":"closed","ping_status":"closed","template":"","meta":{"footnotes":""},"class_list":["post-9813","page","type-page","status-publish","hentry"],"_links":{"self":[{"href":"https:\/\/atauni.edu.tr\/kazim-karabekir-egitim-fakultesi\/wp-json\/wp\/v2\/pages\/9813","targetHints":{"allow":["GET"]}}],"collection":[{"href":"https:\/\/atauni.edu.tr\/kazim-karabekir-egitim-fakultesi\/wp-json\/wp\/v2\/pages"}],"about":[{"href":"https:\/\/atauni.edu.tr\/kazim-karabekir-egitim-fakultesi\/wp-json\/wp\/v2\/types\/page"}],"author":[{"embeddable":true,"href":"https:\/\/atauni.edu.tr\/kazim-karabekir-egitim-fakultesi\/wp-json\/wp\/v2\/users\/221"}],"replies":[{"embeddable":true,"href":"https:\/\/atauni.edu.tr\/kazim-karabekir-egitim-fakultesi\/wp-json\/wp\/v2\/comments?post=9813"}],"version-history":[{"count":4,"href":"https:\/\/atauni.edu.tr\/kazim-karabekir-egitim-fakultesi\/wp-json\/wp\/v2\/pages\/9813\/revisions"}],"predecessor-version":[{"id":9822,"href":"https:\/\/atauni.edu.tr\/kazim-karabekir-egitim-fakultesi\/wp-json\/wp\/v2\/pages\/9813\/revisions\/9822"}],"wp:attachment":[{"href":"https:\/\/atauni.edu.tr\/kazim-karabekir-egitim-fakultesi\/wp-json\/wp\/v2\/media?parent=9813"}],"curies":[{"name":"wp","href":"https:\/\/api.w.org\/{rel}","templated":true}]}}